{"id":1523,"date":"2025-07-04T14:03:20","date_gmt":"2025-07-04T11:03:20","guid":{"rendered":"https:\/\/www.globalcenter.info\/artsedu\/?page_id=1523"},"modified":"2025-09-18T18:30:22","modified_gmt":"2025-09-18T15:30:22","slug":"turkish-language","status":"publish","type":"page","link":"https:\/\/www.globalcenter.info\/artsedu\/turkish-language\/","title":{"rendered":"T\u00fcrk\u00e7e"},"content":{"rendered":"\n<p class=\"has-text-align-center\"><strong><u><mark style=\"background-color:rgba(0, 0, 0, 0);color:#e02a2a\" class=\"has-inline-color\">DAVET<\/mark><\/u><\/strong><\/p>\n\n\n\n<p class=\"has-text-align-center\"><strong><mark style=\"background-color:rgba(0, 0, 0, 0)\" class=\"has-inline-color has-kubio-color-6-color\">13. D\u00dcNYA TASARIM ve SANAT KONFERANSI<\/mark><\/strong><\/p>\n\n\n\n<p class=\"has-text-align-center\"><strong>(WCDA 2025)<\/strong><\/p>\n\n\n\n<p class=\"has-text-align-center\"><strong><mark style=\"background-color:rgba(0, 0, 0, 0)\" class=\"has-inline-color has-kubio-color-1-color\">25-27 Eyl\u00fcl 2025<\/mark><\/strong><\/p>\n\n\n\n<p class=\"has-text-align-center\"><strong><mark style=\"background-color:rgba(0, 0, 0, 0)\" class=\"has-inline-color has-kubio-color-1-color\">Kapadokya \u00dcniversitesi, \u00dcrg\u00fcp-Nev\u015fehir, T\u00fcrkiye<\/mark><\/strong><\/p>\n\n\n\n<p class=\"has-text-align-center\"><a href=\"https:\/\/www.globalcenter.info\/artsedu\/\">https:\/\/www.globalcenter.info\/artsedu\/<\/a><\/p>\n\n\n\n<p class=\"has-text-align-center\">\u00d6zet g\u00f6nderimi son G\u00fcn\u00fc:<strong><mark style=\"background-color:rgba(0, 0, 0, 0);color:#ef2c2c\" class=\"has-inline-color\">18 Eyl\u00fcl 2025 (Uzat\u0131lm\u0131\u015f)<\/mark><\/strong><\/p>\n\n\n\n<p><strong>Say\u0131n Meslekta\u015flar\u0131m\u0131z<\/strong><\/p>\n\n\n\n<p>Yo\u011fun talep nedeniyle \u00f6zet g\u00f6nderim tarihi <strong>18 Eyl\u00fcl 2025&#8217;e uzat\u0131lm\u0131\u015ft\u0131r<\/strong>. D\u00fcnya genelinde 12 farkl\u0131 \u00fclkeyi temsil eden ara\u015ft\u0131rmac\u0131lardan 50&#8217;den fazla \u00f6zet ald\u0131\u011f\u0131m\u0131z\u0131 payla\u015fmaktan mutluluk duyuyoruz. Sizleri Kapadokya \u00dcniversitesinde a\u011f\u0131rlamaktan onur duyaca\u011f\u0131z.<\/p>\n\n\n\n<p>Kapadokya\u2019da g\u00f6r\u00fc\u015fmek \u00fczere.<\/p>\n\n\n\n<p>Sayg\u0131lar\u0131m\u0131zla\u2026<\/p>\n\n\n\n<p><strong>Prof. Dr. Ay\u015fe \u00c7AKIR \u0130LHAN<\/strong><\/p>\n\n\n\n<p><strong>Prof. Dr. M\u00fcge ARTAR&nbsp;&nbsp;<\/strong><\/p>\n\n\n\n<p>WCDA-2025 Program Komitesi Ba\u015fkanlar\u0131<\/p>\n\n\n\n<p><strong><u>\u00d6NEML\u0130 B\u0130LG\u0130LER<\/u><\/strong><\/p>\n\n\n\n<ul class=\"wp-block-list\">\n<li>Se\u00e7ilmi\u015f \u0130ngilizce dergilerin hakem s\u00fcrecinden sonra konferans\u0131 destekleyen <strong><mark style=\"background-color:rgba(0, 0, 0, 0);color:#d5219c\" class=\"has-inline-color\">Web of Science<\/mark><\/strong>, <mark style=\"background-color:rgba(0, 0, 0, 0)\" class=\"has-inline-color has-kubio-color-3-color\"><strong>Scopus<\/strong>,<\/mark> ve <strong><mark style=\"background-color:rgba(0, 0, 0, 0)\" class=\"has-inline-color has-kubio-color-1-color\">Uluslararas\u0131 indexli dergilerde<\/mark><\/strong> yay\u0131nlanacakt\u0131r.<\/li>\n\n\n\n<li>Di\u011fer \u0130ngilizce yaz\u0131lm\u0131\u015f tam metinler WCDA-2025 Bildiriler Kitab\u0131nda (ISSN ve DOI numaras\u0131yla) yay\u0131nlanacak ve <strong><mark style=\"background-color:rgba(0, 0, 0, 0)\" class=\"has-inline-color has-kubio-color-3-color\">Scopus<\/mark><\/strong> ve <mark style=\"background-color:rgba(0, 0, 0, 0);color:#cc14c3\" class=\"has-inline-color\"><strong>Web of Science (CPCI)<\/strong> <\/mark>da konferans bildirisi olarak indexlenmesi i\u00e7in g\u00f6nderilecektir.<\/li>\n\n\n\n<li>Se\u00e7ilen ve hakem s\u00fcrecinden ge\u00e7en \u0130ngilizce haz\u0131rlanm\u0131\u015f makaleler uluslararas\u0131 indexli<mark style=\"background-color:rgba(0, 0, 0, 0);color:#df2222\" class=\"has-inline-color\"> <strong>Global Journal of Design Art and Education<\/strong> <\/mark>dergisi, konferans \u00f6zel say\u0131s\u0131nda yay\u0131nlanacakt\u0131r.<\/li>\n\n\n\n<li>\u0130steyen kat\u0131l\u0131mc\u0131lar\u0131n T\u00fcrk\u00e7e Bildirileri <strong>\u201c<mark style=\"background-color:rgba(0, 0, 0, 0);color:#e10c0c\" class=\"has-inline-color\">Sanat, Siyaset ve Hayata Dair<\/mark>\u201d<\/strong> kitab\u0131nda kitap b\u00f6l\u00fcm\u00fc olarak yay\u0131nlanacakt\u0131r.<\/li>\n\n\n\n<li>\u201cHayata Dair\u2026\u201d temal\u0131 uluslararas\u0131 SEDER-2025 sergisi ba\u015fvuru son tarihi; 31 Temmuz 2025\u2019dir.<\/li>\n\n\n\n<li>Konferansta alan\u0131nda uluslararas\u0131 ba\u015far\u0131lara sahip \u00e7a\u011fr\u0131l\u0131 konu\u015fmac\u0131lar sunum yapacaklard\u0131r.<\/li>\n\n\n\n<li>Online \u00f6zet kitab\u0131 haz\u0131rlanacakt\u0131r.<\/li>\n\n\n\n<li>WCDA-2025 \u00dcAK Do\u00e7entlik ve Akademik Te\u015fvik kriterlerini kar\u015f\u0131lamaktad\u0131r.<\/li>\n\n\n\n<li>Konferansla ilgili t\u00fcm bilgilere <a href=\"https:\/\/www.globalcenter.info\/artsedu\/\"><strong>https:\/\/www.globalcenter.info\/artsedu\/<\/strong><\/a> adresinden ula\u015fabilirsiniz.<\/li>\n<\/ul>\n\n\n\n<p>Kapadokya\u2019da g\u00f6r\u00fc\u015fmek \u00fczere&#8230;<\/p>\n\n\n\n<p><strong><u>KONFERANS KONULARI<\/u><\/strong><\/p>\n\n\n\n<p>Tasar\u0131m, Sanat ve Siyaset, Ya\u015fam, E\u011fitim, Yapay Zek\u00e2 vb. g\u00fcncel konular\u0131 i\u00e7ermektedir<strong> Ayr\u0131nt\u0131l\u0131 bilgiye a\u015fa\u011f\u0131daki adreslerden ula\u015fabilirsiniz.<\/strong><\/p>\n\n\n\n<p><a href=\"http:\/\/www.artsedu.org\">www.artsedu.org<\/a>, <a href=\"https:\/\/www.globalcenter.info\/artsedu\/tr\/\">https:\/\/www.globalcenter.info\/artsedu\/tr\/<\/a><\/p>\n\n\n\n<p><strong><u>SERG\u0130<\/u><\/strong><\/p>\n\n\n\n<p><strong>WCDA-2025 ba\u011flam\u0131nda SEDER-2025 sergisi d\u00fczenlenecektir. Ayr\u0131nt\u0131l\u0131 bilgiye a\u015fa\u011f\u0131daki adreslerden ula\u015fabilirsiniz.<\/strong><\/p>\n\n\n\n<p><a href=\"https:\/\/www.globalcenter.info\/artsedu\/exhibition\/\">https:\/\/www.globalcenter.info\/artsedu\/exhibition\/<\/a><\/p>\n\n\n\n<p><a href=\"http:\/\/www.sanategitimcileridernegi.com\/tr\/\">http:\/\/www.sanategitimcileridernegi.com\/tr\/<\/a><strong>&nbsp;<\/strong><\/p>\n\n\n\n<p><strong><u>KONFERANS D\u0130L\u0130<\/u><\/strong><\/p>\n\n\n\n<ul class=\"wp-block-list\">\n<li>Konferans\u0131n&nbsp;dili&nbsp;\u0130ngilizce&nbsp;ve T\u00fcrk\u00e7e&nbsp;olarak&nbsp;belirlenmi\u015ftir.<\/li>\n\n\n\n<li>T\u00fcrk\u00e7e sunular&nbsp;ile \u0130ngilizce sunular ayr\u0131 salonlarda yap\u0131lacakt\u0131r.<\/li>\n\n\n\n<li>Sunumunu&nbsp;\u0130ngilizce&nbsp;veya&nbsp;T\u00fcrk\u00e7e yapmak&nbsp;isteyenler&nbsp;<a href=\"mailto:wcda.secretariat@gmail.com\">wcda.secretariat@gmail.com<\/a> adresine bildirmeleri gerekmektedir.<\/li>\n\n\n\n<li>Kat\u0131l\u0131mc\u0131lar&nbsp;tam&nbsp;metinlerini&nbsp;\u0130ngilizce&nbsp;veya&nbsp;T\u00fcrk\u00e7e g\u00f6nderebilirler.<\/li>\n<\/ul>\n\n\n\n<p><strong><u>\u00d6ZET G\u00d6NDERME<\/u><\/strong><\/p>\n\n\n\n<ul class=\"wp-block-list\">\n<li>\u00d6zetler, en fazla bir sayfa uzunlu\u011funda, toplam 250-350 kelime, paragraflar halinde yaz\u0131lmal\u0131, alt ba\u015fl\u0131k kullan\u0131lmamal\u0131d\u0131r.<\/li>\n\n\n\n<li>Ara\u015ft\u0131rma \u00d6zetleri;&nbsp;<em>Ara\u015ft\u0131rma problemi<\/em>, <em>\u00c7al\u0131\u015fman\u0131n Amac\u0131, Y\u00f6ntem (Ara\u015ft\u0131rma Modeli, \u00c7al\u0131\u015fma grubu, Veri toplam ara\u00e7lar\u0131, Uygulama ve Verilerin analizi), Bulgular ve \u00d6nemli Sonu\u00e7lar<\/em>\u2019\u0131&nbsp;<a>ve Yararlan\u0131lan\/Yaralan\u0131lacak Kaynak\u00e7a\u2019y\u0131 (APA 7 stiline g\u00f6re en fazla 10 adet) i\u00e7ermelidir.<\/a><\/li>\n\n\n\n<li>Derleme \u00d6zetleri; Ara\u015ft\u0131rman\u0131n problemi, amac\u0131, y\u00f6ntemi, konuya dair bulgu ve tespitlere yer verilmeli ve ula\u015f\u0131lan sonu\u00e7lara de\u011finilmelidir. Ayr\u0131ca, Yararlan\u0131lan\/Yaralan\u0131lacak Kaynak\u00e7a\u2019y\u0131 (APA 7 stiline g\u00f6re en fazla 10 adet) i\u00e7ermelidir.<\/li>\n\n\n\n<li>\u00d6zetin alt\u0131na en az 5 en fazla 7 anahtar kelime yaz\u0131lmal\u0131d\u0131r.<\/li>\n\n\n\n<li>Tamamlanmam\u0131\u015f \u00e7al\u0131\u015fmalarda, \u00f6zetin hepsini i\u00e7erme zorunlulu\u011fu yoktur.<\/li>\n\n\n\n<li>\u00d6zette Bildirinin ba\u015fl\u0131\u011f\u0131, t\u00fcm yazarlar\u0131n isim soy isim, \u00e7al\u0131\u015ft\u0131\u011f\u0131 veya \u00f6\u011frenim g\u00f6rd\u00fc\u011f\u00fc program, kurum, kurumsal e-posta, orcid numaras\u0131 ve kurumsal telefon bilgileri yaz\u0131lmal\u0131d\u0131r.<\/li>\n\n\n\n<li>\u00d6zetler \u0130ngilizce veya T\u00fcrk\u00e7e olarak <a href=\"http:\/\/www.taeg-conferences.online\/index.php\/WCDA\/wcda-2025\/\">http:\/\/www.taeg-conferences.online\/index.php\/WCDA\/wcda-2025\/<\/a> adresine y\u00fcklenebilir veya e-postaya ek yap\u0131larak&nbsp;<a href=\"mailto:wcda.secretariat@gmail.com\">wcda.secretariat@gmail.com<\/a> adresine de g\u00f6nderilebilir.<\/li>\n<\/ul>\n\n\n\n<h3 class=\"wp-block-heading has-text-align-center\"><strong><a href=\"http:\/\/www.taeg-conferences.online\/index.php\/WCDA\/wcda-2025\">\u00d6ZET G\u00d6NDERMEK \u0130\u00c7\u0130N BURAYA TIKLAYINIZ<\/a><\/strong><\/h3>\n\n\n\n<p><strong><u>KONFERANSA KATILIM<\/u><\/strong><\/p>\n\n\n\n<ul class=\"wp-block-list\">\n<li>Konferansa bildiri veya poster sunarak, sergi, panel ve workshop yaparak ve dinleyici olarak kat\u0131l\u0131nabilir.<\/li>\n\n\n\n<li>Konferansta bildiri veya poster sunacak olan kat\u0131l\u0131mc\u0131lar, isterlerse <strong>sanal sunum<\/strong> arac\u0131l\u0131\u011f\u0131yla konferansa kat\u0131labilirler. Sanal sunumlar i\u00e7in konferansa iki g\u00fcn kala <strong>Google Meet<\/strong> linki g\u00f6nderilecektir.<\/li>\n<\/ul>\n\n\n\n<p><strong><u>\u00d6NEML\u0130 TAR\u0130HLER<\/u><\/strong><\/p>\n\n\n\n<figure class=\"wp-block-table\"><table class=\"has-fixed-layout\"><tbody><tr><td>\u00d6zet G\u00f6nderimi&nbsp;i\u00e7in son tarih<\/td><td>18 Eyl\u00fcl 2025 (Uzat\u0131ld\u0131)<\/td><\/tr><tr><td>SEDER-2025 sergisine ba\u015fvuru i\u00e7in son tarih<\/td><td>30 Temmuz 2025<\/td><\/tr><tr><td>Tam Metin G\u00f6nderimi i\u00e7in son tarih<\/td><td>28 Eyl\u00fcl 2025 (Uzat\u0131ld\u0131)<\/td><\/tr><tr><td>Erken Kay\u0131t i\u00e7in son tarih<\/td><td>20 A\u011fustos 2025<\/td><\/tr><tr><td>D\u00fczeltilmi\u015f tam metin g\u00f6nderimi i\u00e7in son tarih<\/td><td>&nbsp;30 Ekim 2025<\/td><\/tr><\/tbody><\/table><\/figure>\n\n\n\n<p>*Son tarihi beklemeden \u00f6zetlerinizi g\u00f6nderebilirsiniz. G\u00f6nderilen \u00f6zetlere, g\u00f6nderim tarihinden itibaren 2 g\u00fcn i\u00e7erisinde cevap verilmektedir.<\/p>\n\n\n\n<p><strong>\u0130leti\u015fim:<br><\/strong><strong>E-mail:<\/strong><strong>&nbsp;<\/strong><a href=\"mailto:wcda.secretariat@gmail.com\"><strong>wcda.secretariat@gmail.com<\/strong><\/a><strong> <\/strong><strong><\/strong><\/p>\n\n\n\n<p><strong>Web: <\/strong><a href=\"https:\/\/www.globalcenter.info\/artsedu\/\">https:\/\/www.globalcenter.info\/artsedu\/<\/a><strong> <\/strong><strong><\/strong><\/p>\n\n\n\n<p><strong>WhatsApp: <\/strong>+90 542 873 73 31<\/p>\n\n\n\n<p><\/p>\n","protected":false},"excerpt":{"rendered":"<p>DAVET 13. D\u00dcNYA TASARIM ve SANAT KONFERANSI (WCDA 2025) 25-27 Eyl\u00fcl 2025 Kapadokya \u00dcniversitesi, \u00dcrg\u00fcp-Nev\u015fehir, T\u00fcrkiye https:\/\/www.globalcenter.info\/artsedu\/ \u00d6zet g\u00f6nderimi son G\u00fcn\u00fc:18 Eyl\u00fcl 2025 (Uzat\u0131lm\u0131\u015f) Say\u0131n Meslekta\u015flar\u0131m\u0131z Yo\u011fun talep nedeniyle \u00f6zet g\u00f6nderim tarihi 18 Eyl\u00fcl 2025&#8217;e uzat\u0131lm\u0131\u015ft\u0131r. D\u00fcnya genelinde 12 farkl\u0131 \u00fclkeyi temsil eden ara\u015ft\u0131rmac\u0131lardan 50&#8217;den fazla \u00f6zet ald\u0131\u011f\u0131m\u0131z\u0131 payla\u015fmaktan mutluluk duyuyoruz. Sizleri Kapadokya \u00dcniversitesinde a\u011f\u0131rlamaktan [&hellip;]<\/p>\n","protected":false},"author":2,"featured_media":0,"parent":0,"menu_order":0,"comment_status":"closed","ping_status":"closed","template":"","meta":{"saved_in_kubio":true,"footnotes":""},"class_list":["post-1523","page","type-page","status-publish","hentry"],"kubio_ai_page_context":{"short_desc":"","purpose":"general"},"_links":{"self":[{"href":"https:\/\/www.globalcenter.info\/artsedu\/wp-json\/wp\/v2\/pages\/1523"}],"collection":[{"href":"https:\/\/www.globalcenter.info\/artsedu\/wp-json\/wp\/v2\/pages"}],"about":[{"href":"https:\/\/www.globalcenter.info\/artsedu\/wp-json\/wp\/v2\/types\/page"}],"author":[{"embeddable":true,"href":"https:\/\/www.globalcenter.info\/artsedu\/wp-json\/wp\/v2\/users\/2"}],"replies":[{"embeddable":true,"href":"https:\/\/www.globalcenter.info\/artsedu\/wp-json\/wp\/v2\/comments?post=1523"}],"version-history":[{"count":6,"href":"https:\/\/www.globalcenter.info\/artsedu\/wp-json\/wp\/v2\/pages\/1523\/revisions"}],"predecessor-version":[{"id":1641,"href":"https:\/\/www.globalcenter.info\/artsedu\/wp-json\/wp\/v2\/pages\/1523\/revisions\/1641"}],"wp:attachment":[{"href":"https:\/\/www.globalcenter.info\/artsedu\/wp-json\/wp\/v2\/media?parent=1523"}],"curies":[{"name":"wp","href":"https:\/\/api.w.org\/{rel}","templated":true}]}}