{"id":185,"date":"2016-05-13T15:46:51","date_gmt":"2016-05-13T12:46:51","guid":{"rendered":"http:\/\/www.globalcenter.info\/artsedu\/?page_id=185"},"modified":"2025-06-19T09:58:54","modified_gmt":"2025-06-19T06:58:54","slug":"accomodation-2","status":"publish","type":"page","link":"https:\/\/www.globalcenter.info\/artsedu\/accomodation-2\/","title":{"rendered":"Accomodation"},"content":{"rendered":"<p data-start=\"47\" data-end=\"103\"><strong data-start=\"47\" data-end=\"103\">Accommodation Information for WCDA 2025 Participants<\/strong><\/p>\n<p data-start=\"105\" data-end=\"339\">Participants are free to make their own accommodation reservations at any hotel and in any manner they prefer. However, the list of hotels provided below includes special discounted rates specifically arranged for WCDA 2025 attendees.<\/p>\n<p data-start=\"341\" data-end=\"393\">Reservations at the hotels on this list can be made:<\/p>\n<ul data-start=\"395\" data-end=\"453\">\n<li data-start=\"395\" data-end=\"427\">\n<p data-start=\"397\" data-end=\"427\">Directly by participants, or<\/p>\n<\/li>\n<li data-start=\"428\" data-end=\"453\">\n<p data-start=\"430\" data-end=\"453\">Through our assistance.<\/p>\n<\/li>\n<\/ul>\n<p data-start=\"455\" data-end=\"741\"><strong data-start=\"455\" data-end=\"464\">Note:<\/strong> When reservations are made through us, it may be possible to secure even more favorable rates\u2014ranging between 5% and 20% additional discount\u2014depending on the hotel. The prices listed are already discounted, but additional reductions are only available via our booking support.<\/p>\n<p data-start=\"743\" data-end=\"994\">If participants prefer to choose their hotel based on online research or personal recommendations, they may still contact us to complete the reservation on their behalf. This may increase the chances of obtaining a better rate at their selected hotel.<\/p>\n<p data-start=\"996\" data-end=\"1191\">Participants who are looking for a different hotel, concept, or alternative accommodation options outside of the listed ones are also welcome to contact us for further assistance and information.<\/p>\n<p data-start=\"1198\" data-end=\"1248\"><strong data-start=\"1198\" data-end=\"1248\">Recommended Hotels and Special WCDA 2025 Rates<\/strong><\/p>\n<p data-start=\"1250\" data-end=\"1336\">The hotels listed below offer discounted rates exclusively for WCDA 2025 participants.<\/p>\n<table style=\"font-weight: 400;\" width=\"606\">\n<tbody>\n<tr>\n<td colspan=\"3\" width=\"606\">\n<p style=\"text-align: center;\"><strong><br \/>\nACCOMMODATION SUGGESTIONS<\/strong><\/p>\n<p>&nbsp;<\/td>\n<\/tr>\n<tr>\n<td width=\"186\"><strong>LOCATION<\/strong>&nbsp;<\/td>\n<td width=\"247\"><strong>HOTEL<\/strong>&nbsp;<\/td>\n<td width=\"173\"><strong>FEE<\/strong>&nbsp;<\/td>\n<\/tr>\n<tr>\n<td width=\"186\"><strong>\u00dcRG\u00dcP<\/strong><\/td>\n<td width=\"247\">Tulpar Hotel<br \/>\n<a href=\"http:\/\/www.tulparotel.com\/\">www.tulparotel.com<\/a><\/td>\n<td width=\"173\">80 Euro<\/td>\n<\/tr>\n<tr>\n<td width=\"186\"><strong>\u00dcRG\u00dcP<\/strong><\/td>\n<td width=\"247\">Cave Hotel \u00dcrg\u00fcp<\/p>\n<p><a href=\"https:\/\/urgupinncavehotel.com\/\">www.UrgupInnCaveHotel.com<\/a><\/td>\n<td width=\"173\">85 Euro<\/td>\n<\/tr>\n<tr>\n<td width=\"186\"><strong>\u00dcRG\u00dcP<\/strong><\/td>\n<td width=\"247\">Melekler Evi Cave Hotel<br \/>\n<a href=\"https:\/\/meleklerevi.com.tr\/en\/\">www.MeleklerEvi.com.tr<\/a><\/td>\n<td width=\"173\">120 Euro<\/td>\n<\/tr>\n<tr>\n<td width=\"186\"><strong>\u00dcRG\u00dcP<\/strong><\/td>\n<td width=\"247\">Has Cave Konak Hotel<br \/>\n<a href=\"http:\/\/www.hassecavekonak.com\/\">www.hassecavekonak.com<\/a>&nbsp;<\/td>\n<td width=\"173\">120 Euro<\/td>\n<\/tr>\n<tr>\n<td width=\"186\"><strong>\u00dcRG\u00dcP<\/strong><\/td>\n<td width=\"247\">Emars Cave Cappadocia Hotel<br \/>\n<a href=\"http:\/\/www.emarscavecappadocia.com\/\">www.emarscavecappadocia.com<\/a>&nbsp;<\/td>\n<td width=\"173\">130 Euro<\/td>\n<\/tr>\n<tr>\n<td width=\"186\"><strong>\u00dcRG\u00dcP<\/strong><\/td>\n<td width=\"247\">Perissia Otel<br \/>\n<a href=\"http:\/\/www.perissiahotel.com\/\">www.perissiahotel.com<\/a>&nbsp;<\/td>\n<td width=\"173\">120 Euro<\/td>\n<\/tr>\n<tr>\n<td width=\"186\"><strong>\u00dcRG\u00dcP<\/strong><\/td>\n<td width=\"247\">Magic Cave House<br \/>\n<a href=\"http:\/\/www.magiccavehouse.com\/\">www.magiccavehouse.com<\/a>&nbsp;<\/td>\n<td width=\"173\">130 Euro<\/td>\n<\/tr>\n<tr>\n<td width=\"186\"><strong>\u00dcRG\u00dcP<\/strong><\/td>\n<td width=\"247\">IN Stone House<br \/>\n<a href=\"http:\/\/www.instonehouse.com\/\">www.instonehouse.com<\/a>&nbsp;<\/td>\n<td width=\"173\">110 Euro<\/td>\n<\/tr>\n<tr>\n<td width=\"186\"><strong>MUSTAFAPA\u015eA<\/strong><\/td>\n<td width=\"247\">Cappadocia Sweet Cave Hotel<br \/>\n<a href=\"http:\/\/www.cappadociasweetcave.com\/\">www.cappadociasweetcave.com<\/a>&nbsp;<\/td>\n<td width=\"173\">110 Euro<\/td>\n<\/tr>\n<tr>\n<td width=\"186\"><strong>ORTAH\u0130SAR<\/strong><\/td>\n<td width=\"247\">Kemerli House Hotel<br \/>\n<a href=\"http:\/\/www.kemerlihousehotel.com\/\">www.kemerlihousehotel.com<\/a>&nbsp;<\/td>\n<td width=\"173\">110 Euro<\/td>\n<\/tr>\n<tr>\n<td width=\"186\"><strong>AVANOS<\/strong><\/td>\n<td width=\"247\">Dere Suites Cappadocia <a href=\"http:\/\/www.deresuites.com\/\">www.deresuites.com<\/a>&nbsp;<\/td>\n<td width=\"173\">220 Euro<\/td>\n<\/tr>\n<tr>\n<td width=\"186\"><strong>AVANOS<\/strong><\/td>\n<td width=\"247\">The Rupestral House<br \/>\n<a href=\"http:\/\/www.therupestralhouse.com\/\">www.therupestralhouse.com<\/a>&nbsp;<\/td>\n<td width=\"173\">140-360 Euro<\/td>\n<\/tr>\n<tr>\n<td width=\"186\"><strong>AVANOS<\/strong><\/td>\n<td width=\"247\">Double Tree By Hilton<br \/>\n<a href=\"http:\/\/www.hilton.com\/\">www.hilton.com<\/a>&nbsp;<\/td>\n<td width=\"173\">130 \u2013 170 Euro<\/td>\n<\/tr>\n<tr>\n<td width=\"186\"><strong>\u00c7AVU\u015e\u0130N<\/strong><\/td>\n<td width=\"247\">Stone Owl Otel <a href=\"http:\/\/www.stoneowlotel.com\/\">www.stoneowlotel.com<\/a>&nbsp;<\/td>\n<td width=\"173\">70 \u2013 110 Euro<\/td>\n<\/tr>\n<\/tbody>\n<\/table>\n<p>&nbsp;<\/p>\n<p data-start=\"47\" data-end=\"165\"><strong data-start=\"47\" data-end=\"70\">Contact Information<\/strong><br data-start=\"70\" data-end=\"73\" \/>For reservation requests and any questions regarding accommodation, feel free to contact us.<\/p>\n<p data-start=\"167\" data-end=\"393\">Parsley Travel:<br \/>\nWhatsApp: +905324841713<br data-start=\"176\" data-end=\"179\" \/>Email: cihantours@hotmail.com<br data-start=\"185\" data-end=\"188\" \/>Website: www.parsleytravel.com<br \/>\n<br data-start=\"196\" data-end=\"199\" \/>For fast and easy communication, we recommend reaching out via WhatsApp.<br data-start=\"271\" data-end=\"274\" data-is-only-node=\"\" \/>Including the phrase <strong data-start=\"295\" data-end=\"339\">&#8220;I&#8217;m contacting you regarding WCDA-2025&#8221;<\/strong> in your message will help us assist you more quickly.<\/p>\n<p>&nbsp;<\/p>\n","protected":false},"excerpt":{"rendered":"<p>Accommodation Information for WCDA 2025 Participants Participants are free to make their own accommodation reservations at any hotel and in any manner they prefer. However, the list of hotels provided below includes special discounted rates specifically arranged for WCDA 2025 attendees. Reservations at the hotels on this list can be made: Directly by participants, or [&hellip;]<\/p>\n","protected":false},"author":2,"featured_media":0,"parent":0,"menu_order":0,"comment_status":"closed","ping_status":"closed","template":"","meta":{"saved_in_kubio":true,"footnotes":""},"class_list":["post-185","page","type-page","status-publish","hentry"],"kubio_ai_page_context":{"short_desc":"","purpose":"general"},"_links":{"self":[{"href":"https:\/\/www.globalcenter.info\/artsedu\/wp-json\/wp\/v2\/pages\/185"}],"collection":[{"href":"https:\/\/www.globalcenter.info\/artsedu\/wp-json\/wp\/v2\/pages"}],"about":[{"href":"https:\/\/www.globalcenter.info\/artsedu\/wp-json\/wp\/v2\/types\/page"}],"author":[{"embeddable":true,"href":"https:\/\/www.globalcenter.info\/artsedu\/wp-json\/wp\/v2\/users\/2"}],"replies":[{"embeddable":true,"href":"https:\/\/www.globalcenter.info\/artsedu\/wp-json\/wp\/v2\/comments?post=185"}],"version-history":[{"count":26,"href":"https:\/\/www.globalcenter.info\/artsedu\/wp-json\/wp\/v2\/pages\/185\/revisions"}],"predecessor-version":[{"id":1511,"href":"https:\/\/www.globalcenter.info\/artsedu\/wp-json\/wp\/v2\/pages\/185\/revisions\/1511"}],"wp:attachment":[{"href":"https:\/\/www.globalcenter.info\/artsedu\/wp-json\/wp\/v2\/media?parent=185"}],"curies":[{"name":"wp","href":"https:\/\/api.w.org\/{rel}","templated":true}]}}