{"id":284,"date":"2017-03-27T09:51:10","date_gmt":"2017-03-27T06:51:10","guid":{"rendered":"http:\/\/www.globalcenter.info\/artsedu\/?page_id=284"},"modified":"2025-07-09T12:16:21","modified_gmt":"2025-07-09T09:16:21","slug":"havalimani-otel-transferi","status":"publish","type":"page","link":"https:\/\/www.globalcenter.info\/artsedu\/havalimani-otel-transferi\/","title":{"rendered":"Havaliman\u0131-Otel Transferi"},"content":{"rendered":"<p data-start=\"57\" data-end=\"78\"><strong data-start=\"57\" data-end=\"78\">Nearest Airports:<\/strong><\/p>\n<p data-start=\"80\" data-end=\"120\"><em data-start=\"80\" data-end=\"108\">Nev\u015fehir Kapadokya Airport<\/em><br data-start=\"108\" data-end=\"111\" \/>Code: NAV<\/p>\n<p data-start=\"122\" data-end=\"163\">\u2022 <em data-start=\"124\" data-end=\"151\">Kayseri (Erkilet) Airport<\/em><br data-start=\"151\" data-end=\"154\" \/>Code: ASR<\/p>\n<p data-start=\"165\" data-end=\"243\">Both airports offer private airport-hotel and hotel-airport transfer services.<\/p>\n<p data-start=\"245\" data-end=\"390\">We provide private transfer services with vehicles licensed for 5 and 15 people, from the airport to the hotel and from the hotel to the airport.<\/p>\n<p data-start=\"392\" data-end=\"667\">Depending on your flight time, our drivers will be waiting for you at the airport terminal exit or at the hotel door with a welcome sign (the sign will have the name you specify). After greeting you, they will take you to your desired hotel in approximately 45 to 70 minutes.<\/p>\n<p data-start=\"669\" data-end=\"682\"><strong data-start=\"669\" data-end=\"682\">Vehicles:<\/strong><\/p>\n<p data-start=\"684\" data-end=\"830\">\u25cf Mercedes Vito or Volkswagen Caravelle<br data-start=\"723\" data-end=\"726\" \/>Capacity: 1-5 people. Maximum luggage capacity: 6 pieces of luggage.<br data-start=\"794\" data-end=\"797\" \/>One-way transfer fee: 55 \u20ac (Euro)<\/p>\n<p data-start=\"832\" data-end=\"982\">\u25cf Mercedes Sprinter or Volkswagen Crafter<br data-start=\"873\" data-end=\"876\" \/>Capacity: 1-15 people. Maximum luggage capacity: 20 pieces of luggage.<br data-start=\"946\" data-end=\"949\" \/>One-way transfer fee: 65 \u20ac (Euro)<\/p>\n<p data-start=\"984\" data-end=\"1195\">For our guests arriving by intercity bus, we also offer similar vehicle services for Nev\u015fehir Bus Terminal, \u00dcrg\u00fcp Bus Station, and G\u00f6reme Bus Terminal, providing bus station-hotel and hotel-bus station services.<\/p>\n<p data-start=\"1197\" data-end=\"1267\">\u25cf 1-5 Person vehicle: 20 \u20ac (Euro)<br data-start=\"1230\" data-end=\"1233\" \/>\u25cf 1-15 Person vehicle: 25 \u20ac (Euro)<\/p>\n<p data-start=\"1269\" data-end=\"1315\">Reservation contact WhatsApp No: +905324841713<\/p>\n<p data-start=\"1317\" data-end=\"1347\">E-Mail: <a class=\"cursor-pointer\" rel=\"noopener\" data-start=\"1325\" data-end=\"1347\">cihantours@hotmail.com<\/a><\/p>\n<p data-start=\"1349\" data-end=\"1380\"><strong data-start=\"1349\" data-end=\"1380\">PARSLEY TRAVEL (CAPPADOCIA)<\/strong><\/p>\n<p data-start=\"1382\" data-end=\"1547\">For quick and easy communication, we recommend contacting us via WhatsApp. Please use the phrase &#8220;WCDA &#8211; 2025&#8221; in your message, which will help us assist you faster.<\/p>\n","protected":false},"excerpt":{"rendered":"<p>Nearest Airports: Nev\u015fehir Kapadokya AirportCode: NAV \u2022 Kayseri (Erkilet) AirportCode: ASR Both airports offer private airport-hotel and hotel-airport transfer services. We provide private transfer services with vehicles licensed for 5 and 15 people, from the airport to the hotel and from the hotel to the airport. Depending on your flight time, our drivers will be [&hellip;]<\/p>\n","protected":false},"author":2,"featured_media":0,"parent":0,"menu_order":0,"comment_status":"closed","ping_status":"closed","template":"","meta":{"saved_in_kubio":true,"footnotes":""},"class_list":["post-284","page","type-page","status-publish","hentry"],"kubio_ai_page_context":{"short_desc":"","purpose":"general"},"_links":{"self":[{"href":"https:\/\/www.globalcenter.info\/artsedu\/wp-json\/wp\/v2\/pages\/284"}],"collection":[{"href":"https:\/\/www.globalcenter.info\/artsedu\/wp-json\/wp\/v2\/pages"}],"about":[{"href":"https:\/\/www.globalcenter.info\/artsedu\/wp-json\/wp\/v2\/types\/page"}],"author":[{"embeddable":true,"href":"https:\/\/www.globalcenter.info\/artsedu\/wp-json\/wp\/v2\/users\/2"}],"replies":[{"embeddable":true,"href":"https:\/\/www.globalcenter.info\/artsedu\/wp-json\/wp\/v2\/comments?post=284"}],"version-history":[{"count":3,"href":"https:\/\/www.globalcenter.info\/artsedu\/wp-json\/wp\/v2\/pages\/284\/revisions"}],"predecessor-version":[{"id":1531,"href":"https:\/\/www.globalcenter.info\/artsedu\/wp-json\/wp\/v2\/pages\/284\/revisions\/1531"}],"wp:attachment":[{"href":"https:\/\/www.globalcenter.info\/artsedu\/wp-json\/wp\/v2\/media?parent=284"}],"curies":[{"name":"wp","href":"https:\/\/api.w.org\/{rel}","templated":true}]}}