{"id":32,"date":"2015-12-21T11:54:19","date_gmt":"2015-12-21T09:54:19","guid":{"rendered":"http:\/\/www.globalcenter.info\/artsedu\/?page_id=32"},"modified":"2025-08-25T16:20:20","modified_gmt":"2025-08-25T13:20:20","slug":"conference-registration","status":"publish","type":"page","link":"https:\/\/www.globalcenter.info\/artsedu\/conference-registration\/","title":{"rendered":"Conference Registration"},"content":{"rendered":"<p style=\"font-weight: 400; text-align: center;\"><strong><u>REGISTRATION INFORMATION<\/u><\/strong><\/p>\n<p>Please note that the early registration period has ended. All authors registering from now on are required to pay the late registration fee<\/p>\n<p><span class=\"jCAhz ChMk0b\"><span class=\"ryNqvb\">Erken kay\u0131t d\u00f6neminin sona erdi\u011fini l\u00fctfen unutmay\u0131n.<\/span><\/span> <span class=\"jCAhz ChMk0b\"><span class=\"ryNqvb\">Bundan sonra kay\u0131t yapt\u0131racak t\u00fcm yazarlar\u0131n ge\u00e7 kay\u0131t \u00fccretini \u00f6demeleri gerekmektedir.<\/span><\/span><\/p>\n<table style=\"font-weight: 400; height: 348px;\" width=\"619\">\n<tbody>\n<tr>\n<td style=\"text-align: left;\" width=\"160\"><\/td>\n<td style=\"text-align: left;\" width=\"161\"><strong>Early Registration\u00a0(Until <em>20 August<\/em> 2025)<\/strong><\/td>\n<td style=\"text-align: left;\" width=\"142\"><strong>Late Registration (After <em>21 August<\/em> 2025)<\/strong><\/td>\n<td style=\"text-align: left;\" width=\"123\"><strong>Registration Desk\u00a0<\/strong><\/td>\n<\/tr>\n<tr>\n<td width=\"160\"><strong>Oral Participant<\/strong><\/td>\n<td width=\"161\"><del>110\u20ac<\/del><\/td>\n<td width=\"142\">120\u20ac<\/td>\n<td width=\"123\">150\u20ac<\/td>\n<\/tr>\n<tr>\n<td width=\"160\"><strong>Virtual Participant<\/strong><\/td>\n<td width=\"161\"><del>110\u20ac<\/del><\/td>\n<td width=\"142\">120\u20ac<\/td>\n<td width=\"123\">150\u20ac<\/td>\n<\/tr>\n<tr>\n<td width=\"160\"><strong>Audience<\/strong><\/td>\n<td width=\"161\"><del>40\u20ac<\/del><\/td>\n<td width=\"142\">50\u20ac<\/td>\n<td width=\"123\">70\u20ac<\/td>\n<\/tr>\n<\/tbody>\n<\/table>\n<p>The early registration period has ended. All SEDER members and Cappadocia University Faculty Members are now required to pay 75 euros for late registration or 100 euros for on-site (at-desk) registration.<br \/>\nYou can complete your registration by clicking this link and selecting 75 euros (3 extra pages): <a href=\"https:\/\/www.globalcenter.info\/payment\/index.php?route=product\/product&amp;product_id=313\">\u00a0Cl\u0131ck here<\/a><\/p>\n<div class=\"lRu31\" dir=\"ltr\"><span class=\"HwtZe\" lang=\"tr\"><span class=\"jCAhz ChMk0b\"><span class=\"ryNqvb\">Erken kay\u0131t d\u00f6nemi sona ermi\u015ftir. T\u00fcm SEDER \u00fcyeleri ve Kapadokya \u00dcniversitesi \u00f6\u011fretim \u00fcyelerinin ge\u00e7 kay\u0131t i\u00e7in 75 avro,\u00a0 yerinde (masa ba\u015f\u0131) kay\u0131t i\u00e7in ise 100 avro \u00f6demeleri gerekmektedir. Bu ba\u011flant\u0131ya t\u0131klay\u0131p 75 avroyu (3 ek sayfa) se\u00e7erek kayd\u0131n\u0131z\u0131 tamamlayabilirsiniz.. <a href=\"https:\/\/www.globalcenter.info\/payment\/index.php?route=product\/product&amp;product_id=313\"> Click here<\/a><\/span><\/span><\/span><\/p>\n<div class=\"OvtS8d\"><\/div>\n<div id=\"ow595\"><\/div>\n<\/div>\n<div class=\"UdTY9 WdefRb\" aria-hidden=\"true\" data-location=\"2\"><\/div>\n<div class=\"UdTY9 WdefRb\" aria-hidden=\"true\" data-location=\"2\"><\/div>\n<p>&nbsp;<\/p>\n<p style=\"font-weight: 400; text-align: center;\"><strong><u>EXHIBITION REG\u0130STRATION<\/u><\/strong><\/p>\n<p style=\"font-weight: 400; text-align: center;\"><strong>Registration Fee (September 5-15, 2025): \u00a0 \u00a060 \u20ac<\/strong><\/p>\n<p>&nbsp;<\/p>\n<p><span style=\"color: #ff0000;\"><strong><br \/>\nStudent ID verification is required.<\/strong><\/span><\/p>\n<p><strong style=\"font-size: inherit;\">Registration Fee Includes:<\/strong><\/p>\n<ul>\n<li>Paper Publication<\/li>\n<li>Cost for Publishing one Paper<\/li>\n<li>Cost of Attendance for one Participant<\/li>\n<li>Participation Certificate<\/li>\n<li>Entrance to all Workshops<\/li>\n<li>Printed Program Book<\/li>\n<li>Conference Bag<\/li>\n<li>Beverages<\/li>\n<li>Free Wireless Internet Connection<\/li>\n<li>Lunches<\/li>\n<li>Snacks<\/li>\n<li>Cappadocia Tour<em>Not included in the registration fee:<\/em><br \/>\n<em><em>&#8211; Turkish Night<br \/>\n<\/em><\/em><\/p>\n<p data-start=\"57\" data-end=\"134\"><em>A Turkish Night event will be organized on the evening of September 26th.<\/em><\/p>\n<p data-start=\"136\" data-end=\"828\">Each of our guests will be picked up from their hotel between 19:30 and 20:00 by our shuttle services and transferred to the Turkish Night restaurant.<br data-start=\"286\" data-end=\"289\" \/>After our guests are seated at their tables, animations, folk dance performances from different regions, a representation of a traditional Anatolian wedding, and an Oriental show will take place.<br data-start=\"484\" data-end=\"487\" \/>While watching these performances, our guests will taste regional dishes along with unlimited drinks and beverages.<br data-start=\"602\" data-end=\"605\" \/>After the animations, there will be a designated time for guests to dance and have fun.<br data-start=\"692\" data-end=\"695\" \/>Following the Turkish Night entertainment, each guest will be dropped back to their hotel by our vehicles.<br data-start=\"801\" data-end=\"804\" \/>Reservation is required.<\/p>\n<p data-start=\"830\" data-end=\"863\"><em>Price per person: 50 \u20ac (Euro)<\/em><\/p>\n<p data-start=\"865\" data-end=\"944\">Reservation contact WhatsApp No: +905324841713<br data-start=\"911\" data-end=\"914\" \/>E-Mail: <a class=\"cursor-pointer\" rel=\"noopener\" data-start=\"922\" data-end=\"944\">cihantours@hotmail.com<\/a><\/p>\n<p data-start=\"946\" data-end=\"977\"><em>PARSLEY TRAVEL (CAPPADOCIA)<\/em><\/p>\n<p data-start=\"979\" data-end=\"1143\">For quick and easy communication, we recommend reaching out via WhatsApp. Please use the phrase &#8220;WCDA &#8211; 2025&#8221; in your message, which will help us assist you faster.<\/p>\n<\/li>\n<\/ul>\n<p><strong>Audience Registration Fee Includes<\/strong><\/p>\n<ul>\n<li>Conference Fee<\/li>\n<li>Audience Certificate<\/li>\n<li>Beverages<\/li>\n<li>Free Wireless Internet Connection<\/li>\n<li>Cost of attendance for one participant<\/li>\n<li>Lunches<\/li>\n<li>Snacks<\/li>\n<\/ul>\n<p><strong>Important:<\/strong><\/p>\n<ul>\n<li>At least one author has to register within 2 weeks after notification to be included in the program.<\/li>\n<li>If a paper has multiple authors and these authors\u2019 names are written in more than two papers, these authors have made normal registration payment<\/li>\n<li>The second and more papers 80 Euro each.<\/li>\n<li>A Group discount of 15% is available for 6 or more participants (except students) from the same institution, registering at the same time.<\/li>\n<li>If your paper is not accepted by the reviewers, your payment will be refunded.<\/li>\n<li>When you make your payment, please scan your payment receipt to wcda.<u>secretariat@gmail.com<\/u> and also do not forget to write paper ID number<\/li>\n<li>Full article should be at least 3500 words and not more than 6000 words<\/li>\n<li>A refund is only possible till 20 days before the conference starting date, and you will get your refund one week later from the conference finishing date.<\/li>\n<\/ul>\n<p data-start=\"57\" data-end=\"128\">\n<p data-start=\"57\" data-end=\"128\"><strong><em>A Cappadocia tour will be organized on September 27th around 13:00.<\/em><\/strong><\/p>\n<p data-start=\"130\" data-end=\"439\">Guests who wish to participate will be picked up by tour vehicles from the Cappadocia University Factory Campus between 13:00 and 13:30, and a general Cappadocia tour along with a panoramic tour will be conducted with professional tour guides. The guides will provide explanations in both English and Turkish.<\/p>\n<p data-start=\"441\" data-end=\"657\">The tour will visit the following sites: Ortahisar Castle viewpoint, Pigeon Valley, G\u00f6reme Panorama, \u00c7avu\u015fin Ruins and the \u00c7avu\u015fin Rock-cut Church, Avanos Ceramic Workshop to watch pottery making, and Devrent Valley.<\/p>\n<p data-start=\"659\" data-end=\"852\">The final stop will be the Red Valley Panorama point, which offers the best view of the sunset. While watching the sunset in Cappadocia, our guests will be able to enjoy local Cappadocia wines.<\/p>\n<p data-start=\"854\" data-end=\"954\">After the sunset at Red Valley, each guest will be dropped back to their hotel by the tour vehicles.<\/p>\n<p data-start=\"956\" data-end=\"984\">Reservation is required. The tour will be paid by the participants.<\/p>\n<p data-start=\"986\" data-end=\"1032\"><em>Price per person for the tour: 40 \u20ac (Euro)<\/em><\/p>\n<p data-start=\"1034\" data-end=\"1113\">Reservation contact WhatsApp No: +905324841713<br data-start=\"1080\" data-end=\"1083\" \/>E-Mail: <a class=\"cursor-pointer\" rel=\"noopener\" data-start=\"1091\" data-end=\"1113\">cihantours@hotmail.com<\/a><\/p>\n<p data-start=\"1115\" data-end=\"1146\"><em>PARSLEY TRAVEL (CAPPADOCIA)<\/em><\/p>\n<p data-start=\"1148\" data-end=\"1312\">For quick and easy communication, we recommend reaching out via WhatsApp. Please use the phrase &#8220;WCDA &#8211; 2025&#8221; in your message, which will help us assist you faster.<\/p>\n<ul>\n<li data-start=\"57\" data-end=\"215\"><em>You can also make reservations for activities specific to the Cappadocia region, such as hot air balloon tours, horse riding tours, and ATV (quad bike) tours.<\/em><\/li>\n<\/ul>\n<p data-start=\"217\" data-end=\"593\">Since September is the peak season for Cappadocia, and it may be difficult to find availability for Balloon tours, you can make a reservation in advance.<br data-start=\"370\" data-end=\"373\" \/>Alternatively, you can visit our information desk at the Cappadocia University Factory Campus, where the conferences will be held, and get information from our professional consultants to make your activity reservations.<\/p>\n<p data-start=\"595\" data-end=\"682\">Reservation contact WhatsApp No: +905324841713<br data-start=\"645\" data-end=\"648\" \/>E-Mail: <a class=\"cursor-pointer\" rel=\"noopener\" data-start=\"660\" data-end=\"682\">cihantours@hotmail.com<\/a><\/p>\n<p data-start=\"684\" data-end=\"715\"><em>PARSLEY TRAVEL (CAPPADOCIA)<\/em><\/p>\n<p data-start=\"717\" data-end=\"881\">For quick and easy communication, we recommend reaching out via WhatsApp. Please use the phrase &#8220;WCDA &#8211; 2025&#8221; in your message, which will help us assist you faster.<\/p>\n<p><u><b>Important:<\/b><\/u><\/p>\n<ul>\n<li>The registration fee will be discounted by 50% for SEDER members, master and PhD students, and students of Cappadocia University.<\/li>\n<li>At least one author has to register within 2 weeks after notification to be included into the programme.<\/li>\n<li>If a paper has multiple authors and these authors&#8217; names are written in more than two papers, these authors have made normal registration payment<\/li>\n<li>The second and more papers 80 Euro each.<\/li>\n<li>A Group discount of 15% is available for 6 or more participants (except student) from the same institution, registering at the same time.<\/li>\n<li>If your paper is not accepted by the reviewers, your payment will be refunded.<\/li>\n<li>When you make your payment please scan your payment receipt to <a href=\"mailto:wcda.secretariat@gmail.com\">wcda.secretariat@gmail.com<\/a> and also do not forget to write paper ID number<\/li>\n<li>If your full paper is more than 8 pages, you have to pay 21\u20ac per page<\/li>\n<li>You can make your extra pages payment using the same payment methods used for registration<\/li>\n<li>Refund is only possible till 20 days before from the conference starting date, and you will get your refund after one week later from the conference finishing date.<\/li>\n<\/ul>\n<p>Participants and students who work or study in universities and institutions being colloboration with the conference, get benefit from the 20% discount of participant registration fee <strong><strong>(from Euro current rate).<br \/>\n<\/strong><\/strong><\/p>\n<ul>\n<li data-start=\"57\" data-end=\"327\">Guests who wish to explore and experience Cappadocia more deeply can extend their stay by a few days before or after the Conference schedule to have more time to experience Cappadocia.<br data-start=\"241\" data-end=\"244\" \/>Guests with this request can also receive free consultancy and information from us.<\/li>\n<\/ul>\n<p data-start=\"329\" data-end=\"429\">For Information and Consultancy, contact WhatsApp No: +905324841713<br data-start=\"396\" data-end=\"399\" \/>E-Mail: <a class=\"cursor-pointer\" rel=\"noopener\" data-start=\"407\" data-end=\"429\">cihantours@hotmail.com<\/a><\/p>\n<p data-start=\"431\" data-end=\"462\"><em>PARSLEY TRAVEL (CAPPADOCIA)<\/em><\/p>\n<p data-start=\"464\" data-end=\"628\">For quick and easy communication, we recommend reaching out via WhatsApp. Please use the phrase &#8220;WCDA &#8211; 2025&#8221; in your message, which will help us assist you faster.<\/p>\n<p style=\"font-weight: 400;\"><span style=\"color: #ff0000;\"><strong><u>CREDIT CARD PAYMENT<\/u><\/strong><\/span><\/p>\n<p><a href=\"https:\/\/www.globalcenter.info\/payment\/index.php?route=product\/product&amp;product_id=386\"><img loading=\"lazy\" decoding=\"async\" class=\"alignnone\" src=\"http:\/\/www.globalcenter.info\/artsedu\/wp-content\/uploads\/2020\/04\/payment-logo-300x109-1.png\" alt=\"Bu g\u00f6rsel bo\u015f bir alt niteli\u011fe sahip; dosya ad\u0131 payment-logo-300x109-1.png\" width=\"300\" height=\"109\" \/><\/a><\/p>\n<p><strong>Contacts for Registration Only<\/strong><\/p>\n<p>WhatsApp:+90 542 873 73 31<br \/>\nEmail: wcda.secretariat@gmail.com<\/p>\n<p><strong>Important Note:<\/strong> This phone opens from 9.00 am to 18.00 pm <span style=\"color: #ff0000;\"><strong>(GMT+02:00 \u2013 Athens, Istanbul)<\/strong><\/span> during the week. If the organizer of the conference is not convenient, he might not reply your phone. You can call again after a while in order to contact to him.<\/p>\n","protected":false},"excerpt":{"rendered":"<p>REGISTRATION INFORMATION Please note that the early registration period has ended. All authors registering from now on are required to pay the late registration fee Erken kay\u0131t d\u00f6neminin sona erdi\u011fini l\u00fctfen unutmay\u0131n. Bundan sonra kay\u0131t yapt\u0131racak t\u00fcm yazarlar\u0131n ge\u00e7 kay\u0131t \u00fccretini \u00f6demeleri gerekmektedir. Early Registration\u00a0(Until 20 August 2025) Late Registration (After 21 August 2025) Registration [&hellip;]<\/p>\n","protected":false},"author":2,"featured_media":0,"parent":0,"menu_order":0,"comment_status":"closed","ping_status":"closed","template":"","meta":{"saved_in_kubio":true,"footnotes":""},"class_list":["post-32","page","type-page","status-publish","hentry"],"kubio_ai_page_context":{"short_desc":"","purpose":"general"},"_links":{"self":[{"href":"https:\/\/www.globalcenter.info\/artsedu\/wp-json\/wp\/v2\/pages\/32"}],"collection":[{"href":"https:\/\/www.globalcenter.info\/artsedu\/wp-json\/wp\/v2\/pages"}],"about":[{"href":"https:\/\/www.globalcenter.info\/artsedu\/wp-json\/wp\/v2\/types\/page"}],"author":[{"embeddable":true,"href":"https:\/\/www.globalcenter.info\/artsedu\/wp-json\/wp\/v2\/users\/2"}],"replies":[{"embeddable":true,"href":"https:\/\/www.globalcenter.info\/artsedu\/wp-json\/wp\/v2\/comments?post=32"}],"version-history":[{"count":89,"href":"https:\/\/www.globalcenter.info\/artsedu\/wp-json\/wp\/v2\/pages\/32\/revisions"}],"predecessor-version":[{"id":1599,"href":"https:\/\/www.globalcenter.info\/artsedu\/wp-json\/wp\/v2\/pages\/32\/revisions\/1599"}],"wp:attachment":[{"href":"https:\/\/www.globalcenter.info\/artsedu\/wp-json\/wp\/v2\/media?parent=32"}],"curies":[{"name":"wp","href":"https:\/\/api.w.org\/{rel}","templated":true}]}}