{"id":570,"date":"2019-09-02T21:22:08","date_gmt":"2019-09-02T18:22:08","guid":{"rendered":"http:\/\/www.globalcenter.info\/artsedu\/?page_id=570"},"modified":"2022-03-16T14:47:30","modified_gmt":"2022-03-16T11:47:30","slug":"dae-2019","status":"publish","type":"page","link":"https:\/\/www.globalcenter.info\/artsedu\/dae-2019\/","title":{"rendered":"DAE-2019"},"content":{"rendered":"\n<p>Link to\u00a0DAE 2019 Poster is available\u00a0<a href=\"http:\/\/www.globalcenter.info\/artsedu\/wp-content\/uploads\/2019\/09\/wcda.jpg\">here<\/a><br>Link to DAE 2019 Abstract Book is available\u00a0<a rel=\"noreferrer noopener\" aria-label=\" (yeni sekmede a\u00e7\u0131l\u0131r)\" href=\"http:\/\/www.taeg-center.org\" target=\"_blank\">here<br><\/a>Link to\u00a0DAE 2019 Program Book is available\u00a0<a href=\"http:\/\/www.globalcenter.info\/artsedu\/wp-content\/uploads\/2022\/03\/WCDA-2019-Program-1.pdf\">here<\/a><a href=\"http:\/\/www.globalcenter.info\/artsedu\/wp-content\/uploads\/2019\/06\/WCDA-2019-Program.pdf\"><br><\/a>Photos from\u00a0 DAE\u00a02019 is available at\u00a0<a rel=\"noreferrer noopener\" aria-label=\"here.  (yeni sekmede a\u00e7\u0131l\u0131r)\" href=\"https:\/\/www.facebook.com\/taegcenter\" target=\"_blank\">here. <\/a><\/p>\n","protected":false},"excerpt":{"rendered":"<p>Link to\u00a0DAE 2019 Poster is available\u00a0hereLink to DAE 2019 Abstract Book is available\u00a0hereLink to\u00a0DAE 2019 Program Book is available\u00a0herePhotos from\u00a0 DAE\u00a02019 is available at\u00a0here.<\/p>\n","protected":false},"author":2,"featured_media":0,"parent":0,"menu_order":0,"comment_status":"closed","ping_status":"closed","template":"","meta":{"saved_in_kubio":false,"footnotes":""},"class_list":["post-570","page","type-page","status-publish","hentry"],"kubio_ai_page_context":{"short_desc":"","purpose":"general"},"_links":{"self":[{"href":"https:\/\/www.globalcenter.info\/artsedu\/wp-json\/wp\/v2\/pages\/570"}],"collection":[{"href":"https:\/\/www.globalcenter.info\/artsedu\/wp-json\/wp\/v2\/pages"}],"about":[{"href":"https:\/\/www.globalcenter.info\/artsedu\/wp-json\/wp\/v2\/types\/page"}],"author":[{"embeddable":true,"href":"https:\/\/www.globalcenter.info\/artsedu\/wp-json\/wp\/v2\/users\/2"}],"replies":[{"embeddable":true,"href":"https:\/\/www.globalcenter.info\/artsedu\/wp-json\/wp\/v2\/comments?post=570"}],"version-history":[{"count":2,"href":"https:\/\/www.globalcenter.info\/artsedu\/wp-json\/wp\/v2\/pages\/570\/revisions"}],"predecessor-version":[{"id":911,"href":"https:\/\/www.globalcenter.info\/artsedu\/wp-json\/wp\/v2\/pages\/570\/revisions\/911"}],"wp:attachment":[{"href":"https:\/\/www.globalcenter.info\/artsedu\/wp-json\/wp\/v2\/media?parent=570"}],"curies":[{"name":"wp","href":"https:\/\/api.w.org\/{rel}","templated":true}]}}