{"id":1380,"date":"2019-11-10T00:01:39","date_gmt":"2019-11-09T21:01:39","guid":{"rendered":"http:\/\/www.globalcenter.info\/bemtur\/?page_id=1380"},"modified":"2019-11-10T00:01:39","modified_gmt":"2019-11-09T21:01:39","slug":"bemtur-2019","status":"publish","type":"page","link":"https:\/\/www.globalcenter.info\/bemtur\/?page_id=1380","title":{"rendered":"BEMTUR &#8211; 2019"},"content":{"rendered":"\n<h4 class=\"wp-block-heading\" style=\"text-align:center\"><strong>7th GLOBAL CONFERENCE on\u00a0BUSINESS,\u00a0ECONOMICS, MANAGEMENT and TOURISM<\/strong><br><strong>18-20 October 2019<\/strong><br>Grand Park Lara Hotel Convention Center<br>Lara \u2013 Antalya, Turkey<\/h4>\n\n\n\n<p> Link to\u00a0BEMTUR 2019 Facebook is available\u00a0<a href=\"http:\/\/www.facebook.com\/taeg_center\">here<\/a><br>Link to BEMTUR 2019 Abstract Book is available\u00a0<a rel=\"noreferrer noopener\" aria-label=\"here (yeni sekmede a\u00e7\u0131l\u0131r)\" href=\"http:\/\/www.globalcenter.info\/bemtur\/wp-content\/uploads\/2019\/10\/bemtur2019abstractsbook.pdf\" target=\"_blank\">here<\/a><a rel=\"noreferrer noopener\" href=\"http:\/\/awer-center.org\/\" target=\"_blank\"><br><\/a>Link to BEMTUR 2019 Program Book is available\u00a0<a href=\"http:\/\/www.globalcenter.info\/bemtur\/wp-content\/uploads\/2019\/10\/bemtur2019.pdf\">here<\/a><\/p>\n","protected":false},"excerpt":{"rendered":"<p>7th GLOBAL CONFERENCE on\u00a0BUSINESS,\u00a0ECONOMICS, MANAGEMENT and TOURISM18-20 October 2019Grand Park Lara Hotel Convention CenterLara \u2013 Antalya, Turkey Link to\u00a0BEMTUR 2019&hellip;<\/p>\n","protected":false},"author":2,"featured_media":0,"parent":0,"menu_order":0,"comment_status":"closed","ping_status":"closed","template":"","meta":{"footnotes":""},"class_list":["post-1380","page","type-page","status-publish","hentry"],"_links":{"self":[{"href":"https:\/\/www.globalcenter.info\/bemtur\/index.php?rest_route=\/wp\/v2\/pages\/1380"}],"collection":[{"href":"https:\/\/www.globalcenter.info\/bemtur\/index.php?rest_route=\/wp\/v2\/pages"}],"about":[{"href":"https:\/\/www.globalcenter.info\/bemtur\/index.php?rest_route=\/wp\/v2\/types\/page"}],"author":[{"embeddable":true,"href":"https:\/\/www.globalcenter.info\/bemtur\/index.php?rest_route=\/wp\/v2\/users\/2"}],"replies":[{"embeddable":true,"href":"https:\/\/www.globalcenter.info\/bemtur\/index.php?rest_route=%2Fwp%2Fv2%2Fcomments&post=1380"}],"version-history":[{"count":1,"href":"https:\/\/www.globalcenter.info\/bemtur\/index.php?rest_route=\/wp\/v2\/pages\/1380\/revisions"}],"predecessor-version":[{"id":1381,"href":"https:\/\/www.globalcenter.info\/bemtur\/index.php?rest_route=\/wp\/v2\/pages\/1380\/revisions\/1381"}],"wp:attachment":[{"href":"https:\/\/www.globalcenter.info\/bemtur\/index.php?rest_route=%2Fwp%2Fv2%2Fmedia&parent=1380"}],"curies":[{"name":"wp","href":"https:\/\/api.w.org\/{rel}","templated":true}]}}