{"id":21,"date":"2013-05-13T07:27:44","date_gmt":"2013-05-13T04:27:44","guid":{"rendered":"http:\/\/www.globalcenter.info\/bemtur\/?page_id=21"},"modified":"2025-08-06T10:49:21","modified_gmt":"2025-08-06T07:49:21","slug":"conference-registration","status":"publish","type":"page","link":"https:\/\/www.globalcenter.info\/bemtur\/?page_id=21","title":{"rendered":"Conference Registration"},"content":{"rendered":"<div style=\"text-align: left;\" align=\"center\">\n<p><strong><u>REGISTRATION INFORMATION<\/u><\/strong><\/p>\n<table width=\"625\">\n<tbody>\n<tr>\n<td width=\"146\">\u00a0<\/td>\n<td width=\"166\"><strong>Early Registration Until May 18th, 2026.<\/strong><\/td>\n<td width=\"169\"><strong>Late Registration<br \/><\/strong> <strong>After<\/strong><strong> May 18th, 2026.<\/strong><\/td>\n<td width=\"144\">Registration Desk<\/td>\n<\/tr>\n<tr>\n<td width=\"146\">Oral Participant<\/td>\n<td width=\"166\"><strong>110<\/strong><strong>\u20ac<\/strong><\/td>\n<td width=\"169\">120\u20ac<\/td>\n<td width=\"144\">150\u20ac<\/td>\n<\/tr>\n<tr>\n<td width=\"146\">Virtual Participant<\/td>\n<td width=\"166\"><strong>110<\/strong><strong>\u20ac<\/strong><\/td>\n<td width=\"169\">120\u20ac<\/td>\n<td width=\"144\">150\u20ac<\/td>\n<\/tr>\n<tr>\n<td width=\"146\">Audience<\/td>\n<td width=\"166\"><strong>50\u20ac<\/strong><\/td>\n<td width=\"169\">60\u20ac<\/td>\n<td width=\"144\">80\u20ac<\/td>\n<\/tr>\n<tr>\n<td width=\"146\">Accompanying Person<\/td>\n<td width=\"166\"><strong>40<\/strong><strong>\u20ac<\/strong><\/td>\n<td width=\"169\">50\u20ac<\/td>\n<td width=\"144\">70\u20ac<\/td>\n<\/tr>\n<\/tbody>\n<\/table>\n<p><strong>* Student ID verification is required.<\/strong><\/p>\n<p><strong>Registration fee includes:<\/strong><\/p>\n<\/div>\n<ul>\n<li>Paper Publication<\/li>\n<li>Cost for Publishing one Paper<\/li>\n<li>Cost of Attendance for one Participant<\/li>\n<li>Participation Certificate<\/li>\n<li>Entrance to all Workshops<\/li>\n<li>Printed Program Book<\/li>\n<li>Conference Bag<\/li>\n<li>Hot Beverages<\/li>\n<li>Free Wireless Internet Connection<\/li>\n<\/ul>\n<p><strong>Audience Registration Fee Includes<\/strong><\/p>\n<ul>\n<li>Conference Fee<\/li>\n<li>Audience Certificate<\/li>\n<li>Conference Bag<\/li>\n<li>Hot Beverages<\/li>\n<li>Free Wireless Internet Connection<\/li>\n<li>Cost of attendance for one participant<\/li>\n<li>Printed Program Book<\/li>\n<\/ul>\n<p><strong><u>Important:<\/u><\/strong><\/p>\n<ul>\n<li>At least one author has to register within 2 weeks after notification to be included into the programme.<\/li>\n<li>If a paper has multiple authors and these authors\u2019 names are written in more than two papers, these authors have made normal registration payment<\/li>\n<li>The second and more papers 80 Euro each.<\/li>\n<li>A Group discount of 15% is available for 6 or more participants (except student) from the same institution, registering at the same time.<\/li>\n<li>If your paper is not accepted by the reviewers, your payment will be refunded.<\/li>\n<li>When you make your payment, please scan your payment receipt to <a href=\"mailto:bemtur.info@gmail.com\">bemtur.info@gmail.com<\/a>\u00a0\u00a0 and also do not forget to write paper ID number<\/li>\n<li>Full article should be at least 3500 words and not more than 6000 words<\/li>\n<li>Refund is only possible till 20 days before from the conference starting date, and you will get your refund after one week later from the conference finishing date.<\/li>\n<li>TRNC citizens are exempt from the participation fee.<\/li>\n<\/ul>\n<p><strong><u>CREDIT CARD PAYMENT<\/u><\/strong><\/p>\n<p><a href=\"https:\/\/www.globalcenter.info\/payment\/index.php?route=product\/product&amp;product_id=292\"><img loading=\"lazy\" decoding=\"async\" class=\"alignnone\" src=\"http:\/\/www.globalcenter.info\/bemtur\/wp-content\/uploads\/2020\/04\/payment-logo-300x109.png\" alt=\"Bu g\u00f6rsel bo\u015f bir alt niteli\u011fe sahip; dosya ad\u0131 payment-logo-300x109.png\" width=\"300\" height=\"109\" \/><\/a><\/p>\n<p><strong>Contacts for Registration and Accommodation Only<\/strong><\/p>\n<p>WhatsApp:+90 542 873 73 31<\/p>\n<p>Email: congress.infodesk@gmail.com<\/p>\n\n\n<p><\/p>\n","protected":false},"excerpt":{"rendered":"<p>REGISTRATION INFORMATION \u00a0 Early Registration Until May 18th, 2026. Late Registration After May 18th, 2026. Registration Desk Oral Participant 110\u20ac&hellip;<\/p>\n","protected":false},"author":2,"featured_media":0,"parent":0,"menu_order":0,"comment_status":"closed","ping_status":"open","template":"","meta":{"footnotes":""},"class_list":["post-21","page","type-page","status-publish","hentry"],"_links":{"self":[{"href":"https:\/\/www.globalcenter.info\/bemtur\/index.php?rest_route=\/wp\/v2\/pages\/21"}],"collection":[{"href":"https:\/\/www.globalcenter.info\/bemtur\/index.php?rest_route=\/wp\/v2\/pages"}],"about":[{"href":"https:\/\/www.globalcenter.info\/bemtur\/index.php?rest_route=\/wp\/v2\/types\/page"}],"author":[{"embeddable":true,"href":"https:\/\/www.globalcenter.info\/bemtur\/index.php?rest_route=\/wp\/v2\/users\/2"}],"replies":[{"embeddable":true,"href":"https:\/\/www.globalcenter.info\/bemtur\/index.php?rest_route=%2Fwp%2Fv2%2Fcomments&post=21"}],"version-history":[{"count":103,"href":"https:\/\/www.globalcenter.info\/bemtur\/index.php?rest_route=\/wp\/v2\/pages\/21\/revisions"}],"predecessor-version":[{"id":1743,"href":"https:\/\/www.globalcenter.info\/bemtur\/index.php?rest_route=\/wp\/v2\/pages\/21\/revisions\/1743"}],"wp:attachment":[{"href":"https:\/\/www.globalcenter.info\/bemtur\/index.php?rest_route=%2Fwp%2Fv2%2Fmedia&parent=21"}],"curies":[{"name":"wp","href":"https:\/\/api.w.org\/{rel}","templated":true}]}}