{"id":39,"date":"2013-05-13T07:29:56","date_gmt":"2013-05-13T04:29:56","guid":{"rendered":"http:\/\/www.globalcenter.info\/bemtur\/?page_id=39"},"modified":"2019-10-08T21:05:29","modified_gmt":"2019-10-08T18:05:29","slug":"international-advisory-board","status":"publish","type":"page","link":"https:\/\/www.globalcenter.info\/bemtur\/?page_id=39","title":{"rendered":"International advisory board"},"content":{"rendered":"<p>Prof. Dr. Anton Sorin Gabriel, Alexandru Ioan Cuza University, Romania<br \/>\nProf. Dr. Constanta Aurelia Chitiba, Christian University \u201cDimitrie Cantemir\u201d, Romania<br \/>\nProf. Dr. Giuseppe Ciccarone, The Sapienza University in Rome, Italy<br \/>\nProf. Dr. Foued Khl\u0131f\u0131, Higher Institute of Management Gab\u00e8s, Tunisia<br \/>\nProf. Dr. H\u00fcseyin Arasl\u0131, Eastern Mediterranean University, North Cyprus<br \/>\nProf. Dr. Mustafa \u00d6zbilgin, Brunel University, UK<br \/>\nProf. Dr. Lourdes Canos,\u00a0 \u00a0University of Alcala, Spain<br \/>\nProf. Dr. Laith J. Hnoosh, University of Kufa, Iraq<br \/>\nAssoc. Prof. Dr. Fatma Ulucan \u00d6zkul, Bahcesehir University, Turkey<br \/>\nAssoc. Prof. Dr. Gratiela Boca, North University of Baia Mare, Romania<br \/>\nAssoc. Prof. Dr. Mehmet Erdem,University of Nevada, USAA<br \/>\nssoc. Prof. Dr. Nabsiah Abdul Wahid, University of Sains Malaysi, Malaysia<br \/>\nAssoc. Prof. Dr. Rita Vilk\u0117, Kaunas University of Technology, Lithuania<br \/>\nAssoc. Prof. Dr. Tiberiu Socaciu, University of Suceava, Romania<br \/>\nDr. Ahu Tatl\u0131, Queen Mary University of London, UK<br \/>\nRoberto J. Santill\u00e1n-Salgado, EGADE Business School (Monterrey Tec), Mexico<\/p>\n","protected":false},"excerpt":{"rendered":"<p>Prof. Dr. Anton Sorin Gabriel, Alexandru Ioan Cuza University, Romania Prof. Dr. Constanta Aurelia Chitiba, Christian University \u201cDimitrie Cantemir\u201d, Romania&hellip;<\/p>\n","protected":false},"author":2,"featured_media":0,"parent":0,"menu_order":0,"comment_status":"closed","ping_status":"open","template":"","meta":{"footnotes":""},"class_list":["post-39","page","type-page","status-publish","hentry"],"_links":{"self":[{"href":"https:\/\/www.globalcenter.info\/bemtur\/index.php?rest_route=\/wp\/v2\/pages\/39"}],"collection":[{"href":"https:\/\/www.globalcenter.info\/bemtur\/index.php?rest_route=\/wp\/v2\/pages"}],"about":[{"href":"https:\/\/www.globalcenter.info\/bemtur\/index.php?rest_route=\/wp\/v2\/types\/page"}],"author":[{"embeddable":true,"href":"https:\/\/www.globalcenter.info\/bemtur\/index.php?rest_route=\/wp\/v2\/users\/2"}],"replies":[{"embeddable":true,"href":"https:\/\/www.globalcenter.info\/bemtur\/index.php?rest_route=%2Fwp%2Fv2%2Fcomments&post=39"}],"version-history":[{"count":20,"href":"https:\/\/www.globalcenter.info\/bemtur\/index.php?rest_route=\/wp\/v2\/pages\/39\/revisions"}],"predecessor-version":[{"id":1352,"href":"https:\/\/www.globalcenter.info\/bemtur\/index.php?rest_route=\/wp\/v2\/pages\/39\/revisions\/1352"}],"wp:attachment":[{"href":"https:\/\/www.globalcenter.info\/bemtur\/index.php?rest_route=%2Fwp%2Fv2%2Fmedia&parent=39"}],"curies":[{"name":"wp","href":"https:\/\/api.w.org\/{rel}","templated":true}]}}