{"id":47,"date":"2013-05-13T07:30:52","date_gmt":"2013-05-13T04:30:52","guid":{"rendered":"http:\/\/www.globalcenter.info\/bemtur\/?page_id=47"},"modified":"2026-03-04T13:19:27","modified_gmt":"2026-03-04T10:19:27","slug":"organizing-committee","status":"publish","type":"page","link":"https:\/\/www.globalcenter.info\/bemtur\/?page_id=47","title":{"rendered":"Organizing Committee"},"content":{"rendered":"<p>&nbsp;<\/p>\n<p><strong>Organized by<\/strong><br \/>\nMother Teresa University, Skopje, North Macedonia\u00a0 \u00a0 \u00a0 \u00a0 \u00a0 \u00a0 \u00a0 \u00a0 \u00a0 \u00a0 \u00a0 \u00a0 \u00a0 \u00a0 \u00a0 \u00a0 \u00a0 \u00a0 \u00a0 \u00a0 \u00a0 \u00a0 \u00a0 \u00a0 \u00a0 \u00a0 \u00a0 \u00a0 \u00a0 \u00a0 \u00a0 \u00a0 \u00a0 \u00a0 \u00a0 \u00a0 \u00a0 \u00a0 \u00a0 \u00a0 \u00a0 \u00a0 \u00a0 \u00a0 \u00a0 \u00a0 \u00a0 \u00a0 \u00a0 \u00a0 \u00a0 \u00a0 \u00a0 \u00a0 University for Business and Technology\u00a0 \u00a0 \u00a0 \u00a0 \u00a0 \u00a0 \u00a0 \u00a0 \u00a0 \u00a0 \u00a0 \u00a0 \u00a0 \u00a0 \u00a0 \u00a0 \u00a0 \u00a0 \u00a0 \u00a0 \u00a0 \u00a0 \u00a0 \u00a0 \u00a0 \u00a0 \u00a0 \u00a0 \u00a0 \u00a0 \u00a0 \u00a0 \u00a0 \u00a0 \u00a0 \u00a0 \u00a0 \u00a0 \u00a0 \u00a0 \u00a0 \u00a0 \u00a0 \u00a0 \u00a0 \u00a0 \u00a0 \u00a0 \u00a0 \u00a0 \u00a0 \u00a0 \u00a0 \u00a0 \u00a0 \u00a0 \u00a0 \u00a0 \u00a0 \u00a0 \u00a0 \u00a0 \u00a0 \u00a0 The Academic Event Group<\/p>\n<p><strong>Honorary Presidents\u00a0 \u00a0 \u00a0 \u00a0 \u00a0 \u00a0 \u00a0 \u00a0 \u00a0 \u00a0 \u00a0 \u00a0 \u00a0 \u00a0 \u00a0 \u00a0 \u00a0 \u00a0 \u00a0 \u00a0 \u00a0 \u00a0 \u00a0 \u00a0 \u00a0 \u00a0 \u00a0 \u00a0 \u00a0 \u00a0 \u00a0 \u00a0 \u00a0 \u00a0 \u00a0 \u00a0 \u00a0 \u00a0 \u00a0 \u00a0 \u00a0 \u00a0 \u00a0 \u00a0 \u00a0 \u00a0 \u00a0 \u00a0 \u00a0 \u00a0 \u00a0 \u00a0 \u00a0 \u00a0 \u00a0 \u00a0 \u00a0 \u00a0 \u00a0 \u00a0 \u00a0 \u00a0 \u00a0 \u00a0 \u00a0 \u00a0 Prof. Bekim Fetaji<\/strong> (Rector of UNT)\u00a0 \u00a0 \u00a0 \u00a0 \u00a0 \u00a0 \u00a0 \u00a0 \u00a0 \u00a0 \u00a0 \u00a0 \u00a0 \u00a0 \u00a0 \u00a0 \u00a0 \u00a0 \u00a0 \u00a0 \u00a0 \u00a0 \u00a0 \u00a0 \u00a0 \u00a0 \u00a0 \u00a0 \u00a0 \u00a0 \u00a0 \u00a0 \u00a0 \u00a0 \u00a0 \u00a0 \u00a0 \u00a0 \u00a0 \u00a0 \u00a0 \u00a0 \u00a0 \u00a0 \u00a0 \u00a0 \u00a0 \u00a0 \u00a0 \u00a0 \u00a0 \u00a0 \u00a0 \u00a0 \u00a0 \u00a0 \u00a0 \u00a0 \u00a0 \u00a0 \u00a0 \u00a0 \u00a0 \u00a0 <strong>Prof. Huseyin Uzunboylu<\/strong> (President of TAEG Center)<\/p>\n<p><strong>Program Chair<br \/>\n<\/strong>BEMTUR 2026 Chair,<strong data-start=\"110\" data-end=\"137\"> Prof. Dr. \u00d6zcan Asilkan<br \/>\n<\/strong>Higher Colleges of Technology (HCT)<br \/>\nAbu Dhabi, UNITED ARAB EMIRATES<br \/>\noasilkan@hct.ac.ae<\/p>\n<p><strong>International Program Committee<br \/>\n<\/strong>Andreea Claudia Serban,\u00a0<em>Academy of Economic Studies<\/em>, Romania<br \/>\nAngel Garrido,\u00a0<em>Universidad Nacional de Educaci\u00f3n<\/em>, Switzerland<br \/>\nDes Raj Bajwa, <em>Kurukshetra University<\/em>, India<br \/>\nGulzhanat Tayauova, <em>Turan University<\/em>, Kazakhstan<br \/>\nFatma Duygu G\u00fcrb\u00fcz, <em>Marmara University<\/em>, Turkey<br \/>\nJeffrey Soar,\u00a0<em>University of Southern Queensland<\/em>, Australia<br \/>\nJianming Cui,\u00a0<em>Shandong University of Science and Technology<\/em>, China<br \/>\nKayvan Kaseb, Researcher at Istanbul University, Turkey<br \/>\nRobert Wu,\u00a0<em>CQUniversity<\/em>, Australia<br \/>\nS\u00f3nia Nogueira,\u00a0<em>Polytechnic Institute of Bragan\u00e7a<\/em>, Portugal<br \/>\nWenjian Zou,\u00a0<em>JiangXi Institute of Economic Administrators<\/em>, China<br \/>\nYunkang Yue,\u00a0<em>Business College of Shan Xi University<\/em>, China<strong>\u00a0<\/strong><\/p>\n<p><strong>Organizing Committee<\/strong><strong><br \/>\n<\/strong>Tahir Tavuk\u00e7u, Cyprus Social Sciences University<br \/>\nNihat Ekizoglu, Ataturk Teacher Training Academy<br \/>\nBlerta Prevalla Etemi<strong>,\u00a0<\/strong>AAB University<br \/>\nFlorijeta Hulaj,\u00a0<em>AAB College<\/em><br \/>\nLilia Trushko, Girne American University<br \/>\nNesli Bahar Yava\u015f, European University of Lefke<br \/>\nSemih \u00c7al\u0131\u015fkan, Izmir T\u0131naztepe University<br \/>\nZeynep Gen\u00e7, Istanbul Ayd\u0131n University<strong>\u00a0<\/strong><\/p>\n<p><strong>Secretariat<br \/>\n<\/strong>Onwudiwe Kenechukwu<br \/>\n<a href=\"mailto:bemtur.info@gmail.com\">bemtur.info@gmail.com<\/a><\/p>\n","protected":false},"excerpt":{"rendered":"<p>&nbsp; Organized by Mother Teresa University, Skopje, North Macedonia\u00a0 \u00a0 \u00a0 \u00a0 \u00a0 \u00a0 \u00a0 \u00a0 \u00a0 \u00a0 \u00a0 \u00a0&hellip;<\/p>\n","protected":false},"author":2,"featured_media":0,"parent":0,"menu_order":0,"comment_status":"closed","ping_status":"open","template":"","meta":{"footnotes":""},"class_list":["post-47","page","type-page","status-publish","hentry"],"_links":{"self":[{"href":"https:\/\/www.globalcenter.info\/bemtur\/index.php?rest_route=\/wp\/v2\/pages\/47"}],"collection":[{"href":"https:\/\/www.globalcenter.info\/bemtur\/index.php?rest_route=\/wp\/v2\/pages"}],"about":[{"href":"https:\/\/www.globalcenter.info\/bemtur\/index.php?rest_route=\/wp\/v2\/types\/page"}],"author":[{"embeddable":true,"href":"https:\/\/www.globalcenter.info\/bemtur\/index.php?rest_route=\/wp\/v2\/users\/2"}],"replies":[{"embeddable":true,"href":"https:\/\/www.globalcenter.info\/bemtur\/index.php?rest_route=%2Fwp%2Fv2%2Fcomments&post=47"}],"version-history":[{"count":49,"href":"https:\/\/www.globalcenter.info\/bemtur\/index.php?rest_route=\/wp\/v2\/pages\/47\/revisions"}],"predecessor-version":[{"id":1829,"href":"https:\/\/www.globalcenter.info\/bemtur\/index.php?rest_route=\/wp\/v2\/pages\/47\/revisions\/1829"}],"wp:attachment":[{"href":"https:\/\/www.globalcenter.info\/bemtur\/index.php?rest_route=%2Fwp%2Fv2%2Fmedia&parent=47"}],"curies":[{"name":"wp","href":"https:\/\/api.w.org\/{rel}","templated":true}]}}