{"id":1083,"date":"2019-11-10T00:05:55","date_gmt":"2019-11-09T21:05:55","guid":{"rendered":"http:\/\/www.globalcenter.info\/eswae\/?page_id=1083"},"modified":"2019-11-10T00:05:55","modified_gmt":"2019-11-09T21:05:55","slug":"eswae-2019","status":"publish","type":"page","link":"https:\/\/www.globalcenter.info\/eswae\/?page_id=1083","title":{"rendered":"ESWAE &#8211; 2019"},"content":{"rendered":"\n<h6 class=\"wp-block-heading\" style=\"text-align:center\"><strong>7th Global Congress on Renewable Energy and Environment<\/strong><br>Grand Park Lara Hotel Convention Center<br>Lara \u2013 Antalya, Turkey<br>18-20 October 2019<\/h6>\n\n\n\n<p> Link to ESWAE\u00a02019 Facebook is available\u00a0<a href=\"http:\/\/www.facebook.com\/taeg_center\">here<\/a><br>Link to ESWAE 2019 Abstract Book is available\u00a0<a rel=\"noreferrer noopener\" aria-label=\"here (yeni sekmede a\u00e7\u0131l\u0131r)\" href=\"http:\/\/www.eswae.org\" target=\"_blank\">here<\/a><a rel=\"noreferrer noopener\" href=\"http:\/\/awer-center.org\/\" target=\"_blank\"><br><\/a>Link to ESWAE 2019 Program Book is available\u00a0<a href=\"http:\/\/www.globalcenter.info\/eswae\/wp-content\/uploads\/2019\/10\/eswae2019-1.pdf\">here<\/a><\/p>\n","protected":false},"excerpt":{"rendered":"<div class=\"mh-excerpt\"><p>7th Global Congress on Renewable Energy and EnvironmentGrand Park Lara Hotel Convention CenterLara \u2013 Antalya, Turkey18-20 October 2019 Link to ESWAE\u00a02019 Facebook is available\u00a0hereLink to <a class=\"mh-excerpt-more\" href=\"https:\/\/www.globalcenter.info\/eswae\/?page_id=1083\" title=\"ESWAE &#8211; 2019\">[&#8230;]<\/a><\/p>\n<\/div>","protected":false},"author":2,"featured_media":0,"parent":0,"menu_order":0,"comment_status":"closed","ping_status":"closed","template":"","meta":{"footnotes":""},"class_list":["post-1083","page","type-page","status-publish","hentry"],"jetpack_sharing_enabled":true,"_links":{"self":[{"href":"https:\/\/www.globalcenter.info\/eswae\/index.php?rest_route=\/wp\/v2\/pages\/1083"}],"collection":[{"href":"https:\/\/www.globalcenter.info\/eswae\/index.php?rest_route=\/wp\/v2\/pages"}],"about":[{"href":"https:\/\/www.globalcenter.info\/eswae\/index.php?rest_route=\/wp\/v2\/types\/page"}],"author":[{"embeddable":true,"href":"https:\/\/www.globalcenter.info\/eswae\/index.php?rest_route=\/wp\/v2\/users\/2"}],"replies":[{"embeddable":true,"href":"https:\/\/www.globalcenter.info\/eswae\/index.php?rest_route=%2Fwp%2Fv2%2Fcomments&post=1083"}],"version-history":[{"count":1,"href":"https:\/\/www.globalcenter.info\/eswae\/index.php?rest_route=\/wp\/v2\/pages\/1083\/revisions"}],"predecessor-version":[{"id":1084,"href":"https:\/\/www.globalcenter.info\/eswae\/index.php?rest_route=\/wp\/v2\/pages\/1083\/revisions\/1084"}],"wp:attachment":[{"href":"https:\/\/www.globalcenter.info\/eswae\/index.php?rest_route=%2Fwp%2Fv2%2Fmedia&parent=1083"}],"curies":[{"name":"wp","href":"https:\/\/api.w.org\/{rel}","templated":true}]}}