{"id":2,"date":"2013-06-17T15:56:55","date_gmt":"2013-06-17T15:56:55","guid":{"rendered":"http:\/\/www.globalcenter.info\/eswae\/?page_id=2"},"modified":"2025-10-23T09:23:25","modified_gmt":"2025-10-23T06:23:25","slug":"ornek-sayfa","status":"publish","type":"page","link":"https:\/\/www.globalcenter.info\/eswae\/","title":{"rendered":"Home"},"content":{"rendered":"<div class=\"vce-row-container\" data-vce-boxed-width=\"true\"><div class=\"vce-row vce-row--col-gap-30 vce-row-equal-height vce-row-content--top\" id=\"el-e1946823\" data-vce-do-apply=\"all el-e1946823\"><div class=\"vce-row-content\" data-vce-element-content=\"true\"><div class=\"vce-col vce-col--md-auto vce-col--xs-1 vce-col--xs-last vce-col--xs-first vce-col--sm-last vce-col--sm-first vce-col--md-last vce-col--lg-last vce-col--xl-last vce-col--md-first vce-col--lg-first vce-col--xl-first\" id=\"el-0fa11d37\"><div class=\"vce-col-inner\" data-vce-do-apply=\"border margin background  el-0fa11d37\"><div class=\"vce-col-content\" data-vce-element-content=\"true\" data-vce-do-apply=\"padding el-0fa11d37\"><div class=\"vce-text-block\"><div class=\"vce-text-block-wrapper vce\" id=\"el-aa9744c8\" data-vce-do-apply=\"all el-aa9744c8\"><div><p><noscript><\/p>\n<style>.vce-row-container .vcv-lozad {display: none}<\/style>\n<p><\/noscript><!-- [if lt IE 9]><br \/><script src=\"https:\/\/www.globalcenter.info\/eswae\/wp-content\/themes\/mh-magazine-lite\/js\/css3-mediaqueries.js\"><\/script><br \/><![endif]--><\/p><\/div><div><h2 class=\"MsoNormal\" style=\"margin-bottom: 0.0001pt; line-height: normal; text-align: center;\"><strong><span lang=\"EN-US\" style=\"font-size: 18.0pt; mso-ascii-font-family: Calibri; mso-fareast-font-family: Calibri; mso-hansi-font-family: Calibri; mso-bidi-font-family: 'Times New Roman'; mso-ansi-language: EN-US;\"><span style=\"color: #ff0000;\"><span style=\"color: #333333;\">12th Global Congress on Renewable Energy and Environment<\/span><\/span><\/span><\/strong><\/h2><hr><h3 style=\"text-align: center;\">Istanbul Ayd\u0131n University&nbsp;&nbsp;<\/h3><h3 style=\"text-align: center;\">Istanbul \u2013 Turkey<\/h3><h3 style=\"text-align: center;\"><strong>December 05 -07, 2025<\/strong><\/h3><h4 style=\"text-align: center;\"><span style=\"color: #ff0000;\"><strong>Online and Face to Face International Conference<\/strong><\/span><\/h4><hr><p style=\"text-align: center;\"><strong>Due Date for Abstract Submissions:<span style=\"color: #ff0000;\"> 28th November 2025 (Extended)&nbsp;<\/span><\/strong><\/p><p><img loading=\"lazy\" decoding=\"async\" class=\"alignnone size-full wp-image-1095\" src=\"https:\/\/www.globalcenter.info\/eswae\/wp-content\/uploads\/2019\/12\/istanbul-1.jpg\" sizes=\"(max-width: 1203px) 100vw, 1203px\" srcset=\"https:\/\/www.globalcenter.info\/eswae\/wp-content\/uploads\/2019\/12\/istanbul-1.jpg 1203w, https:\/\/www.globalcenter.info\/eswae\/wp-content\/uploads\/2019\/12\/istanbul-1-900x286.jpg 900w, https:\/\/www.globalcenter.info\/eswae\/wp-content\/uploads\/2019\/12\/istanbul-1-768x244.jpg 768w, https:\/\/www.globalcenter.info\/eswae\/wp-content\/uploads\/2019\/12\/istanbul-1-1024x325.jpg 1024w\" alt=\"\" width=\"1203\" height=\"382\"><\/p><ul><li>Articles selected by the editors of the journals supporting the conference will be invited to the journal\u2019s review process. <span style=\"color: #ff0000;\"><strong>Clarivate Analytics Web of Science<\/strong> <\/span><strong>(<\/strong><strong><span style=\"color: #3366ff;\">SCI<\/span>,<\/strong> <span style=\"color: #99cc00;\"><strong>SCI-Expanded<\/strong><\/span><strong>, <\/strong><span style=\"color: #ff00ff;\"><strong>SSCI,<\/strong><\/span> <strong>or<\/strong><span style=\"color: #3366ff;\"> <strong>ESCI<\/strong><\/span><strong>)<\/strong><strong>, or <\/strong><span style=\"color: #339966;\"><strong>SCOPUS<\/strong><strong>.<\/strong><\/span><\/li><li>The remaining accepted full papers will be published as <strong>\u201c<span style=\"color: #3366ff;\">ESWAE-2025 Proceedings Book<\/span>\u201d<\/strong> (with ISSN and DOI number) and also submitted to <span style=\"color: #99cc00;\"><strong>SCOPUS<\/strong><\/span> and <span style=\"color: #ffcc00;\"><strong>Clarivate Analytics Conference Proceedings Citation Index <\/strong><\/span>for evaluation for inclusion in the list.<\/li><li>After the review process, accepted full papers will be published in the <strong><span style=\"color: #ff0000;\">World Journal of Environmental Research<\/span>&nbsp;<\/strong>or the <span style=\"color: #003366;\"><strong>International Journal of Current Innovations in Interdisciplinary Scientific Studies<\/strong><\/span> (Internationally indexed Journals).<\/li><li>In addition, distinguished keynote speakers who are internationally renowned in the field will be giving presentations at the conference. You will also have a chance to discuss your work with the editors of the most respected journals.<\/li><li>All proposals will be subjected to peer-reviews.<\/li><li>Best Abstract and Poster Awards<\/li><li>Oral, Poster or Virtual Presentation Certificate<\/li><li>Participation and Presentation Certificate<\/li><li>Conference Bag<\/li><li>Online Abstracts Book<\/li><li>Printed Program Book<\/li><li>Networking times for collaboration and projects<ul><li><strong style=\"font-size: inherit;\">For More Information: <a href=\"mailto:eswae.info@gmail.com\">eswae.info@gmail.com<\/a><\/strong>, WhatsApp: +905428737331&nbsp;&nbsp;<br><div style=\"font-style: normal; font-variant-ligatures: normal; font-variant-caps: normal; font-weight: 400; font-family: Aptos, Aptos_EmbeddedFont, Aptos_MSFontService, Calibri, Helvetica, sans-serif; font-size: 12pt; color: #861106;\"><strong>Y\u00d6K Akademik Te\u015fvik \u00d6dene\u011fi Y\u00f6netmeli\u011fi ve UAK Do\u00e7entlik Kriterlerini kar\u015f\u0131lamaktad\u0131r.&nbsp;<\/strong><\/div><hr><p>Hope to meet you in Istanbul, Turkey...<strong><br><\/strong><strong>Prof. Dr. Haluk Soron<\/strong>, Near East University, North Cyprus (<span class=\"a_GcMg font-feature-liga-off font-feature-clig-off font-feature-calt-off text-decoration-none text-strikethrough-none\">emeritus)<\/span><br>Program Chair of the Conference<\/p><hr><p><strong>&nbsp;<\/strong><\/p><\/li><\/ul><\/li><\/ul><p style=\"text-align: center;\"><span style=\"color: #ff0000;\"><strong><a href=\"http:\/\/www.taeg-conferences.online\/index.php\/ESWAE\/eswae-2025\/schedConf\/cfp\"><img loading=\"lazy\" decoding=\"async\" class=\"aligncenter wp-image-1446\" src=\"https:\/\/www.globalcenter.info\/eswae\/wp-content\/uploads\/2023\/04\/5364002.png\" alt=\"\" width=\"399\" height=\"101\" srcset=\"https:\/\/www.globalcenter.info\/eswae\/wp-content\/uploads\/2023\/04\/5364002.png 1240w, https:\/\/www.globalcenter.info\/eswae\/wp-content\/uploads\/2023\/04\/5364002-900x229.png 900w, https:\/\/www.globalcenter.info\/eswae\/wp-content\/uploads\/2023\/04\/5364002-1024x260.png 1024w, https:\/\/www.globalcenter.info\/eswae\/wp-content\/uploads\/2023\/04\/5364002-768x195.png 768w\" sizes=\"(max-width: 399px) 100vw, 399px\" \/><\/a><\/strong><\/span><\/p><hr><p><!--EndFragment--><\/p><\/div><div><p><!-- Popups v1.9.3.8 - https:\/\/wordpress.org\/plugins\/popups\/ --><\/p><div id=\"spu-bg-1112\" class=\"spu-bg\">&nbsp;<\/div><div id=\"spu-1112\" class=\"spu-box spu-centered spu-total- \" style=\"display: none;\" data-box-id=\"1112\" data-trigger=\"seconds\" data-trigger-number=\"5\" data-spuanimation=\"fade\" data-tconvert-cookie=\"d\" data-tclose-cookie=\"d\" data-dconvert-cookie=\"999\" data-dclose-cookie=\"30\" data-nconvert-cookie=\"spu_conversion_1112\" data-nclose-cookie=\"spu_closing_1112\" data-test-mode=\"0\" data-auto-hide=\"0\" data-close-on-conversion=\"1\" data-bgopa=\"0.5\" data-total=\"\" data-width=\"600\"><div class=\"spu-content\"><table class=\" aligncenter\" style=\"height: 114px; margin-top: 0px; padding-top: 0px;\" width=\"386\"><tbody><tr><td width=\"201\"><a href=\"https:\/\/www.facebook.com\/taegcenter\"><img loading=\"lazy\" decoding=\"async\" class=\"alignnone wp-image-1240\" src=\"http:\/\/www.globalcenter.info\/gcpr\/wp-content\/uploads\/2019\/12\/1.jpg\" alt=\"\" width=\"110\" height=\"110\"><\/a><\/td><td width=\"201\"><a href=\"https:\/\/www.instagram.com\/taeg_center\/\"><img loading=\"lazy\" decoding=\"async\" class=\"alignnone wp-image-1241\" src=\"http:\/\/www.globalcenter.info\/gcpr\/wp-content\/uploads\/2019\/12\/2.jpg\" alt=\"\" width=\"111\" height=\"111\"><\/a><\/td><td width=\"201\"><a href=\"https:\/\/www.linkedin.com\/in\/academic-events-group-taeg-a53a88b3\/\"><img loading=\"lazy\" decoding=\"async\" class=\"alignnone wp-image-1242\" src=\"http:\/\/www.globalcenter.info\/gcpr\/wp-content\/uploads\/2019\/12\/3.jpg\" alt=\"\" width=\"109\" height=\"109\"><\/a><\/td><\/tr><\/tbody><\/table><hr><hr><p style=\"text-align: center;\"><strong>Did you like our social media pages?<\/strong><\/p><\/div><\/div><p><!-- \/ Popups Box --><\/p><div id=\"fb-root\" class=\" fb_reset\">&nbsp;<\/div><p><!--facebook like and share js --><\/p><div id=\"fb-root\">&nbsp;<\/div><p><!-- Powered by WPtouch: 4.3.59 --><\/p><\/div><\/div><\/div><\/div><\/div><\/div><\/div><\/div><\/div>\n","protected":false},"excerpt":{"rendered":"<div class=\"mh-excerpt\"><p>12th Global Congress on Renewable Energy and EnvironmentIstanbul Ayd\u0131n University&nbsp;&nbsp;Istanbul \u2013 TurkeyDecember 05 -07, 2025Online and Face to Face International ConferenceDue Date for Abstract Submissions: <a class=\"mh-excerpt-more\" href=\"https:\/\/www.globalcenter.info\/eswae\/\" title=\"Home\">[&#8230;]<\/a><\/p>\n<\/div>","protected":false},"author":2,"featured_media":0,"parent":0,"menu_order":0,"comment_status":"closed","ping_status":"open","template":"","meta":{"footnotes":""},"class_list":["post-2","page","type-page","status-publish","hentry"],"jetpack_sharing_enabled":true,"_links":{"self":[{"href":"https:\/\/www.globalcenter.info\/eswae\/index.php?rest_route=\/wp\/v2\/pages\/2"}],"collection":[{"href":"https:\/\/www.globalcenter.info\/eswae\/index.php?rest_route=\/wp\/v2\/pages"}],"about":[{"href":"https:\/\/www.globalcenter.info\/eswae\/index.php?rest_route=\/wp\/v2\/types\/page"}],"author":[{"embeddable":true,"href":"https:\/\/www.globalcenter.info\/eswae\/index.php?rest_route=\/wp\/v2\/users\/2"}],"replies":[{"embeddable":true,"href":"https:\/\/www.globalcenter.info\/eswae\/index.php?rest_route=%2Fwp%2Fv2%2Fcomments&post=2"}],"version-history":[{"count":246,"href":"https:\/\/www.globalcenter.info\/eswae\/index.php?rest_route=\/wp\/v2\/pages\/2\/revisions"}],"predecessor-version":[{"id":1641,"href":"https:\/\/www.globalcenter.info\/eswae\/index.php?rest_route=\/wp\/v2\/pages\/2\/revisions\/1641"}],"wp:attachment":[{"href":"https:\/\/www.globalcenter.info\/eswae\/index.php?rest_route=%2Fwp%2Fv2%2Fmedia&parent=2"}],"curies":[{"name":"wp","href":"https:\/\/api.w.org\/{rel}","templated":true}]}}