{"id":38,"date":"2013-06-18T08:46:37","date_gmt":"2013-06-18T05:46:37","guid":{"rendered":"http:\/\/www.globalcenter.info\/eswae\/?page_id=38"},"modified":"2025-10-24T17:50:12","modified_gmt":"2025-10-24T14:50:12","slug":"conference-registration","status":"publish","type":"page","link":"https:\/\/www.globalcenter.info\/eswae\/?page_id=38","title":{"rendered":"Conference Registration"},"content":{"rendered":"<div class=\"vce-row-container\" data-vce-boxed-width=\"true\"><div class=\"vce-row vce-row--col-gap-30 vce-row-equal-height vce-row-content--top\" id=\"el-99209c9d\" data-vce-do-apply=\"all el-99209c9d\"><div class=\"vce-row-content\" data-vce-element-content=\"true\"><div class=\"vce-col vce-col--md-auto vce-col--xs-1 vce-col--xs-last vce-col--xs-first vce-col--sm-last vce-col--sm-first vce-col--md-last vce-col--lg-last vce-col--xl-last vce-col--md-first vce-col--lg-first vce-col--xl-first\" id=\"el-5a860fc6\"><div class=\"vce-col-inner\" data-vce-do-apply=\"border margin background  el-5a860fc6\"><div class=\"vce-col-content\" data-vce-element-content=\"true\" data-vce-do-apply=\"padding el-5a860fc6\"><div class=\"vce-text-block\"><div class=\"vce-text-block-wrapper vce\" id=\"el-8f0dbe11\" data-vce-do-apply=\"all el-8f0dbe11\"><table width=\"500\"><tbody><tr><td width=\"160\"><p><strong>Participation Type<\/strong><\/p><\/td><td width=\"123\"><p><strong><br>Early Registration Until October 21, 2025<\/strong><\/p><\/td><td width=\"142\"><p><strong>Late Registration<br>After 21 October 2025<\/strong><\/p><\/td><td width=\"76\"><p><strong>Registration Desk<\/strong><\/p><\/td><\/tr><tr><td width=\"160\"><p>Oral Participant<\/p><\/td><td width=\"123\"><p><strong>110\u20ac<\/strong><\/p><\/td><td width=\"142\"><p>120\u20ac<\/p><\/td><td width=\"76\"><p>150\u20ac<\/p><\/td><\/tr><tr><td width=\"160\"><p>Virtual Participant<\/p><\/td><td width=\"123\"><p><strong>110\u20ac<\/strong><\/p><\/td><td width=\"142\"><p>120\u20ac<\/p><\/td><td width=\"76\"><p>150\u20ac<\/p><\/td><\/tr><tr><td width=\"160\"><p>Audience<\/p><\/td><td width=\"123\"><p><strong>50\u20ac<\/strong><\/p><\/td><td width=\"142\"><p>60\u20ac<\/p><\/td><td width=\"76\"><p>70\u20ac<\/p><\/td><\/tr><tr><td width=\"160\"><p>Accompanying Person<\/p><\/td><td width=\"123\"><p><strong>40\u20ac<\/strong><\/p><\/td><td width=\"142\"><p>50\u20ac<\/p><\/td><td width=\"76\"><p>60\u20ac<\/p><\/td><\/tr><\/tbody><\/table><p><strong>* Enrollment verification is required.<\/strong><\/p><p><strong>Registration fee includes<\/strong><\/p><ul><li>Cost for Publishing a Paper<\/li><\/ul><ul><li>Cost of Attendance for one Participant<\/li><\/ul><ul><li>Participation Certificate<\/li><\/ul><ul><li>Entrance to all Workshops<\/li><\/ul><ul><li>Printed Program Book<\/li><\/ul><ul><li>Conference Bag<\/li><li>Lunches<\/li><\/ul><ul><li>Hot Beverages<\/li><\/ul><ul><li>Free Wireless Internet Connection<\/li><\/ul><p><strong>Audience Registration Fee Includes:<\/strong><\/p><ul><li>Conference Fee<\/li><\/ul><ul><li>Audience Certificate<\/li><\/ul><ul><li>Conference Bag<\/li><\/ul><ul><li>Hot Beverages<\/li><\/ul><ul><li>Free Wireless Internet Connection<\/li><\/ul><ul><li>Cost of attendance for one participant<\/li><\/ul><ul><li>Printed Program Book<\/li><\/ul><ul><li>Free Historical Places Tour<\/li><\/ul><p><strong>Important:<\/strong><\/p><ul><li>At least one author has to register within 2 weeks after notification to be included into the program.<\/li><\/ul><ul><li>If a paper has multiple authors and these authors\u2019 names are written in more than two papers, these authors have made normal registration payment<\/li><\/ul><ul><li>The second and more papers 80\u20ac Euro each.<\/li><\/ul><ul><li>A Group discount of 15% is available for 6 or more participants (except students) from the same institution, registering at the same time.<\/li><\/ul><ul><li>If your paper is not accepted by the reviewers, your payment will be refunded.<\/li><\/ul><ul><li>When you make your payment, please scan your payment receipt to <a href=\"mailto:cenvisu.info@gmail.com\">cenvisu.info@gmail.com<\/a> &nbsp;and also do not forget to write paper ID number<\/li><\/ul><ul><li>The full article should be at least 3500 words and not more than 6000 words.<\/li><\/ul><ul><li>A refund is only possible till 20 days before from the conference starting date, and you will get your refund after one week later from the conference finishing date.<\/li><\/ul><ul><li>TRNC citizens are exempt from the participation fee.<\/li><\/ul><p><span style=\"color: #ff0000;\"><strong><u>CREDIT CARD PAYMENT<\/u><\/strong><\/span><\/p><p><a href=\"https:\/\/www.globalcenter.info\/payment\/index.php?route=product\/product&amp;product_id=386\"><img loading=\"lazy\" decoding=\"async\" class=\"alignnone\" src=\"https:\/\/www.globalcenter.info\/eswae\/wp-content\/uploads\/2020\/04\/payment-logo-300x109.png\" alt=\"Bu g\u00f6rsel bo\u015f bir alt niteli\u011fe sahip; dosya ad\u0131 payment-logo-300x109.png\" width=\"300\" height=\"109\"><\/a><\/p><p><span style=\"color: #000000;\"><strong>Contacts for Registration and Accommodation Only<\/strong><\/span><\/p><p>WhatsApp:+90 542 873 73 31<\/p><p>Email: eswae.info@gmail.com<\/p><p><span style=\"color: #ff0000;\"><strong>Important Note:<\/strong>&nbsp;<\/span>This phone opens from 9.00 am to 18.00 pm&nbsp;<span style=\"color: #ff0000;\"><strong>(GMT+02:00 \u2013 Athens, Istanbul)<\/strong><\/span>&nbsp;during the week. If the organizer of the conference is not convenient, he might not reply your phone. You can call again after a while in order to contact to him.<\/p><\/div><\/div><\/div><\/div><\/div><\/div><\/div><\/div>\n","protected":false},"excerpt":{"rendered":"<div class=\"mh-excerpt\"><p>Participation TypeEarly Registration Until October 21, 2025Late RegistrationAfter 21 October 2025Registration DeskOral Participant110\u20ac120\u20ac150\u20acVirtual Participant110\u20ac120\u20ac150\u20acAudience50\u20ac60\u20ac70\u20acAccompanying Person40\u20ac50\u20ac60\u20ac* Enrollment verification is required.Registration fee includesCost for Publishing a PaperCost <a class=\"mh-excerpt-more\" href=\"https:\/\/www.globalcenter.info\/eswae\/?page_id=38\" title=\"Conference Registration\">[&#8230;]<\/a><\/p>\n<\/div>","protected":false},"author":2,"featured_media":0,"parent":0,"menu_order":0,"comment_status":"closed","ping_status":"open","template":"","meta":{"footnotes":""},"class_list":["post-38","page","type-page","status-publish","hentry"],"jetpack_sharing_enabled":true,"_links":{"self":[{"href":"https:\/\/www.globalcenter.info\/eswae\/index.php?rest_route=\/wp\/v2\/pages\/38"}],"collection":[{"href":"https:\/\/www.globalcenter.info\/eswae\/index.php?rest_route=\/wp\/v2\/pages"}],"about":[{"href":"https:\/\/www.globalcenter.info\/eswae\/index.php?rest_route=\/wp\/v2\/types\/page"}],"author":[{"embeddable":true,"href":"https:\/\/www.globalcenter.info\/eswae\/index.php?rest_route=\/wp\/v2\/users\/2"}],"replies":[{"embeddable":true,"href":"https:\/\/www.globalcenter.info\/eswae\/index.php?rest_route=%2Fwp%2Fv2%2Fcomments&post=38"}],"version-history":[{"count":93,"href":"https:\/\/www.globalcenter.info\/eswae\/index.php?rest_route=\/wp\/v2\/pages\/38\/revisions"}],"predecessor-version":[{"id":1642,"href":"https:\/\/www.globalcenter.info\/eswae\/index.php?rest_route=\/wp\/v2\/pages\/38\/revisions\/1642"}],"wp:attachment":[{"href":"https:\/\/www.globalcenter.info\/eswae\/index.php?rest_route=%2Fwp%2Fv2%2Fmedia&parent=38"}],"curies":[{"name":"wp","href":"https:\/\/api.w.org\/{rel}","templated":true}]}}