{"id":56,"date":"2013-06-18T08:48:40","date_gmt":"2013-06-18T05:48:40","guid":{"rendered":"http:\/\/www.globalcenter.info\/eswae\/?page_id=56"},"modified":"2025-12-04T11:29:02","modified_gmt":"2025-12-04T08:29:02","slug":"how-to-reach-to-conference-venue","status":"publish","type":"page","link":"https:\/\/www.globalcenter.info\/eswae\/?page_id=56","title":{"rendered":"How to Reach to Conference Venue"},"content":{"rendered":"<div class=\"vce-row-container\" data-vce-boxed-width=\"true\"><div class=\"vce-row vce-row--col-gap-30 vce-row-equal-height vce-row-content--top\" id=\"el-c0bda1d9\" data-vce-do-apply=\"all el-c0bda1d9\"><div class=\"vce-row-content\" data-vce-element-content=\"true\"><div class=\"vce-col vce-col--md-auto vce-col--xs-1 vce-col--xs-last vce-col--xs-first vce-col--sm-last vce-col--sm-first vce-col--md-last vce-col--lg-last vce-col--xl-last vce-col--md-first vce-col--lg-first vce-col--xl-first\" id=\"el-436220c6\"><div class=\"vce-col-inner\" data-vce-do-apply=\"border margin background  el-436220c6\"><div class=\"vce-col-content\" data-vce-element-content=\"true\" data-vce-do-apply=\"padding el-436220c6\"><div class=\"vce-text-block\"><div class=\"vce-text-block-wrapper vce\" id=\"el-5efa1252\" data-vce-do-apply=\"all el-5efa1252\"><p><span lang=\"EN-US\">How to Reach to Conference Venue<\/span><\/p><table border=\"0\" width=\"680\" cellspacing=\"0\" cellpadding=\"0\"><tbody><tr><td valign=\"top\" width=\"231\"><p align=\"center\">By Bus<\/p><p data-start=\"338\" data-end=\"489\">You can arrive by getting off at the stop near <strong data-start=\"385\" data-end=\"414\">Istanbul Ayd\u0131n University<\/strong> on \u0130n\u00f6n\u00fc Street.<br data-start=\"431\" data-end=\"434\">Common bus lines that pass near the university include:<\/p><ul data-start=\"491\" data-end=\"597\"><li data-start=\"491\" data-end=\"543\"><p data-start=\"493\" data-end=\"543\"><strong data-start=\"493\" data-end=\"541\">HT18, 73, 73F, 73G, 76D, 146T, 89C, 97A, 97B<\/strong><\/p><\/li><li data-start=\"544\" data-end=\"597\"><p data-start=\"546\" data-end=\"597\">Buses heading toward <strong data-start=\"567\" data-end=\"592\">K\u00fc\u00e7\u00fck\u00e7ekmece \u2013 Be\u015fyol<\/strong> area<\/p><\/li><\/ul><p align=\"center\"><span style=\"font-family: inherit; font-size: inherit;\"> &nbsp;<\/span><\/p><\/td><td valign=\"top\" width=\"180\"><p align=\"center\"><span lang=\"EN-US\">By Metrobus<\/span><\/p><p data-start=\"640\" data-end=\"717\">Take the Metrobus line toward <strong data-start=\"670\" data-end=\"681\">Avc\u0131lar<\/strong> or <strong data-start=\"685\" data-end=\"701\">S\u00f6\u011f\u00fctl\u00fc\u00e7e\u015fme<\/strong> and get off at:<\/p><ul data-start=\"719\" data-end=\"741\"><li data-start=\"719\" data-end=\"741\"><p data-start=\"721\" data-end=\"741\"><strong data-start=\"721\" data-end=\"739\">Be\u015fyol Station<\/strong><\/p><\/li><\/ul><p data-start=\"743\" data-end=\"826\">From Be\u015fyol Station, the university is within walking distance (about 5\u20137 minutes).<\/p><\/td><td valign=\"top\" width=\"269\"><p align=\"center\"><span lang=\"EN-US\">By Metro<\/span><\/p><p data-start=\"866\" data-end=\"903\">Take the <strong data-start=\"875\" data-end=\"887\">Marmaray<\/strong> and get off at:<\/p><ul data-start=\"905\" data-end=\"931\"><li data-start=\"905\" data-end=\"931\"><p data-start=\"907\" data-end=\"931\"><strong data-start=\"907\" data-end=\"931\">K\u00fc\u00e7\u00fck\u00e7ekmece Station<\/strong><\/p><\/li><\/ul><p data-start=\"933\" data-end=\"1003\">From there, you can take a short taxi ride or a bus to the university.<\/p><\/td><\/tr><\/tbody><\/table><p><span lang=\"EN-US\">-----------------------------------------------<\/span><\/p><\/div><\/div><\/div><\/div><\/div><\/div><\/div><\/div>\n","protected":false},"excerpt":{"rendered":"<div class=\"mh-excerpt\"><p>How to Reach to Conference VenueBy BusYou can arrive by getting off at the stop near Istanbul Ayd\u0131n University on \u0130n\u00f6n\u00fc Street.Common bus lines that <a class=\"mh-excerpt-more\" href=\"https:\/\/www.globalcenter.info\/eswae\/?page_id=56\" title=\"How to Reach to Conference Venue\">[&#8230;]<\/a><\/p>\n<\/div>","protected":false},"author":2,"featured_media":0,"parent":0,"menu_order":0,"comment_status":"closed","ping_status":"open","template":"","meta":{"footnotes":""},"class_list":["post-56","page","type-page","status-publish","hentry"],"jetpack_sharing_enabled":true,"_links":{"self":[{"href":"https:\/\/www.globalcenter.info\/eswae\/index.php?rest_route=\/wp\/v2\/pages\/56"}],"collection":[{"href":"https:\/\/www.globalcenter.info\/eswae\/index.php?rest_route=\/wp\/v2\/pages"}],"about":[{"href":"https:\/\/www.globalcenter.info\/eswae\/index.php?rest_route=\/wp\/v2\/types\/page"}],"author":[{"embeddable":true,"href":"https:\/\/www.globalcenter.info\/eswae\/index.php?rest_route=\/wp\/v2\/users\/2"}],"replies":[{"embeddable":true,"href":"https:\/\/www.globalcenter.info\/eswae\/index.php?rest_route=%2Fwp%2Fv2%2Fcomments&post=56"}],"version-history":[{"count":3,"href":"https:\/\/www.globalcenter.info\/eswae\/index.php?rest_route=\/wp\/v2\/pages\/56\/revisions"}],"predecessor-version":[{"id":1654,"href":"https:\/\/www.globalcenter.info\/eswae\/index.php?rest_route=\/wp\/v2\/pages\/56\/revisions\/1654"}],"wp:attachment":[{"href":"https:\/\/www.globalcenter.info\/eswae\/index.php?rest_route=%2Fwp%2Fv2%2Fmedia&parent=56"}],"curies":[{"name":"wp","href":"https:\/\/api.w.org\/{rel}","templated":true}]}}