{"id":7,"date":"2013-06-18T08:37:22","date_gmt":"2013-06-18T05:37:22","guid":{"rendered":"http:\/\/www.globalcenter.info\/eswae\/?page_id=7"},"modified":"2025-12-16T10:05:19","modified_gmt":"2025-12-16T07:05:19","slug":"international-advisory-board","status":"publish","type":"page","link":"https:\/\/www.globalcenter.info\/eswae\/?page_id=7","title":{"rendered":"International Advisory Board"},"content":{"rendered":"<div class=\"vce-row-container\" data-vce-boxed-width=\"true\"><div class=\"vce-row vce-row--col-gap-30 vce-row-equal-height vce-row-content--top\" id=\"el-8afb9f56\" data-vce-do-apply=\"all el-8afb9f56\"><div class=\"vce-row-content\" data-vce-element-content=\"true\"><div class=\"vce-col vce-col--md-auto vce-col--xs-1 vce-col--xs-last vce-col--xs-first vce-col--sm-last vce-col--sm-first vce-col--md-last vce-col--lg-last vce-col--xl-last vce-col--md-first vce-col--lg-first vce-col--xl-first\" id=\"el-20273ad8\"><div class=\"vce-col-inner\" data-vce-do-apply=\"border margin background  el-20273ad8\"><div class=\"vce-col-content\" data-vce-element-content=\"true\" data-vce-do-apply=\"padding el-20273ad8\"><div class=\"vce-text-block\"><div class=\"vce-text-block-wrapper vce\" id=\"el-51fb5ab3\" data-vce-do-apply=\"all el-51fb5ab3\"><p>Prof. Dr. Ergun Gide, CQUniversity Sydney, Australia<br>Assist. Prof. Dr. Afet Arkut,&nbsp;<em>Cyprus International University<\/em>, North Cyprus<br>Dr. Akira Kondo,&nbsp;Osaka University, Japan<br>Dr. Barry Kelly, National University Of Singapore, Singapore<br>Dr. Brajesh K. Dubey,&nbsp;University Of Guelph, Canada<br>Dr. Cevdet Meri\u00e7, Undersecretary of Forest and Water Works, Turkey<br>Dr. Charles Lee,&nbsp;The University Of Newcastle, Singapore<br>Dr. Christopher Peterson, Loyola University Chicago, Usa<br>Dr. Gary Rand, Florida International University, Usa<br>Dr. David Crumrine, Loyola University Chicago, Usa<br>Dr. Dominik Weiss,&nbsp;Imperial College London, United Kingdom<br>Dr. Fernando P. Carvalho, Nuclear and Technology Institute, Portugal<br>Dr. Gopal Achari,&nbsp;University Of Calgary, Canada<br>Dr. Jason Kirby, Csiro, Australia<br>Dr. John Carriger, U. S. Epa, Usa<br>Dr. Kathlyn Kirkwood,&nbsp;University Of Ottawa, Canada<br>Dr. Kenneth Mei-Yee Leung, The University Of Hong Kong, China<br>Dr. Mamadou Fall,&nbsp;University Of Ottawa, Canada<br>Dr. Mark Robson, Rutgers University, Usa<br>Dr. Mehrdad Mohammadnia,&nbsp;Fars Res. Center for Agriculture and Natural Resources, Iran<br>Dr. Miles Dyck,&nbsp;University Of Alberta, Canada<br>Dr. Murat Fahrio\u011flu, Middle East Technical University Northern Cyprus Campus, Cyprus<br>Dr. Nancy Tuchman, Loyola University Chicago, Usa<br>Dr. Nhan Dang, Vietnam Atomic Energy Agency, Vietnam<br>Dr. Peter Burauel, Juelich Research Center, Institute of Agrosphere, Germany<br>Dr. Rajasekhar Bala,&nbsp;National University Of Singapore, Singapore<br>Dr. Ron Thring,&nbsp;University Of Northern British Columbia, Canada<br>Dr. S. Gh. Etemad,&nbsp;Isfahan University Of Technology, Iran<br>Dr. Sandra Knuteson, American University of Sharjah, United Arab Emirates<br>Dr. Selma E. Guigard,&nbsp;University of Alberta, Canada<br>Dr. Shigeki Masunaga, Yokohama National University, Japan<br>Dr. Shu Tao, Peking University, China<br>Dr. Stephen Klaine, Clemson University,&nbsp;Usa<br>Dr. Stuart Simpson, Csiro, Australia<br>Dr. Tham Hoang, Loyola University Chicago, Usa<br>Dr. Koji Arizono, Prefectural University of Kumamoto, Japan<br>Dr. Bryan Brooks, Baylor University, Usa<br>Dr.Ahmet Demir, General Manager of Istanbul Municipality Waterworks, Turkey<br>Dr.Ahmet Mete Saat\u00e7i, Marmara University, Turkey<br>Dr.Cumali Kinaci, Genaral Director of Ministry of Environment and Urbanization, Turkey<br>Dr.\u0130brahim Demir, Istanbul Technical University, Turkey<br>Dr.\u0130zzet \u00d6zt\u00fcrk, Istanbul Technical University, Turkey<br>Dr.Mehmet Emin Birpinar, Province Manager of Istanbul Environment and Urbanization, Turkey<br>Dr.Mehmet Karaca, Istanbul Technical University, Turkey<br>Dr.Metin T\u00fcl\u00fc, Y\u0131ld\u0131z Technical University, Turkey<br>Dr.Talha G\u00f6n\u00fcll\u00fc, Ad\u0131yaman University, Turkey<br>Dr.Zekai \u015een, Istanbul Technical University, Turkey&nbsp; &nbsp; &nbsp; &nbsp; &nbsp; &nbsp; &nbsp; &nbsp; &nbsp; &nbsp; &nbsp; &nbsp; &nbsp; &nbsp; &nbsp; &nbsp; &nbsp; &nbsp; &nbsp; &nbsp; &nbsp; &nbsp; &nbsp; &nbsp; &nbsp; &nbsp; &nbsp; &nbsp; &nbsp; &nbsp; &nbsp; &nbsp; &nbsp; &nbsp; &nbsp; &nbsp; &nbsp; &nbsp; &nbsp; &nbsp; Associate Prof. Ionu\u021b-Cristian SCURTU \u2013 Naval Academy Constanta Romania<\/p><\/div><\/div><\/div><\/div><\/div><\/div><\/div><\/div>\n","protected":false},"excerpt":{"rendered":"<div class=\"mh-excerpt\"><p>Prof. Dr. Ergun Gide, CQUniversity Sydney, AustraliaAssist. Prof. Dr. Afet Arkut,&nbsp;Cyprus International University, North CyprusDr. Akira Kondo,&nbsp;Osaka University, JapanDr. Barry Kelly, National University Of Singapore, <a class=\"mh-excerpt-more\" href=\"https:\/\/www.globalcenter.info\/eswae\/?page_id=7\" title=\"International Advisory Board\">[&#8230;]<\/a><\/p>\n<\/div>","protected":false},"author":2,"featured_media":0,"parent":0,"menu_order":0,"comment_status":"closed","ping_status":"open","template":"","meta":{"footnotes":""},"class_list":["post-7","page","type-page","status-publish","hentry"],"jetpack_sharing_enabled":true,"_links":{"self":[{"href":"https:\/\/www.globalcenter.info\/eswae\/index.php?rest_route=\/wp\/v2\/pages\/7"}],"collection":[{"href":"https:\/\/www.globalcenter.info\/eswae\/index.php?rest_route=\/wp\/v2\/pages"}],"about":[{"href":"https:\/\/www.globalcenter.info\/eswae\/index.php?rest_route=\/wp\/v2\/types\/page"}],"author":[{"embeddable":true,"href":"https:\/\/www.globalcenter.info\/eswae\/index.php?rest_route=\/wp\/v2\/users\/2"}],"replies":[{"embeddable":true,"href":"https:\/\/www.globalcenter.info\/eswae\/index.php?rest_route=%2Fwp%2Fv2%2Fcomments&post=7"}],"version-history":[{"count":9,"href":"https:\/\/www.globalcenter.info\/eswae\/index.php?rest_route=\/wp\/v2\/pages\/7\/revisions"}],"predecessor-version":[{"id":1679,"href":"https:\/\/www.globalcenter.info\/eswae\/index.php?rest_route=\/wp\/v2\/pages\/7\/revisions\/1679"}],"wp:attachment":[{"href":"https:\/\/www.globalcenter.info\/eswae\/index.php?rest_route=%2Fwp%2Fv2%2Fmedia&parent=7"}],"curies":[{"name":"wp","href":"https:\/\/api.w.org\/{rel}","templated":true}]}}