{"id":888,"date":"2019-01-24T16:51:23","date_gmt":"2019-01-24T14:51:23","guid":{"rendered":"http:\/\/www.globalcenter.info\/eswae\/?page_id=888"},"modified":"2019-10-04T07:49:18","modified_gmt":"2019-10-04T04:49:18","slug":"site-turkce","status":"publish","type":"page","link":"https:\/\/www.globalcenter.info\/eswae\/?page_id=888","title":{"rendered":"s\u0131te turkce"},"content":{"rendered":"<p style=\"text-align: center;\"><span style=\"color: #ff0000;\"><strong>\u00d6zet G\u00f6nderimi \u0130\u00e7in HATIRLATMA!<\/strong><\/span><\/p>\n<p style=\"text-align: center;\"><strong>7.Yenilenebilir Enerji ve \u00c7evre K\u00fcresel Kongresi (REE-2019)<\/strong><\/p>\n<p style=\"text-align: center;\"><strong><span style=\"color: #008080;\">Grand Park Lara Hotel Convention Center<\/span><\/strong><\/p>\n<p style=\"text-align: center;\"><strong><span style=\"color: #008080;\">Lara \u2013 Antalya, Turkey<\/span><\/strong><\/p>\n<p style=\"text-align: center;\"><strong><span style=\"color: #008080;\">18-20 Ekim 2019<\/span><\/strong><\/p>\n<p style=\"text-align: center;\"><a href=\"http:\/\/www.eswae.org\">www.eswae.org<\/a><\/p>\n<p><span style=\"color: #ff0000;\"><strong>Son \u00d6zet G\u00f6nderme Tarihi: <u>07 Ekim 2019<\/u><\/strong><\/span><\/p>\n<ul>\n<li>Makalenizi <strong>Scopus<\/strong> veya <strong>Web of Science (ESCI)<\/strong> indexli bir dergide, hakem s\u00fcrecinden sonra, ek kay\u0131t \u00fccreti \u00f6deyerek yay\u0131nlatabilirsiniz. Daha fazla bilgi i\u00e7in <a href=\"http:\/\/www.globalcenter.info\/sci-math\/wp-content\/uploads\/2019\/01\/rules-TR-yeni.pdf\">buray\u0131 T\u0131klay\u0131n\u0131z<\/a>*<\/li>\n<li>Konferans&#8217;ta hakem s\u00fcrecinden sonra kabul edilen bildiriler <u>iste\u011fe ba\u011fl\u0131<\/u> olarak <strong>Web of Science (SCI, SSCI, SCI-Expanded veya ESCI)<\/strong> <strong>veya<\/strong> <strong>SCOPUS<\/strong> <strong>kapsam\u0131nda olan ve Konferans\u0131 Destekleyen Dergilerde <u>\u00f6zel say\u0131<\/u> olarak yay\u0131nlanacakt\u0131r. <\/strong><\/li>\n<li>\u0130ngilizce tam metinler \u201c<strong><em>New Trends and Issues Proceedings on Humanities and Social Sciences<\/em><\/strong>\u201d (<a href=\"http:\/\/www.prosoc.eu\">prosoc.eu<\/a>) dergisinde konferans bildirisi olarak yay\u0131nland\u0131ktan sonra Clarivate Analytics Web of Science (CPCI) ve <strong>SCOPUS<\/strong>\u2019da indexlenmesi i\u00e7in g\u00f6nderilecektir. <a href=\"http:\/\/www.globalcenter.info\/prosoc_wos.jpg\">\u00d6rnek i\u00e7in l\u00fctfen t\u0131klay\u0131n\u0131z.<\/a><\/li>\n<li>Alan\u0131nda Se\u00e7kin \u00c7a\u011fr\u0131l\u0131 Konu\u015fmac\u0131lar<\/li>\n<li>Sanal Kat\u0131l\u0131m Olana\u011f\u0131<\/li>\n<li><u>En \u0130yi Makale ve Poster \u00d6d\u00fclleri<\/u><\/li>\n<li>\u0130steyen kat\u0131l\u0131mc\u0131lar T\u00fcrk\u00e7e sunumlar i\u00e7in ayr\u0131lm\u0131\u015f salonlarda tebli\u011fini T\u00fcrk\u00e7e sunabilir.<\/li>\n<li>Online \u00d6zet Kitap\u00e7\u0131\u011f\u0131<\/li>\n<li>Bas\u0131l\u0131 Konferans Program\u0131<\/li>\n<li>Gala Yeme\u011fi <strong>(18 Ekim 2019)<\/strong><\/li>\n<li>Her \u015fey dahil konaklama (Otel odas\u0131, a\u00e7\u0131k b\u00fcfe; kahvalt\u0131, \u00f6\u011fle yeme\u011fi, ak\u015fam yeme\u011fi ve s\u0131n\u0131rs\u0131z t\u00fcm i\u00e7ecekler) <strong>40 Euro<\/strong>&#8216;dan ba\u015flar.<\/li>\n<li>Tarihi yerler ve al\u0131\u015fveri\u015f gezisi <strong>(19 Ekim 2019)<\/strong><\/li>\n<li>\u00d6zetler \u0130ngilizce veya T\u00fcrk\u00e7e Dili\u2019nde yaz\u0131lm\u0131\u015f olarak Eposta eki yap\u0131larak <a href=\"mailto:eswae.info@gmail.com\">eswae.info@gmail.com<\/a><a href=\"mailto:wclta.info@gmail.com\">\u00a0<\/a>adresinede g\u00f6nderilebilir.<\/li>\n<\/ul>\n<p>Detayl\u0131 bilgiler i\u00e7in resm\u00ee web sitesi: <a href=\"http:\/\/www.eswae.org\">www.eswae.org<\/a><\/p>\n<p><strong>Antalya<\/strong>\u2019da g\u00f6r\u00fc\u015fmek \u00fcmidiyle.<\/p>\n<p><strong>Prof. Dr. \u00c7etin Bekta\u015f<\/strong><\/p>\n<p><strong>Konferans Ba\u015fkan\u0131<\/strong><\/p>\n<p style=\"text-align: center;\"><a href=\"http:\/\/www.worldeducationcenter.eu\/new\/index.php\/Eswae\/ESWAE-2019\/schedConf\/cfp\"><strong>\u00d6ZET G\u00d6NDERMEK \u0130\u00c7\u0130N L\u00dcTFEN BURAYA TIKLAYINIZ<\/strong><\/a><\/p>\n<p><strong><u>KONFERANS KONULARI<\/u><\/strong><\/p>\n<p>ESWAE-2019 Enerji, Toprak, Su, Hava ve \u00c7evre ile ilgili kuramsal ve uygulama ile ilgili t\u00fcm konular\u0131 i\u00e7ermektedir. Ayr\u0131nt\u0131l\u0131 bilgi i\u00e7in <a href=\"http:\/\/www.globalcenter.info\/eswae\/?page_id=18\">http:\/\/www.globalcenter.info\/eswae\/?page_id=18<\/a><\/p>\n<p><strong><u>DESTEKLEYEN KURULU\u015eLAR<\/u><\/strong><\/p>\n<ul>\n<li>Istanbul University, Turkey<\/li>\n<li>University of Kyrenia, North Cyprus<\/li>\n<li>Bangkok University, Tayland<\/li>\n<li>K\u0131r\u0131kkale University, Turkey<\/li>\n<li>Middle East Technical University, Turkey<\/li>\n<li>Middlesex University, London<\/li>\n<li>Association for Human, Science, Natura, Education and Technology<\/li>\n<\/ul>\n<p><strong><u>\u00d6ZET G\u00d6NDERME<\/u><\/strong><\/p>\n<ul>\n<li>\u00d6zetler, en fazla bir sayfa uzunlu\u011funda <strong>(300-500 kelime)<\/strong> aras\u0131nda olmal\u0131d\u0131r.<\/li>\n<li>\u00d6zetler;\u00a0<em>\u00c7al\u0131\u015fman\u0131n Amac\u0131, Y\u00f6ntem (\u00e7al\u0131\u015fma grubu, veri toplam ara\u00e7lar\u0131, uygulama), Bulgular ve Sonu\u00e7lar<\/em>\u2019\u0131\u00a0i\u00e7ermelidir.<\/li>\n<li>Tamamlanmam\u0131\u015f \u00e7al\u0131\u015fmalarda, \u00f6zetin hepsini i\u00e7erme zorunlulu\u011fu yoktur.<\/li>\n<li>\u00d6zette Bildirinin ba\u015fl\u0131\u011f\u0131, t\u00fcm yazarlar\u0131n isim soyisim, \u00e7al\u0131\u015ft\u0131\u011f\u0131 veya \u00f6\u011frenim g\u00f6rd\u00fc\u011f\u00fc b\u00f6l\u00fcm ve kurum, e-mail ve telefon bilgileri olmal\u0131d\u0131r.<\/li>\n<li>\u00d6zetler,<a href=\"http:\/\/www.eswae.org\">eswae.org<\/a> \u00fczerinden veya e-postaya ek yap\u0131larak <a href=\"mailto:wclta.info@gmail.com\">eswae.info@gmail.com <\/a>adresine de g\u00f6nderilebilir.<\/li>\n<li>T\u00fcrk\u00e7e \u00f6zetlerin \u0130ngilizce ba\u015fl\u0131\u011f\u0131da olmal\u0131d\u0131r.<\/li>\n<\/ul>\n<p><strong><u>TAM MET\u0130N G\u00d6NDERME<\/u><\/strong><\/p>\n<p>Tam metinlerinizi haz\u0131rlarken yararlanaca\u011f\u0131n\u0131z Yaz\u0131m K\u0131lavuzu, \u015eablon ve bildirinizi g\u00f6ndermek i\u00e7in <a href=\"http:\/\/worldeducationcenter.eu\/new\/index.php\/Eswae\/eswae-2018\/schedConf\/cfp\">http:\/\/worldeducationcenter.eu\/new\/index.php\/Eswae\/eswae-2018\/schedConf\/cfp<\/a> \u00a0linkine t\u0131klay\u0131n\u0131z.<\/p>\n<p style=\"text-align: center;\"><a href=\"http:\/\/www.worldeducationcenter.eu\/new\/index.php\/Eswae\/ESWAE-2019\/schedConf\/cfp\"><strong>\u00d6ZET G\u00d6NDERMEK \u0130\u00c7\u0130N L\u00dcTFEN BURAYA TIKLAYINIZ<\/strong><\/a><\/p>\n<p><strong><u>KONFERANS D\u0130L\u0130<\/u><\/strong><\/p>\n<ul>\n<li><strong>Konferans\u0131n dili \u0130ngilizce, T\u00fcrk\u00e7e olarak belirlenmi\u015ftir.<\/strong><\/li>\n<li>\u0130steyen kat\u0131l\u0131mc\u0131lar sunumunu T\u00fcrk\u00e7e yapabilir. Bu sunumlar i\u00e7in ayr\u0131 salonlar ayarlanacakt\u0131r.<\/li>\n<li>Sunumunu T\u00fcrk\u00e7e yapmak isteyenler <a href=\"mailto:wclta.info@gmail.com\">eswae.info@gmail.com <\/a>adresine yaz\u0131l\u0131 olarak bildirmeleri gerekmektedir.<\/li>\n<li>G\u00f6nderilen \u00f6zetler ve tam metinler \u0130ngilizce olmak zorundad\u0131r. \u00d6zetler \u0130ngilizce olarak indexlenecektir.<\/li>\n<\/ul>\n<p><strong><u>KONFERANSA KATILIM<\/u><\/strong><\/p>\n<ul>\n<li>Konferansa bildiri veya poster sunma, panel d\u00fczenleme ve workshop, network olu\u015fturma \u015feklinde kat\u0131labilirsiniz.<\/li>\n<li>Konferansta bildiri veya poster sunacak olan kat\u0131l\u0131mc\u0131lar, isterlerse ya\u015fad\u0131klar\u0131 yerden sanal sunum \u015feklinde konferansa kat\u0131labilirler. Bu kat\u0131l\u0131mc\u0131lar bilgisayarlar\u0131nda<strong>Skype<\/strong> y\u00fckl\u00fc olmal\u0131d\u0131r. Detayl\u0131 bilgi i\u00e7in:http:\/\/www.globalcenter.info\/eswae\/?page_id=26<\/li>\n<\/ul>\n<p><strong><u>\u00d6NEML\u0130 TAR\u0130HLER<\/u><\/strong><\/p>\n<table width=\"97%\">\n<tbody>\n<tr>\n<td width=\"303\"><strong>\u00d6zet G\u00f6nderimleri<\/strong><\/td>\n<td width=\"290\"><strong>07 Ekim 2019<\/strong><\/td>\n<\/tr>\n<tr>\n<td width=\"303\">Tam Metin G\u00f6nderimi<\/td>\n<td width=\"290\">03 Kas\u0131m 2019<\/td>\n<\/tr>\n<tr>\n<td width=\"303\">Erken Kay\u0131t<\/td>\n<td width=\"290\">10 Eyl\u00fcl 2019<\/td>\n<\/tr>\n<tr>\n<td width=\"303\">Erken Otel Kay\u0131t Rezervasyonu<\/td>\n<td width=\"290\">15 Eyl\u00fcl 2019<\/td>\n<\/tr>\n<tr>\n<td width=\"303\"><strong>Konferans Tarihleri <\/strong><\/td>\n<td width=\"290\"><strong>18-20 Ekim 2019<\/strong><\/td>\n<\/tr>\n<tr>\n<td width=\"303\">Yay\u0131na G\u00f6nderme<\/td>\n<td width=\"290\">18 Kas\u0131m 2019<\/td>\n<\/tr>\n<\/tbody>\n<\/table>\n<p>. *Son tarihi beklemeden \u00f6zetlerinizi g\u00f6nderebilirsiniz. G\u00f6nderilen \u00f6zetlere, g\u00f6nderim tarihinden itibaren 4 g\u00fcn i\u00e7erisinde cevap verilecektir.<\/p>\n<p><strong><u>\u00d6DEME B\u0130LG\u0130LER\u0130<\/u><\/strong><\/p>\n<table>\n<tbody>\n<tr>\n<td width=\"142\"><\/td>\n<td width=\"161\"><strong>Erken Kay\u0131t<\/strong><strong>10 Eyl\u00fcl 2019\u2019 a kadar<\/strong><\/td>\n<td width=\"161\"><strong>Ge\u00e7 Kay\u0131t<\/strong><strong>10 Eyl\u00fcl 2019\u2019 dan\u00a0 sonra <\/strong><\/td>\n<td width=\"132\"><strong>Konferans Masas\u0131<\/strong><\/p>\n<p><strong>\u00a0<\/strong><\/td>\n<\/tr>\n<tr>\n<td width=\"142\"><strong>Tebli\u011f Konu\u015fmac\u0131s\u0131<\/strong><\/td>\n<td width=\"161\">800TL<\/td>\n<td width=\"161\">900 TL<\/td>\n<td width=\"132\">1000 TL<\/td>\n<\/tr>\n<tr>\n<td width=\"142\"><strong>Sanal Konu\u015fmac\u0131<\/strong><\/td>\n<td width=\"161\">700TL<\/td>\n<td width=\"161\">800 TL<\/td>\n<td width=\"132\">900TL<\/td>\n<\/tr>\n<tr>\n<td width=\"142\"><strong>\u00d6\u011frenci*<\/strong><\/td>\n<td width=\"161\">600TL<\/td>\n<td width=\"161\">700 TL<\/td>\n<td width=\"132\">800TL<\/td>\n<\/tr>\n<tr>\n<td width=\"142\"><strong>Dinleyici<\/strong><\/td>\n<td width=\"161\">500TL<\/td>\n<td width=\"161\">600 TL<\/td>\n<td width=\"132\">700TL<\/td>\n<\/tr>\n<tr>\n<td width=\"142\"><strong>E\u015flik Eden ki\u015fi<\/strong><\/td>\n<td width=\"161\">400TL<\/td>\n<td width=\"161\">500TL<\/td>\n<td width=\"132\">600TL<\/td>\n<\/tr>\n<\/tbody>\n<\/table>\n<p><strong><u><br \/>\n\u00d6nemli:<\/u><\/strong><\/p>\n<ul>\n<li>Programa dahil oldu\u011funuza dair duyurunun yap\u0131lmas\u0131ndan sonraki 2 haftal\u0131k s\u00fcre diliminde, kay\u0131t \u00fccretinin (en az bir yazar taraf\u0131ndan) \u00f6denmesi gerekmektedir.<\/li>\n<li>Bir makale birden fazla yazar taraf\u0131ndan yaz\u0131lm\u0131\u015fsa ve bu yazarlar\u0131n isimleri ikiden fazla makalede yaz\u0131l\u0131 ise bu yazarlar\u0131n da normal kay\u0131t \u00fccreti \u00f6demesi gerekmektedir.<\/li>\n<li>\u0130kinci ve di\u011fer makalelerin her biri i\u00e7in ayr\u0131 ayr\u0131 350TL \u00f6deme yap\u0131lmas\u0131 gereklidir.<\/li>\n<li>Konferansa ayn\u0131 kurumdan 6\u2019dan fazla ki\u015fi kat\u0131l\u0131yorsa (\u00f6\u011frenci hari\u00e7) kat\u0131l\u0131mc\u0131lar\u0131n %15\u2019lik grup indiriminden yararlanma haklar\u0131 bulunmaktad\u0131r. (\u00d6deme tek havale \u015feklinde yap\u0131lmal\u0131d\u0131r.)<\/li>\n<li>Makaleniz de\u011ferlendirme s\u00fcrecinde kabul edilmez ise \u00f6demeniz size geri iade edilecektir.<\/li>\n<li>\u00d6demenizi yapt\u0131ktan sonra makbuzunuzu taray\u0131p <a href=\"mailto:eswae.info@gmail.com%20\">eswae.info@gmail.com<\/a>\u00a0adresine g\u00f6ndermeniz gerekmektedir (Makale ID numaras\u0131 eklenmelidir).<\/li>\n<li>Full metinler en az 3500 kelime ile en fazla 6000 kelime aras\u0131nda olmal\u0131d\u0131r.<\/li>\n<li>Geri \u00f6demeler ile ilgili talepleriniz (refund) konferans\u0131n ba\u015flama tarihinden \u00f6nceki 20 g\u00fcne kadar kabul edilir. Geri \u00f6demeler konferans bitiminden bir hafta sonra yap\u0131labilmektedir.<\/li>\n<\/ul>\n<p><strong><u>KONAKLAMA<\/u><\/strong><\/p>\n<p><strong>GRAND PARK LARA HOTEL*****<\/strong><\/p>\n<p>Kemera\u011fz\u0131 Mahallesi, Ya\u015far Sobutay Blv D: No: 339, 07119 Aksu\/Antalya<\/p>\n<p><em>(Antalya hava liman\u0131na 10 dakika uzakl\u0131kta)<\/em><strong><br \/>\n<\/strong><\/p>\n<table width=\"604\">\n<tbody>\n<tr>\n<td width=\"134\"><strong><u>\u00a0<\/u><\/strong><\/td>\n<td width=\"159\"><strong>Erken Otel Rezervasyonu<\/strong><\/p>\n<p><strong>15 Eyl\u00fcl 2019\u2019dan \u00d6nce<\/strong><\/td>\n<td width=\"175\"><strong>Erken Otel Rezervasyonu<\/strong><\/p>\n<p><strong>15 Eyl\u00fcl 2019\u2019dan Sonra<\/strong><\/td>\n<td width=\"137\"><strong>Kay\u0131t Masas\u0131nda<\/strong><\/td>\n<\/tr>\n<tr>\n<td width=\"134\"><strong>Tek Ki\u015filik<\/strong><\/td>\n<td width=\"159\">60\u20ac<\/td>\n<td width=\"175\">65\u20ac<\/td>\n<td width=\"137\">70\u20ac<\/td>\n<\/tr>\n<tr>\n<td width=\"134\"><strong>\u00c7ift Ki\u015filik<\/strong><\/td>\n<td width=\"159\">40\u20ac<\/td>\n<td width=\"175\">45\u20ac<\/td>\n<td width=\"137\">48\u20ac<\/td>\n<\/tr>\n<tr>\n<td width=\"134\"><strong>\u00dc\u00e7 Ki\u015filik<\/strong><\/td>\n<td width=\"159\">40\u20ac<\/td>\n<td width=\"175\">45\u20ac<\/td>\n<td width=\"137\">48\u20ac<\/td>\n<\/tr>\n<\/tbody>\n<\/table>\n<p><strong>* \u00c7ift ve \u00fc\u00e7 ki\u015filik fiyatlar ki\u015fi ba\u015f\u0131d\u0131r<\/strong><\/p>\n<p><strong><u>TES\u0130SLER (Her \u015fey Dahil)<\/u><\/strong><\/p>\n<ul>\n<li>Her \u015fey dahil konaklama<\/li>\n<li>Grand Park Lara Hotel&#8217;de konaklamayan kat\u0131l\u0131mc\u0131lar, otelin prensibine g\u00f6re g\u00fcnl\u00fck <strong>20 \u20ac ekstra \u00f6deme yaparlar. <\/strong><\/li>\n<li>1 \u00e7ocuk: 0-6 ya\u015f aras\u0131 \u00fccretsiz, 7-12 ya\u015f aras\u0131 %50<\/li>\n<li>\u00e7ocuk: 0-2 ya\u015f \u00fccretsiz, 3-12 ya\u015f %50 indirim.<\/li>\n<li>\u00c7ocuk indirimleri, ebeveynler ile ayn\u0131 odada bulunuyorlarsa ge\u00e7erlidir.<\/li>\n<li>Belirtilen fiyatlar KDV dahil net fiyatlard\u0131r.<\/li>\n<li>\u0130nternet servisi (kablosuz)<\/li>\n<li>Lobi Piyano Bar\u0131, Havuz Bar\u0131, Disko Bar<\/li>\n<li>\u00d6\u011flen yeme\u011fi, Ge\u00e7 kahvalt\u0131 b\u00fcfesi, Havuz Snack, Ak\u015fam yeme\u011fi, Vejetaryen B\u00fcfesi<\/li>\n<li>Kahveli pasta, \u00d6\u011fleden Sonra Aperatifler, Diyet b\u00fcfesi, Sandvi\u00e7 Hizmeti<\/li>\n<li>T\u00fcm Alkoll\u00fc \u0130\u00e7ecekler, Alkols\u00fcz \u0130\u00e7ecekler, S\u0131cak \u0130\u00e7ecekler<\/li>\n<\/ul>\n<p><strong><u>BANKA \u00d6DEMES\u0130<\/u><\/strong><\/p>\n<p>Banka bilgileri i\u00e7in <a href=\"http:\/\/www.globalcenter.info\/akbank.pdf\">http:\/\/www.globalcenter.info\/akbank.pdf<\/a> linkine t\u0131klay\u0131n\u0131z. \u00d6demeyi yapt\u0131ktan sonra banka dekontunu <a href=\"mailto:wclta.info@gmail.com\">eswae.info@gmail.com <\/a>\u00a0e-posta adresine g\u00f6ndermeniz gerekmektedir. Not: EFT veya havale \u00fccretleri kat\u0131l\u0131mc\u0131lara aittir.<\/p>\n<p><strong><u>TAR\u0130H\u0130 YERLER TURU<\/u><\/strong><\/p>\n<p>Perge, Aspendos, Antalya Eski Kalesi ve Serbest Al\u0131\u015fveri\u015f Turu<\/p>\n<h2 style=\"text-align: center;\"><strong><a href=\"http:\/\/www.awer-center.org\">www.taeg-center.org<\/a><\/strong><\/h2>\n<p><strong>\u0130leti\u015fim:<\/strong><\/p>\n<p>Web: <a href=\"http:\/\/www.eswae.org\">www.eswae.org<\/a><\/p>\n<p>E-mail:\u00a0 <a href=\"mailto:eswae.info@gmail.com\">eswae.info@gmail.com<\/a><\/p>\n<p><strong><u>Whatsapp:<\/u><\/strong> +90542 856 6055<\/p>\n<p><strong>\u00a0<\/strong><\/p>\n","protected":false},"excerpt":{"rendered":"<div class=\"mh-excerpt\"><p>\u00d6zet G\u00f6nderimi \u0130\u00e7in HATIRLATMA! 7.Yenilenebilir Enerji ve \u00c7evre K\u00fcresel Kongresi (REE-2019) Grand Park Lara Hotel Convention Center Lara \u2013 Antalya, Turkey 18-20 Ekim 2019 www.eswae.org <a class=\"mh-excerpt-more\" href=\"https:\/\/www.globalcenter.info\/eswae\/?page_id=888\" title=\"s\u0131te turkce\">[&#8230;]<\/a><\/p>\n<\/div>","protected":false},"author":2,"featured_media":0,"parent":0,"menu_order":0,"comment_status":"closed","ping_status":"closed","template":"","meta":{"footnotes":""},"class_list":["post-888","page","type-page","status-publish","hentry"],"jetpack_sharing_enabled":true,"_links":{"self":[{"href":"https:\/\/www.globalcenter.info\/eswae\/index.php?rest_route=\/wp\/v2\/pages\/888"}],"collection":[{"href":"https:\/\/www.globalcenter.info\/eswae\/index.php?rest_route=\/wp\/v2\/pages"}],"about":[{"href":"https:\/\/www.globalcenter.info\/eswae\/index.php?rest_route=\/wp\/v2\/types\/page"}],"author":[{"embeddable":true,"href":"https:\/\/www.globalcenter.info\/eswae\/index.php?rest_route=\/wp\/v2\/users\/2"}],"replies":[{"embeddable":true,"href":"https:\/\/www.globalcenter.info\/eswae\/index.php?rest_route=%2Fwp%2Fv2%2Fcomments&post=888"}],"version-history":[{"count":9,"href":"https:\/\/www.globalcenter.info\/eswae\/index.php?rest_route=\/wp\/v2\/pages\/888\/revisions"}],"predecessor-version":[{"id":1060,"href":"https:\/\/www.globalcenter.info\/eswae\/index.php?rest_route=\/wp\/v2\/pages\/888\/revisions\/1060"}],"wp:attachment":[{"href":"https:\/\/www.globalcenter.info\/eswae\/index.php?rest_route=%2Fwp%2Fv2%2Fmedia&parent=888"}],"curies":[{"name":"wp","href":"https:\/\/api.w.org\/{rel}","templated":true}]}}