{"id":9,"date":"2013-06-18T08:37:42","date_gmt":"2013-06-18T05:37:42","guid":{"rendered":"http:\/\/www.globalcenter.info\/eswae\/?page_id=9"},"modified":"2025-10-29T13:38:20","modified_gmt":"2025-10-29T10:38:20","slug":"organizating-committee","status":"publish","type":"page","link":"https:\/\/www.globalcenter.info\/eswae\/?page_id=9","title":{"rendered":"Organizing Committee"},"content":{"rendered":"<div class=\"vce-row-container\" data-vce-boxed-width=\"true\"><div class=\"vce-row vce-row--col-gap-30 vce-row-equal-height vce-row-content--top\" id=\"el-47c259ea\" data-vce-do-apply=\"all el-47c259ea\"><div class=\"vce-row-content\" data-vce-element-content=\"true\"><div class=\"vce-col vce-col--md-auto vce-col--xs-1 vce-col--xs-last vce-col--xs-first vce-col--sm-last vce-col--sm-first vce-col--md-last vce-col--lg-last vce-col--xl-last vce-col--md-first vce-col--lg-first vce-col--xl-first\" id=\"el-6a88b6ea\"><div class=\"vce-col-inner\" data-vce-do-apply=\"border margin background  el-6a88b6ea\"><div class=\"vce-col-content\" data-vce-element-content=\"true\" data-vce-do-apply=\"padding el-6a88b6ea\"><div class=\"vce-text-block\"><div class=\"vce-text-block-wrapper vce\" id=\"el-18bae010\" data-vce-do-apply=\"all el-18bae010\"><p><strong>Organized by<br><\/strong>University of Kyrenia<br>The Academic Event Group<\/p><p><strong>Conference Chair<br><\/strong><strong>Prof. Dr. Haluk Soran<\/strong><br><em>Near East University<\/em>, North Cyprus<strong>&nbsp;<\/strong><\/p><p><strong>International Program Committee<br><\/strong>Dr. Pooja Bansal, <em>Jamia Millia Islamia<\/em>, India<br>Abdollah Esmaeili, <em>National Iranian South Oil Company (NISOC),<\/em> Iran&nbsp; &nbsp; &nbsp; &nbsp; &nbsp; &nbsp; &nbsp; &nbsp; &nbsp; &nbsp; &nbsp; &nbsp; &nbsp; &nbsp; &nbsp; &nbsp; &nbsp; &nbsp; &nbsp; &nbsp; &nbsp; &nbsp; &nbsp; &nbsp; &nbsp; &nbsp; &nbsp; &nbsp; &nbsp; &nbsp; <span class=\"s12\">Nehir Varol, <em>Ankara University<\/em>, <\/span><span class=\"s12\">Turkey&nbsp; &nbsp; &nbsp; &nbsp; &nbsp; &nbsp; &nbsp; &nbsp; &nbsp; &nbsp; &nbsp; &nbsp; &nbsp; &nbsp; &nbsp; &nbsp; &nbsp; &nbsp; &nbsp; &nbsp; &nbsp; &nbsp; &nbsp; &nbsp; &nbsp; &nbsp; &nbsp; &nbsp; &nbsp; &nbsp; &nbsp; &nbsp; &nbsp; &nbsp; &nbsp; &nbsp; &nbsp; &nbsp; &nbsp; &nbsp; &nbsp; &nbsp; &nbsp; &nbsp; &nbsp; &nbsp; &nbsp; &nbsp; &nbsp; &nbsp; &nbsp; &nbsp; &nbsp; &nbsp; &nbsp; <\/span><span class=\"s12\">Necdet<\/span><span class=\"s12\"> Alpaslan, <\/span><em><span class=\"s13\">Dokuz<\/span><span class=\"s13\"> Eyl\u00fcl University<\/span><\/em><span class=\"s12\">, Turkey<\/span><br>Deniz D\u00f6lgen, <em>Dokuz Eyl\u00fcl University<\/em>, Turkey<br>Mikdat Kadio\u011flu, <em>Istanbul Technical University<\/em>, Turkey<br>Nazim Kasot, <em>Cyprus International University<\/em><br>Mike Kirkwood, <em>Transmission T.D. Williamson Inc<\/em>. UAE<\/p><p><strong>Organizing Committee<\/strong><br>Blerta Prevalla Etemi<strong>, <\/strong>AAB University<br>Florijeta Hulaj, <em>AAB College<\/em><br>Lilia Trushko, Girne American University<br>Metin Berk Odaba\u015f\u0131, Warwick University<br>Semih \u00c7al\u0131\u015fkan, Ya\u015far University<br>Zeynep Gen\u00e7, Istanbul Ayd\u0131n University<strong>&nbsp;<\/strong><\/p><p><strong>Secretariat<br><\/strong>Onwudiwe Kenechukwu<br><a href=\"mailto:eswae.info@gmail.com\"><strong>eswae.info@gmail.com<\/strong><\/a><\/p><\/div><\/div><\/div><\/div><\/div><\/div><\/div><\/div>\n","protected":false},"excerpt":{"rendered":"<div class=\"mh-excerpt\"><p>Organized byUniversity of KyreniaThe Academic Event GroupConference ChairProf. Dr. Haluk SoranNear East University, North Cyprus&nbsp;International Program CommitteeDr. Pooja Bansal, Jamia Millia Islamia, IndiaAbdollah Esmaeili, National <a class=\"mh-excerpt-more\" href=\"https:\/\/www.globalcenter.info\/eswae\/?page_id=9\" title=\"Organizing Committee\">[&#8230;]<\/a><\/p>\n<\/div>","protected":false},"author":2,"featured_media":0,"parent":0,"menu_order":0,"comment_status":"closed","ping_status":"open","template":"","meta":{"footnotes":""},"class_list":["post-9","page","type-page","status-publish","hentry"],"jetpack_sharing_enabled":true,"_links":{"self":[{"href":"https:\/\/www.globalcenter.info\/eswae\/index.php?rest_route=\/wp\/v2\/pages\/9"}],"collection":[{"href":"https:\/\/www.globalcenter.info\/eswae\/index.php?rest_route=\/wp\/v2\/pages"}],"about":[{"href":"https:\/\/www.globalcenter.info\/eswae\/index.php?rest_route=\/wp\/v2\/types\/page"}],"author":[{"embeddable":true,"href":"https:\/\/www.globalcenter.info\/eswae\/index.php?rest_route=\/wp\/v2\/users\/2"}],"replies":[{"embeddable":true,"href":"https:\/\/www.globalcenter.info\/eswae\/index.php?rest_route=%2Fwp%2Fv2%2Fcomments&post=9"}],"version-history":[{"count":47,"href":"https:\/\/www.globalcenter.info\/eswae\/index.php?rest_route=\/wp\/v2\/pages\/9\/revisions"}],"predecessor-version":[{"id":1647,"href":"https:\/\/www.globalcenter.info\/eswae\/index.php?rest_route=\/wp\/v2\/pages\/9\/revisions\/1647"}],"wp:attachment":[{"href":"https:\/\/www.globalcenter.info\/eswae\/index.php?rest_route=%2Fwp%2Fv2%2Fmedia&parent=9"}],"curies":[{"name":"wp","href":"https:\/\/api.w.org\/{rel}","templated":true}]}}