{"id":24,"date":"2013-11-09T18:52:55","date_gmt":"2013-11-09T16:52:55","guid":{"rendered":"http:\/\/www.globalcenter.info\/gc-mas\/?page_id=24"},"modified":"2025-08-20T11:00:13","modified_gmt":"2025-08-20T08:00:13","slug":"conference-registration","status":"publish","type":"page","link":"https:\/\/www.globalcenter.info\/gc-mas\/?page_id=24","title":{"rendered":"Conference Registration"},"content":{"rendered":"<p><strong><u>REGISTRATION INFORMATION<\/u><\/strong><\/p>\n<table width=\"625\">\n<tbody>\n<tr>\n<td width=\"146\">\u00a0<\/td>\n<td width=\"166\"><strong>Early Registration Until 20th July 2026<\/strong><\/td>\n<td width=\"169\"><strong>Late Registration<br \/><\/strong>\u00a0<strong>After 20th July 2026<\/strong><\/td>\n<td width=\"144\">Registration Desk<\/td>\n<\/tr>\n<tr>\n<td width=\"146\">Oral Participant<\/td>\n<td width=\"166\"><strong>110<\/strong><strong>\u20ac<\/strong><\/td>\n<td width=\"169\">120\u20ac<\/td>\n<td width=\"144\">150\u20ac<\/td>\n<\/tr>\n<tr>\n<td width=\"146\">Virtual Participant<\/td>\n<td width=\"166\"><strong>110<\/strong><strong>\u20ac<\/strong><\/td>\n<td width=\"169\">120\u20ac<\/td>\n<td width=\"144\">150\u20ac<\/td>\n<\/tr>\n<tr>\n<td width=\"146\">Audience<\/td>\n<td width=\"166\"><strong>50\u20ac<\/strong><\/td>\n<td width=\"169\">60\u20ac<\/td>\n<td width=\"144\">80\u20ac<\/td>\n<\/tr>\n<tr>\n<td width=\"146\">Accompanying Person<\/td>\n<td width=\"166\"><strong>40<\/strong><strong>\u20ac<\/strong><\/td>\n<td width=\"169\">50\u20ac<\/td>\n<td width=\"144\">70\u20ac<\/td>\n<\/tr>\n<\/tbody>\n<\/table>\n<p><strong>Registration fee includes:<\/strong><\/p>\n<ul>\n<li>Cost for Publishing a Paper<\/li>\n<li>Cost of Attendance for one Participant<\/li>\n<li>Participation Certificate<\/li>\n<li>Entrance to all Workshops<\/li>\n<li>Printed Program Book<\/li>\n<li>Conference Bag<\/li>\n<li>Hot Beverages<\/li>\n<li>Free Wireless Internet Connection<\/li>\n<\/ul>\n<p><strong>Audience Registration Fee Includes<\/strong><\/p>\n<ul>\n<li>Conference Fee<\/li>\n<li>Audience Certificate<\/li>\n<li>Conference Bag<\/li>\n<li>Hot Beverages<\/li>\n<li>Free Wireless Internet Connection<\/li>\n<li>Cost of attendance for one participant<\/li>\n<li>Printed Program Book<\/li>\n<\/ul>\n<p><span style=\"color: #ff0000;\"><strong>Important:<\/strong><\/span><\/p>\n<ul>\n<li>At least one author has to register within 2 weeks after notification to be included in the program.<\/li>\n<li>If a paper has multiple authors and these authors\u2019 names are written in more than two papers, these authors have made the normal registration payment<\/li>\n<li>The second and more papers are 80 Euros each.<\/li>\n<li>A Group discount of 15% is available for 6 or more participants (except Students) from the same institution, registering at the same time.<\/li>\n<li>If your paper is not accepted by the reviewers, your payment will be refunded.<\/li>\n<li>When you make your payment, please scan your payment receipt to <a href=\"mailto:congress.infodesk@gmail.com\" target=\"_blank\" rel=\"noopener noreferrer\">congress.infodesk@<wbr \/>gmail.com<\/a>, and also do not forget to write your paper ID number<\/li>\n<li>If your full paper is more than 8 pages, you have to pay 21\u20ac per page<\/li>\n<li>You can make your extra pages payment using the same payment methods used for registration<\/li>\n<li>Refund is only possible till 20 days before the conference starting date, and you will get your refund one week later from the conference finishing date.<\/li>\n<li>Participants and students who work or study in universities and institutions collaborating with the conference benefit from a 20% discount on the participant registration fee <strong>(based on the current Euro rate<\/strong>).<\/li>\n<li>TRNC citizens are exempt from the participation fee.<\/li>\n<\/ul>\n<p><strong>CREDIT CARD PAYMENT<\/strong><\/p>\n<p><a href=\"https:\/\/www.globalcenter.info\/payment\/index.php?route=product\/product&amp;product_id=292\"><img loading=\"lazy\" decoding=\"async\" class=\"alignnone\" src=\"http:\/\/www.globalcenter.info\/gc-mas\/wp-content\/uploads\/2020\/04\/payment-logo-300x109-1.png\" alt=\"Bu g\u00f6rsel bo\u015f bir alt niteli\u011fe sahip; dosya ad\u0131 payment-logo-300x109-1.png\" width=\"300\" height=\"109\" \/><\/a><\/p>\n<p><strong>Contacts for Registration and Accommodation Only<\/strong><\/p>\n<p>WhatsApp: +90 542 873 73 31<\/p>\n<p>Email: gcmas.info@gmail.com<\/p>\n<p><strong>Important Note:<\/strong>\u00a0This phone opens from 9.00 am to 18.00 pm<span style=\"color: #ff0000;\">\u00a0<strong>(GMT+02:00 \u2013 Athens, Istanbul)<\/strong><\/span> during the week. If the organizer of the conference is not convenient, he might not reply to your phone. You can call again after a while in order to contact him.<\/p>\n\n\n<p><\/p>\n","protected":false},"excerpt":{"rendered":"<p>REGISTRATION INFORMATION \u00a0 Early Registration Until 20th July 2026 Late Registration\u00a0After 20th July 2026 Registration Desk Oral Participant 110\u20ac 120\u20ac 150\u20ac Virtual Participant 110\u20ac 120\u20ac 150\u20ac Audience 50\u20ac 60\u20ac 80\u20ac Accompanying Person 40\u20ac 50\u20ac 70\u20ac Registration fee includes: Cost for Publishing a Paper Cost of Attendance for one Participant Participation Certificate Entrance to all Workshops&#8230;<\/p>\n","protected":false},"author":3,"featured_media":0,"parent":0,"menu_order":0,"comment_status":"closed","ping_status":"open","template":"","meta":{"footnotes":""},"class_list":["post-24","page","type-page","status-publish","hentry"],"_links":{"self":[{"href":"https:\/\/www.globalcenter.info\/gc-mas\/index.php?rest_route=\/wp\/v2\/pages\/24"}],"collection":[{"href":"https:\/\/www.globalcenter.info\/gc-mas\/index.php?rest_route=\/wp\/v2\/pages"}],"about":[{"href":"https:\/\/www.globalcenter.info\/gc-mas\/index.php?rest_route=\/wp\/v2\/types\/page"}],"author":[{"embeddable":true,"href":"https:\/\/www.globalcenter.info\/gc-mas\/index.php?rest_route=\/wp\/v2\/users\/3"}],"replies":[{"embeddable":true,"href":"https:\/\/www.globalcenter.info\/gc-mas\/index.php?rest_route=%2Fwp%2Fv2%2Fcomments&post=24"}],"version-history":[{"count":79,"href":"https:\/\/www.globalcenter.info\/gc-mas\/index.php?rest_route=\/wp\/v2\/pages\/24\/revisions"}],"predecessor-version":[{"id":1319,"href":"https:\/\/www.globalcenter.info\/gc-mas\/index.php?rest_route=\/wp\/v2\/pages\/24\/revisions\/1319"}],"wp:attachment":[{"href":"https:\/\/www.globalcenter.info\/gc-mas\/index.php?rest_route=%2Fwp%2Fv2%2Fmedia&parent=24"}],"curies":[{"name":"wp","href":"https:\/\/api.w.org\/{rel}","templated":true}]}}