{"id":42,"date":"2013-11-09T18:56:12","date_gmt":"2013-11-09T16:56:12","guid":{"rendered":"http:\/\/www.globalcenter.info\/gc-mas\/?page_id=42"},"modified":"2014-03-22T19:43:22","modified_gmt":"2014-03-22T17:43:22","slug":"international-advisory-board","status":"publish","type":"page","link":"https:\/\/www.globalcenter.info\/gc-mas\/?page_id=42","title":{"rendered":"International Advisory Board"},"content":{"rendered":"<p>Prof. Dr. Adam Lee,Cardiff University, UK<br \/>\n<span style=\"font-size: 13px;\">Prof. Dr. Anthony Cheetham, University of Cambridge, UK<br \/>\n<\/span><span style=\"font-size: 13px;\">Prof. Dr. B\u00f6rje Sellergren,Technische Universit\u00e4t Dortmund, Germany<br \/>\n<\/span><span style=\"font-size: 13px;\">Prof. Dr. Cetin Bolcal, Istanbul K\u00fclt\u00fcr University, Turkey<br \/>\n<\/span><span style=\"font-size: 13px;\">Prof. Dr. Chang-jun Liu FRSC,Tianjin University, China<br \/>\n<\/span><span style=\"font-size: 13px;\">Prof. Dr. Dietmar Hutmacher, Queensland University of Technology, Australia<br \/>\n<\/span><span style=\"font-size: 13px;\">Prof. Dr. Ehud Gazit, Tel Aviv University, Israel<br \/>\n<\/span><span style=\"font-size: 13px;\">Prof. Dr. Fahrettin Yakuphanoglu, F\u0131rat University, Turkey<br \/>\n<\/span><span style=\"font-size: 13px;\">Prof. Dr. Gianluca Ciardelli, Politecnico di Torino, Italy<br \/>\n<\/span><span style=\"font-size: 13px;\">Prof. Dr. Greta R. Patzke,University of Zurich, Switzerland<br \/>\n<\/span><span style=\"font-size: 13px;\">Prof. Dr. Hasan Mandal, Sabanc\u0131 University, Turkey<br \/>\n<\/span><span style=\"font-size: 13px;\">Prof. Dr. James Durrant,Imperial College London, UK<br \/>\n<\/span><span style=\"font-size: 13px;\">Prof. Dr. Jin Young Kim, University of Toronto, Canada<br \/>\n<\/span><span style=\"font-size: 13px;\">Prof. Dr. J\u00f6ns Hilborn, Uppsala University, Sweden<br \/>\n<\/span><span style=\"font-size: 13px;\">Prof. Dr. Kunio Awaga, Nagoya University, Japan<br \/>\n<\/span><span style=\"font-size: 13px;\">Prof. Dr. Lapo Bogani, University of Stuttgart, Germany<br \/>\n<\/span><span style=\"font-size: 13px;\">Prof. Dr. Markus Antonietti, Max Planck Institute of Colloids and Interfaces, Potsdam, Germany<br \/>\n<\/span><span style=\"font-size: 13px;\">Prof. Dr. Mehmet Ozer, Istanbul K\u00fclt\u00fcr University, Turkey<br \/>\n<\/span><span style=\"font-size: 13px;\">Prof. Dr. Michael Guiver,National Research Council of Canada, Canada<br \/>\n<\/span><span style=\"font-size: 13px;\">Prof. Dr. Neil Hyatt,The University of Sheffield, UK<br \/>\n<\/span><span style=\"font-size: 13px;\">Prof. Dr. Patrick Grant\u00a0,University of Oxford, UK<br \/>\n<\/span><span style=\"font-size: 13px;\">Prof. Dr. Peter Skabara, University of Strathclyde, UK<br \/>\n<\/span><span style=\"font-size: 13px;\">Prof. Dr. Rasit Turan, Middle East Technical University, Turkey<br \/>\n<\/span><span style=\"font-size: 13px;\">Prof. Dr. Richard Gross, NYU Poly, USA<br \/>\n<\/span><span style=\"font-size: 13px;\">Prof. Dr. Stephen Mann FRS, University of Bristol, UK<br \/>\n<\/span><span style=\"font-size: 13px;\">Prof. Dr. Steven McIntosh,Lehigh University, USA<br \/>\n<\/span><span style=\"font-size: 13px;\">Prof. Dr. Thomas Albrecht-Schmitt, University of Notre-Dame, USA<br \/>\n<\/span><span style=\"font-size: 13px;\">Prof. Dr. Timothy Swager, Massachusetts Institute of Technology, USA<\/span><\/p>\n","protected":false},"excerpt":{"rendered":"<p>Prof. Dr. Adam Lee,Cardiff University, UK Prof. Dr. Anthony Cheetham, University of Cambridge, UK Prof. Dr. B\u00f6rje Sellergren,Technische Universit\u00e4t Dortmund, Germany Prof. Dr. Cetin Bolcal, Istanbul K\u00fclt\u00fcr University, Turkey Prof. Dr. Chang-jun Liu FRSC,Tianjin University, China Prof. Dr. Dietmar Hutmacher, Queensland University of Technology, Australia Prof. Dr. Ehud Gazit, Tel Aviv University, Israel Prof. Dr&#8230;.<\/p>\n","protected":false},"author":3,"featured_media":0,"parent":0,"menu_order":0,"comment_status":"closed","ping_status":"open","template":"","meta":{"footnotes":""},"class_list":["post-42","page","type-page","status-publish","hentry"],"_links":{"self":[{"href":"https:\/\/www.globalcenter.info\/gc-mas\/index.php?rest_route=\/wp\/v2\/pages\/42"}],"collection":[{"href":"https:\/\/www.globalcenter.info\/gc-mas\/index.php?rest_route=\/wp\/v2\/pages"}],"about":[{"href":"https:\/\/www.globalcenter.info\/gc-mas\/index.php?rest_route=\/wp\/v2\/types\/page"}],"author":[{"embeddable":true,"href":"https:\/\/www.globalcenter.info\/gc-mas\/index.php?rest_route=\/wp\/v2\/users\/3"}],"replies":[{"embeddable":true,"href":"https:\/\/www.globalcenter.info\/gc-mas\/index.php?rest_route=%2Fwp%2Fv2%2Fcomments&post=42"}],"version-history":[{"count":8,"href":"https:\/\/www.globalcenter.info\/gc-mas\/index.php?rest_route=\/wp\/v2\/pages\/42\/revisions"}],"predecessor-version":[{"id":166,"href":"https:\/\/www.globalcenter.info\/gc-mas\/index.php?rest_route=\/wp\/v2\/pages\/42\/revisions\/166"}],"wp:attachment":[{"href":"https:\/\/www.globalcenter.info\/gc-mas\/index.php?rest_route=%2Fwp%2Fv2%2Fmedia&parent=42"}],"curies":[{"name":"wp","href":"https:\/\/api.w.org\/{rel}","templated":true}]}}