{"id":2,"date":"2013-06-06T11:46:52","date_gmt":"2013-06-06T11:46:52","guid":{"rendered":"http:\/\/www.globalcenter.info\/gcpr\/?page_id=2"},"modified":"2025-08-30T16:27:04","modified_gmt":"2025-08-30T13:27:04","slug":"ornek-sayfa","status":"publish","type":"page","link":"https:\/\/www.globalcenter.info\/gcpr\/","title":{"rendered":"Home"},"content":{"rendered":"<div class=\"vce-row-container\" data-vce-boxed-width=\"true\"><div class=\"vce-row vce-row--col-gap-30 vce-row-equal-height vce-row-content--top\" id=\"el-095cac05\" data-vce-do-apply=\"all el-095cac05\"><div class=\"vce-row-content\" data-vce-element-content=\"true\"><div class=\"vce-col vce-col--md-auto vce-col--xs-1 vce-col--xs-last vce-col--xs-first vce-col--sm-last vce-col--sm-first vce-col--md-first vce-col--lg-first vce-col--xl-first\" id=\"el-e048522c\"><div class=\"vce-col-inner\" data-vce-do-apply=\"border margin background  el-e048522c\"><div class=\"vce-col-content\" data-vce-element-content=\"true\" data-vce-do-apply=\"padding el-e048522c\"><div class=\"vce-simple-image-slider\" style=\"--backgroundPosition: center center; --pointerColor: #fff; --pointerColorHover: #fd9a00;\"><div class=\"vce-simple-image-slider-wrapper vce\" id=\"el-db67dc0e\" data-vce-do-apply=\"all el-db67dc0e\"><div class=\"vce-simple-image-slider-helper vce-simple-image-slider-aspect-ratio--3-4\"><div class=\"vce-simple-image-slider-list\" data-slick-autoplay=\"on\" data-slick-autoplay-delay=\"5000\" data-slick-effect=\"slideIn\" data-slick-dots=\"on\" data-slick-arrows=\"off\"><div class=\"slick-list\"><div class=\"slick-track\"><div class=\"vce-simple-image-slider-item vc-slick-item\"><div style=\"background-image:url(https:\/\/www.globalcenter.info\/gcpr\/wp-content\/uploads\/2024\/07\/Ekran-Resmi-2024-07-17-11.04.28.png)\" class=\"vce-simple-image-slider-img vce-simple-image-slider-img--scale\"><img decoding=\"async\" class=\"\" src=\"https:\/\/www.globalcenter.info\/gcpr\/wp-content\/uploads\/2024\/07\/Ekran-Resmi-2024-07-17-11.04.28.png\" style=\"opacity:0\" alt=\"\"><\/div><\/div><div class=\"vce-simple-image-slider-item vc-slick-item\"><div style=\"background-image:url(https:\/\/www.globalcenter.info\/gcpr\/wp-content\/uploads\/2024\/07\/1708110227737.jpeg)\" class=\"vce-simple-image-slider-img vce-simple-image-slider-img--scale\"><img decoding=\"async\" class=\"\" src=\"https:\/\/www.globalcenter.info\/gcpr\/wp-content\/uploads\/2024\/07\/1708110227737.jpeg\" style=\"opacity:0\" alt=\"\"><\/div><\/div><div class=\"vce-simple-image-slider-item vc-slick-item\"><div style=\"background-image:url(https:\/\/www.globalcenter.info\/gcpr\/wp-content\/uploads\/2024\/07\/the-strip-2.jpg)\" class=\"vce-simple-image-slider-img vce-simple-image-slider-img--scale\"><img decoding=\"async\" class=\"\" src=\"https:\/\/www.globalcenter.info\/gcpr\/wp-content\/uploads\/2024\/07\/the-strip-2.jpg\" style=\"opacity:0\" alt=\"\"><\/div><\/div><\/div><\/div><\/div><div class=\"vce-simple-image-slider-dots\"><\/div><\/div><\/div><\/div><\/div><\/div><\/div><div class=\"vce-col vce-col--md-auto vce-col--xs-1 vce-col--xs-last vce-col--xs-first vce-col--sm-last vce-col--sm-first vce-col--md-last vce-col--lg-last vce-col--xl-last\" id=\"el-c8e6ade6\"><div class=\"vce-col-inner\" data-vce-do-apply=\"border margin background  el-c8e6ade6\"><div class=\"vce-col-content\" data-vce-element-content=\"true\" data-vce-do-apply=\"padding el-c8e6ade6\"><div class=\"vce-text-block\"><div class=\"vce-text-block-wrapper vce\" id=\"el-df577509\" data-vce-do-apply=\"all el-df577509\"><h2 style=\"text-align: center;\"><span style=\"color: #ff0000;\"><span style=\"color: #ff0000;\">11th International Conference on Positive Psychology and Wellbeing (ICOP-W-2026)<\/span><\/span><\/h2><h3 style=\"box-sizing: border-box; font-family: Oswald, sans-serif; font-weight: 300; line-height: 1.1; color: #505559; margin-top: 20px; margin-bottom: 10px; font-size: 24px; letter-spacing: 0.5px; font-style: normal; font-variant-ligatures: normal; font-variant-caps: normal; text-align: center;\">The STRAT Hotel, Casino &amp; Tower<br style=\"box-sizing: border-box;\"><span style=\"box-sizing: border-box; font-weight: bold;\">Las Vegas, USA<\/span><\/h3><p>&nbsp;<\/p><h3 style=\"box-sizing: border-box; font-family: Oswald, sans-serif; font-weight: 300; line-height: 1.1; color: #505559; margin-top: 20px; margin-bottom: 10px; font-size: 24px; letter-spacing: 0.5px; font-style: normal; font-variant-ligatures: normal; font-variant-caps: normal; text-align: center;\">30th - 31st January 2026<\/h3><p style=\"box-sizing: border-box; margin-bottom: 10px; color: #989fa8; font-family: Roboto, sans-serif; font-size: 14px; font-style: normal; font-variant-ligatures: normal; font-variant-caps: normal; font-weight: 400; text-align: start;\">&nbsp;<\/p><p style=\"box-sizing: border-box; margin-bottom: 10px; color: #989fa8; font-family: Roboto, sans-serif; font-size: 14px; font-style: normal; font-variant-ligatures: normal; font-variant-caps: normal; font-weight: 400; text-align: center;\"><span style=\"box-sizing: border-box; color: #ff0000;\">Due Date for Abstract Submission:&nbsp;<span style=\"box-sizing: border-box; font-weight: bold;\">30th November 2025<\/span><\/span><\/p><\/div><\/div><\/div><\/div><\/div><\/div><\/div><\/div><div class=\"vce-row-container\" data-vce-boxed-width=\"true\"><div class=\"vce-row vce-row--col-gap-30 vce-row-equal-height vce-row-content--top\" id=\"el-1c8748b4\" data-vce-do-apply=\"all el-1c8748b4\"><div class=\"vce-row-content\" data-vce-element-content=\"true\"><div class=\"vce-col vce-col--md-auto vce-col--xs-1 vce-col--xs-last vce-col--xs-first vce-col--sm-last vce-col--sm-first vce-col--md-last vce-col--lg-last vce-col--xl-last vce-col--md-first vce-col--lg-first vce-col--xl-first\" id=\"el-11b225a7\"><div class=\"vce-col-inner\" data-vce-do-apply=\"border margin background  el-11b225a7\"><div class=\"vce-col-content\" data-vce-element-content=\"true\" data-vce-do-apply=\"padding el-11b225a7\"><div class=\"vce-text-block\"><div class=\"vce-text-block-wrapper vce\" id=\"el-901a241c\" data-vce-do-apply=\"all el-901a241c\"><ul style=\"font-style: normal; font-variant-ligatures: normal; font-variant-caps: normal; font-weight: 400; font-size: 14px; font-family: 'Open Sans', Helvetica, Arial, sans-serif;\"><li>Articles selected by the editors of the journals supporting the conference will be invited to the journal\u2019s review process. <span style=\"color: #ff0000;\"><strong>Clarivate Analytics Web of Science<\/strong><\/span> <strong>(<\/strong><span style=\"color: #3366ff;\"><strong>SCI,<\/strong> <span style=\"color: #99cc00;\"><strong>SCI-Expanded<\/strong><\/span><\/span><strong>, <\/strong><span style=\"color: #ff00ff;\"><strong>SSCI,<\/strong><\/span> <strong>or<\/strong><span style=\"color: #3366ff;\"> <strong>ESCI<\/strong><\/span><strong>)<\/strong><strong>, or <\/strong><span style=\"color: #99cc00;\"><strong>SCOPUS<\/strong><strong>.<\/strong><\/span><\/li><li>The remaining accepted full papers will be published as <span style=\"color: #ff0000;\"><strong>\u201cICOP-W-2026 Proceedings Book\u201d<\/strong><\/span> (with ISSN and DOI number) and also submitted to <span style=\"color: #99cc00;\"><strong>SCOPUS<\/strong> <\/span>and<span style=\"color: #3366ff;\"> <strong>Clarivate Analytics Conference Proceedings Citation Index <\/strong><\/span>for evaluation for inclusion in the list.<\/li><li>After the review process, accepted full papers will be published in the<span style=\"color: #0000ff;\"> Global Journal of Psychology Research<\/span> and <span style=\"color: #33cccc;\">Global Journal of Guidance and Counseling in Schools: Current Perspectives.<\/span><\/li><li>In addition, distinguished keynote speakers who are internationally renowned in the field will be giving presentations at the conference. You will also have a chance to discuss your work with the editors of the most respected journals.<\/li><li>All proposals will be subjected to peer reviews.<\/li><li>Best Abstract and Poster Awards<\/li><li>Oral, Poster, or Virtual Presentation Certificate<\/li><li>Participation and Presentation Certificate<\/li><li>Conference Bag<\/li><li>Online Abstracts Book<\/li><li>Printed Program Book<\/li><li>Networking times for collaboration and projects<\/li><li><strong>For more information<\/strong>: <a href=\"mailto:gcpr.secretariat@gmail.com\">gcpr.secretariat@gmail.com<\/a>, WhatsApp: +905428737331<\/li><li><div><span style=\"color: #800000;\"><b>Y\u00d6K Akademik Te\u015fvik \u00d6dene\u011fi Y\u00f6netmeli\u011fi ve UAK Do\u00e7entlik Kriterlerini kar\u015f\u0131lamaktad\u0131r.&nbsp;<\/b><\/span><\/div><\/li><\/ul><p style=\"font-style: normal; font-variant-ligatures: normal; font-variant-caps: normal; font-weight: 400; font-size: 14px; font-family: 'Open Sans', Helvetica, Arial, sans-serif;\"><span style=\"font-size: revert; color: initial;\">Hope to meet you at the conference<\/span><\/p><p style=\"font-style: normal; font-variant-ligatures: normal; font-variant-caps: normal; font-weight: 400; font-size: 14px; font-family: 'Open Sans', Helvetica, Arial, sans-serif;\"><strong>A<\/strong><strong>ssoc. Prof. Dr. Melis Seray \u00d6zden YILDIRIM<br><\/strong>Istanbul Kultur University, Turkey<br>Program Chair<br><a style=\"font-style: normal; font-variant-ligatures: normal; font-variant-caps: normal; font-size: 14px; font-family: 'Open Sans', Helvetica, Arial, sans-serif; text-decoration-line: underline; text-align: center;\" href=\"http:\/\/www.taeg-conferences.online\/index.php\/ICOP-W\/icop-w-2026\/schedConf\/cfp\"><img loading=\"lazy\" decoding=\"async\" class=\"alignnone wp-image-1498 size-medium\" style=\"display: block; margin-left: auto; margin-right: auto;\" src=\"https:\/\/www.globalcenter.info\/gcpr\/wp-content\/uploads\/2023\/04\/5364002-300x76.png\" alt=\"\" width=\"300\" height=\"76\" srcset=\"https:\/\/www.globalcenter.info\/gcpr\/wp-content\/uploads\/2023\/04\/5364002-300x76.png 300w, https:\/\/www.globalcenter.info\/gcpr\/wp-content\/uploads\/2023\/04\/5364002-1024x260.png 1024w, https:\/\/www.globalcenter.info\/gcpr\/wp-content\/uploads\/2023\/04\/5364002-768x195.png 768w, https:\/\/www.globalcenter.info\/gcpr\/wp-content\/uploads\/2023\/04\/5364002.png 1240w\" sizes=\"(max-width: 300px) 100vw, 300px\" \/><\/a><\/p><\/div><\/div><\/div><\/div><\/div><\/div><\/div><\/div>\n","protected":false},"excerpt":{"rendered":"<div class=\"mh-excerpt\"><p>11th International Conference on Positive Psychology and Wellbeing (ICOP-W-2026)The STRAT Hotel, Casino &amp; TowerLas Vegas, USA&nbsp;30th &#8211; 31st January 2026&nbsp;Due Date for Abstract Submission:&nbsp;30th November <a class=\"mh-excerpt-more\" href=\"https:\/\/www.globalcenter.info\/gcpr\/\" title=\"Home\">[&#8230;]<\/a><\/p>\n<\/div>","protected":false},"author":3,"featured_media":0,"parent":0,"menu_order":0,"comment_status":"closed","ping_status":"open","template":"","meta":{"footnotes":""},"class_list":["post-2","page","type-page","status-publish","hentry"],"_links":{"self":[{"href":"https:\/\/www.globalcenter.info\/gcpr\/index.php?rest_route=\/wp\/v2\/pages\/2"}],"collection":[{"href":"https:\/\/www.globalcenter.info\/gcpr\/index.php?rest_route=\/wp\/v2\/pages"}],"about":[{"href":"https:\/\/www.globalcenter.info\/gcpr\/index.php?rest_route=\/wp\/v2\/types\/page"}],"author":[{"embeddable":true,"href":"https:\/\/www.globalcenter.info\/gcpr\/index.php?rest_route=\/wp\/v2\/users\/3"}],"replies":[{"embeddable":true,"href":"https:\/\/www.globalcenter.info\/gcpr\/index.php?rest_route=%2Fwp%2Fv2%2Fcomments&post=2"}],"version-history":[{"count":243,"href":"https:\/\/www.globalcenter.info\/gcpr\/index.php?rest_route=\/wp\/v2\/pages\/2\/revisions"}],"predecessor-version":[{"id":1657,"href":"https:\/\/www.globalcenter.info\/gcpr\/index.php?rest_route=\/wp\/v2\/pages\/2\/revisions\/1657"}],"wp:attachment":[{"href":"https:\/\/www.globalcenter.info\/gcpr\/index.php?rest_route=%2Fwp%2Fv2%2Fmedia&parent=2"}],"curies":[{"name":"wp","href":"https:\/\/api.w.org\/{rel}","templated":true}]}}