{"id":29,"date":"2013-06-07T08:13:23","date_gmt":"2013-06-07T05:13:23","guid":{"rendered":"http:\/\/www.globalcenter.info\/gcpr\/?page_id=29"},"modified":"2025-08-06T10:04:45","modified_gmt":"2025-08-06T07:04:45","slug":"conference-registration","status":"publish","type":"page","link":"https:\/\/www.globalcenter.info\/gcpr\/?page_id=29","title":{"rendered":"Conference Registration"},"content":{"rendered":"<p><strong><u>REGISTRATION INFORMATION<\/u><\/strong><\/p>\n<table style=\"height: 199px;\" width=\"796\">\n<tbody>\n<tr>\n<td width=\"180\"><strong>Participation Type<\/strong><\/td>\n<td width=\"151\"><strong>Early Registration until December 16, 2025.<\/strong><\/td>\n<td width=\"142\"><strong>Late Registration after December 16, 2025.<\/strong><strong><br \/>\n<\/strong><\/td>\n<td width=\"169\"><strong>Registration Desk<\/strong><\/td>\n<\/tr>\n<tr>\n<td width=\"180\">Oral Participant<\/td>\n<td width=\"151\"><strong>110\u20ac<\/strong><\/td>\n<td width=\"142\">120\u20ac<\/td>\n<td width=\"169\">150\u20ac<\/td>\n<\/tr>\n<tr>\n<td width=\"180\">Virtual Participant<\/td>\n<td width=\"151\"><strong>110\u20ac<\/strong><\/td>\n<td width=\"142\">120\u20ac<\/td>\n<td width=\"169\">150\u20ac<\/td>\n<\/tr>\n<tr>\n<td width=\"180\">Audience<\/td>\n<td width=\"151\"><strong>50\u20ac<\/strong><\/td>\n<td width=\"142\">60\u20ac<\/td>\n<td width=\"169\">70\u20ac<\/td>\n<\/tr>\n<tr>\n<td width=\"180\">Accompanying Person<\/td>\n<td width=\"151\"><strong>40\u20ac<\/strong><\/td>\n<td width=\"142\">50\u20ac<\/td>\n<td width=\"169\">60\u20ac<\/td>\n<\/tr>\n<\/tbody>\n<\/table>\n<p><strong>Registration fee includes:<\/strong><\/p>\n<ul>\n<li>Paper Publication<\/li>\n<li>Cost for Publishing one Paper<\/li>\n<li>Cost of Attendance for one Participant<\/li>\n<li>Participation Certificate<\/li>\n<li>Entrance to all Workshops<\/li>\n<li>Printed Program Book<\/li>\n<li>Conference Bag<\/li>\n<li>Hot Beverages<\/li>\n<li>Free Wireless Internet Connection<\/li>\n<\/ul>\n<p><strong>Audience Registration Fee Includes:<\/strong><\/p>\n<ul>\n<li>Conference Fee<\/li>\n<li>Audience Certificate<\/li>\n<li>Conference Bag<\/li>\n<li>Hot Beverages<\/li>\n<li>Free Wireless Internet Connection<\/li>\n<li>Cost of attendance for one participant<\/li>\n<li>Printed Program Book<\/li>\n<\/ul>\n<p><span style=\"color: #ff0000;\"><strong>Important:<\/strong><\/span><\/p>\n<ul>\n<li>At least one author has to register within 2 weeks after notification to be included into the programme.<\/li>\n<li>If a paper has multiple authors and these authors\u2019 names are written in more than two papers, these authors have made normal registration payment<\/li>\n<li>The second and more papers 80$ USD each.<\/li>\n<li>A Group discount of 15% is available for 6 or more participants (except student) from the same institution, registering at the same time.<\/li>\n<li>If your paper is not accepted by the reviewers, your payment will be refunded.<\/li>\n<li>When you make your payment please scan your payment receipt to\u00a0<a href=\"mailto:gcpr.secretariat@gmail.com\">gcpr.secretariat@gmail.com<\/a> and also do not forget to write paper ID number<\/li>\n<li>Full article should be at least 3500 words and not more than 6000 words.<\/li>\n<li>Refund is only possible till 20 days before from the conference starting date,and you will get your refund after one week later from the conference finishing date.<\/li>\n<li>Refund is only possible till 20 days before from the conference starting date, and you will get your refund after one week later from the conference finishing date.<\/li>\n<li>TRNC citizens are exempt from the participation fee.<\/li>\n<\/ul>\n<p style=\"font-weight: 400;\"><span style=\"color: #ff0000;\"><strong><u>CREDIT CARD PAYMENT<\/u><\/strong><\/span><\/p>\n<ul style=\"font-weight: 400;\">\n<li>If you prefer to make your registration payment with Credit Card,\u00a0<a href=\"https:\/\/www.globalcenter.info\/payment\/index.php?route=product\/product&amp;product_id=292\">Please click here for\u00a0<strong>CREDIT CARD PAYMENT<\/strong><\/a><\/li>\n<\/ul>\n<p><span style=\"color: #ff0000;\"><strong>Contacts for Registration and Accommodation Only<\/strong><\/span><\/p>\n<p><strong>For more information<\/strong>:\u00a0<a href=\"mailto:gcpr.secretariat@gmail.com\">gcpr.secretariat@gmail.com<\/a><\/p>\n<p><a href=\"https:\/\/www.globalcenter.info\/payment\/index.php?route=product\/product&amp;product_id=292\" data-wplink-edit=\"true\"><img loading=\"lazy\" decoding=\"async\" class=\"alignnone\" src=\"http:\/\/www.globalcenter.info\/gcpr\/wp-content\/uploads\/2020\/04\/payment-logo-300x109-1.png\" alt=\"Bu g\u00f6rsel bo\u015f bir alt niteli\u011fe sahip; dosya ad\u0131 payment-logo-300x109-1.png\" width=\"300\" height=\"109\" \/><\/a><\/p>\n<p><strong>Contacts for Registration and Accommodation Only<\/strong><\/p>\n<p>WhatsApp:+90 542 873 73 31<br \/>\nEmail: gcpr.secretariat@gmail.com<\/p>\n","protected":false},"excerpt":{"rendered":"<div class=\"mh-excerpt\"><p>REGISTRATION INFORMATION Participation Type Early Registration until December 16, 2025. Late Registration after December 16, 2025. Registration Desk Oral Participant 110\u20ac 120\u20ac 150\u20ac Virtual Participant <a class=\"mh-excerpt-more\" href=\"https:\/\/www.globalcenter.info\/gcpr\/?page_id=29\" title=\"Conference Registration\">[&#8230;]<\/a><\/p>\n<\/div>","protected":false},"author":3,"featured_media":0,"parent":0,"menu_order":0,"comment_status":"closed","ping_status":"open","template":"","meta":{"footnotes":""},"class_list":["post-29","page","type-page","status-publish","hentry"],"_links":{"self":[{"href":"https:\/\/www.globalcenter.info\/gcpr\/index.php?rest_route=\/wp\/v2\/pages\/29"}],"collection":[{"href":"https:\/\/www.globalcenter.info\/gcpr\/index.php?rest_route=\/wp\/v2\/pages"}],"about":[{"href":"https:\/\/www.globalcenter.info\/gcpr\/index.php?rest_route=\/wp\/v2\/types\/page"}],"author":[{"embeddable":true,"href":"https:\/\/www.globalcenter.info\/gcpr\/index.php?rest_route=\/wp\/v2\/users\/3"}],"replies":[{"embeddable":true,"href":"https:\/\/www.globalcenter.info\/gcpr\/index.php?rest_route=%2Fwp%2Fv2%2Fcomments&post=29"}],"version-history":[{"count":96,"href":"https:\/\/www.globalcenter.info\/gcpr\/index.php?rest_route=\/wp\/v2\/pages\/29\/revisions"}],"predecessor-version":[{"id":1646,"href":"https:\/\/www.globalcenter.info\/gcpr\/index.php?rest_route=\/wp\/v2\/pages\/29\/revisions\/1646"}],"wp:attachment":[{"href":"https:\/\/www.globalcenter.info\/gcpr\/index.php?rest_route=%2Fwp%2Fv2%2Fmedia&parent=29"}],"curies":[{"name":"wp","href":"https:\/\/api.w.org\/{rel}","templated":true}]}}