{"id":5,"date":"2013-06-07T08:10:01","date_gmt":"2013-06-07T05:10:01","guid":{"rendered":"http:\/\/www.globalcenter.info\/gcpr\/?page_id=5"},"modified":"2019-08-01T13:47:07","modified_gmt":"2019-08-01T10:47:07","slug":"international-advisory-boards","status":"publish","type":"page","link":"https:\/\/www.globalcenter.info\/gcpr\/?page_id=5","title":{"rendered":"International Advisory Boards"},"content":{"rendered":"<p>Universidad de la CostaColombia<\/p>\n<table width=\"894\">\n<tbody>\n<tr>\n<td width=\"298\">A. Rui \u00a0Gomes<\/td>\n<td width=\"298\">University of Minho<\/td>\n<td width=\"298\">Portugal<\/td>\n<\/tr>\n<tr>\n<td width=\"298\">Aldert Vrij<\/td>\n<td width=\"298\">University of Portsmouth<\/td>\n<td width=\"298\">UK<\/td>\n<\/tr>\n<tr>\n<td width=\"298\">Andr\u00e9 Francisco Pilon<\/td>\n<td width=\"298\">University of S\u00e3o Paulo<\/td>\n<td width=\"298\">Brazil<\/td>\n<\/tr>\n<tr>\n<td width=\"298\">Andrew Day<\/td>\n<td width=\"298\">Deakin University<\/td>\n<td width=\"298\">Australia<\/td>\n<\/tr>\n<tr>\n<td width=\"298\">Andy McKinlay<\/td>\n<td width=\"298\">The University of Edinburgh<\/td>\n<td width=\"298\">UK<\/td>\n<\/tr>\n<tr>\n<td width=\"298\">Anthony L Pillay<\/td>\n<td width=\"298\">University of KwaZulu-Natal<\/td>\n<td width=\"298\">South Africa<\/td>\n<\/tr>\n<tr>\n<td width=\"298\">Bea Van den Bergh<\/td>\n<td width=\"298\">Tilburg University<\/td>\n<td width=\"298\">The Netherlands<\/td>\n<\/tr>\n<tr>\n<td width=\"298\">Bego\u00f1a Montero<\/td>\n<td width=\"298\">Universidad Polit\u00e9cnica de Valencia<\/td>\n<td width=\"298\">Spain<\/td>\n<\/tr>\n<tr>\n<td width=\"298\">Biyu J. He<\/td>\n<td width=\"298\">Washington University<\/td>\n<td width=\"298\">Chine<\/td>\n<\/tr>\n<tr>\n<td width=\"298\">Britt af Klinteberg<\/td>\n<td width=\"298\">Stockholm University<\/td>\n<td width=\"298\">Sweden<\/td>\n<\/tr>\n<tr>\n<td width=\"298\">Chris McVittie<\/td>\n<td width=\"298\">Queen Margaret University<\/td>\n<td width=\"298\">Scotland<\/td>\n<\/tr>\n<tr>\n<td width=\"298\">Conchi San Mart\u00edn<\/td>\n<td width=\"298\">University of Barcelona<\/td>\n<td width=\"298\">Spain<\/td>\n<\/tr>\n<tr>\n<td width=\"298\">Demet Erol Ongen<\/td>\n<td width=\"298\">Akdeniz University<\/td>\n<td width=\"298\">Turkey<\/td>\n<\/tr>\n<tr>\n<td width=\"298\">Diane Cooper<\/td>\n<td width=\"298\">School of Public Health &amp; Family Medicine<\/td>\n<td width=\"298\">South Africa<\/td>\n<\/tr>\n<tr>\n<td width=\"298\">Diane Sunar<\/td>\n<td width=\"298\">Bilgi University<\/td>\n<td width=\"298\">Turkey<\/td>\n<\/tr>\n<tr>\n<td width=\"298\">Edwin Herazo<\/td>\n<td width=\"298\">Human Behavioral Research Institute<\/td>\n<td width=\"298\">Colombia<\/td>\n<\/tr>\n<tr>\n<td width=\"298\">Elena Lupu<\/td>\n<td width=\"298\">Oil and Gas University<\/td>\n<td width=\"298\">Romania<\/td>\n<\/tr>\n<tr>\n<td width=\"298\">Emee Vida Estacio<\/td>\n<td width=\"298\">Keele University<\/td>\n<td width=\"298\">UK<\/td>\n<\/tr>\n<tr>\n<td width=\"298\">Emel Kuruoglu<\/td>\n<td width=\"298\">Dokuz Eylul University<\/td>\n<td width=\"298\">Turkey<\/td>\n<\/tr>\n<tr>\n<td width=\"298\">Felix Ehrlenspiel<\/td>\n<td width=\"298\">Technical University of Munich.<\/td>\n<td width=\"298\">Germany<\/td>\n<\/tr>\n<tr>\n<td width=\"298\">Flora Cornish<\/td>\n<td width=\"298\">Glasgow Caledonian University<\/td>\n<td width=\"298\">Scotland<\/td>\n<\/tr>\n<tr>\n<td width=\"298\">Georg W. Oesterdiekhoff<\/td>\n<td width=\"298\">University Erlangen-Nuernberg<\/td>\n<td width=\"298\">Germany<\/td>\n<\/tr>\n<tr>\n<td width=\"298\">George Wright<\/td>\n<td width=\"298\">Durham Business School<\/td>\n<td width=\"298\">UK<\/td>\n<\/tr>\n<tr>\n<td width=\"298\">Gill Furze<\/td>\n<td width=\"298\">University of York<\/td>\n<td width=\"298\">UK<\/td>\n<\/tr>\n<tr>\n<td width=\"298\">Giuseppe Riva<\/td>\n<td width=\"298\">The Catholic University of Milan<\/td>\n<td width=\"298\">Italy<\/td>\n<\/tr>\n<tr>\n<td width=\"298\">G\u00f6n\u00fcl Akcamete<\/td>\n<td width=\"298\">Ankara University<\/td>\n<td width=\"298\">Turkey<\/td>\n<\/tr>\n<tr>\n<td width=\"298\">Hayat Boz<\/td>\n<td width=\"298\">Ankara University<\/td>\n<td width=\"298\">Turkey<\/td>\n<\/tr>\n<tr>\n<td width=\"298\">Ian Butler<\/td>\n<td width=\"298\">University of Bath<\/td>\n<td width=\"298\">UK<\/td>\n<\/tr>\n<tr>\n<td width=\"298\">Ileana Rotaru<\/td>\n<td width=\"298\">Eftimie Murgu University<\/td>\n<td width=\"298\">Romania<\/td>\n<\/tr>\n<tr>\n<td width=\"298\">Inge Petersen<\/td>\n<td width=\"298\">University of KwaZulu-Natal<\/td>\n<td width=\"298\">South Africa<\/td>\n<\/tr>\n<tr>\n<td width=\"298\">Ivandro Soares Monteiro<\/td>\n<td width=\"298\">Instituto Superior da Maia<\/td>\n<td width=\"298\">Portugal<\/td>\n<\/tr>\n<tr>\n<td width=\"298\">Jacobus G. Maree<\/td>\n<td width=\"298\">University of Pretoria<\/td>\n<td width=\"298\">South Africa<\/td>\n<\/tr>\n<tr>\n<td width=\"298\">Jes\u00fas de la Fuente Arias<\/td>\n<td width=\"298\">University of Almer\u00eda<\/td>\n<td width=\"298\">Spain<\/td>\n<\/tr>\n<tr>\n<td width=\"298\">Joanna Pawelczyk<\/td>\n<td width=\"298\">Adam Mickiewicz University<\/td>\n<td width=\"298\">Poland<\/td>\n<\/tr>\n<tr>\n<td width=\"298\">Joanne Dickson<\/td>\n<td width=\"298\">University of Liverpool<\/td>\n<td width=\"298\">UK<\/td>\n<\/tr>\n<tr>\n<td width=\"298\">John Fraser<\/td>\n<td width=\"298\">University of New England<\/td>\n<td width=\"298\">UK<\/td>\n<\/tr>\n<tr>\n<td width=\"298\">Juan-Jos\u00e9 Igartua<\/td>\n<td width=\"298\">University of Salamanca<\/td>\n<td width=\"298\">Spain<\/td>\n<\/tr>\n<tr>\n<td width=\"298\">Jung-Cheol Shini<\/td>\n<td width=\"298\">Seoul National University<\/td>\n<td width=\"298\">South Korea<\/td>\n<\/tr>\n<tr>\n<td width=\"298\">Kamil \u00d6zerk<\/td>\n<td width=\"298\">University of Oslo<\/td>\n<td width=\"298\">Norway<\/td>\n<\/tr>\n<tr>\n<td width=\"298\">Kavita Vedhara<\/td>\n<td width=\"298\">University of Nottingham<\/td>\n<td width=\"298\">UK<\/td>\n<\/tr>\n<tr>\n<td width=\"298\">Kinga Morsanyi<\/td>\n<td width=\"298\">University of Plymouth<\/td>\n<td width=\"298\">UK<\/td>\n<\/tr>\n<tr>\n<td width=\"298\">Lawrence T. Lam<\/td>\n<td width=\"298\">The University of Notre Dame<\/td>\n<td width=\"298\">Australia<\/td>\n<\/tr>\n<tr>\n<td width=\"298\">Lesley Fraser<\/td>\n<td width=\"298\">Australian Guidance and Counselling Association<\/td>\n<td width=\"298\">Australia<\/td>\n<\/tr>\n<tr>\n<td width=\"298\">Lia Patr\u00edcio<\/td>\n<td width=\"298\">Univsity of Porto<\/td>\n<td width=\"298\">Portugal<\/td>\n<\/tr>\n<tr>\n<td width=\"298\">M. Kemal Sayar<\/td>\n<td width=\"298\">Fatih University<\/td>\n<td width=\"298\">Turkey<\/td>\n<\/tr>\n<tr>\n<td width=\"298\">Malik Amjad<\/td>\n<td width=\"298\">University College of the North<\/td>\n<td width=\"298\">Canada<\/td>\n<\/tr>\n<tr>\n<td width=\"298\">Mansour Abdi<\/td>\n<td width=\"298\">Arak University<\/td>\n<td width=\"298\">Iran<\/td>\n<\/tr>\n<tr>\n<td width=\"298\">Margaret Harris<\/td>\n<td width=\"298\">Oxford Brookes University<\/td>\n<td width=\"298\">UK<\/td>\n<\/tr>\n<tr>\n<td width=\"298\">Marie .P. Wissing<\/td>\n<td width=\"298\">North West University<\/td>\n<td width=\"298\">South Africa<\/td>\n<\/tr>\n<tr>\n<td width=\"298\">Marilyn Campbell<\/td>\n<td width=\"298\">Queensland University of Technology<\/td>\n<td width=\"298\">Australia<\/td>\n<\/tr>\n<tr>\n<td width=\"298\">Martin Voracek<\/td>\n<td width=\"298\">University of Vienna<\/td>\n<td width=\"298\">Austria<\/td>\n<\/tr>\n<tr>\n<td width=\"298\">Mehmet Erdem<\/td>\n<td width=\"298\">University of Nevada<\/td>\n<td width=\"298\">USA<\/td>\n<\/tr>\n<tr>\n<td width=\"298\">Melahat I\u015f\u0131nsu Halat<\/td>\n<td width=\"298\">Ministry of Healthy<\/td>\n<td width=\"298\">North Cyprus<\/td>\n<\/tr>\n<tr>\n<td width=\"298\">Michelle Simpson<\/td>\n<td width=\"298\">University of Wisconsin-Milwaukee<\/td>\n<td width=\"298\">USA<\/td>\n<\/tr>\n<tr>\n<td width=\"298\">Mohammad Hossein Yarmohammadian<\/td>\n<td width=\"298\">Isfahan University of Medical Sciences<\/td>\n<td width=\"298\">Iran<\/td>\n<\/tr>\n<tr>\n<td width=\"298\">Monica T. G. Ramirez<\/td>\n<td width=\"298\">Universidad Autonoma de Nuevo Leon<\/td>\n<td width=\"298\">Mexico<\/td>\n<\/tr>\n<tr>\n<td width=\"298\">Montserrat Comesa\u00f1a Vila<\/td>\n<td width=\"298\">University of Minho<\/td>\n<td width=\"298\">Portugal<\/td>\n<\/tr>\n<tr>\n<td width=\"298\">Nebi Sumer<\/td>\n<td width=\"298\">Middle East Technical University<\/td>\n<td width=\"298\">Turkey<\/td>\n<\/tr>\n<tr>\n<td><a href=\"https:\/\/scholar.google.es\/citations?hl=es&amp;imq=Omar+Fernando+Cort%C3%A9s+Pe%C3%B1a&amp;btnA=1&amp;user=ulwSD4gAAAAJ\" data-saferedirecturl=\"https:\/\/www.google.com\/url?q=https:\/\/scholar.google.es\/citations?hl%3Des%26imq%3DOmar%2BFernando%2BCort%25C3%25A9s%2BPe%25C3%25B1a%26btnA%3D1%26user%3DulwSD4gAAAAJ&amp;source=gmail&amp;ust=1564735963987000&amp;usg=AFQjCNGMi2UGRfqI7EogM9s2eJQONZFYYQ\">Omar Fernando Cort\u00e9s Pe\u00f1a<\/a><\/td>\n<\/tr>\n<tr>\n<td width=\"298\">Oya Hazer<\/td>\n<td width=\"298\">Hacettepe University<\/td>\n<td width=\"298\">Turkey<\/td>\n<\/tr>\n<tr>\n<td width=\"298\">Peter Mitchell<\/td>\n<td width=\"298\">University of Nottingham Malaysia<\/td>\n<td width=\"298\">Malaysia<\/td>\n<\/tr>\n<tr>\n<td width=\"298\">Philip Philipoff<\/td>\n<td width=\"298\">Bulgarian Academy of Sciences<\/td>\n<td width=\"298\">Bulgaria<\/td>\n<\/tr>\n<tr>\n<td width=\"298\">Prof. Dr. Mohamed Yusoff Abbas<\/td>\n<td width=\"298\">University Technology MARA<\/td>\n<td width=\"298\">Malaysia<\/td>\n<\/tr>\n<tr>\n<td width=\"298\">Reinhold Viehoff<\/td>\n<td width=\"298\">Martin Luther University<\/td>\n<td width=\"298\">Germany<\/td>\n<\/tr>\n<tr>\n<td width=\"298\">Ruy Jornada Krebs<\/td>\n<td width=\"298\">State University of Santa Catarina<\/td>\n<td width=\"298\">Brazil<\/td>\n<\/tr>\n<tr>\n<td width=\"298\">Selahattin \u00d6\u011f\u00fclm\u00fc\u015f<\/td>\n<td width=\"298\">Ankara University<\/td>\n<td width=\"298\">Turkey<\/td>\n<\/tr>\n<tr>\n<td width=\"298\">Servet Bayram<\/td>\n<td width=\"298\">Marmara University<\/td>\n<td width=\"298\">Turkey<\/td>\n<\/tr>\n<tr>\n<td width=\"298\">Sibel \u00c7i\u011fdem G\u00fcneysu<\/td>\n<td width=\"298\">Baskent University<\/td>\n<td width=\"298\">Turkey<\/td>\n<\/tr>\n<tr>\n<td width=\"298\">Simonetta Adamo<\/td>\n<td width=\"298\">University of Milan<\/td>\n<td width=\"298\">Italy<\/td>\n<\/tr>\n<tr>\n<td width=\"298\">Stefanie Hoehl<\/td>\n<td width=\"298\">University of Heidelberg<\/td>\n<td width=\"298\">Germany<\/td>\n<\/tr>\n<tr>\n<td width=\"298\">Stephen Goss<\/td>\n<td width=\"298\">Univsity of Abertay Dundee<\/td>\n<td width=\"298\">Scotland<\/td>\n<\/tr>\n<tr>\n<td width=\"298\">Steve Campbell<\/td>\n<td width=\"298\">University of New England<\/td>\n<td width=\"298\">Australia<\/td>\n<\/tr>\n<tr>\n<td width=\"298\">Steve W. J. Kozlowski<\/td>\n<td width=\"298\">Michigan State University<\/td>\n<td width=\"298\">USA<\/td>\n<\/tr>\n<tr>\n<td width=\"298\">Steven M. Rose<\/td>\n<td width=\"298\">John Hopkins University<\/td>\n<td width=\"298\">USA<\/td>\n<\/tr>\n<tr>\n<td width=\"298\">Sue Hawick<\/td>\n<td width=\"298\">New South Wales Australia<\/td>\n<td width=\"298\">Australia<\/td>\n<\/tr>\n<tr>\n<td width=\"298\">Tim Lewis<\/td>\n<td width=\"298\">University of Missouri<\/td>\n<td width=\"298\">USA<\/td>\n<\/tr>\n<tr>\n<td width=\"298\">Tim Melchert<\/td>\n<td width=\"298\">Marquette University<\/td>\n<td width=\"298\">USA<\/td>\n<\/tr>\n<tr>\n<td width=\"298\">Toon W. Taris<\/td>\n<td width=\"298\">Radboud University Nijmegen<\/td>\n<td width=\"298\">The Netherlands<\/td>\n<\/tr>\n<tr>\n<td width=\"298\">Tuncay Ergene<\/td>\n<td width=\"298\">Ya\u015far University<\/td>\n<td width=\"298\">Turkey<\/td>\n<\/tr>\n<tr>\n<td width=\"298\">Turan Temur<\/td>\n<td width=\"298\">Gazi University<\/td>\n<td width=\"298\">Turkey<\/td>\n<\/tr>\n<tr>\n<td width=\"298\">Ulku Koymen<\/td>\n<td width=\"298\">Ajman University of Science and Technology<\/td>\n<td width=\"298\">UAE<\/td>\n<\/tr>\n<tr>\n<td width=\"298\">Usha Tummala-Narra<\/td>\n<td width=\"298\">Michigan State University<\/td>\n<td width=\"298\">USA<\/td>\n<\/tr>\n<tr>\n<td width=\"298\">Vildan Mevsim<\/td>\n<td width=\"298\">Dokuz Eylul University<\/td>\n<td width=\"298\">Turkey<\/td>\n<\/tr>\n<tr>\n<td width=\"298\">Wenche Andersen Helland<\/td>\n<td width=\"298\">University of Bergen &amp; Stord Hospital<\/td>\n<td width=\"298\">Norway<\/td>\n<\/tr>\n<tr>\n<td width=\"298\">Zehra Ozcinar<\/td>\n<td width=\"298\">Atat\u00fcrk Teacher&#8217;s Academy<\/td>\n<td width=\"298\">North Cyprus<\/td>\n<\/tr>\n<\/tbody>\n<\/table>\n","protected":false},"excerpt":{"rendered":"<div class=\"mh-excerpt\"><p>Universidad de la CostaColombia A. Rui \u00a0Gomes University of Minho Portugal Aldert Vrij University of Portsmouth UK Andr\u00e9 Francisco Pilon University of S\u00e3o Paulo Brazil <a class=\"mh-excerpt-more\" href=\"https:\/\/www.globalcenter.info\/gcpr\/?page_id=5\" title=\"International Advisory Boards\">[&#8230;]<\/a><\/p>\n<\/div>","protected":false},"author":3,"featured_media":0,"parent":0,"menu_order":0,"comment_status":"closed","ping_status":"open","template":"","meta":{"footnotes":""},"class_list":["post-5","page","type-page","status-publish","hentry"],"_links":{"self":[{"href":"https:\/\/www.globalcenter.info\/gcpr\/index.php?rest_route=\/wp\/v2\/pages\/5"}],"collection":[{"href":"https:\/\/www.globalcenter.info\/gcpr\/index.php?rest_route=\/wp\/v2\/pages"}],"about":[{"href":"https:\/\/www.globalcenter.info\/gcpr\/index.php?rest_route=\/wp\/v2\/types\/page"}],"author":[{"embeddable":true,"href":"https:\/\/www.globalcenter.info\/gcpr\/index.php?rest_route=\/wp\/v2\/users\/3"}],"replies":[{"embeddable":true,"href":"https:\/\/www.globalcenter.info\/gcpr\/index.php?rest_route=%2Fwp%2Fv2%2Fcomments&post=5"}],"version-history":[{"count":4,"href":"https:\/\/www.globalcenter.info\/gcpr\/index.php?rest_route=\/wp\/v2\/pages\/5\/revisions"}],"predecessor-version":[{"id":1059,"href":"https:\/\/www.globalcenter.info\/gcpr\/index.php?rest_route=\/wp\/v2\/pages\/5\/revisions\/1059"}],"wp:attachment":[{"href":"https:\/\/www.globalcenter.info\/gcpr\/index.php?rest_route=%2Fwp%2Fv2%2Fmedia&parent=5"}],"curies":[{"name":"wp","href":"https:\/\/api.w.org\/{rel}","templated":true}]}}