{"id":7,"date":"2013-06-07T08:10:22","date_gmt":"2013-06-07T05:10:22","guid":{"rendered":"http:\/\/www.globalcenter.info\/gcpr\/?page_id=7"},"modified":"2025-07-31T12:06:38","modified_gmt":"2025-07-31T09:06:38","slug":"organizating-committee","status":"publish","type":"page","link":"https:\/\/www.globalcenter.info\/gcpr\/?page_id=7","title":{"rendered":"Organizing Committee"},"content":{"rendered":"<p><strong>Program Chair<\/strong><br \/>\n<a href=\"https:\/\/legacy.iku.edu.tr\/ENG\/25\/226\/432\/4\/personeldetay.html\">Assoc. Prof. Dr. Melis Seray \u00d6zden Y\u0131ld\u0131r\u0131m<\/a><strong><br \/>\n<\/strong>Istanbul Kultur University, Turkey<\/p>\n<p><strong>International Program Committee<br \/>\n<\/strong><a href=\"http:\/\/www.kobusmaree.org\/\">Kobus Maree<\/a>,<em>\u00a0University of Pretoria<\/em>, South Africa<br \/>\n<a href=\"http:\/\/education.jhu.edu\/faculty\/SOE_Faculty\/steven-ross\">Steven M. Ross<\/a>,\u00a0<em>Johns Hopkins University<\/em>, USA<br \/>\n<a href=\"https:\/\/www.keele.ac.uk\/psychology\/people\/emeeestacio\/\">Emee Vida Estacio<\/a>,\u00a0<em>Keele University<\/em>, UK<br \/>\n<a href=\"http:\/\/www.globalcenter.info\/gcpr\/?page_id=587\">Jongho Shin<\/a>,\u00a0<em>Seoul National University<\/em>, South Korea<br \/>\n<a href=\"http:\/\/www.margaretharris.org.uk\/\">Margaret Harris<\/a>,\u00a0<em>Oxford Brookes University<\/em>, UK<br \/>\n<a href=\"https:\/\/orcid.org\/0000-0002-6744-6838\">Huseyin Uzunboylu<\/a>, <em>University of Kyrenia<\/em>, Cyprus<br \/>\n<a href=\"http:\/\/staff.qut.edu.au\/staff\/campbema\/\">Marilyn Campbell<\/a>,\u00a0<em>Queensland University of Technology<\/em>, Australia<br \/>\n<a href=\"http:\/\/aves.akdeniz.edu.tr\/demetongen\/\">Demet Erol \u00d6ngen<\/a>,\u00a0<em>Akdeniz University<\/em>, Turkey<br \/>\n<a href=\"https:\/\/scholar.google.pt\/citations?user=6YPXic4AAAAJ&amp;hl=en\">Lia Patr\u00edcio<\/a>,\u00a0<em>University of Porto<\/em>, Portugal<br \/>\n<a href=\"http:\/\/alanya.academia.edu\/NurDemirba%C5%9F%C3%87elik\">Nur Demirba\u015f \u00c7elik<\/a>,\u00a0<em>Alanya Alaaddin Keykubat<\/em> University, Turkey\u00a0 \u00a0 \u00a0 \u00a0 \u00a0 \u00a0 \u00a0 \u00a0 \u00a0 \u00a0 \u00a0 \u00a0 \u00a0 \u00a0 \u00a0 \u00a0 \u00a0 \u00a0 \u00a0 \u00a0 \u00a0 \u00a0 \u00a0 \u00a0 \u00a0 \u00a0 \u00a0 \u00a0 \u00a0 \u00a0 \u00a0 \u00a0 \u00a0 Atefeh Ferdosipour, Educational Psychologist, PhD| AI &amp; Education Researcher| Academic Consultant, USA<\/p>\n<p><strong>Organizing Committee<br \/>\n<\/strong>Tahir Tavuk\u00e7u, Ataturk Teacher Training Academy<br \/>\nBlerta Prevalla Etemi<strong>,\u00a0<\/strong> Rochester Institute of Technology<br \/>\nFlorijeta Hulaj,\u00a0<em>AAB College<\/em><br \/>\nLilia Trushko, Girne American University<br \/>\nMetin Berk Odaba\u015f\u0131, Warwick University<br \/>\n<a href=\"https:\/\/odl.yasar.edu.tr\/ekibimiz\/\">Semih \u00c7al\u0131\u015fkan, Ya\u015far University<\/a><br \/>\nZeynep Gen\u00e7, Istanbul Ayd\u0131n University<strong>\u00a0<\/strong><\/p>\n<p><strong>Secretariat<br \/>\n<\/strong>Beria Gokayd\u0131n, University of Kyrenia<br \/>\n<a href=\"mailto:gcpr.secretariat@gmail.com\">gcpr.secretariat@gmail.com<\/a><\/p>\n","protected":false},"excerpt":{"rendered":"<div class=\"mh-excerpt\"><p>Program Chair Assoc. Prof. Dr. Melis Seray \u00d6zden Y\u0131ld\u0131r\u0131m Istanbul Kultur University, Turkey International Program Committee Kobus Maree,\u00a0University of Pretoria, South Africa Steven M. Ross,\u00a0Johns <a class=\"mh-excerpt-more\" href=\"https:\/\/www.globalcenter.info\/gcpr\/?page_id=7\" title=\"Organizing Committee\">[&#8230;]<\/a><\/p>\n<\/div>","protected":false},"author":3,"featured_media":0,"parent":0,"menu_order":0,"comment_status":"closed","ping_status":"open","template":"","meta":{"footnotes":""},"class_list":["post-7","page","type-page","status-publish","hentry"],"_links":{"self":[{"href":"https:\/\/www.globalcenter.info\/gcpr\/index.php?rest_route=\/wp\/v2\/pages\/7"}],"collection":[{"href":"https:\/\/www.globalcenter.info\/gcpr\/index.php?rest_route=\/wp\/v2\/pages"}],"about":[{"href":"https:\/\/www.globalcenter.info\/gcpr\/index.php?rest_route=\/wp\/v2\/types\/page"}],"author":[{"embeddable":true,"href":"https:\/\/www.globalcenter.info\/gcpr\/index.php?rest_route=\/wp\/v2\/users\/3"}],"replies":[{"embeddable":true,"href":"https:\/\/www.globalcenter.info\/gcpr\/index.php?rest_route=%2Fwp%2Fv2%2Fcomments&post=7"}],"version-history":[{"count":42,"href":"https:\/\/www.globalcenter.info\/gcpr\/index.php?rest_route=\/wp\/v2\/pages\/7\/revisions"}],"predecessor-version":[{"id":1641,"href":"https:\/\/www.globalcenter.info\/gcpr\/index.php?rest_route=\/wp\/v2\/pages\/7\/revisions\/1641"}],"wp:attachment":[{"href":"https:\/\/www.globalcenter.info\/gcpr\/index.php?rest_route=%2Fwp%2Fv2%2Fmedia&parent=7"}],"curies":[{"name":"wp","href":"https:\/\/api.w.org\/{rel}","templated":true}]}}