{"id":1272,"date":"2019-08-31T09:35:01","date_gmt":"2019-08-31T06:35:01","guid":{"rendered":"http:\/\/www.globalcenter.info\/globe-edu\/?page_id=1272"},"modified":"2019-08-31T09:35:01","modified_gmt":"2019-08-31T06:35:01","slug":"globe-edu-2018","status":"publish","type":"page","link":"https:\/\/www.globalcenter.info\/globe-edu\/?page_id=1272","title":{"rendered":"GLOBE-EDU 2018"},"content":{"rendered":"\n<p>Link to\u00a0GLOBE-EDU 2018 Poster is available\u00a0<a href=\"http:\/\/www.globalcenter.info\/globe-edu\/wp-content\/uploads\/2019\/08\/ROLLUPGLOBE-EDU.jpg\">here<\/a><br>Link to GLOBE-EDU 2018 Abstract Book is available\u00a0<a rel=\"noreferrer noopener\" aria-label=\"here (yeni sekmede a\u00e7\u0131l\u0131r)\" href=\"http:\/\/www.taeg-center.org\" target=\"_blank\">here<\/a><a rel=\"noreferrer noopener\" href=\"http:\/\/awer-center.org\/\" target=\"_blank\"><br><\/a>Link to GLOBE-EDU 2018\u00a0Program Book is available\u00a0<a rel=\"noreferrer noopener\" aria-label=\"here (yeni sekmede a\u00e7\u0131l\u0131r)\" href=\"http:\/\/www.globalcenter.info\/globe-edu\/wp-content\/uploads\/2019\/08\/programbook\u00d6NKAPAKglobedu.jpg\" target=\"_blank\">here<\/a><a rel=\"noreferrer noopener\" href=\"https:\/\/drive.google.com\/open?id=12Zj6_PWDRsbm8oFlHlrsS5Vg4U8TOsn2\" target=\"_blank\"><br><\/a>Photos from\u00a0 GLOBE-EDU 2018 is available at\u00a0<a href=\"https:\/\/www.facebook.com\/taegcenter\" target=\"_blank\" rel=\"noreferrer noopener\" aria-label=\"here.  (yeni sekmede a\u00e7\u0131l\u0131r)\">here. <\/a><\/p>\n","protected":false},"excerpt":{"rendered":"<p>Link to\u00a0GLOBE-EDU 2018 Poster is available\u00a0hereLink to GLOBE-EDU 2018 Abstract Book is available\u00a0hereLink to GLOBE-EDU 2018\u00a0Program Book is available\u00a0herePhotos from\u00a0 GLOBE-EDU 2018 is available at\u00a0here.<\/p>\n","protected":false},"author":2,"featured_media":0,"parent":0,"menu_order":0,"comment_status":"closed","ping_status":"closed","template":"","meta":{"footnotes":""},"class_list":["post-1272","page","type-page","status-publish","hentry"],"_links":{"self":[{"href":"https:\/\/www.globalcenter.info\/globe-edu\/index.php?rest_route=\/wp\/v2\/pages\/1272"}],"collection":[{"href":"https:\/\/www.globalcenter.info\/globe-edu\/index.php?rest_route=\/wp\/v2\/pages"}],"about":[{"href":"https:\/\/www.globalcenter.info\/globe-edu\/index.php?rest_route=\/wp\/v2\/types\/page"}],"author":[{"embeddable":true,"href":"https:\/\/www.globalcenter.info\/globe-edu\/index.php?rest_route=\/wp\/v2\/users\/2"}],"replies":[{"embeddable":true,"href":"https:\/\/www.globalcenter.info\/globe-edu\/index.php?rest_route=%2Fwp%2Fv2%2Fcomments&post=1272"}],"version-history":[{"count":1,"href":"https:\/\/www.globalcenter.info\/globe-edu\/index.php?rest_route=\/wp\/v2\/pages\/1272\/revisions"}],"predecessor-version":[{"id":1275,"href":"https:\/\/www.globalcenter.info\/globe-edu\/index.php?rest_route=\/wp\/v2\/pages\/1272\/revisions\/1275"}],"wp:attachment":[{"href":"https:\/\/www.globalcenter.info\/globe-edu\/index.php?rest_route=%2Fwp%2Fv2%2Fmedia&parent=1272"}],"curies":[{"name":"wp","href":"https:\/\/api.w.org\/{rel}","templated":true}]}}