{"id":1277,"date":"2019-08-31T09:39:56","date_gmt":"2019-08-31T06:39:56","guid":{"rendered":"http:\/\/www.globalcenter.info\/globe-edu\/?page_id=1277"},"modified":"2022-03-15T16:02:02","modified_gmt":"2022-03-15T13:02:02","slug":"globe-edu-2019","status":"publish","type":"page","link":"https:\/\/www.globalcenter.info\/globe-edu\/?page_id=1277","title":{"rendered":"GLOBE-EDU-2019"},"content":{"rendered":"\n<p class=\"has-text-align-center\"> <strong>6th Global Conference on Contemporary Issues in Education<br> (GLOBE-EDU 2019)<br>Christian University St. Petersburg, Russia 29-31 August 2019  <\/strong><\/p>\n\n\n\n<p>Link to&nbsp;GLOBE-EDU 2019 Poster is available&nbsp;<a href=\"http:\/\/www.globalcenter.info\/globe-edu\/wp-content\/uploads\/2019\/08\/1-Adet.jpg\">here<\/a><br>Link to GLOBE-EDU 2019&nbsp;Program Book is available&nbsp;<a href=\"http:\/\/www.globalcenter.info\/globe-edu\/wp-content\/uploads\/2019\/08\/GLOBEEDU2019PROGRAM.pdf\" target=\"_blank\" rel=\"noreferrer noopener\" aria-label=\"here (yeni sekmede a\u00e7\u0131l\u0131r)\">here<\/a><br>Photos from&nbsp; GLOBE-EDU 2019 is available at&nbsp;<a rel=\"noreferrer noopener\" href=\"https:\/\/www.facebook.com\/taegcenter\" target=\"_blank\">here.<\/a><\/p>\n","protected":false},"excerpt":{"rendered":"<p>6th Global Conference on Contemporary Issues in Education (GLOBE-EDU 2019)Christian University St. Petersburg, Russia 29-31 August 2019 Link to&nbsp;GLOBE-EDU 2019 Poster is available&nbsp;hereLink to GLOBE-EDU 2019&nbsp;Program Book is available&nbsp;herePhotos from&nbsp; GLOBE-EDU 2019 is available at&nbsp;here.<\/p>\n","protected":false},"author":2,"featured_media":0,"parent":0,"menu_order":0,"comment_status":"closed","ping_status":"closed","template":"","meta":{"footnotes":""},"class_list":["post-1277","page","type-page","status-publish","hentry"],"_links":{"self":[{"href":"https:\/\/www.globalcenter.info\/globe-edu\/index.php?rest_route=\/wp\/v2\/pages\/1277"}],"collection":[{"href":"https:\/\/www.globalcenter.info\/globe-edu\/index.php?rest_route=\/wp\/v2\/pages"}],"about":[{"href":"https:\/\/www.globalcenter.info\/globe-edu\/index.php?rest_route=\/wp\/v2\/types\/page"}],"author":[{"embeddable":true,"href":"https:\/\/www.globalcenter.info\/globe-edu\/index.php?rest_route=\/wp\/v2\/users\/2"}],"replies":[{"embeddable":true,"href":"https:\/\/www.globalcenter.info\/globe-edu\/index.php?rest_route=%2Fwp%2Fv2%2Fcomments&post=1277"}],"version-history":[{"count":3,"href":"https:\/\/www.globalcenter.info\/globe-edu\/index.php?rest_route=\/wp\/v2\/pages\/1277\/revisions"}],"predecessor-version":[{"id":1591,"href":"https:\/\/www.globalcenter.info\/globe-edu\/index.php?rest_route=\/wp\/v2\/pages\/1277\/revisions\/1591"}],"wp:attachment":[{"href":"https:\/\/www.globalcenter.info\/globe-edu\/index.php?rest_route=%2Fwp%2Fv2%2Fmedia&parent=1277"}],"curies":[{"name":"wp","href":"https:\/\/api.w.org\/{rel}","templated":true}]}}