{"id":1469,"date":"2021-02-09T17:47:43","date_gmt":"2021-02-09T14:47:43","guid":{"rendered":"http:\/\/www.globalcenter.info\/globe-edu\/?page_id=1469"},"modified":"2022-03-15T15:56:12","modified_gmt":"2022-03-15T12:56:12","slug":"globe-edu-2020","status":"publish","type":"page","link":"https:\/\/www.globalcenter.info\/globe-edu\/?page_id=1469","title":{"rendered":"GLOBE-EDU &#8211; 2020"},"content":{"rendered":"\n<p class=\"has-text-align-center\"><strong>7th GLOBAL CONFERENCE ON CONTEMPORARY in EDUCATION<\/strong><br><strong>(GLOBE-EDU &#8211; 2020)<br> ONLINE CONFERENCE<\/strong><\/p>\n\n\n\n<p class=\"has-text-align-center\"><strong><em>Bay\nAtlantic University<br>\nWashington D. C. , USA<br>\n<\/em><\/strong><strong><em>19 \u2013 21 August 2020<\/em><\/strong><\/p>\n\n\n\n<p> Link to&nbsp;GLOBE-EDU 2020 Poster is available&nbsp;<a href=\"http:\/\/www.globalcenter.info\/globe-edu\/wp-content\/uploads\/2021\/02\/globeedu.jpg\">here<\/a><br>Link to GLOBE-EDU 2020&nbsp;Program Book is available&nbsp;<a href=\"http:\/\/www.globalcenter.info\/globe-edu\/wp-content\/uploads\/2021\/02\/GLOBEEDUPROGRAM2020.pdf\" target=\"_blank\" rel=\"noreferrer noopener\" aria-label=\"here (yeni sekmede a\u00e7\u0131l\u0131r)\">here<\/a><br>Photos from&nbsp; GLOBE-EDU 2020 is available at&nbsp;<a rel=\"noreferrer noopener\" href=\"https:\/\/www.facebook.com\/taegcenter\" target=\"_blank\">here.<\/a><\/p>\n","protected":false},"excerpt":{"rendered":"<p>7th GLOBAL CONFERENCE ON CONTEMPORARY in EDUCATION(GLOBE-EDU &#8211; 2020) ONLINE CONFERENCE Bay Atlantic University Washington D. C. , USA 19 \u2013 21 August 2020 Link to&nbsp;GLOBE-EDU 2020 Poster is available&nbsp;hereLink to GLOBE-EDU 2020&nbsp;Program Book is available&nbsp;herePhotos from&nbsp; GLOBE-EDU 2020 is<\/p>\n","protected":false},"author":2,"featured_media":0,"parent":0,"menu_order":0,"comment_status":"closed","ping_status":"closed","template":"","meta":{"footnotes":""},"class_list":["post-1469","page","type-page","status-publish","hentry"],"_links":{"self":[{"href":"https:\/\/www.globalcenter.info\/globe-edu\/index.php?rest_route=\/wp\/v2\/pages\/1469"}],"collection":[{"href":"https:\/\/www.globalcenter.info\/globe-edu\/index.php?rest_route=\/wp\/v2\/pages"}],"about":[{"href":"https:\/\/www.globalcenter.info\/globe-edu\/index.php?rest_route=\/wp\/v2\/types\/page"}],"author":[{"embeddable":true,"href":"https:\/\/www.globalcenter.info\/globe-edu\/index.php?rest_route=\/wp\/v2\/users\/2"}],"replies":[{"embeddable":true,"href":"https:\/\/www.globalcenter.info\/globe-edu\/index.php?rest_route=%2Fwp%2Fv2%2Fcomments&post=1469"}],"version-history":[{"count":2,"href":"https:\/\/www.globalcenter.info\/globe-edu\/index.php?rest_route=\/wp\/v2\/pages\/1469\/revisions"}],"predecessor-version":[{"id":1587,"href":"https:\/\/www.globalcenter.info\/globe-edu\/index.php?rest_route=\/wp\/v2\/pages\/1469\/revisions\/1587"}],"wp:attachment":[{"href":"https:\/\/www.globalcenter.info\/globe-edu\/index.php?rest_route=%2Fwp%2Fv2%2Fmedia&parent=1469"}],"curies":[{"name":"wp","href":"https:\/\/api.w.org\/{rel}","templated":true}]}}