{"id":32,"date":"2013-06-27T11:38:56","date_gmt":"2013-06-27T08:38:56","guid":{"rendered":"http:\/\/www.globalcenter.info\/globe-edu\/?page_id=32"},"modified":"2026-02-12T10:40:53","modified_gmt":"2026-02-12T07:40:53","slug":"conference-registration","status":"publish","type":"page","link":"https:\/\/www.globalcenter.info\/globe-edu\/?page_id=32","title":{"rendered":"Conference Registration"},"content":{"rendered":"<table width=\"625\">\n<tbody>\n<tr>\n<td width=\"146\"><\/td>\n<td width=\"166\"><strong>Early Registration Until 16 July 2026\u00a0<\/strong><\/td>\n<td width=\"169\"><strong>Late Registration <\/strong><strong><br \/>\n<\/strong> <strong>After 16 July 2026<\/strong><\/td>\n<td width=\"144\">Registration Desk<\/td>\n<\/tr>\n<tr>\n<td width=\"146\">Oral Participant<\/td>\n<td width=\"166\"><strong>110<\/strong><strong>\u20ac<\/strong><\/td>\n<td width=\"169\">120\u20ac<\/td>\n<td width=\"144\">150\u20ac<\/td>\n<\/tr>\n<tr>\n<td width=\"146\">Virtual Participant<\/td>\n<td width=\"166\"><strong>110<\/strong><strong>\u20ac<\/strong><\/td>\n<td width=\"169\">120\u20ac<\/td>\n<td width=\"144\">150\u20ac<\/td>\n<\/tr>\n<tr>\n<td width=\"146\">Audience<\/td>\n<td width=\"166\"><strong>50\u20ac<\/strong><\/td>\n<td width=\"169\">60\u20ac<\/td>\n<td width=\"144\">80\u20ac<\/td>\n<\/tr>\n<tr>\n<td width=\"146\">Accompanying Person<\/td>\n<td width=\"166\"><strong>40<\/strong><strong>\u20ac<\/strong><\/td>\n<td width=\"169\">50\u20ac<\/td>\n<td width=\"144\">70\u20ac<\/td>\n<\/tr>\n<\/tbody>\n<\/table>\n<p><b><span style=\"color: #ff0000;\">NOTE: Please let us know to how you would like to attend the conference by email.<\/span><\/b><\/p>\n<p><strong><span style=\"text-decoration: underline;\">Important:<\/span><\/strong><\/p>\n<ul>\n<li>At least one author has to register within 2 weeks after notification to be included into the program.<\/li>\n<li>If a paper has multiple authors and these authors\u2019 names are written in more than two papers, these authors have made normal registration payment<\/li>\n<li>The second and more papers 80 Euro each.<\/li>\n<li>A Group discount of 15% is available for 6 or more participants (except student) from the same institution, registering at the same time.<\/li>\n<li>If your paper is not accepted by the reviewers, your payment will be refunded.<\/li>\n<li>When you make your payment, please scan your payment receipt to <a href=\"mailto:globeedu.info@gmail.com\">globeedu.info@gmail.com,<\/a>\u00a0and also do not forget to write paper ID number<\/li>\n<li>full article should be at least 3500 words and not more than 6000 words<\/li>\n<li>Refund is only possible till 20 days before from the conference starting date, and you will get your refund after one week later from the conference finishing date.<\/li>\n<li>TRNC citizens are exempt from the participation fee.<\/li>\n<\/ul>\n<div>\n<p style=\"font-weight: 400;\"><span style=\"color: #ff0000;\"><strong><u>CREDIT CARD PAYMENT<\/u><\/strong><\/span><\/p>\n<p><a href=\"https:\/\/www.globalcenter.info\/payment\/index.php?route=product\/product&amp;product_id=386\"><img loading=\"lazy\" decoding=\"async\" class=\"alignnone\" src=\"http:\/\/www.globalcenter.info\/globe-edu\/wp-content\/uploads\/2020\/04\/payment-logo-300x109.png\" alt=\"Bu g\u00f6rsel bo\u015f bir alt niteli\u011fe sahip; dosya ad\u0131 payment-logo-300x109.png\" width=\"300\" height=\"109\" \/><\/a><\/p>\n<\/div>\n<div><\/div>\n<div><strong>Contacts for Registration and Accommodation Only<\/strong><\/div>\n<div><\/div>\n<div>\n<p>WhatsApp:+90 542 873 73 31<br \/>\nEmail:<a href=\"mailto:globeedu.info@gmail.com\"> globeedu.info@gmail.com<\/a><\/p>\n<\/div>\n<div><\/div>\n<div><strong>Important Note:<\/strong>\u00a0This phone opens from 9.00 am to 18.00 pm\u00a0<span style=\"color: #ff0000;\"><strong>(GMT+02:00 \u2013 Athens, Istanbul)<\/strong><\/span>\u00a0during the week. If the organizer of the conference is not convenient, he might not reply your phone. You can call again after a while in order to contact to him.<\/div>\n<div><\/div>\n<div><\/div>\n<form action=\"https:\/\/www.paypal.com\/cgi-bin\/webscr\" method=\"post\" target=\"_top\"><\/form>\n<form action=\"https:\/\/www.paypal.com\/cgi-bin\/webscr\" method=\"post\" target=\"_top\"><img loading=\"lazy\" decoding=\"async\" src=\"https:\/\/www.paypalobjects.com\/en_US\/i\/scr\/pixel.gif\" alt=\"\" width=\"1\" height=\"1\" border=\"0\" \/><\/form>\n","protected":false},"excerpt":{"rendered":"<p>Early Registration Until 16 July 2026\u00a0 Late Registration After 16 July 2026 Registration Desk Oral Participant 110\u20ac 120\u20ac 150\u20ac Virtual Participant 110\u20ac 120\u20ac 150\u20ac Audience 50\u20ac 60\u20ac 80\u20ac Accompanying Person 40\u20ac 50\u20ac 70\u20ac NOTE: Please let us know to how<\/p>\n","protected":false},"author":2,"featured_media":0,"parent":0,"menu_order":0,"comment_status":"closed","ping_status":"open","template":"","meta":{"footnotes":""},"class_list":["post-32","page","type-page","status-publish","hentry"],"_links":{"self":[{"href":"https:\/\/www.globalcenter.info\/globe-edu\/index.php?rest_route=\/wp\/v2\/pages\/32"}],"collection":[{"href":"https:\/\/www.globalcenter.info\/globe-edu\/index.php?rest_route=\/wp\/v2\/pages"}],"about":[{"href":"https:\/\/www.globalcenter.info\/globe-edu\/index.php?rest_route=\/wp\/v2\/types\/page"}],"author":[{"embeddable":true,"href":"https:\/\/www.globalcenter.info\/globe-edu\/index.php?rest_route=\/wp\/v2\/users\/2"}],"replies":[{"embeddable":true,"href":"https:\/\/www.globalcenter.info\/globe-edu\/index.php?rest_route=%2Fwp%2Fv2%2Fcomments&post=32"}],"version-history":[{"count":110,"href":"https:\/\/www.globalcenter.info\/globe-edu\/index.php?rest_route=\/wp\/v2\/pages\/32\/revisions"}],"predecessor-version":[{"id":2084,"href":"https:\/\/www.globalcenter.info\/globe-edu\/index.php?rest_route=\/wp\/v2\/pages\/32\/revisions\/2084"}],"wp:attachment":[{"href":"https:\/\/www.globalcenter.info\/globe-edu\/index.php?rest_route=%2Fwp%2Fv2%2Fmedia&parent=32"}],"curies":[{"name":"wp","href":"https:\/\/api.w.org\/{rel}","templated":true}]}}