{"id":48,"date":"2013-06-27T11:41:52","date_gmt":"2013-06-27T08:41:52","guid":{"rendered":"http:\/\/www.globalcenter.info\/globe-edu\/?page_id=48"},"modified":"2023-03-03T16:18:01","modified_gmt":"2023-03-03T13:18:01","slug":"conference-place","status":"publish","type":"page","link":"https:\/\/www.globalcenter.info\/globe-edu\/?page_id=48","title":{"rendered":"Conference Place"},"content":{"rendered":"\n<h2 class=\"wp-block-heading\">Grand Park Lara<br>Antalya\/Turkey<\/h2>\n\n\n\n<p><\/p>\n\n\n\n<iframe src=\"https:\/\/www.google.com\/maps\/embed?pb=!1m18!1m12!1m3!1d1625604.400748048!2d28.997664182586153!3d37.27122327823004!2m3!1f0!2f0!3f0!3m2!1i1024!2i768!4f13.1!3m3!1m2!1s0x14c39cad8a0526af%3A0x4caaa17759c43d01!2sGrand%20Park%20Lara!5e0!3m2!1str!2str!4v1677849326700!5m2!1str!2str\" width=\"600\" height=\"450\" style=\"border:0;\" allowfullscreen=\"\" loading=\"lazy\" referrerpolicy=\"no-referrer-when-downgrade\"><\/iframe>\n\n\n\n<figure class=\"wp-block-image\"><img decoding=\"async\" src=\"https:\/\/dynamic-media-cdn.tripadvisor.com\/media\/photo-o\/1d\/40\/88\/0e\/gece-gorunumu.jpg?w=700&amp;h=-1&amp;s=1\" alt=\"GRAND PARK LARA (Kemera\u011fz\u0131, T\u00fcrkiye) - Otel Yorumlar\u0131 ve Fiyat  Kar\u015f\u0131la\u015ft\u0131rmas\u0131 - Tripadvisor\"\/><\/figure>\n","protected":false},"excerpt":{"rendered":"<p>Grand Park LaraAntalya\/Turkey<\/p>\n","protected":false},"author":2,"featured_media":0,"parent":0,"menu_order":0,"comment_status":"closed","ping_status":"open","template":"","meta":{"footnotes":""},"class_list":["post-48","page","type-page","status-publish","hentry"],"_links":{"self":[{"href":"https:\/\/www.globalcenter.info\/globe-edu\/index.php?rest_route=\/wp\/v2\/pages\/48"}],"collection":[{"href":"https:\/\/www.globalcenter.info\/globe-edu\/index.php?rest_route=\/wp\/v2\/pages"}],"about":[{"href":"https:\/\/www.globalcenter.info\/globe-edu\/index.php?rest_route=\/wp\/v2\/types\/page"}],"author":[{"embeddable":true,"href":"https:\/\/www.globalcenter.info\/globe-edu\/index.php?rest_route=\/wp\/v2\/users\/2"}],"replies":[{"embeddable":true,"href":"https:\/\/www.globalcenter.info\/globe-edu\/index.php?rest_route=%2Fwp%2Fv2%2Fcomments&post=48"}],"version-history":[{"count":19,"href":"https:\/\/www.globalcenter.info\/globe-edu\/index.php?rest_route=\/wp\/v2\/pages\/48\/revisions"}],"predecessor-version":[{"id":1751,"href":"https:\/\/www.globalcenter.info\/globe-edu\/index.php?rest_route=\/wp\/v2\/pages\/48\/revisions\/1751"}],"wp:attachment":[{"href":"https:\/\/www.globalcenter.info\/globe-edu\/index.php?rest_route=%2Fwp%2Fv2%2Fmedia&parent=48"}],"curies":[{"name":"wp","href":"https:\/\/api.w.org\/{rel}","templated":true}]}}