{"id":7,"date":"2013-06-27T11:33:24","date_gmt":"2013-06-27T08:33:24","guid":{"rendered":"http:\/\/www.globalcenter.info\/globe-edu\/?page_id=7"},"modified":"2025-11-07T15:47:41","modified_gmt":"2025-11-07T12:47:41","slug":"organizating-committee","status":"publish","type":"page","link":"https:\/\/www.globalcenter.info\/globe-edu\/?page_id=7","title":{"rendered":"Organizing Committe"},"content":{"rendered":"<p><strong>Organized by<\/strong><br \/>\n<a href=\"https:\/\/neu.edu.tr\/?lang=en\">University of Kyrenia<\/a><br \/>\n<a href=\"http:\/\/www.taeg-center.org\">TAEG-Center<\/a><\/p>\n<p><strong>Honorary President<br \/>\n<\/strong><a href=\"https:\/\/www.scopus.com\/authid\/detail.uri?authorId=7401610119\">Steven M. Ross<\/a>, <em>PhD<br \/>\n<\/em>Professor, John Hopkins University, USA<\/p>\n<p><strong>Program Chair<br \/>\n<\/strong><strong>Prof. Dr. Hafize Keser, <\/strong>Ankara University, Turkey<\/p>\n<p><strong>International Program Committee<br \/>\n<\/strong>Omar Fernando Cort\u00e9s Pe\u00f1a,\u00a0<em>Universidad de la Costa CUC,\u00a0<\/em>Colombia<br \/>\nKobus Maree,\u00a0<em>Pretoria University<\/em>, South Africa<br \/>\nJesus Garcia Laborda,\u00a0<em>Alcala University<\/em>, Spain<br \/>\nGul Celkan,\u00a0<em>Middle Georgia State College<\/em>, USA<br \/>\nSelma Koc,\u00a0<em>Cleveland State University<\/em>, USA<br \/>\nMohammad Ali Nasrollahi, Technical and Vocational University, Iran\u00a0 \u00a0 \u00a0 \u00a0 \u00a0 \u00a0 \u00a0 \u00a0 \u00a0 \u00a0 \u00a0 \u00a0 \u00a0 \u00a0 \u00a0 \u00a0 \u00a0 \u00a0 \u00a0 \u00a0 \u00a0 \u00a0 \u00a0 \u00a0 \u00a0 \u00a0 \u00a0 \u00a0 \u00a0 \u00a0 \u00a0 \u00a0 \u00a0 \u00a0 \u00a0 \u00a0 \u00a0 \u00a0 \u00a0 \u00a0 \u00a0Atefeh Ferdosipour, Educational Psychologist, PhD | AI &amp; Education Researcher | Academic Consultant, USA<\/p>\n<p><strong>\u00a0<\/strong><strong>Organizing Committee<br \/>\n<\/strong>Dr. Tahir Tavuk\u00e7u, Cyprus Social Sciences University<br \/>\nDr. Nihat Ekizo\u011flu, Ataturk Teacher Training Academy<br \/>\nDr. Blerta Prevalla Etemi<strong>,\u00a0<\/strong>AAB University<br \/>\nFlorijeta Hulaj,\u00a0<em>AAB College<\/em><br \/>\nLilia Trushko, Girne American University<br \/>\nNesli Bahar Yava\u015f, European University of Lefke<br \/>\nSemih \u00c7al\u0131\u015fkan, Izmir T\u0131naztepe University<br \/>\nZeynep Gen\u00e7, Istanbul Ayd\u0131n University<\/p>\n<p>Atefeh Ferdosipour, International Journalist, USA<\/p>\n<p><strong>\u00a0<\/strong><\/p>\n<p><strong>Secretariat<br \/>\n<\/strong>Nuran Cemal<\/p>\n<p><a href=\"mailto:globeedu.info@gmail.com\">globeedu.info@gmail.com<\/a><\/p>\n","protected":false},"excerpt":{"rendered":"<p>Organized by University of Kyrenia TAEG-Center Honorary President Steven M. Ross, PhD Professor, John Hopkins University, USA Program Chair Prof. Dr. Hafize Keser, Ankara University, Turkey International Program Committee Omar Fernando Cort\u00e9s Pe\u00f1a,\u00a0Universidad de la Costa CUC,\u00a0Colombia Kobus Maree,\u00a0Pretoria University,<\/p>\n","protected":false},"author":2,"featured_media":0,"parent":0,"menu_order":0,"comment_status":"closed","ping_status":"open","template":"","meta":{"footnotes":""},"class_list":["post-7","page","type-page","status-publish","hentry"],"_links":{"self":[{"href":"https:\/\/www.globalcenter.info\/globe-edu\/index.php?rest_route=\/wp\/v2\/pages\/7"}],"collection":[{"href":"https:\/\/www.globalcenter.info\/globe-edu\/index.php?rest_route=\/wp\/v2\/pages"}],"about":[{"href":"https:\/\/www.globalcenter.info\/globe-edu\/index.php?rest_route=\/wp\/v2\/types\/page"}],"author":[{"embeddable":true,"href":"https:\/\/www.globalcenter.info\/globe-edu\/index.php?rest_route=\/wp\/v2\/users\/2"}],"replies":[{"embeddable":true,"href":"https:\/\/www.globalcenter.info\/globe-edu\/index.php?rest_route=%2Fwp%2Fv2%2Fcomments&post=7"}],"version-history":[{"count":52,"href":"https:\/\/www.globalcenter.info\/globe-edu\/index.php?rest_route=\/wp\/v2\/pages\/7\/revisions"}],"predecessor-version":[{"id":2046,"href":"https:\/\/www.globalcenter.info\/globe-edu\/index.php?rest_route=\/wp\/v2\/pages\/7\/revisions\/2046"}],"wp:attachment":[{"href":"https:\/\/www.globalcenter.info\/globe-edu\/index.php?rest_route=%2Fwp%2Fv2%2Fmedia&parent=7"}],"curies":[{"name":"wp","href":"https:\/\/api.w.org\/{rel}","templated":true}]}}