{"id":2,"date":"2014-11-14T13:38:22","date_gmt":"2014-11-14T13:38:22","guid":{"rendered":"http:\/\/www.globalcenter.info\/ic-ed\/?page_id=2"},"modified":"2025-08-30T14:02:12","modified_gmt":"2025-08-30T11:02:12","slug":"ornek-sayfa","status":"publish","type":"page","link":"https:\/\/www.globalcenter.info\/ic-ed\/","title":{"rendered":"Home"},"content":{"rendered":"<div class=\"vce-row-container\" data-vce-boxed-width=\"true\"><div class=\"vce-row vce-row--col-gap-30 vce-row-equal-height vce-row-content--top\" id=\"el-78e8496e\" data-vce-do-apply=\"all el-78e8496e\"><div class=\"vce-row-content\" data-vce-element-content=\"true\"><div class=\"vce-col vce-col--md-auto vce-col--xs-1 vce-col--xs-last vce-col--xs-first vce-col--sm-last vce-col--sm-first vce-col--md-first vce-col--lg-first vce-col--xl-first\" id=\"el-6fe28d27\"><div class=\"vce-col-inner\" data-vce-do-apply=\"border margin background  el-6fe28d27\"><div class=\"vce-col-content\" data-vce-element-content=\"true\" data-vce-do-apply=\"padding el-6fe28d27\"><div class=\"vce-simple-image-slider\" style=\"--backgroundPosition: center center; --pointerColor: #fff; --pointerColorHover: #fd9a00;\"><div class=\"vce-simple-image-slider-wrapper vce\" id=\"el-18506b19\" data-vce-do-apply=\"all el-18506b19\"><div class=\"vce-simple-image-slider-helper vce-simple-image-slider-aspect-ratio--3-4\"><div class=\"vce-simple-image-slider-list\" data-slick-autoplay=\"on\" data-slick-autoplay-delay=\"5000\" data-slick-effect=\"slideIn\" data-slick-dots=\"on\" data-slick-arrows=\"off\"><div class=\"slick-list\"><div class=\"slick-track\"><div class=\"vce-simple-image-slider-item vc-slick-item\"><div style=\"background-image:url(https:\/\/www.globalcenter.info\/ic-ed\/wp-content\/uploads\/2024\/07\/Ekran-Resmi-2024-07-17-11.04.28.png)\" class=\"vce-simple-image-slider-img vce-simple-image-slider-img--scale\"><img decoding=\"async\" class=\"\" src=\"https:\/\/www.globalcenter.info\/ic-ed\/wp-content\/uploads\/2024\/07\/Ekran-Resmi-2024-07-17-11.04.28.png\" style=\"opacity:0\" alt=\"\"><\/div><\/div><div class=\"vce-simple-image-slider-item vc-slick-item\"><div style=\"background-image:url(https:\/\/www.globalcenter.info\/ic-ed\/wp-content\/uploads\/2024\/07\/1708110227737.jpeg)\" class=\"vce-simple-image-slider-img vce-simple-image-slider-img--scale\"><img decoding=\"async\" class=\"\" src=\"https:\/\/www.globalcenter.info\/ic-ed\/wp-content\/uploads\/2024\/07\/1708110227737.jpeg\" style=\"opacity:0\" alt=\"\"><\/div><\/div><div class=\"vce-simple-image-slider-item vc-slick-item\"><div style=\"background-image:url(https:\/\/www.globalcenter.info\/ic-ed\/wp-content\/uploads\/2024\/07\/the-strip.jpg)\" class=\"vce-simple-image-slider-img vce-simple-image-slider-img--scale\"><img decoding=\"async\" class=\"\" src=\"https:\/\/www.globalcenter.info\/ic-ed\/wp-content\/uploads\/2024\/07\/the-strip.jpg\" style=\"opacity:0\" alt=\"\"><\/div><\/div><\/div><\/div><\/div><div class=\"vce-simple-image-slider-dots\"><\/div><\/div><\/div><\/div><\/div><\/div><\/div><div class=\"vce-col vce-col--md-auto vce-col--xs-1 vce-col--xs-last vce-col--xs-first vce-col--sm-last vce-col--sm-first vce-col--md-last vce-col--lg-last vce-col--xl-last\" id=\"el-066063d0\"><div class=\"vce-col-inner\" data-vce-do-apply=\"border margin background  el-066063d0\"><div class=\"vce-col-content\" data-vce-element-content=\"true\" data-vce-do-apply=\"padding el-066063d0\"><div class=\"vce-text-block\"><div class=\"vce-text-block-wrapper vce\" id=\"el-2223efe8\" data-vce-do-apply=\"all el-2223efe8\"><h2>&nbsp;<\/h2><h2 style=\"text-align: center;\"><span style=\"color: #333333;\"><span style=\"font-weight: bold;\">13th INTERNATIONAL CONFERENCE ON &nbsp;EDUCATION (IC-ED 2026)<\/span><\/span><\/h2><h3 style=\"text-align: center;\">The STRAT Hotel, Casino &amp; Tower<br><strong>Las Vegas, USA<\/strong><\/h3><h3 style=\"text-align: center;\">30th - 31st January 2026<\/h3><p style=\"text-align: center;\"><span style=\"color: #ff0000;\">Due Date for Abstract Submission: <strong>30th November 2025<\/strong><\/span><\/p><\/div><\/div><\/div><\/div><\/div><\/div><\/div><\/div><div class=\"vce-row-container\" data-vce-boxed-width=\"true\"><div class=\"vce-row vce-row--col-gap-30 vce-row-equal-height vce-row-content--top\" id=\"el-c70f3f65\" data-vce-do-apply=\"all el-c70f3f65\"><div class=\"vce-row-content\" data-vce-element-content=\"true\"><div class=\"vce-col vce-col--md-auto vce-col--xs-1 vce-col--xs-last vce-col--xs-first vce-col--sm-last vce-col--sm-first vce-col--md-last vce-col--lg-last vce-col--xl-last vce-col--md-first vce-col--lg-first vce-col--xl-first\" id=\"el-97f9a4a6\"><div class=\"vce-col-inner\" data-vce-do-apply=\"border margin background  el-97f9a4a6\"><div class=\"vce-col-content\" data-vce-element-content=\"true\" data-vce-do-apply=\"padding el-97f9a4a6\"><div class=\"vce-text-block\"><div class=\"vce-text-block-wrapper vce\" id=\"el-50071b6c\" data-vce-do-apply=\"all el-50071b6c\"><ul style=\"color: #989fa8; font-family: Roboto, sans-serif; font-size: 14px; letter-spacing: normal;\"><li>Articles selected by the editors of the journals supporting the conference will be invited to the journal\u2019s review process. <span style=\"color: #ff0000;\"><strong>Clarivate Analytics Web of Science<\/strong><\/span> <strong>(<\/strong><span style=\"color: #3366ff;\"><strong>SCI,<\/strong><\/span> <span style=\"color: #99cc00;\"><strong>SCI-Expanded<\/strong><\/span><strong>, <\/strong><strong><span style=\"color: #ff00ff;\">SSCI<\/span>,<\/strong> <strong>or<\/strong> <span style=\"color: #3366ff;\"><strong>ESCI<\/strong><\/span><strong>)<\/strong><strong>, or <\/strong><span style=\"color: #99cc00;\"><strong>SCOPUS<\/strong><strong>.<\/strong><\/span><\/li><li>The remaining accepted full papers will be published as <strong>\u201c<span style=\"color: #ff0000;\">IC-ED-2026 Proceedings Book\u201d<\/span><\/strong> (with ISSN and DOI number) and also submitted to <span style=\"color: #99cc00;\"><strong>SCOPUS<\/strong> <\/span>and <span style=\"color: #ffcc99;\"><strong>Clarivate Analytics Conference Proceedings Citation Index <\/strong><\/span>for evaluation for inclusion in the list.<\/li><li>After the review process, accepted full papers will be published in the<span style=\"color: #0000ff;\"> International Journal of Learning and Teaching<\/span> and <span style=\"color: #000000;\">t<\/span><span style=\"color: #003366;\"><span style=\"color: #000000;\">he<\/span> Cypriot Journal of Educational Sciences<\/span><\/li><li>In addition, distinguished keynote speakers who are internationally renowned in the field will be giving presentations at the conference. You will also have a chance to discuss your work with the editors of the most respected journals.<\/li><li>All proposals will be subjected to peer reviews.<\/li><li>Best Abstract and Poster Awards<\/li><li>Oral, Poster, or Virtual Presentation Certificate<\/li><li>Participation and Presentation Certificate<\/li><li>Conference Bag<\/li><li>Online Abstracts Book<\/li><li>Printed Program Book<\/li><li>Networking times for collaboration and projects<\/li><li><span style=\"font-weight: bold; font-size: inherit;\">For more information<\/span> <a href=\"mailto:iced.infodesk@gmail.com\">iced.infodesk@gmail.com<\/a>, WhatsApp: +905428737331&nbsp; &nbsp;<\/li><li><div><span style=\"color: #800000;\"><b>Y\u00d6K Akademik Te\u015fvik \u00d6dene\u011fi Y\u00f6netmeli\u011fi ve UAK Do\u00e7entlik Kriterlerini kar\u015f\u0131lamaktad\u0131r.&nbsp;<\/b><\/span><\/div><\/li><\/ul><\/div><\/div><\/div><\/div><\/div><\/div><\/div><\/div><div class=\"vce-row-container\" data-vce-boxed-width=\"true\"><div class=\"vce-row vce-row--col-gap-30 vce-row-equal-height vce-row-content--top\" id=\"el-0d1e55b5\" data-vce-do-apply=\"all el-0d1e55b5\"><div class=\"vce-row-content\" data-vce-element-content=\"true\"><div class=\"vce-col vce-col--md-auto vce-col--xs-1 vce-col--xs-last vce-col--xs-first vce-col--sm-last vce-col--sm-first vce-col--md-last vce-col--lg-last vce-col--xl-last vce-col--md-first vce-col--lg-first vce-col--xl-first\" id=\"el-07dd7961\"><div class=\"vce-col-inner\" data-vce-do-apply=\"border margin background  el-07dd7961\"><div class=\"vce-col-content\" data-vce-element-content=\"true\" data-vce-do-apply=\"padding el-07dd7961\"><div class=\"vce-text-block\"><div class=\"vce-text-block-wrapper vce\" id=\"el-4df7c732\" data-vce-do-apply=\"all el-4df7c732\"><h2><span style=\"color: #989fa8; font-family: Roboto, sans-serif; font-size: 14px; letter-spacing: normal;\">Hope to meet you in Las Vegas.<\/span><span style=\"font-weight: bold; color: #989fa8; font-family: Roboto, sans-serif; font-size: 14px; letter-spacing: normal;\">..<br><\/span><strong style=\"color: #000000; font-size: medium; letter-spacing: normal;\"><span lang=\"EN-US\" style=\"font-size: 11pt; line-height: 15.6933px; font-family: Calibri, sans-serif; border: 1pt none windowtext; padding: 0cm;\">Prof. Dr. Huseyin Uzunboylu, <\/span><\/strong><span lang=\"EN-US\" style=\"font-size: 11pt; line-height: 15.6933px; font-family: Calibri, sans-serif; border: 1pt none windowtext; padding: 0cm;\">University of Kyrenia, North Cyprus<\/span><strong style=\"color: #000000; font-size: medium; letter-spacing: normal;\"><span lang=\"EN-US\" style=\"font-size: 11pt; line-height: 15.6933px; font-family: Calibri, sans-serif; border: 1pt none windowtext; padding: 0cm;\"><br><\/span><\/strong><span style=\"color: #989fa8; font-family: Roboto, sans-serif; font-size: 14px; letter-spacing: normal;\">Program Chair<\/span><\/h2><\/div><\/div><\/div><\/div><\/div><\/div><\/div><\/div><div class=\"vce-row-container\" data-vce-boxed-width=\"true\"><div class=\"vce-row vce-row--col-gap-30 vce-row-equal-height vce-row-content--top\" id=\"el-59f8e815\" data-vce-do-apply=\"all el-59f8e815\"><div class=\"vce-row-content\" data-vce-element-content=\"true\"><div class=\"vce-col vce-col--md-auto vce-col--xs-1 vce-col--xs-last vce-col--xs-first vce-col--sm-last vce-col--sm-first vce-col--md-last vce-col--lg-last vce-col--xl-last vce-col--md-first vce-col--lg-first vce-col--xl-first\" id=\"el-5a1b2383\"><div class=\"vce-col-inner\" data-vce-do-apply=\"border margin background  el-5a1b2383\"><div class=\"vce-col-content\" data-vce-element-content=\"true\" data-vce-do-apply=\"padding el-5a1b2383\"><div class=\"vce-text-block\"><div class=\"vce-text-block-wrapper vce\" id=\"el-67e435a3\" data-vce-do-apply=\"all el-67e435a3\"><p><a href=\"http:\/\/www.taeg-conferences.online\/index.php\/IC-ED\/ic-ed2026\/schedConf\/cfp\"><img loading=\"lazy\" decoding=\"async\" class=\"aligncenter wp-image-1310\" src=\"https:\/\/www.globalcenter.info\/ic-ed\/wp-content\/uploads\/2023\/04\/5364002.png\" alt=\"\" width=\"351\" height=\"89\" srcset=\"https:\/\/www.globalcenter.info\/ic-ed\/wp-content\/uploads\/2023\/04\/5364002.png 1240w, https:\/\/www.globalcenter.info\/ic-ed\/wp-content\/uploads\/2023\/04\/5364002-300x76.png 300w, https:\/\/www.globalcenter.info\/ic-ed\/wp-content\/uploads\/2023\/04\/5364002-1024x260.png 1024w, https:\/\/www.globalcenter.info\/ic-ed\/wp-content\/uploads\/2023\/04\/5364002-768x195.png 768w, https:\/\/www.globalcenter.info\/ic-ed\/wp-content\/uploads\/2023\/04\/5364002-820x208.png 820w\" sizes=\"(max-width: 351px) 100vw, 351px\" \/><\/a><\/p><hr><h4><strong><span lang=\"TR\">ICED-2018 PROCEEDINGS INDEXED IN WEB OF SCIENCE<\/span><\/strong><\/h4><p><a href=\"https:\/\/www.globalcenter.info\/ic-ed\/wp-content\/uploads\/2019\/02\/ICED-2018-1.jpg\"><img loading=\"lazy\" decoding=\"async\" class=\"alignnone size-full wp-image-761\" src=\"https:\/\/www.globalcenter.info\/ic-ed\/wp-content\/uploads\/2019\/02\/ICED-2018-1.jpg\" sizes=\"(max-width: 1458px) 100vw, 1458px\" srcset=\"https:\/\/www.globalcenter.info\/ic-ed\/wp-content\/uploads\/2019\/02\/ICED-2018-1.jpg 1458w, https:\/\/www.globalcenter.info\/ic-ed\/wp-content\/uploads\/2019\/02\/ICED-2018-1-300x192.jpg 300w, https:\/\/www.globalcenter.info\/ic-ed\/wp-content\/uploads\/2019\/02\/ICED-2018-1-768x491.jpg 768w, https:\/\/www.globalcenter.info\/ic-ed\/wp-content\/uploads\/2019\/02\/ICED-2018-1-1024x655.jpg 1024w\" alt=\"\" width=\"1458\" height=\"932\"><\/a><\/p><\/div><\/div><\/div><\/div><\/div><\/div><\/div><\/div>\n","protected":false},"excerpt":{"rendered":"<p>&nbsp;13th INTERNATIONAL CONFERENCE ON &nbsp;EDUCATION (IC-ED 2026)The STRAT Hotel, Casino &amp; TowerLas Vegas, USA30th &#8211; 31st January 2026Due Date for Abstract Submission: 30th November 2025Articles selected by the editors of the journals supporting the conference will be invited to the journal\u2019s review process. Clarivate Analytics Web of Science (SCI, SCI-Expanded, SSCI, or ESCI), or SCOPUS.The [&hellip;]<\/p>\n","protected":false},"author":2,"featured_media":0,"parent":0,"menu_order":0,"comment_status":"closed","ping_status":"open","template":"","meta":{"_eb_attr":"","footnotes":""},"class_list":["post-2","page","type-page","status-publish","hentry"],"_links":{"self":[{"href":"https:\/\/www.globalcenter.info\/ic-ed\/index.php?rest_route=\/wp\/v2\/pages\/2"}],"collection":[{"href":"https:\/\/www.globalcenter.info\/ic-ed\/index.php?rest_route=\/wp\/v2\/pages"}],"about":[{"href":"https:\/\/www.globalcenter.info\/ic-ed\/index.php?rest_route=\/wp\/v2\/types\/page"}],"author":[{"embeddable":true,"href":"https:\/\/www.globalcenter.info\/ic-ed\/index.php?rest_route=\/wp\/v2\/users\/2"}],"replies":[{"embeddable":true,"href":"https:\/\/www.globalcenter.info\/ic-ed\/index.php?rest_route=%2Fwp%2Fv2%2Fcomments&post=2"}],"version-history":[{"count":224,"href":"https:\/\/www.globalcenter.info\/ic-ed\/index.php?rest_route=\/wp\/v2\/pages\/2\/revisions"}],"predecessor-version":[{"id":1526,"href":"https:\/\/www.globalcenter.info\/ic-ed\/index.php?rest_route=\/wp\/v2\/pages\/2\/revisions\/1526"}],"wp:attachment":[{"href":"https:\/\/www.globalcenter.info\/ic-ed\/index.php?rest_route=%2Fwp%2Fv2%2Fmedia&parent=2"}],"curies":[{"name":"wp","href":"https:\/\/api.w.org\/{rel}","templated":true}]}}