{"id":27,"date":"2014-11-20T13:43:31","date_gmt":"2014-11-20T11:43:31","guid":{"rendered":"http:\/\/www.globalcenter.info\/ic-ed\/?page_id=27"},"modified":"2025-08-06T10:11:21","modified_gmt":"2025-08-06T07:11:21","slug":"conference-registration","status":"publish","type":"page","link":"https:\/\/www.globalcenter.info\/ic-ed\/?page_id=27","title":{"rendered":"Conference Registration"},"content":{"rendered":"<div class=\"vce-row-container\" data-vce-boxed-width=\"true\"><div class=\"vce-row vce-row--col-gap-30 vce-row-equal-height vce-row-content--top\" id=\"el-5ae7c8ef\" data-vce-do-apply=\"all el-5ae7c8ef\"><div class=\"vce-row-content\" data-vce-element-content=\"true\"><div class=\"vce-col vce-col--md-auto vce-col--xs-1 vce-col--xs-last vce-col--xs-first vce-col--sm-last vce-col--sm-first vce-col--md-last vce-col--lg-last vce-col--xl-last vce-col--md-first vce-col--lg-first vce-col--xl-first\" id=\"el-20dc9870\"><div class=\"vce-col-inner\" data-vce-do-apply=\"border margin background  el-20dc9870\"><div class=\"vce-col-content\" data-vce-element-content=\"true\" data-vce-do-apply=\"padding el-20dc9870\"><div class=\"vce-text-block\"><div class=\"vce-text-block-wrapper vce\" id=\"el-4996cd24\" data-vce-do-apply=\"all el-4996cd24\"><table style=\"height: 198px;\" width=\"758\"><tbody><tr><td width=\"180\"><strong>Participation Type<\/strong><\/td><td width=\"151\"><strong>Early Registration until December 16, 2025.<\/strong><\/td><td width=\"142\"><strong>Late Registration after December 16, 2025.<\/strong><strong><br><\/strong><\/td><td width=\"169\"><strong>Registration Desk<\/strong><\/td><\/tr><tr><td width=\"180\">Oral Participant<\/td><td width=\"151\"><strong>110\u20ac<\/strong><\/td><td width=\"142\">120\u20ac<\/td><td width=\"169\">150\u20ac<\/td><\/tr><tr><td width=\"180\">Virtual Participant<\/td><td width=\"151\"><strong>110\u20ac<\/strong><\/td><td width=\"142\">120\u20ac<\/td><td width=\"169\">150\u20ac<\/td><\/tr><tr><td width=\"180\">Audience<\/td><td width=\"151\"><strong>50\u20ac<\/strong><\/td><td width=\"142\">60\u20ac<\/td><td width=\"169\">70\u20ac<\/td><\/tr><tr><td width=\"180\">Accompanying Person<\/td><td width=\"151\"><strong>40\u20ac<\/strong><\/td><td width=\"142\">50\u20ac<\/td><td width=\"169\">60\u20ac<\/td><\/tr><\/tbody><\/table><ul><li>Cost for Publishing one Paper<\/li><li>Cost of Attendance for one Participant<\/li><li>Participation Certificate<\/li><li>Entrance to all Workshops<\/li><li>Printed Program Book<\/li><li>Conference Bag<\/li><li>Hot Beverages<\/li><li>Free Wireless Internet Connection<\/li><\/ul><p><strong>Audience Registration Fee Includes<\/strong><\/p><ul><li>Cost of attendance for one participant<\/li><li>Audience Certificate<\/li><li>Conference Bag<\/li><li>Hot Beverages<\/li><li>Free Wireless Internet Connection<\/li><li>Printed Program Book<\/li><\/ul><p><span style=\"color: #ff0000;\"><strong>Important:<\/strong><\/span><\/p><ul><li>At least one author has to register within 2 weeks after notification to be included into the program.<\/li><li>If a paper has multiple authors and these authors\u2019 names are written in more than two papers, these authors have made normal registration payment<\/li><li>The second and more papers 80 USD each.<\/li><li>A Group discount of 15% is available for 6 or more participants (except student) from the same institution, registering at the same time.<\/li><li>If your paper is not accepted by the reviewers, your payment will be refunded.<\/li><li>When you make your payment, please scan your payment receipt to&nbsp;<a href=\"mailto:iced.infodesk@gmail.com\">iced.infodesk@gmail.com<\/a> and also do not forget to write paper ID number<\/li><li>If your full paper is more than 8 pages, you have to pay 21 USD per page<\/li><li>You can make your extra pages payment using the same payment methods used for registration<\/li><li>Refund is only possible till 20 days before from the conference starting date, and you will get your refund after one week later from the conference finishing date.<\/li><li>Participants and students who work or study in universities and institutions being collaboration with the conference, get benefit from the 20% discount of participant registration fee&nbsp;<span style=\"color: #ff0000;\"><strong>(from USD current rate)<\/strong>.<\/span><\/li><li>TRNC citizens are exempt from the participation fee.<\/li><\/ul><p style=\"font-weight: 400;\"><span style=\"color: #ff0000;\"><strong><u>CREDIT CARD PAYMENT<\/u><\/strong><\/span><\/p><ul style=\"font-weight: 400;\"><li>If you prefer to make your registration payment with Credit Card,&nbsp;<a href=\"https:\/\/www.globalcenter.info\/payment\/index.php?route=product\/product&amp;product_id=292\">Please click here for&nbsp;<strong>CREDIT CARD PAYMENT<\/strong><\/a><\/li><\/ul><p><span style=\"color: #ff0000;\"><strong>Contacts for Registration and Accommodation Only<\/strong><\/span><\/p><p><strong>For more information<\/strong>: <a href=\"mailto:iced.infodesk@gmail.com\">iced.infodesk@gmail.com<\/a><\/p><p><a href=\"https:\/\/www.globalcenter.info\/payment\/index.php?route=product\/product&amp;product_id=292\"><img loading=\"lazy\" decoding=\"async\" class=\"alignnone\" src=\"http:\/\/www.globalcenter.info\/gcpr\/wp-content\/uploads\/2020\/04\/payment-logo-300x109-1.png\" alt=\"Bu g\u00f6rsel bo\u015f bir alt niteli\u011fe sahip; dosya ad\u0131 payment-logo-300x109-1.png\" width=\"300\" height=\"109\"><\/a><\/p><p><strong>Contacts for Registration and Accommodation Only<\/strong><\/p><p>WhatsApp:+90 542 873 73 31<br>Email: congress.infodesk@gmail.com<\/p><\/div><\/div><\/div><\/div><\/div><\/div><\/div><\/div>\n","protected":false},"excerpt":{"rendered":"<p>Participation TypeEarly Registration until December 16, 2025.Late Registration after December 16, 2025.Registration DeskOral Participant110\u20ac120\u20ac150\u20acVirtual Participant110\u20ac120\u20ac150\u20acAudience50\u20ac60\u20ac70\u20acAccompanying Person40\u20ac50\u20ac60\u20acCost for Publishing one PaperCost of Attendance for one ParticipantParticipation CertificateEntrance to all WorkshopsPrinted Program BookConference BagHot BeveragesFree Wireless Internet ConnectionAudience Registration Fee IncludesCost of attendance for one participantAudience CertificateConference BagHot BeveragesFree Wireless Internet ConnectionPrinted Program BookImportant:At least one author [&hellip;]<\/p>\n","protected":false},"author":2,"featured_media":0,"parent":0,"menu_order":0,"comment_status":"closed","ping_status":"open","template":"","meta":{"_eb_attr":"","footnotes":""},"class_list":["post-27","page","type-page","status-publish","hentry"],"_links":{"self":[{"href":"https:\/\/www.globalcenter.info\/ic-ed\/index.php?rest_route=\/wp\/v2\/pages\/27"}],"collection":[{"href":"https:\/\/www.globalcenter.info\/ic-ed\/index.php?rest_route=\/wp\/v2\/pages"}],"about":[{"href":"https:\/\/www.globalcenter.info\/ic-ed\/index.php?rest_route=\/wp\/v2\/types\/page"}],"author":[{"embeddable":true,"href":"https:\/\/www.globalcenter.info\/ic-ed\/index.php?rest_route=\/wp\/v2\/users\/2"}],"replies":[{"embeddable":true,"href":"https:\/\/www.globalcenter.info\/ic-ed\/index.php?rest_route=%2Fwp%2Fv2%2Fcomments&post=27"}],"version-history":[{"count":84,"href":"https:\/\/www.globalcenter.info\/ic-ed\/index.php?rest_route=\/wp\/v2\/pages\/27\/revisions"}],"predecessor-version":[{"id":1517,"href":"https:\/\/www.globalcenter.info\/ic-ed\/index.php?rest_route=\/wp\/v2\/pages\/27\/revisions\/1517"}],"wp:attachment":[{"href":"https:\/\/www.globalcenter.info\/ic-ed\/index.php?rest_route=%2Fwp%2Fv2%2Fmedia&parent=27"}],"curies":[{"name":"wp","href":"https:\/\/api.w.org\/{rel}","templated":true}]}}