{"id":7,"date":"2014-11-20T13:41:27","date_gmt":"2014-11-20T11:41:27","guid":{"rendered":"http:\/\/www.globalcenter.info\/ic-ed\/?page_id=7"},"modified":"2025-07-31T12:07:52","modified_gmt":"2025-07-31T09:07:52","slug":"organizing-committee","status":"publish","type":"page","link":"https:\/\/www.globalcenter.info\/ic-ed\/?page_id=7","title":{"rendered":"Organizing Committee"},"content":{"rendered":"<p><strong>Organized by<br \/>\n<\/strong><a href=\"http:\/\/www.neu.edu.tr\">Near East University<\/a> (Cyprus)<br \/>\nSpecial Education and Psychological Services Association<br \/>\nThe Academic Event Group<\/p>\n<p><strong>Program Chair<br \/>\n<\/strong>Prof. Dr. Huseyin Uzunboylu, University of Kyrenia, Cyprus<\/p>\n<p><strong>International Program Committee<br \/>\n<\/strong>Prof. Dr. Jesus Garcia Laborda, Alcala University, Spain<br \/>\nProf. Dr. Ulzharkyn Abdigapbarova, Abai Kazakh National Pedagogical University, Kazakhstan<br \/>\nAssoc. Prof. Dr. Mukaddes Demirok, Near East University, North Cyprus<br \/>\nAssist. Prof. Dr. Blerta Etemi, Rochester Institute of Technology in Prishtina, Kosova<br \/>\nAssist. Prof. Dr. Ebru Elci, Beykent University, Turkey<br \/>\nProf. Dr. Hafize Keser, Ankara University (retired)\u00a0 \u00a0 \u00a0 \u00a0 \u00a0 \u00a0 \u00a0 \u00a0 \u00a0 \u00a0 \u00a0 \u00a0 \u00a0 \u00a0 \u00a0 \u00a0 \u00a0 \u00a0 \u00a0 \u00a0 \u00a0 \u00a0 \u00a0 \u00a0 \u00a0 \u00a0 \u00a0 \u00a0 \u00a0 \u00a0 \u00a0 \u00a0 \u00a0 \u00a0 \u00a0 \u00a0 \u00a0 \u00a0 \u00a0 \u00a0 \u00a0 \u00a0 \u00a0 \u00a0 \u00a0 Atefeh Ferdosipour, Educational Psychologist, PhD| AI &amp; Education Researcher| Academic Consultant, USA<\/p>\n<p><strong>Organizing Committee<br \/>\n<\/strong>Tahir Tavuk\u00e7u, Ataturk Teacher Training Academy<br \/>\nBlerta Prevalla Etemi<strong>,\u00a0<\/strong>\u00a0Rochester Institute of Technology<br \/>\nFlorijeta Hulaj,\u00a0<em>AAB College<\/em><br \/>\nLilia Trushko, Girne American University<br \/>\nMetin Berk Odaba\u015f\u0131, Warwick University<br \/>\n<a href=\"https:\/\/odl.yasar.edu.tr\/ekibimiz\/\"><strong>Semih \u00c7al\u0131\u015fkan, Ya\u015far University<\/strong><\/a><br \/>\nZeynep Gen\u00e7, Istanbul Ayd\u0131n University<strong>\u00a0<\/strong><\/p>\n<p><strong>Secretariat<br \/>\n<\/strong>Beria Gokayd\u0131n, University of Kyrenia<br \/>\n<a href=\"mailto:iced.infodesk@gmail.com\">iced.infodesk@gmail.com<\/a><\/p>\n","protected":false},"excerpt":{"rendered":"<p>Organized by Near East University (Cyprus) Special Education and Psychological Services Association The Academic Event Group Program Chair Prof. Dr. Huseyin Uzunboylu, University of Kyrenia, Cyprus International Program Committee Prof. Dr. Jesus Garcia Laborda, Alcala University, Spain Prof. Dr. Ulzharkyn Abdigapbarova, Abai Kazakh National Pedagogical University, Kazakhstan Assoc. Prof. Dr. Mukaddes Demirok, Near East University, [&hellip;]<\/p>\n","protected":false},"author":2,"featured_media":0,"parent":0,"menu_order":0,"comment_status":"closed","ping_status":"open","template":"","meta":{"_eb_attr":"","footnotes":""},"class_list":["post-7","page","type-page","status-publish","hentry"],"_links":{"self":[{"href":"https:\/\/www.globalcenter.info\/ic-ed\/index.php?rest_route=\/wp\/v2\/pages\/7"}],"collection":[{"href":"https:\/\/www.globalcenter.info\/ic-ed\/index.php?rest_route=\/wp\/v2\/pages"}],"about":[{"href":"https:\/\/www.globalcenter.info\/ic-ed\/index.php?rest_route=\/wp\/v2\/types\/page"}],"author":[{"embeddable":true,"href":"https:\/\/www.globalcenter.info\/ic-ed\/index.php?rest_route=\/wp\/v2\/users\/2"}],"replies":[{"embeddable":true,"href":"https:\/\/www.globalcenter.info\/ic-ed\/index.php?rest_route=%2Fwp%2Fv2%2Fcomments&post=7"}],"version-history":[{"count":50,"href":"https:\/\/www.globalcenter.info\/ic-ed\/index.php?rest_route=\/wp\/v2\/pages\/7\/revisions"}],"predecessor-version":[{"id":1512,"href":"https:\/\/www.globalcenter.info\/ic-ed\/index.php?rest_route=\/wp\/v2\/pages\/7\/revisions\/1512"}],"wp:attachment":[{"href":"https:\/\/www.globalcenter.info\/ic-ed\/index.php?rest_route=%2Fwp%2Fv2%2Fmedia&parent=7"}],"curies":[{"name":"wp","href":"https:\/\/api.w.org\/{rel}","templated":true}]}}