{"id":705,"date":"2019-01-08T17:37:46","date_gmt":"2019-01-08T15:37:46","guid":{"rendered":"http:\/\/www.globalcenter.info\/ic-ed\/?page_id=705"},"modified":"2019-05-03T08:26:56","modified_gmt":"2019-05-03T05:26:56","slug":"turkce","status":"publish","type":"page","link":"https:\/\/www.globalcenter.info\/ic-ed\/?page_id=705","title":{"rendered":"turkce"},"content":{"rendered":"<p style=\"text-align: center;\"><strong>\u00d6zet G\u00f6nderimi i\u00e7in HATIRLATMA!<\/strong><\/p>\n<p style=\"text-align: center;\"><strong>8.ULUSLARARASI E\u011e\u0130T\u0130M KONFERANSI (ICED-2019)<\/strong><\/p>\n<p style=\"text-align: center;\">27-29 Haziran 2019<\/p>\n<p style=\"text-align: center;\">Tirana,Albania<strong><br \/>\n<\/strong><a href=\"http:\/\/www.ic-ed.net\">www.ic-ed.net<\/a><\/p>\n<p>\u00d6zet G\u00f6nderme Tarihi: <u>07 Haziran\u00a0 2019<\/u> (Son Uzatma)<\/p>\n<ul>\n<li>Makalenizi <strong>ERIC,<\/strong> <strong>Scopus<\/strong> veya <strong>Web of Science (ESCI)<\/strong> indexli bir dergide, hakem s\u00fcrecinden sonra, ek kay\u0131t \u00fccreti \u00f6deyerek yay\u0131nlatabilirsiniz. Daha fazla bilgi i\u00e7in buray\u0131 *<\/li>\n<li>Konferans\u0131 Destekleyen Dergi (Web of Science (SSCI veya ESCI)veyaSCOPUS)Edit\u00f6rleri taraf\u0131ndan makaleniz se\u00e7ilebilir.<\/li>\n<li>Di\u011fer \u0130gilizce tam metinler <strong><em>\u201cNew Trends and Issues Proceedings on Humanities and Social Sciences\u201d<\/em><\/strong> (<a href=\"http:\/\/www.prosoc.eu\">prosoc.eu<\/a>)dergisinde yay\u0131nlanacak ve <strong>EBSCO<\/strong>, <strong>SCOPUS<\/strong> ve <strong>Web of Science<\/strong>\u2019da <u>Konferans bildirisi<\/u> olarak indexlenmek i\u00e7in g\u00f6nderilecektir. <a href=\"http:\/\/www.globalcenter.info\/ic-on\/wp-content\/uploads\/2019\/02\/forinformation.pdf\">\u00d6rnek i\u00e7in l\u00fctfen t\u0131klay\u0131n\u0131z.<\/a><\/li>\n<li>T\u00fcrk\u00e7e tam metinler \u201c<strong><em>International Journal of Innovative Research in Education<\/em><\/strong><strong> (<\/strong><a href=\"http:\/\/www.sproc.eu\"><strong>sproc.eu<\/strong><\/a><strong>) <\/strong><strong>(<\/strong>ISSN: 2421-8162)\u201d dergisinde yay\u0131nlanmak \u00fczere de\u011ferlendirmeye al\u0131nacakt\u0131r.<\/li>\n<li>Konferans\u0131n dili \u0130ngilizce ve T\u00fcrk\u00e7e olarak belirlenmi\u015ftir.<\/li>\n<li>Bildirilerinizi farkl\u0131 salonlarda T\u00fcrk\u00e7e olarak \u2019da sunabilirsiniz.<\/li>\n<li>Alan\u0131nda T\u00fcrk\u00e7e ve \u0130ngilizce \u00e7a\u011fr\u0131l\u0131 konu\u015fmac\u0131lar.<\/li>\n<li>En \u0130yi Makale ve Poster \u00d6d\u00fclleri<\/li>\n<li>Online \u00f6zet kitab\u0131<\/li>\n<li>Bas\u0131l\u0131 Program Kitab\u0131<\/li>\n<li>\u00d6\u011fle yeme\u011fi<\/li>\n<li>Tarihi yerler gezisi <strong>(29 Haziran 2019)<\/strong><\/li>\n<li>\u00d6zetler \u0130ngilizce veya T\u00fcrk\u00e7e dilinde yaz\u0131lm\u0131\u015f olarak e-mail eki yap\u0131larak\u00a0<a href=\"mailto:iced.infodesk@gmail.com\">infodesk@gmail.com<\/a> adresine de g\u00f6nderilebilir.<\/li>\n<li><strong>IC-ED-2019 Y\u00d6K Akademik Te\u015fvik Y\u00f6netmeli\u011finin Kriterlerini kar\u015f\u0131l\u0131yor.<\/strong><\/li>\n<\/ul>\n<p><strong>Tirana<\/strong>\u2019da g\u00f6r\u00fc\u015fmek \u00fczere&#8230;<\/p>\n<p><strong>\u00a0<\/strong><strong>Konferans Ba\u015fkan\u0131<\/strong><br \/>\n<strong>Prof. Dr. Hafize KESER, <\/strong><strong>Ankara \u00dcniversitesi, T\u00fcrkiye<\/strong><\/p>\n<p><strong>Prof. Dr. Milan Matijevi\u0107, <\/strong><strong>Zagrep \u00dcniversitesi, H\u0131rvatistan<\/strong><\/p>\n<p><strong>\u00a0<\/strong><strong><a href=\"http:\/\/worldeducationcenter.eu\/new\/index.php\/IC-ED-2015\/IC-ED-2019\/schedConf\/cfp\">\u00d6ZET G\u00d6NDERMEK \u0130\u00c7\u0130N BURAYA TIKLAYINIZ<\/a><\/strong><\/p>\n<p><strong>ANA KONU\u015eMACI<\/strong><\/p>\n<p><strong>\u00a0<\/strong><a href=\"https:\/\/germjanmaat.wordpress.com\/\"><strong>Prof. Dr. Germ Janmaat<\/strong><\/a><strong>, <\/strong>University College London, UK<br \/>\nEditor-in-Chief, <strong>Compare: A Journal of Comparative and International Education, <\/strong>(SSCI)<\/p>\n<ul>\n<li><em>Bu dergide makale yay\u0131nlamak isteyenler ile at\u00f6lye \u00e7al\u0131\u015fmas\u0131 yapacakt\u0131r. L\u00fctfen makale tasla\u011f\u0131n\u0131z haz\u0131r geliniz. <\/em><\/li>\n<\/ul>\n<p><strong><u>ULA\u015eIM<\/u><\/strong><\/p>\n<p><strong>THY ve Pegasus Hava Yollar\u0131 Tiran\u2019a uygun fiyatlarla direk u\u00e7u\u015f yaparlar. <\/strong><\/p>\n<p><strong><u>KONFERANS KONULARI<\/u><\/strong><\/p>\n<p><strong>IC-ED 2019:<\/strong> E\u011fitim, \u00f6\u011frenme, \u00f6\u011fretme ile ilgili kuramsal ve uygulama ile ilgili t\u00fcm alanlar\u0131 i\u00e7ermektedir.<\/p>\n<p>Ayr\u0131nt\u0131l\u0131 bilgi i\u00e7in <a href=\"http:\/\/www.ic-ed.net\">www.ic-ed.net<\/a><\/p>\n<p><u>\u00d6D\u00dcLLER<\/u><\/p>\n<p>A\u015fa\u011f\u0131da s\u0131ralananlar kapsam\u0131nda \u00f6d\u00fcller verilecektir. Ayr\u0131nt\u0131l\u0131 bilgi Web sitesinde bulunabilir.<\/p>\n<ol>\n<li>En iyi birinci, ikinci ve \u00fc\u00e7\u00fcnc\u00fc Bildiri \u00d6zeti \u00d6d\u00fcl\u00fc<\/li>\n<li>En iyi birinci, ikinci ve \u00fc\u00e7\u00fcnc\u00fc Poster \u00d6d\u00fcl\u00fc<\/li>\n<li>IC-ED konferanslar\u0131na en az 5 kez kat\u0131lanlara Sadakat \u00d6d\u00fcl\u00fc (Kat\u0131l\u0131mc\u0131n\u0131n Konferans sekretaryas\u0131na ba\u015fvurmas\u0131 gerekir)<\/li>\n<\/ol>\n<p><strong>\u00a0<\/strong><strong>\u00a0<\/strong><strong><u>\u00d6NCEK\u0130 KONFERANSLAR<\/u><\/strong><\/p>\n<ul>\n<li><strong>2018,<\/strong> Berlin, Almanya<\/li>\n<li><strong>2017,<\/strong> Zagreb, H\u0131rvatistan<\/li>\n<li><strong>2016,<\/strong> Makedonya, \u00dcsk\u00fcp<\/li>\n<li><strong>2015,<\/strong> Petersburg, Rusya<\/li>\n<li><strong>2014,<\/strong> Dubrovnik, H\u0131rvatistan<\/li>\n<li><strong>2013,<\/strong> B\u00fckre\u015f, Romanya<\/li>\n<li><strong>2012,<\/strong>Antalya, T\u00fcrkiye<\/li>\n<\/ul>\n<p><strong><u>2018 SUNULAN B\u0130LD\u0130R\u0130LER WEB OF SCIENCE \u0130NDEXLEND\u0130<\/u><\/strong><\/p>\n<p><strong><u>DESTEKLEYEN KURULU\u015eLAR<\/u><\/strong><\/p>\n<ul>\n<li>BAU International Berlin \u2013 University of Applied Sciences<\/li>\n<li>G\u00fcney Do\u011fu Avrupa \u00dcniversitesi<\/li>\n<li>Petersburg Christian U\u0308niversitesi<\/li>\n<li>Zagreb \u00dcniversitesi<\/li>\n<li>Ankara \u00dcniversitesi<\/li>\n<li>Yak\u0131n Do\u011fu \u00dcniversitesi<\/li>\n<li>Girne \u00dcniversitesi<\/li>\n<li>K\u0131br\u0131s E\u011fitim Bilimleri Derne\u011fi<\/li>\n<li>Avrupa E\u011fitim Ara\u015ft\u0131rmalar\u0131 Birli\u011fi<\/li>\n<li>Sanat E\u011fitimcileri Derne\u011fi<\/li>\n<\/ul>\n<p><strong><u>DESTEKLEYEN DERG\u0130LER<\/u><\/strong><\/p>\n<p>A\u015fa\u011f\u0131daki dergilerin dergi edit\u00f6rleri konferans \u00f6zetlerini inceleyerek, se\u00e7tikleri bildirinin\/lerin tam metnini dergilerinin hakem s\u00fcrecine \u00f6zel olarak davet edebilirler.<\/p>\n<ul>\n<li>Journal of Psychologists and Counsellors in Schools (Indexed in SSCI)<\/li>\n<li>British Journal of Educational Technology (Indexed in SSCI)<\/li>\n<li>Asia Pacific Education Review (Indexed in SSCI)<\/li>\n<li>Educational Technology Research and Development (Indexed in SSCI)<\/li>\n<li>South African Journal of Psychology, (Indexed in SSCI)<\/li>\n<li>Cypriot Journal of Educational Sciences (ERIC) (www.cjes.eu)<\/li>\n<li>International Journal of Learning and Teaching* (www.ij-lt.eu)<\/li>\n<li>Contemporary Educational Research Journal* (www.cerj.eu)<\/li>\n<li>Global Journal of Arts Education* (www.gjae.eu)<\/li>\n<li>Global Journal of Guidance and Counselling: Current Perspectives* (www.gjgc.eu)<\/li>\n<li>International Journal of Innovative Research in Education (<a href=\"http:\/\/www.ijire.eu\">www.ijire.eu<\/a>)<\/li>\n<\/ul>\n<p>*SCOPUS ve Web of Science\u2019\u0131n deg\u0306erlendirme su\u0308recinde. Kabul durumunda makalenizde indexlenecektir.<\/p>\n<p><strong><u>KONFERANS D\u0130L\u0130<\/u><\/strong><\/p>\n<ul>\n<li><strong>Konferans\u0131n\u00a0dili\u00a0\u0130ngilizce\u00a0ve T\u00fcrk\u00e7e\u00a0olarak\u00a0belirlenmi\u015ftir.<\/strong><\/li>\n<li>\u0130steyen\u00a0kat\u0131l\u0131mc\u0131lar\u00a0sunusunu\u00a0T\u00fcrk\u00e7e\u00a0yapabilir. Bu\u00a0sunumlar\u00a0i\u00e7in\u00a0ayr\u0131\u00a0salonlara yararlanacakt\u0131r.<\/li>\n<li>Sunumunu\u00a0T\u00fcrk\u00e7e\u00a0yapmak\u00a0isteyenler\u00a0<a href=\"mailto:iced.infodesk@gmail.com\">infodesk@gmail.com<\/a> adresine\u00a0yaz\u0131l\u0131 olarak\u00a0bildirmeleri\u00a0gerekmektedir.<\/li>\n<li>Kat\u0131l\u0131mc\u0131lar\u00a0tam\u00a0metinlerini\u00a0\u0130ngilizce\u00a0veya\u00a0T\u00fcrk\u00e7e\u00a0haz\u0131rlay\u0131p\u00a0g\u00f6nderebilir.<\/li>\n<\/ul>\n<p><strong><u>\u00d6ZET G\u00d6NDER\u0130M\u0130<\/u><\/strong><\/p>\n<ul>\n<li>\u00d6zetler bir sayfa uzunlu\u011funda olabilir <strong>(<\/strong><strong>300-500 kelime aras\u0131nda olmal\u0131d\u0131r).<\/strong><\/li>\n<li>\u00d6zetler, Problem C\u00fcmlesi, \u00c7al\u0131\u015fman\u0131n Amac\u0131, Y\u00f6ntem, Bulgular ve Sonu\u00e7 ve \u00d6neriler b\u00f6l\u00fcmlerini i\u00e7ermelidir.<\/li>\n<li>\u00c7al\u0131\u015fman\u0131z hen\u00fcz tamamlanmam\u0131\u015f ise, \u00f6zetiniz yaln\u0131zca \u00e7al\u0131\u015fman\u0131z\u0131n \u00f6nerisini i\u00e7erebilir.<\/li>\n<li>\u00d6zetler, yazarlar\u0131n isimlerini, soy isimlerini, \u00dcnsanlar\u0131n\u0131, b\u00f6l\u00fcmlerini, mail adreslerini ve telefon numaralar\u0131n\u0131 i\u00e7ermelidir.<\/li>\n<li>\u00d6zetler,\u00a0<a href=\"http:\/\/www.ic-ed.net\">ic-ed.net<\/a> <u><\/u>\u00fczerinden veya e-postaya ek yap\u0131larak<a href=\"mailto:iced.infodesk@gmail.com\">iced.infodesk@gmail.com<\/a> adresine de g\u00f6nderilebilir.<\/li>\n<\/ul>\n<p><strong><a href=\"http:\/\/worldeducationcenter.eu\/new\/index.php\/IC-ED-2015\/IC-ED-2019\/schedConf\/cfp\">\u00d6ZET G\u00d6NDERMEK \u0130\u00c7\u0130N BURAYA TIKLAYINIZ<\/a><\/strong><\/p>\n<p><strong><u>TAM MET\u0130N G\u00d6NDERME<\/u><\/strong><\/p>\n<p>Full metinlerinizi haz\u0131rlarken yararlanaca\u011f\u0131n\u0131z Yaz\u0131m K\u0131lavuzu, \u015eablon ve bildirinizi g\u00f6ndermek i\u00e7in <a href=\"http:\/\/www.globalcenter.info\/ic-ed\/?page_id=55\">http:\/\/www.globalcenter.info\/ic-ed\/?page_id=55<\/a>\u00a0 linkine t\u0131klay\u0131n\u0131z.<strong>\u00a0 \u00a0 \u00a0<\/strong><\/p>\n<p><strong><u>KONFERANSA KATILIM<\/u><\/strong><\/p>\n<ul>\n<li>Konferansa bildiri veya poster sunma, panel ve workshop yapma \u015feklinde kat\u0131l\u0131nabilir.<\/li>\n<li>Konferansta bildiri veya poster sunacak olan kat\u0131l\u0131mc\u0131lar, isterlerse ya\u015fad\u0131klar\u0131 yerden <strong>sanal sunum<\/strong> \u015feklinde konferansa kat\u0131labilirler. Bu kat\u0131l\u0131mc\u0131lar bilgisayarlar\u0131nda<strong>Skype<\/strong> y\u00fckl\u00fc olmal\u0131d\u0131r. Detayl\u0131 bilgi i\u00e7in <a href=\"http:\/\/www.ic-ed.net\">ic-ed.net<\/a> Papers b\u00f6l\u00fcm\u00fcn den virtual presentation k\u0131sm\u0131ndan detayl\u0131 bilgiyi \u00f6\u011frenebilirsiniz.<\/li>\n<\/ul>\n<p><strong><u>\u00d6NEML\u0130 TAR\u0130HLER<\/u><\/strong><\/p>\n<table width=\"96%\">\n<tbody>\n<tr>\n<td width=\"331\"><strong>\u00d6zet G\u00f6nderimi\u00a0\u00a0\u00a0\u00a0\u00a0 <\/strong><\/td>\n<td width=\"354\"><strong>16 Nisan, 2019<\/strong><\/td>\n<\/tr>\n<tr>\n<td width=\"331\">Full Metin G\u00f6nderimi (<strong>Son Tarih)<\/strong><\/td>\n<td width=\"354\">20 Temmuz, 2019<\/td>\n<\/tr>\n<tr>\n<td width=\"331\"><strong>Erken Kay\u0131t<\/strong><\/td>\n<td width=\"354\"><strong>16 May\u0131s, 2019<\/strong><\/td>\n<\/tr>\n<tr>\n<td width=\"331\">Konferans Tarihler<\/td>\n<td width=\"354\">27-29 Haziran, 2019<\/td>\n<\/tr>\n<tr>\n<td width=\"331\">Yay\u0131n \u0130\u00e7in Makale son Teslim Tarihi<\/td>\n<td width=\"354\">30 Temmuz, 2019<\/td>\n<\/tr>\n<\/tbody>\n<\/table>\n<p>*Son tarihi beklemeden full metinlerinizi g\u00f6nderebilirsiniz. G\u00f6nderilen full metinlere, g\u00f6nderim tarihinden itibaren 4 g\u00fcn i\u00e7erisinde cevap verilecektir.<\/p>\n<p><strong><u>KAYIT B\u0130LG\u0130LER\u0130<\/u><\/strong><\/p>\n<table width=\"0\">\n<tbody>\n<tr>\n<td width=\"123\"><\/td>\n<td width=\"161\"><strong>Erken Kay\u0131t, <\/strong><\/p>\n<p><strong>16 May\u0131s <\/strong><strong>2019<\/strong><strong>\u2019dan \u00f6nce <\/strong><\/td>\n<td width=\"161\"><strong>Ge\u00e7 Kay\u0131t,<\/strong><\/p>\n<p><strong>\u00a0<\/strong><strong>16 May\u0131s 2<\/strong><strong>019<\/strong><strong>\u2019dan sonra<\/strong><\/td>\n<td width=\"142\"><strong>Kay\u0131t Masas\u0131nda<\/strong><\/td>\n<\/tr>\n<tr>\n<td width=\"123\"><strong>Kat\u0131l\u0131mc\u0131<\/strong><\/td>\n<td width=\"161\">800TL<\/td>\n<td width=\"161\">900 TL<\/td>\n<td width=\"142\">1000 TL<\/td>\n<\/tr>\n<tr>\n<td width=\"123\"><strong>Sanal Sunum<\/strong><\/td>\n<td width=\"161\">700TL<\/td>\n<td width=\"161\">800 TL<\/td>\n<td width=\"142\">900TL<\/td>\n<\/tr>\n<tr>\n<td width=\"123\"><strong>\u00d6\u011frenci*<\/strong><\/td>\n<td width=\"161\">600TL<\/td>\n<td width=\"161\">700 TL<\/td>\n<td width=\"142\">800TL<\/td>\n<\/tr>\n<tr>\n<td width=\"123\"><strong>Dinleyici<\/strong><\/td>\n<td width=\"161\">500TL<\/td>\n<td width=\"161\">600 TL<\/td>\n<td width=\"142\">700TL<\/td>\n<\/tr>\n<tr>\n<td width=\"123\"><strong>E\u015flik Eden ki\u015fi<\/strong><\/td>\n<td width=\"161\">250TL<\/td>\n<td width=\"161\">350TL<\/td>\n<td width=\"142\">400TL<\/td>\n<\/tr>\n<\/tbody>\n<\/table>\n<p><strong>*\u00d6\u011frenci belgesinin g\u00f6nderilmesi gereklidir.<\/strong><\/p>\n<p><strong><u>\u00d6nemli:<\/u><\/strong><\/p>\n<ul>\n<li>Programa dahil oldu\u011funuza dair duyurunun yap\u0131lmas\u0131ndan sonraki 2 haftal\u0131k s\u00fcre diliminde, kay\u0131t \u00fccretinin (en az bir yazar taraf\u0131ndan) \u00f6denmesi gerekmektedir.<\/li>\n<li>Bir makale birden fazla yazar taraf\u0131ndan yaz\u0131lm\u0131\u015fsa ve bu yazarlar\u0131n isimleri ikiden fazla makalede yaz\u0131l\u0131 ise bu yazarlar\u0131n da normal kay\u0131t \u00fccreti \u00f6demesi gerekmektedir.<\/li>\n<li>\u0130kinci ve di\u011fer makalelerin her biri i\u00e7in ayr\u0131 ayr\u0131 200TL \u00f6deme yap\u0131lmas\u0131 gereklidir.<\/li>\n<li>Konferansa ayn\u0131 kurumdan 6\u2019dan fazla ki\u015fi kat\u0131l\u0131yorsa (\u00f6\u011frenci hari\u00e7) kat\u0131l\u0131mc\u0131lar\u0131n %15\u2019lik grup indiriminden yararlanma haklar\u0131 bulunmaktad\u0131r. (\u00d6deme tek havale \u015feklinde yap\u0131lmal\u0131d\u0131r.)<\/li>\n<li>Makaleniz de\u011ferlendirme s\u00fcrecinde kabul edilmez ise \u00f6demeniz size geri iade edilecektir.<\/li>\n<li>\u00d6demenizi yapt\u0131ktan sonra makbuzunuzu taray\u0131p <a href=\"mailto:iced.infodesk@gmail.com\">infodesk@gmail.com<\/a> adresine g\u00f6ndermeniz gerekmektedir (Makale ID numaras\u0131 eklenmelidir).<\/li>\n<li>Full metinler en az 3500 kelime ile en fazla 6000 kelime aras\u0131nda olmal\u0131d\u0131r.<\/li>\n<\/ul>\n<p>Geri \u00f6demeler ile ilgili talepleriniz (refund) konferans\u0131n ba\u015flama tarihinden \u00f6nceki 20 g\u00fcne kadar kabul edilir. Geri \u00f6demeler konferans bitiminden bir hafta sonra yap\u0131labilmektedir<\/p>\n<p><strong><u>BANKA \u00d6DEMES\u0130<\/u><\/strong><\/p>\n<p>Banka bilgileri i\u00e7in <a href=\"http:\/\/www.globalcenter.info\/akbank.pdf\">http:\/\/www.globalcenter.info\/akbank.pdf<\/a> linkine t\u0131klay\u0131n\u0131z. \u00d6demeyi yapt\u0131ktan sonra banka dekontunu <a href=\"mailto:iced.infodesk@gmail.com\">iced.infodesk@gmail.com<\/a> eposta adresine g\u00f6ndermeniz gerekmektedir. Not: EFT veya havale \u00fccretleri kat\u0131l\u0131mc\u0131lara aittir.<\/p>\n<p><strong><u>KONAKLAMA<\/u><\/strong><\/p>\n<p>\u0130lan edilecektir.<\/p>\n<p><strong>\u0130leti\u015fim:<\/strong><\/p>\n<p>E-mail:\u00a0<a href=\"mailto:iced.infodesk@gmail.com\">iced.infodesk@gmail.com<\/a><br \/>\n<strong><u>Whatsapp<\/u><\/strong><u>:<\/u> +9054285660055<\/p>\n","protected":false},"excerpt":{"rendered":"<p>\u00d6zet G\u00f6nderimi i\u00e7in HATIRLATMA! 8.ULUSLARARASI E\u011e\u0130T\u0130M KONFERANSI (ICED-2019) 27-29 Haziran 2019 Tirana,Albania www.ic-ed.net \u00d6zet G\u00f6nderme Tarihi: 07 Haziran\u00a0 2019 (Son Uzatma) Makalenizi ERIC, Scopus veya Web of Science (ESCI) indexli bir dergide, hakem s\u00fcrecinden sonra, ek kay\u0131t \u00fccreti \u00f6deyerek yay\u0131nlatabilirsiniz. Daha fazla bilgi i\u00e7in buray\u0131 * Konferans\u0131 Destekleyen Dergi (Web of Science (SSCI veya ESCI)veyaSCOPUS)Edit\u00f6rleri [&hellip;]<\/p>\n","protected":false},"author":2,"featured_media":0,"parent":0,"menu_order":0,"comment_status":"closed","ping_status":"open","template":"","meta":{"_eb_attr":"","footnotes":""},"class_list":["post-705","page","type-page","status-publish","hentry"],"_links":{"self":[{"href":"https:\/\/www.globalcenter.info\/ic-ed\/index.php?rest_route=\/wp\/v2\/pages\/705"}],"collection":[{"href":"https:\/\/www.globalcenter.info\/ic-ed\/index.php?rest_route=\/wp\/v2\/pages"}],"about":[{"href":"https:\/\/www.globalcenter.info\/ic-ed\/index.php?rest_route=\/wp\/v2\/types\/page"}],"author":[{"embeddable":true,"href":"https:\/\/www.globalcenter.info\/ic-ed\/index.php?rest_route=\/wp\/v2\/users\/2"}],"replies":[{"embeddable":true,"href":"https:\/\/www.globalcenter.info\/ic-ed\/index.php?rest_route=%2Fwp%2Fv2%2Fcomments&post=705"}],"version-history":[{"count":11,"href":"https:\/\/www.globalcenter.info\/ic-ed\/index.php?rest_route=\/wp\/v2\/pages\/705\/revisions"}],"predecessor-version":[{"id":823,"href":"https:\/\/www.globalcenter.info\/ic-ed\/index.php?rest_route=\/wp\/v2\/pages\/705\/revisions\/823"}],"wp:attachment":[{"href":"https:\/\/www.globalcenter.info\/ic-ed\/index.php?rest_route=%2Fwp%2Fv2%2Fmedia&parent=705"}],"curies":[{"name":"wp","href":"https:\/\/api.w.org\/{rel}","templated":true}]}}