{"id":896,"date":"2019-09-02T21:56:00","date_gmt":"2019-09-02T18:56:00","guid":{"rendered":"http:\/\/www.globalcenter.info\/ic-ed\/?page_id=896"},"modified":"2021-02-09T17:51:52","modified_gmt":"2021-02-09T14:51:52","slug":"ic-ed-2019","status":"publish","type":"page","link":"https:\/\/www.globalcenter.info\/ic-ed\/?page_id=896","title":{"rendered":"IC-ED 2019"},"content":{"rendered":"\n<h4 class=\"has-text-align-center wp-block-heading\"><strong>8th INTERNATIONAL CONFERENCE ON &nbsp;EDUCATION<br>(IC-ED-2019)<\/strong><br><strong>Tirana International Conference Centre<br>Tirana, Albania<\/strong><br><strong>27 \u2013&nbsp;29&nbsp;June 2019<\/strong><\/h4>\n\n\n\n<p>Link to\u00a0ICED 2019 Poster is available\u00a0<a href=\"http:\/\/www.globalcenter.info\/ic-ed\/wp-content\/uploads\/2019\/09\/\u0131ced2019.jpg\">here<\/a><br>Link to ICED 2019 Abstract Book is available\u00a0<a rel=\"noreferrer noopener\" aria-label=\" (yeni sekmede a\u00e7\u0131l\u0131r)\" href=\"http:\/\/www.taeg-center.org\" target=\"_blank\">here<br><\/a>Link to ICED 2019 Program Book is available\u00a0<a href=\"http:\/\/www.globalcenter.info\/ic-ed\/wp-content\/uploads\/2019\/07\/ICED-2019-Program.pdf\">here<\/a><a rel=\"noreferrer noopener\" href=\"https:\/\/drive.google.com\/open?id=14SBx1R_tKgDyNkADFC3GTvQFWRCQ7ZBq\" target=\"_blank\"><br><\/a>Photos from\u00a0\u00a0ICED 2019 is available at\u00a0<a rel=\"noreferrer noopener\" aria-label=\"here. (yeni sekmede a\u00e7\u0131l\u0131r)\" href=\"https:\/\/www.facebook.com\/taegcenter\" target=\"_blank\">here.<\/a> <\/p>\n","protected":false},"excerpt":{"rendered":"<p>8th INTERNATIONAL CONFERENCE ON &nbsp;EDUCATION(IC-ED-2019)Tirana International Conference CentreTirana, Albania27 \u2013&nbsp;29&nbsp;June 2019 Link to\u00a0ICED 2019 Poster is available\u00a0hereLink to ICED 2019 Abstract Book is available\u00a0hereLink to ICED 2019 Program Book is available\u00a0herePhotos from\u00a0\u00a0ICED 2019 is available at\u00a0here.<\/p>\n","protected":false},"author":2,"featured_media":0,"parent":0,"menu_order":0,"comment_status":"closed","ping_status":"closed","template":"","meta":{"_eb_attr":"","footnotes":""},"class_list":["post-896","page","type-page","status-publish","hentry"],"_links":{"self":[{"href":"https:\/\/www.globalcenter.info\/ic-ed\/index.php?rest_route=\/wp\/v2\/pages\/896"}],"collection":[{"href":"https:\/\/www.globalcenter.info\/ic-ed\/index.php?rest_route=\/wp\/v2\/pages"}],"about":[{"href":"https:\/\/www.globalcenter.info\/ic-ed\/index.php?rest_route=\/wp\/v2\/types\/page"}],"author":[{"embeddable":true,"href":"https:\/\/www.globalcenter.info\/ic-ed\/index.php?rest_route=\/wp\/v2\/users\/2"}],"replies":[{"embeddable":true,"href":"https:\/\/www.globalcenter.info\/ic-ed\/index.php?rest_route=%2Fwp%2Fv2%2Fcomments&post=896"}],"version-history":[{"count":3,"href":"https:\/\/www.globalcenter.info\/ic-ed\/index.php?rest_route=\/wp\/v2\/pages\/896\/revisions"}],"predecessor-version":[{"id":1193,"href":"https:\/\/www.globalcenter.info\/ic-ed\/index.php?rest_route=\/wp\/v2\/pages\/896\/revisions\/1193"}],"wp:attachment":[{"href":"https:\/\/www.globalcenter.info\/ic-ed\/index.php?rest_route=%2Fwp%2Fv2%2Fmedia&parent=896"}],"curies":[{"name":"wp","href":"https:\/\/api.w.org\/{rel}","templated":true}]}}