{"id":1046,"date":"2023-09-06T10:54:17","date_gmt":"2023-09-06T07:54:17","guid":{"rendered":"http:\/\/www.globalcenter.info\/icobas\/?page_id=1046"},"modified":"2023-09-08T13:14:20","modified_gmt":"2023-09-08T10:14:20","slug":"icobas-2023-2","status":"publish","type":"page","link":"https:\/\/www.globalcenter.info\/icobas\/?page_id=1046","title":{"rendered":"ICOBAS-2023"},"content":{"rendered":"\n<h5 class=\"has-text-align-center wp-block-heading\">8th International Conference on Business, Finance and Administrative Sciences<br><strong>(ICOBAS \u2013 2023)<\/strong><br>ONLINE and FACE-TO-FACE<br>University of Barcelona, Facultats de Filsofia, Geografia i Historia Barcelona, Spain<br>March 29-30, 2023<\/h5>\n\n\n\n<p>Link to\u00a0ICOBAS 2023\u00a0Social Media is available\u00a0<a rel=\"noreferrer noopener\" aria-label=\"here (yeni sekmede a\u00e7\u0131l\u0131r)\" href=\"http:\/\/www.globalcenter.info\/icobas\/wp-content\/uploads\/2020\/07\/icobasfacebook2020.jpg\" target=\"_blank\">here<\/a><br>Link to ICOBAS 2023 Abstract Book is available\u00a0<a href=\"http:\/\/www.globalcenter.info\/icobas\/wp-content\/uploads\/2023\/09\/ICOBAS-2023ab.pdf\" target=\"_blank\" rel=\"noreferrer noopener\" aria-label=\" (yeni sekmede a\u00e7\u0131l\u0131r)\">here<br><\/a>Link to ICOBAS 2023\u00a0Program Book is available\u00a0<a rel=\"noreferrer noopener\" aria-label=\" (yeni sekmede a\u00e7\u0131l\u0131r)\" href=\"http:\/\/www.globalcenter.info\/icobas\/wp-content\/uploads\/2023\/03\/ICOBAS-2023-27.03.pdf\" target=\"_blank\">here <\/a><\/p>\n\n\n<p><!--EndFragment--><\/p>","protected":false},"excerpt":{"rendered":"<div class=\"mh-excerpt\"><p>8th International Conference on Business, Finance and Administrative Sciences(ICOBAS \u2013 2023)ONLINE and FACE-TO-FACEUniversity of Barcelona, Facultats de Filsofia, Geografia i Historia Barcelona, SpainMarch 29-30, 2023 <a class=\"mh-excerpt-more\" href=\"https:\/\/www.globalcenter.info\/icobas\/?page_id=1046\" title=\"ICOBAS-2023\">[&#8230;]<\/a><\/p>\n<\/div>","protected":false},"author":2,"featured_media":0,"parent":0,"menu_order":0,"comment_status":"closed","ping_status":"closed","template":"","meta":{"footnotes":""},"class_list":["post-1046","page","type-page","status-publish","hentry"],"_links":{"self":[{"href":"https:\/\/www.globalcenter.info\/icobas\/index.php?rest_route=\/wp\/v2\/pages\/1046"}],"collection":[{"href":"https:\/\/www.globalcenter.info\/icobas\/index.php?rest_route=\/wp\/v2\/pages"}],"about":[{"href":"https:\/\/www.globalcenter.info\/icobas\/index.php?rest_route=\/wp\/v2\/types\/page"}],"author":[{"embeddable":true,"href":"https:\/\/www.globalcenter.info\/icobas\/index.php?rest_route=\/wp\/v2\/users\/2"}],"replies":[{"embeddable":true,"href":"https:\/\/www.globalcenter.info\/icobas\/index.php?rest_route=%2Fwp%2Fv2%2Fcomments&post=1046"}],"version-history":[{"count":2,"href":"https:\/\/www.globalcenter.info\/icobas\/index.php?rest_route=\/wp\/v2\/pages\/1046\/revisions"}],"predecessor-version":[{"id":1055,"href":"https:\/\/www.globalcenter.info\/icobas\/index.php?rest_route=\/wp\/v2\/pages\/1046\/revisions\/1055"}],"wp:attachment":[{"href":"https:\/\/www.globalcenter.info\/icobas\/index.php?rest_route=%2Fwp%2Fv2%2Fmedia&parent=1046"}],"curies":[{"name":"wp","href":"https:\/\/api.w.org\/{rel}","templated":true}]}}