{"id":7,"date":"2015-02-03T12:59:42","date_gmt":"2015-02-03T10:59:42","guid":{"rendered":"http:\/\/www.globalcenter.info\/icobas\/?page_id=7"},"modified":"2024-02-22T10:23:38","modified_gmt":"2024-02-22T07:23:38","slug":"international-advisory-boards","status":"publish","type":"page","link":"https:\/\/www.globalcenter.info\/icobas\/?page_id=7","title":{"rendered":"International Advisory Boards"},"content":{"rendered":"<p>Prof. Dr. Andrea Iacobuta, Alexandra Ioan Cuza University, Romania<br \/>\nProfessor Anton Sorin Gabriel, Alexandru Ioan Cuza University, Romania<br \/>\nProf. Dr. Laith J. Hnoosh, University of Kufa, Iraq<br \/>\nProf. Dr. Erol \u00c7akmak, Atat\u00fcrk University, Turkey<br \/>\nProf. Dr. Foued KHLIFI, Higher Institute of Management Gab\u00e8s, Tunisia<br \/>\nProf. Dr. Seval Karde\u015f Selimo\u011flu, Anadolu University, Turkey<br \/>\nProf. Dr. Sevgi A. \u00d6zt\u00fcrk, Anadolu University, Turkey<br \/>\nProf. Dr. Gunes N. Zeytinoglu, Anadolu University, Turkey<br \/>\nProf. Dr. Mustafa \u00d6zer, Anadolu University, Turkey<br \/>\nProf. Dr.Hatice Do\u011fukanl\u0131, \u00c7ukurova University, Turkey<br \/>\nProf. Dr. Ahmet Hamdi Aydin, Kahramanmara\u015f S\u00fct\u00e7\u00fc \u0130mam University, Turkey<br \/>\nProf. Dr. Azmi Yal\u00e7in, \u00c7ukurova University, Turkey<br \/>\nProf.Dr.Fatma Demirci Orel, \u00c7ukurova University, Turkey<br \/>\nProf. Dr. Aysu Insel, Marmara University, Turkey<br \/>\nProf.Dr.Muharrem Varol, \u0130stanbul Gelisim University, Turkey<br \/>\nProf.Dr. Abd\u00fclkadir Bulu\u015f, Selcuk University, Turkey<br \/>\nProf.Dr.Salih Bari\u015fik, Gaziosmanpasa University, Turkey<br \/>\nProf. Dr. A. Suut Dogruel, Marmara University, Turkey<br \/>\nProf. Dr. Murat Kasimoglu, Turizm University, Turkey<br \/>\nProf. Dr. Bekir Kemal Ataman, Giresun University, Turkey<br \/>\nProf. Dr. Seval Karde\u015f Selimo\u011flu, Anadolu University, Turkey<br \/>\nProf. Dr. Nevin Co\u015far, Yildiz Teknik University, Turkey<br \/>\nProf. Dr. Ercan Eren, Yildiz Teknik University, Turkey<br \/>\nProf. Dr. \u00d6nder Barli, Atat\u00fcrk University, Turkey<br \/>\nProf. Dr. Yusuf Bayraktutan, Kocaeli University, Turkey<br \/>\nProf. Dr. Yakup Selvi, Istanbul Universitesi, Turkey<br \/>\nProf. Dr. Fatma Dogruel, Marmara University, Turkey<br \/>\nProf. Dr. M\u00fcnir \u015eakrak, Marmara University, Turkey<br \/>\nProf. Dr. Turhan Korkmaz, B\u00fclent Ecevit University, Turkey<br \/>\nProf.Dr.Mehmet Tanya\u015f, Maltepe University, Turkey<br \/>\nProf. Dr. Suat Teker, Istanbul Technical University, Turkey<br \/>\nProf. Dr. Ay\u015fe Can Baysal, Istanbul Kultur University, Turkey<br \/>\nProf.Dr. At\u0131lhan Naktiyok, Atat\u00fcrk University, Turkey<br \/>\nProf. Dr. Rezan Tatl\u0131dil, Ege University, Turkey<br \/>\nProf. Dr. Erhan Ada , Izmir Economy University, Turkey<br \/>\nProf. Dr. Enar A. Tun\u00e7, Okan University, Turkey<br \/>\nProf. Dr. H\u00fcseyin Arasl\u0131, Eastern Mediterranean University, North Cyprus<br \/>\nProf. Dr. Cengiz Erol, Izmir Economy University, Turkey<br \/>\nProf. Dr. Benan Orbay, Do\u011fu\u015f University, Turkey<br \/>\nAssoc, Prof. Dr. Gratiela Boca, North University of Baia Mare, Romania<br \/>\nAssoc. Prof. Dr.Gulzhanat, Tayauova, Almathy International Academy of Business, Kazakistan<br \/>\nAssoc. Prof. Dr. Nabsiah Abdul Wahid, University of Sains Malaysi, Malaysia<br \/>\nAssoc. Prof. Dr. Tiberiu Socaciu, University of Suceava, Romania<br \/>\nRoberto J. Santill\u00e1n-Salgado, EGADE Business School (Monterrey Tec), Mexico<\/p>\n","protected":false},"excerpt":{"rendered":"<div class=\"mh-excerpt\"><p>Prof. Dr. Andrea Iacobuta, Alexandra Ioan Cuza University, Romania Professor Anton Sorin Gabriel, Alexandru Ioan Cuza University, Romania Prof. Dr. Laith J. Hnoosh, University of <a class=\"mh-excerpt-more\" href=\"https:\/\/www.globalcenter.info\/icobas\/?page_id=7\" title=\"International Advisory Boards\">[&#8230;]<\/a><\/p>\n<\/div>","protected":false},"author":2,"featured_media":0,"parent":0,"menu_order":0,"comment_status":"closed","ping_status":"open","template":"","meta":{"footnotes":""},"class_list":["post-7","page","type-page","status-publish","hentry"],"_links":{"self":[{"href":"https:\/\/www.globalcenter.info\/icobas\/index.php?rest_route=\/wp\/v2\/pages\/7"}],"collection":[{"href":"https:\/\/www.globalcenter.info\/icobas\/index.php?rest_route=\/wp\/v2\/pages"}],"about":[{"href":"https:\/\/www.globalcenter.info\/icobas\/index.php?rest_route=\/wp\/v2\/types\/page"}],"author":[{"embeddable":true,"href":"https:\/\/www.globalcenter.info\/icobas\/index.php?rest_route=\/wp\/v2\/users\/2"}],"replies":[{"embeddable":true,"href":"https:\/\/www.globalcenter.info\/icobas\/index.php?rest_route=%2Fwp%2Fv2%2Fcomments&post=7"}],"version-history":[{"count":8,"href":"https:\/\/www.globalcenter.info\/icobas\/index.php?rest_route=\/wp\/v2\/pages\/7\/revisions"}],"predecessor-version":[{"id":1101,"href":"https:\/\/www.globalcenter.info\/icobas\/index.php?rest_route=\/wp\/v2\/pages\/7\/revisions\/1101"}],"wp:attachment":[{"href":"https:\/\/www.globalcenter.info\/icobas\/index.php?rest_route=%2Fwp%2Fv2%2Fmedia&parent=7"}],"curies":[{"name":"wp","href":"https:\/\/api.w.org\/{rel}","templated":true}]}}