{"id":755,"date":"2021-02-09T17:23:00","date_gmt":"2021-02-09T14:23:00","guid":{"rendered":"http:\/\/www.globalcenter.info\/icobas\/?page_id=755"},"modified":"2021-02-09T17:23:00","modified_gmt":"2021-02-09T14:23:00","slug":"icobas-2020","status":"publish","type":"page","link":"https:\/\/www.globalcenter.info\/icobas\/?page_id=755","title":{"rendered":"ICOBAS 2020"},"content":{"rendered":"\n<p class=\"has-text-align-center\"><strong>5th International Conference on Business, Finance and Administrative Sciences<\/strong><br><strong>(ICOBAS-2020)<br> Istanbul Nisantas\u0131 University<br> Maslak, Sar\u0131yer, Istanbul, Turkey<br> 20-22 November, 2020<\/strong><\/p>\n\n\n\n<p> Link to\u00a0ICOBAS 2020\u00a0Poster is available\u00a0<a href=\"http:\/\/www.globalcenter.info\/icobas\/wp-content\/uploads\/2020\/07\/icobasfacebook2020.jpg\" target=\"_blank\" rel=\"noreferrer noopener\" aria-label=\"here (yeni sekmede a\u00e7\u0131l\u0131r)\">here<\/a><br>Link to ICOBAS 2020 Abstract Book is available\u00a0<a rel=\"noreferrer noopener\" href=\"http:\/\/awer-center.org\/\" target=\"_blank\">here<br><\/a>Link to ICOBAS 2020\u00a0Program Book is available\u00a0<a href=\"http:\/\/www.globalcenter.info\/icobas\/wp-content\/uploads\/2021\/02\/icobasprogrambook2020-1.pdf\" target=\"_blank\" rel=\"noreferrer noopener\" aria-label=\"here  (yeni sekmede a\u00e7\u0131l\u0131r)\">here <\/a><\/p>\n","protected":false},"excerpt":{"rendered":"<div class=\"mh-excerpt\"><p>5th International Conference on Business, Finance and Administrative Sciences(ICOBAS-2020) Istanbul Nisantas\u0131 University Maslak, Sar\u0131yer, Istanbul, Turkey 20-22 November, 2020 Link to\u00a0ICOBAS 2020\u00a0Poster is available\u00a0hereLink to <a class=\"mh-excerpt-more\" href=\"https:\/\/www.globalcenter.info\/icobas\/?page_id=755\" title=\"ICOBAS 2020\">[&#8230;]<\/a><\/p>\n<\/div>","protected":false},"author":2,"featured_media":0,"parent":0,"menu_order":0,"comment_status":"closed","ping_status":"closed","template":"","meta":{"footnotes":""},"class_list":["post-755","page","type-page","status-publish","hentry"],"_links":{"self":[{"href":"https:\/\/www.globalcenter.info\/icobas\/index.php?rest_route=\/wp\/v2\/pages\/755"}],"collection":[{"href":"https:\/\/www.globalcenter.info\/icobas\/index.php?rest_route=\/wp\/v2\/pages"}],"about":[{"href":"https:\/\/www.globalcenter.info\/icobas\/index.php?rest_route=\/wp\/v2\/types\/page"}],"author":[{"embeddable":true,"href":"https:\/\/www.globalcenter.info\/icobas\/index.php?rest_route=\/wp\/v2\/users\/2"}],"replies":[{"embeddable":true,"href":"https:\/\/www.globalcenter.info\/icobas\/index.php?rest_route=%2Fwp%2Fv2%2Fcomments&post=755"}],"version-history":[{"count":1,"href":"https:\/\/www.globalcenter.info\/icobas\/index.php?rest_route=\/wp\/v2\/pages\/755\/revisions"}],"predecessor-version":[{"id":757,"href":"https:\/\/www.globalcenter.info\/icobas\/index.php?rest_route=\/wp\/v2\/pages\/755\/revisions\/757"}],"wp:attachment":[{"href":"https:\/\/www.globalcenter.info\/icobas\/index.php?rest_route=%2Fwp%2Fv2%2Fmedia&parent=755"}],"curies":[{"name":"wp","href":"https:\/\/api.w.org\/{rel}","templated":true}]}}