{"id":824,"date":"2022-03-07T22:07:20","date_gmt":"2022-03-07T19:07:20","guid":{"rendered":"http:\/\/www.globalcenter.info\/icobas\/?page_id=824"},"modified":"2022-03-07T22:36:40","modified_gmt":"2022-03-07T19:36:40","slug":"icobas-2021","status":"publish","type":"page","link":"https:\/\/www.globalcenter.info\/icobas\/?page_id=824","title":{"rendered":"ICOBAS-2021"},"content":{"rendered":"<p><!--StartFragment--><\/p>\n\n\n<p class=\"has-text-align-center\"><strong>6th International Conference on Business, Finance and Administrative Sciences<\/strong><br><strong>(ICOBAS-2021)<br><\/strong>Cyprus Science University Ozankoy-Kyrenia, Cyprus <br>08 \u2013 10 July 2021<\/p>\n\n\n\n<p>Link to\u00a0ICOBAS 2021\u00a0Social Media is available\u00a0<a rel=\"noreferrer noopener\" aria-label=\"here (yeni sekmede a\u00e7\u0131l\u0131r)\" href=\"http:\/\/www.globalcenter.info\/icobas\/wp-content\/uploads\/2020\/07\/icobasfacebook2020.jpg\" target=\"_blank\">here<\/a><br>Link to ICOBAS 2021 Abstract Book is available\u00a0<a rel=\"noreferrer noopener\" aria-label=\" (yeni sekmede a\u00e7\u0131l\u0131r)\" href=\"https:\/\/www.globalcenter.info\/icobas\/?page_id=598\" target=\"_blank\">here<br><\/a>Link to ICOBAS 2021\u00a0Program Book is available\u00a0<a rel=\"noreferrer noopener\" aria-label=\" (yeni sekmede a\u00e7\u0131l\u0131r)\" href=\"http:\/\/www.globalcenter.info\/icobas\/wp-content\/uploads\/2022\/03\/ICOBAS-2021-Program.pdf\" target=\"_blank\">here <\/a><\/p>\n\n\n<p><!--EndFragment--><\/p>","protected":false},"excerpt":{"rendered":"<div class=\"mh-excerpt\"><p>6th International Conference on Business, Finance and Administrative Sciences(ICOBAS-2021)Cyprus Science University Ozankoy-Kyrenia, Cyprus 08 \u2013 10 July 2021 Link to\u00a0ICOBAS 2021\u00a0Social Media is available\u00a0hereLink to <a class=\"mh-excerpt-more\" href=\"https:\/\/www.globalcenter.info\/icobas\/?page_id=824\" title=\"ICOBAS-2021\">[&#8230;]<\/a><\/p>\n<\/div>","protected":false},"author":2,"featured_media":0,"parent":0,"menu_order":0,"comment_status":"closed","ping_status":"closed","template":"","meta":{"footnotes":""},"class_list":["post-824","page","type-page","status-publish","hentry"],"_links":{"self":[{"href":"https:\/\/www.globalcenter.info\/icobas\/index.php?rest_route=\/wp\/v2\/pages\/824"}],"collection":[{"href":"https:\/\/www.globalcenter.info\/icobas\/index.php?rest_route=\/wp\/v2\/pages"}],"about":[{"href":"https:\/\/www.globalcenter.info\/icobas\/index.php?rest_route=\/wp\/v2\/types\/page"}],"author":[{"embeddable":true,"href":"https:\/\/www.globalcenter.info\/icobas\/index.php?rest_route=\/wp\/v2\/users\/2"}],"replies":[{"embeddable":true,"href":"https:\/\/www.globalcenter.info\/icobas\/index.php?rest_route=%2Fwp%2Fv2%2Fcomments&post=824"}],"version-history":[{"count":3,"href":"https:\/\/www.globalcenter.info\/icobas\/index.php?rest_route=\/wp\/v2\/pages\/824\/revisions"}],"predecessor-version":[{"id":829,"href":"https:\/\/www.globalcenter.info\/icobas\/index.php?rest_route=\/wp\/v2\/pages\/824\/revisions\/829"}],"wp:attachment":[{"href":"https:\/\/www.globalcenter.info\/icobas\/index.php?rest_route=%2Fwp%2Fv2%2Fmedia&parent=824"}],"curies":[{"name":"wp","href":"https:\/\/api.w.org\/{rel}","templated":true}]}}