{"id":14,"date":"2013-02-27T14:37:56","date_gmt":"2013-02-27T12:37:56","guid":{"rendered":"http:\/\/www.globalcenter.info\/linelt\/?page_id=14"},"modified":"2025-03-20T16:35:58","modified_gmt":"2025-03-20T13:35:58","slug":"organizating-committee","status":"publish","type":"page","link":"https:\/\/www.globalcenter.info\/linelt\/?page_id=14","title":{"rendered":"Organizing Committee"},"content":{"rendered":"<p><strong>Organized by<br \/>\n<\/strong>University of Kyrenia, North Cyprus<br \/>\nUniversity of Alcal\u00e1, Spain<br \/>\nThe Academic Event Group<\/p>\n<p><strong>Program Chair<\/strong><br \/>\nProf. Dr. Jes\u00fas Garc\u00eda Laborda, University of Alcal\u00e1, Spain<br \/>\nProf. Dr. Nurdan Ataturk, University of Kyrenia, North Cyprus<\/p>\n<p><strong>Scientific Committee<br \/>\n<\/strong>Prof. Dr. H\u00fcseyin Uzunboylu, University of Kyrenia, North Cyprus<br \/>\nDr. Abdigapbarova Muslimovna, Kazakh National Pedagogical University, KZ<br \/>\nDr. Alejandro Curado, University of Extremadura, Spain<br \/>\nDr. Alexandra Santamaria-Urbieta, Alcala University, Spain<br \/>\nDr. Ana Gimeno Sanz, Universitat Polit\u00e8cnica de Val\u00e8ncia, Spain<br \/>\nDr. Bego\u00f1a Montero Fleta, Universitat Polit\u00e8cnica de Val\u00e8ncia, Spain<br \/>\nDr. Carmen Flys, University of Alcal\u00e1, Spain<br \/>\nDr. Cristina Tejedor Mart\u00ednez, University of Alcal\u00e1, Spain<br \/>\nDr. Daniel Candel, University of Alcal\u00e1, Spain<br \/>\nDr. Elena Alcalde Penalver, University of Alcal\u00e1, Spain<br \/>\nDr. Elena Barcena Madera, UNED, Spain<br \/>\nDr. Elmira Uaidullakyzy, Almaty University, Kazakhstan<br \/>\nDr. Gul Celkan, Middle Georgia State College, USA<br \/>\nDr. John M. Rian, University of Northern Colorado, USA<br \/>\nDr. Jos\u00e9 Antonio Gurpegui Palacios, Instituto Franklin, Spain<br \/>\nDr. Juan Jos\u00e9 Hern\u00e1ndez Medina, Almer\u00eda University, Spain<br \/>\nDr. Julio Ca\u00f1ero Serrano, Instituto Franklin, Spain<br \/>\nDr. Marian Amengual Pizarro, University of the Balearic Islands, Spain<br \/>\nDr. Mathea Simons, University of Antwerp, Belgium<br \/>\nDr. Mehmet \u00d6znacar, University of Kyrenia, North Cyprus<br \/>\nDr. Montserrat L\u00f3pez M\u00fagica, University of Alcal\u00e1, Spain<br \/>\nDr. Nurdan Atamturk, University of Kyrenia, North Cyprus<br \/>\nDr. Raquel L\u00e1zaro Fern\u00e1ndez, University of Alcal\u00e1, Spain<br \/>\nDr. Sabater, Carmen P\u00e9rez, Universitat Polit\u00e8cnica de Val\u00e8ncia, Spain<br \/>\nDr. Santiago Fern\u00e1ndez V\u00e1zquez, University of Alcal\u00e1, Spain<br \/>\nDr. Sazhila Nuzhanova, Kazakh National Pedagogical University, KZ<br \/>\nDr. Omar Cortes Pena, University of La Costa, Colombia<br \/>\nDr. Salvador Montaner Villalba, Polytechnic University of Valencia, Spain<\/p>\n<p><strong>Local Organizing Committee<br \/>\n<\/strong>Alper Karabacak, University of Kyrenia, North Cyprus<br \/>\nBeria Gokaydin, Near East University, Cyprus<br \/>\nFlorijeta Hulaj, AAB College, Kosovo<br \/>\nMetin Berk Odaba\u015f\u0131, University of Warwick, UK<br \/>\nMustafa Korucu, Bahcesehir Cyprus University, Cyprus<br \/>\nNihat Ekizoglu, Atat\u00fcrk Teacher Training Academy, Cyprus<br \/>\nSerap Karabacak, University of Kyrenia, North Cyprus<br \/>\nTahir Tavuk\u00e7u, Atat\u00fcrk Teacher Training Academy, Cyprus<br \/>\nZeynep Gen\u00e7, Istanbul Ayd\u0131n University, Turkey<\/p>\n<p><strong>General Coordinator<br \/>\n<\/strong>Ayomide Oluniyi, University of Kyrenia, North Cyprus<\/p>\n","protected":false},"excerpt":{"rendered":"<p>Organized by University of Kyrenia, North Cyprus University of Alcal\u00e1, Spain The Academic Event Group Program Chair Prof. Dr. Jes\u00fas Garc\u00eda Laborda, University of Alcal\u00e1, Spain Prof. Dr. Nurdan Ataturk, University of Kyrenia, North Cyprus Scientific Committee Prof. Dr. H\u00fcseyin Uzunboylu, University of Kyrenia, North Cyprus Dr. Abdigapbarova Muslimovna, Kazakh National Pedagogical University, KZ Dr. [&hellip;]<\/p>\n","protected":false},"author":2,"featured_media":0,"parent":0,"menu_order":0,"comment_status":"closed","ping_status":"open","template":"","meta":{"footnotes":""},"class_list":["post-14","page","type-page","status-publish","hentry"],"_links":{"self":[{"href":"https:\/\/www.globalcenter.info\/linelt\/index.php?rest_route=\/wp\/v2\/pages\/14"}],"collection":[{"href":"https:\/\/www.globalcenter.info\/linelt\/index.php?rest_route=\/wp\/v2\/pages"}],"about":[{"href":"https:\/\/www.globalcenter.info\/linelt\/index.php?rest_route=\/wp\/v2\/types\/page"}],"author":[{"embeddable":true,"href":"https:\/\/www.globalcenter.info\/linelt\/index.php?rest_route=\/wp\/v2\/users\/2"}],"replies":[{"embeddable":true,"href":"https:\/\/www.globalcenter.info\/linelt\/index.php?rest_route=%2Fwp%2Fv2%2Fcomments&post=14"}],"version-history":[{"count":54,"href":"https:\/\/www.globalcenter.info\/linelt\/index.php?rest_route=\/wp\/v2\/pages\/14\/revisions"}],"predecessor-version":[{"id":2367,"href":"https:\/\/www.globalcenter.info\/linelt\/index.php?rest_route=\/wp\/v2\/pages\/14\/revisions\/2367"}],"wp:attachment":[{"href":"https:\/\/www.globalcenter.info\/linelt\/index.php?rest_route=%2Fwp%2Fv2%2Fmedia&parent=14"}],"curies":[{"name":"wp","href":"https:\/\/api.w.org\/{rel}","templated":true}]}}