{"id":2384,"date":"2025-04-12T12:25:40","date_gmt":"2025-04-12T09:25:40","guid":{"rendered":"https:\/\/www.globalcenter.info\/linelt\/?page_id=2384"},"modified":"2025-04-12T13:07:59","modified_gmt":"2025-04-12T10:07:59","slug":"keynote-speakers-2","status":"publish","type":"page","link":"https:\/\/www.globalcenter.info\/linelt\/?page_id=2384","title":{"rendered":"Keynote Speakers"},"content":{"rendered":"\n<div class=\"wp-block-columns is-layout-flex wp-container-core-columns-is-layout-1 wp-block-columns-is-layout-flex\">\n<div class=\"wp-block-column is-layout-flow wp-block-column-is-layout-flow\"><\/div>\n\n\n\n<div class=\"wp-block-column is-layout-flow wp-block-column-is-layout-flow\"><\/div>\n<\/div>\n\n\n\n<div class=\"wp-block-columns alignwide is-layout-flex wp-container-core-columns-is-layout-2 wp-block-columns-is-layout-flex\" style=\"margin-bottom:0\">\n<div class=\"wp-block-column has-text-color has-background has-link-color wp-elements-a104493f58f11fdcdf10ebc05de8ecb5 is-layout-flow wp-block-column-is-layout-flow\" style=\"color:#000000;background-color:#d3d7df;padding-top:2em;padding-right:2em;padding-bottom:2em;padding-left:2em\">\n<div class=\"wp-block-group is-content-justification-center is-nowrap is-layout-flex wp-container-core-group-is-layout-1 wp-block-group-is-layout-flex\">\n<figure class=\"wp-block-image size-full is-resized\"><a href=\"http:\/\/www.globalcenter.info\/linelt\/wp-content\/uploads\/2025\/03\/unnamed.jpg\"><img loading=\"lazy\" decoding=\"async\" width=\"400\" height=\"400\" src=\"http:\/\/www.globalcenter.info\/linelt\/wp-content\/uploads\/2025\/03\/unnamed.jpg\" alt=\"\" class=\"wp-image-2371\" style=\"width:200px;height:auto\" srcset=\"https:\/\/www.globalcenter.info\/linelt\/wp-content\/uploads\/2025\/03\/unnamed.jpg 400w, https:\/\/www.globalcenter.info\/linelt\/wp-content\/uploads\/2025\/03\/unnamed-300x300.jpg 300w, https:\/\/www.globalcenter.info\/linelt\/wp-content\/uploads\/2025\/03\/unnamed-150x150.jpg 150w, https:\/\/www.globalcenter.info\/linelt\/wp-content\/uploads\/2025\/03\/unnamed-144x144.jpg 144w\" sizes=\"(max-width: 400px) 100vw, 400px\" \/><\/a><\/figure>\n<\/div>\n\n\n\n<p class=\"has-text-align-center\" style=\"font-size:13px\"><strong>Prof. Dr. Jesus Garcia Laborda<\/strong><\/p>\n\n\n\n<hr class=\"wp-block-separator aligncenter has-css-opacity is-style-wide\"\/>\n\n\n\n<ul class=\"wp-block-list\">\n<li style=\"font-size:10px\">Full Prof. of Language Education \/\/ C.U. de Did\u00e1ctica de la Lengua y la Literatura<\/li>\n\n\n\n<li style=\"font-size:10px\">Dean of College of Education \/\/ Decano\/a de la Facultad de Educaci\u00f3nUniversidad de Alcal\u00e1C. Madrid, 1, 19001 Guadalajara(34) 949 20 97 36- College of Education<\/li>\n<\/ul>\n\n\n\n<div class=\"wp-block-group\"><div class=\"wp-block-group__inner-container is-layout-constrained wp-block-group-is-layout-constrained\">\n<p class=\"has-small-font-size\"><strong>Keynote Title:<\/strong>\u00a0&#8220;Strategies for Supporting Foreign Language Teachers&#8217; wellbeing&#8221;  <\/p>\n\n\n\n<details class=\"wp-block-details is-layout-flow wp-block-details-is-layout-flow\" style=\"font-size:15px\"><summary><strong>Biography<\/strong><\/summary>\n<p class=\"has-small-font-size\"><strong>Biography:<\/strong> Dr. Garc\u00eda Laborda holds a degree in English Philology (1988, Complutense University of Madrid), a Master\u2019s in ESL (University of Georgia), a Master\u2019s in Comparative Literature (University of Wisconsin), a PhD in English Philology, and a European Doctorate in Education (Complutense University of Madrid). He has extensive teaching and research experience, including visiting positions at Penn State University and the University of Antwerp, as well as teaching engagements in Lithuania, Cyprus, Turkey, Colombia, and Brazil. Since 2019, he has served as Dean of the Faculty of Education at the University of Alcal\u00e1 and previously directed its Department of Modern Philology (2016\u20132019). Dr. Laborda has over 270 publications, leads the RELTS research group, and specializes in language teaching, assessment, educational technology, and bilingual education. He is president of the European Association of Languages for Specific Purposes.<br><strong>Abstract:<\/strong> Foreign language teachers face unique challenges, including cultural adaptation, workload stress, and emotional exhaustion. Developing their wellbeing is essential for maintaining motivation, job satisfaction, and teaching effectiveness. This paper explores practical strategies to enhance the wellbeing of foreign language educators through emotional resilience, professional support, and self-care techniques. Key approaches include mindfulness practices, peer collaboration, workload balance, and institutional support systems. Additionally, leveraging technology and flexible teaching methods can reduce burnout and foster engagement. The study highlights the role of continuous professional development and intercultural competence in creating a fulfilling teaching experience. By prioritizing the mental and emotional health of foreign language teachers, institutions can ensure a more sustainable, productive, and inspiring educational environment. This research provides actionable insights for educators, administrators, and policymakers committed to fostering a supportive work culture in language education.<\/p>\n<\/details>\n<\/div><\/div>\n<\/div>\n\n\n\n<div class=\"wp-block-column has-text-color has-background has-link-color wp-elements-2f4eb1b9a61e219869136cedea7df6f2 is-layout-flow wp-block-column-is-layout-flow\" style=\"color:#000000;background-color:#d3d7df;padding-top:2em;padding-right:2em;padding-bottom:2em;padding-left:2em\">\n<div class=\"wp-block-group is-content-justification-center is-nowrap is-layout-flex wp-container-core-group-is-layout-3 wp-block-group-is-layout-flex\">\n<figure class=\"wp-block-image size-full is-resized\"><a href=\"http:\/\/www.globalcenter.info\/linelt\/wp-content\/uploads\/2024\/01\/hu.jpg\"><img loading=\"lazy\" decoding=\"async\" width=\"813\" height=\"1004\" src=\"http:\/\/www.globalcenter.info\/linelt\/wp-content\/uploads\/2024\/01\/hu.jpg\" alt=\"\" class=\"wp-image-2270\" style=\"width:162px;height:auto\" srcset=\"https:\/\/www.globalcenter.info\/linelt\/wp-content\/uploads\/2024\/01\/hu.jpg 813w, https:\/\/www.globalcenter.info\/linelt\/wp-content\/uploads\/2024\/01\/hu-243x300.jpg 243w, https:\/\/www.globalcenter.info\/linelt\/wp-content\/uploads\/2024\/01\/hu-768x948.jpg 768w\" sizes=\"(max-width: 813px) 100vw, 813px\" \/><\/a><\/figure>\n<\/div>\n\n\n\n<p class=\"has-text-align-center\" style=\"font-size:13px\"><strong>Prof. Dr. H\u00fcseyin Uzunboylu<\/strong><\/p>\n\n\n\n<hr class=\"wp-block-separator aligncenter has-css-opacity is-style-wide\"\/>\n\n\n\n<ul class=\"wp-block-list\">\n<li style=\"font-size:10px\">University of Kyrenia, Cyprus<\/li>\n\n\n\n<li style=\"font-size:10px\">Head of Special Education Department<\/li>\n\n\n\n<li style=\"font-size:10px\">Kyrenia \u2013 North Cyprus<\/li>\n<\/ul>\n\n\n\n<p class=\"has-small-font-size\"><strong>Keynote Title:<\/strong>\u00a0&#8220;Technologies that are pedagogically innovative and used to teach English to university students&#8221;<\/p>\n\n\n\n<div class=\"wp-block-group\"><div class=\"wp-block-group__inner-container is-layout-constrained wp-block-group-is-layout-constrained\">\n<details class=\"wp-block-details is-layout-flow wp-block-details-is-layout-flow\" style=\"font-size:15px\"><summary><strong>Biography<\/strong><\/summary>\n<p class=\"has-small-font-size\"><strong>Biography:<\/strong> Prof. Dr. Huseyin Uzunboylu higher education career began by winning the Anatolia University, Department of Communication and Planning on Education in Turkey. And after he had completed his preparatory education in one year and he completed his undergraduate degree in 1991. Prof. Dr. Huseyin Uzunboylu started his graduate education in Ankara University, the Department of Curriculum and Instruction in 1993 and graduated in 1995. He was accepted into the doctoral program in the same university, Educational Technology Department of Educational Sciences in 1995 and he completed his PhD degree in 2002. In 2003, he became an Assistant Professor in the Department of Computer Education and Instructional Technology at the Near East University, he was an Associate Professor in 2005 in Ataturk Faculty of Education, and in December 2010, with respect to the members of juries he was appointed as a full professor. After doctoral studies he started working at the Near East University, Faculty of Arts and Sciences Department of Psychology in 1996 and he taught courses in educational sciences and research methods. He coordinated of \u2018Pedagogy Certificate Program which was conducted by the University from 1997 to 1999, and since he was Chairman of the Department of Computer Education and Instructional Technology from 2004 to 2013. From 2013 to 2018, he served as a Dean of Faculty of Education in Near East University.<br>From 23 October 2019, he worked as a member of Higher Education Planning, Supervision, Accreditation and Coordination Board by the President of North Cyprus (TRNC) to 1 April 2024. Prof. Dr. Uzunboylu has five academic books published by Turkey\u2019s respected publishing firms; he has supervised 24 doctoral and 63 master\u2019s theses up to now. His 119 articles have indexing in Scopus and these articles took 1576 Citations by 1,278 documents. His H-Index 19 in Scopus. Until now, He was invited to many international conferences as keynote speaker.<br>He graduated with a second doctorate on \u201cspecial education\u201d in February in 2023.<br>He is honorary of the Cypriot Journal of Educational Sciences; also, Prof. Dr. Uzunboylu serves as the boards of many journals refereeing within the searching in the Social Sciences Citation Index. Since 2004, he has been on the list as founders, and he is president of the Cyprus Educational Sciences Association (KEB-DER). In 2010, Prof. Dr. Uzunboylu had a major role representing KEB-DER and put effort into being a full member of the European Educational Research Association and World Educational Research Association.<\/p>\n<\/details>\n<\/div><\/div>\n<\/div>\n<\/div>\n\n\n\n<hr class=\"wp-block-separator has-alpha-channel-opacity\"\/>\n\n\n\n<div class=\"wp-block-columns alignwide is-layout-flex wp-container-core-columns-is-layout-3 wp-block-columns-is-layout-flex\" style=\"margin-bottom:0\">\n<div class=\"wp-block-column has-text-color has-background has-link-color wp-elements-f9d3bd2f4a1eee1dbf43a09ceb81ae61 is-layout-flow wp-block-column-is-layout-flow\" style=\"color:#000000;background-color:#d3d7df;padding-top:2em;padding-right:2em;padding-bottom:2em;padding-left:2em\">\n<div class=\"wp-block-group is-content-justification-center is-nowrap is-layout-flex wp-container-core-group-is-layout-5 wp-block-group-is-layout-flex\">\n<figure class=\"wp-block-image size-full is-resized\"><a href=\"http:\/\/www.globalcenter.info\/linelt\/wp-content\/uploads\/2025\/03\/WhatsApp-Image-2025-03-24-at-07.18.35-1.jpeg\"><img loading=\"lazy\" decoding=\"async\" width=\"987\" height=\"1280\" src=\"http:\/\/www.globalcenter.info\/linelt\/wp-content\/uploads\/2025\/03\/WhatsApp-Image-2025-03-24-at-07.18.35-1.jpeg\" alt=\"\" class=\"wp-image-2373\" style=\"width:154px;height:auto\" srcset=\"https:\/\/www.globalcenter.info\/linelt\/wp-content\/uploads\/2025\/03\/WhatsApp-Image-2025-03-24-at-07.18.35-1.jpeg 987w, https:\/\/www.globalcenter.info\/linelt\/wp-content\/uploads\/2025\/03\/WhatsApp-Image-2025-03-24-at-07.18.35-1-231x300.jpeg 231w, https:\/\/www.globalcenter.info\/linelt\/wp-content\/uploads\/2025\/03\/WhatsApp-Image-2025-03-24-at-07.18.35-1-790x1024.jpeg 790w, https:\/\/www.globalcenter.info\/linelt\/wp-content\/uploads\/2025\/03\/WhatsApp-Image-2025-03-24-at-07.18.35-1-768x996.jpeg 768w\" sizes=\"(max-width: 987px) 100vw, 987px\" \/><\/a><\/figure>\n<\/div>\n\n\n\n<p class=\"has-text-align-center\" style=\"font-size:13px\"><strong>Dr. Sonila Daiu<\/strong><\/p>\n\n\n\n<hr class=\"wp-block-separator aligncenter has-css-opacity is-style-wide\"\/>\n\n\n\n<ul class=\"wp-block-list\">\n<li style=\"font-size:10px\">University Metropolitan Tirana, Albania<\/li>\n<\/ul>\n\n\n\n<p class=\"has-small-font-size\"><strong>Keynote Title:\u00a0<\/strong>&#8220;To be announced&#8221;<\/p>\n\n\n\n<div class=\"wp-block-group\"><div class=\"wp-block-group__inner-container is-layout-constrained wp-block-group-is-layout-constrained\">\n<details class=\"wp-block-details is-layout-flow wp-block-details-is-layout-flow\" style=\"font-size:15px\"><summary><strong>Biography<\/strong><\/summary>\n<p class=\"has-small-font-size\"><strong>Biography:<\/strong> Sonila Daiu is the Dean of Students and a Lecturer at University Metropolitan Tirana, where she is responsible for the management and coordination of academic and social activities, alumni relations, and student admissions. Her work encompasses academic and social support, policy development, campus enhancement, collaboration with student organizations, administrative duties, and monitoring student performance.<br>Dr. Daiu holds a Bachelor&#8217;s degree in English Language (2002) from the Department of English, Aleksand\u00ebr Xhuvani University, Elbasan, and a Postgraduate specialization in Methodology-Linguistics (2009) from the University of Tirana. She earned her Ph.D. in Linguistics from the University of Tirana in 2016.<br>Her academic expertise focuses on public communication, linguistics, and English for Specific Purposes (ESP), particularly in domains such as English for Business, Engineering, and Academic Purposes. Dr. Daiu also has substantial experience mentoring students in entrepreneurship and the startup sector, offering guidance in ideation, structuring, and implementation. Her research interests include corpus linguistics, language correctness in both native and foreign languages, and the application of technological advancements to language and writing studies.<br>Dr. Daiu has presented her research at numerous national and international conferences and has published extensively in her areas of expertise. She is also actively involved in Erasmus+ projects.<\/p>\n<\/details>\n<\/div><\/div>\n<\/div>\n\n\n\n<div class=\"wp-block-column has-text-color has-background has-link-color wp-elements-7ee8f256d1486b9fbe9d2e2f466fdc51 is-layout-flow wp-block-column-is-layout-flow\" style=\"color:#000000;background-color:#d3d7df;padding-top:2em;padding-right:2em;padding-bottom:2em;padding-left:2em\">\n<div class=\"wp-block-group is-content-justification-center is-nowrap is-layout-flex wp-container-core-group-is-layout-7 wp-block-group-is-layout-flex\">\n<figure class=\"wp-block-image size-full is-resized\"><a href=\"http:\/\/www.globalcenter.info\/linelt\/wp-content\/uploads\/2025\/03\/unnamed.png\"><img loading=\"lazy\" decoding=\"async\" width=\"150\" height=\"141\" src=\"http:\/\/www.globalcenter.info\/linelt\/wp-content\/uploads\/2025\/03\/unnamed.png\" alt=\"\" class=\"wp-image-2374\" style=\"width:213px;height:auto\"\/><\/a><\/figure>\n<\/div>\n\n\n\n<p class=\"has-text-align-center\" style=\"font-size:13px\"><strong>Prof. Dr. G\u00f6kmen Da\u011fli<\/strong><\/p>\n\n\n\n<hr class=\"wp-block-separator aligncenter has-css-opacity is-style-wide\"\/>\n\n\n\n<ul class=\"wp-block-list\">\n<li style=\"font-size:10px\">Vice Rector and Dean of Faculty of Education<\/li>\n\n\n\n<li style=\"font-size:10px\">University of Kyrenia- Kyrenia<\/li>\n\n\n\n<li style=\"font-size:10px\">North Cyprus<\/li>\n<\/ul>\n\n\n\n<p class=\"has-small-font-size\"><strong>Keynote Title:\u00a0<\/strong>&#8220;Sustainable Development Objectives and Education with Strategic Planning&#8221;<\/p>\n\n\n\n<div class=\"wp-block-group\"><div class=\"wp-block-group__inner-container is-layout-constrained wp-block-group-is-layout-constrained\">\n<details class=\"wp-block-details is-layout-flow wp-block-details-is-layout-flow\" style=\"font-size:15px\"><summary><strong>Biography<\/strong><\/summary>\n<p class=\"has-small-font-size\"><strong>Biography:<\/strong> He was born on May 17, 1968, in Nicosia. He completed his secondary and high school education at Nicosia Turkish High School in 1986. He graduated from the Military Academy, Management and Organization Department in 1990. He also continued his second undergraduate education at Middle East Technical University, Department of Computer Engineering. In 2004, he completed his master&#8217;s program with thesis in the field of Educational Management, Planning, Supervision and Economics. In 2009, he graduated from the Near East University Educational Management, Supervision, Planning and Economics doctoral program. He started his professional life by giving lectures on National Security issues between 1998-2008. Since 2011, he has been the Head of the Department of Educational Management Supervision Economics and Planning at the Faculty of Education at Near East University, and since 2016, he has been the Dean and Vice Rector of the University of Kyrenia, Faculty of Education. He teaches courses such as Strategic Planning, School Experience, Teaching Principles and Methods, Educational Management, Introduction to Educational Sciences, Philosophy of Education, Management Theories and Processes, Educational Economics and Planning. G\u00f6kmen Da\u011fl\u0131 serves as a referee board member in international journals and has international books, many articles and research projects.<\/p>\n<\/details>\n<\/div><\/div>\n<\/div>\n<\/div>\n\n\n\n<hr class=\"wp-block-separator has-alpha-channel-opacity\"\/>\n\n\n\n<div class=\"wp-block-columns alignwide is-layout-flex wp-container-core-columns-is-layout-4 wp-block-columns-is-layout-flex\" style=\"margin-bottom:0\">\n<div class=\"wp-block-column has-text-color has-background has-link-color wp-elements-f37a3147e206e9e8ee1940c4749a6fed is-layout-flow wp-block-column-is-layout-flow\" style=\"color:#000000;background-color:#d3d7df;padding-top:2em;padding-right:2em;padding-bottom:2em;padding-left:2em\">\n<div class=\"wp-block-group is-content-justification-center is-nowrap is-layout-flex wp-container-core-group-is-layout-9 wp-block-group-is-layout-flex\">\n<figure class=\"wp-block-image size-full is-resized\"><a href=\"http:\/\/www.globalcenter.info\/linelt\/wp-content\/uploads\/2025\/04\/567743130.jpg\"><img loading=\"lazy\" decoding=\"async\" width=\"385\" height=\"385\" src=\"http:\/\/www.globalcenter.info\/linelt\/wp-content\/uploads\/2025\/04\/567743130.jpg\" alt=\"\" class=\"wp-image-2403\" style=\"width:182px;height:auto\" srcset=\"https:\/\/www.globalcenter.info\/linelt\/wp-content\/uploads\/2025\/04\/567743130.jpg 385w, https:\/\/www.globalcenter.info\/linelt\/wp-content\/uploads\/2025\/04\/567743130-300x300.jpg 300w, https:\/\/www.globalcenter.info\/linelt\/wp-content\/uploads\/2025\/04\/567743130-150x150.jpg 150w, https:\/\/www.globalcenter.info\/linelt\/wp-content\/uploads\/2025\/04\/567743130-144x144.jpg 144w\" sizes=\"(max-width: 385px) 100vw, 385px\" \/><\/a><\/figure>\n<\/div>\n\n\n\n<p class=\"has-text-align-center\" style=\"font-size:13px\"><strong>Prof. Dr. Fahriye Alt\u0131nay<br><\/strong><\/p>\n\n\n\n<hr class=\"wp-block-separator aligncenter has-css-opacity is-style-wide\"\/>\n\n\n\n<ul class=\"wp-block-list\">\n<li style=\"font-size:10px\">Vice Director of Institute of Graduate Studies<\/li>\n\n\n\n<li style=\"font-size:10px\">Vice Chair of Societal Research and Development Center<\/li>\n\n\n\n<li style=\"font-size:10px\">Head of department of entrepreneurship and innovation in education and computer education and instructional technology department at Faculty of Education. <\/li>\n<\/ul>\n\n\n\n<p class=\"has-small-font-size\"><strong>Keynote Title:\u00a0<\/strong>&#8220;Reshaping Future Education: Skills, Social Entrepreneurship, Value Adding Projects<\/p>\n\n\n\n<div class=\"wp-block-group\"><div class=\"wp-block-group__inner-container is-layout-constrained wp-block-group-is-layout-constrained\">\n<details class=\"wp-block-details is-layout-flow wp-block-details-is-layout-flow\" style=\"font-size:15px\"><summary><strong>Biography<\/strong><\/summary>\n<p class=\"has-small-font-size\"><strong>Biography:<\/strong> Fahriye Altinay is Vice Director of Institute of Graduate Studies and she is Vice Chair of Societal Research and Development Center. She is head of department of entrepreneurship and innovation in education and computer education and instructional technology department at Faculty of Education. Fahriye Alt\u0131nay is the member of academic journals and she has national and international books, publications and research projects. Prof. Dr. Fahriye Alt\u0131nay is member unobstructed information technology platform and actively works in her studies about disability in smart society. Current researches consider the importance of diversity management, sensitivity training, disability, global citizenship for smart society.<\/p>\n<\/details>\n<\/div><\/div>\n<\/div>\n\n\n\n<div class=\"wp-block-column has-text-color has-background has-link-color wp-elements-0fd845b08e8c414ec090b93f2bbdf73d is-layout-flow wp-block-column-is-layout-flow\" style=\"color:#000000;background-color:#d3d7df;padding-top:2em;padding-right:2em;padding-bottom:2em;padding-left:2em\">\n<div class=\"wp-block-group is-content-justification-center is-nowrap is-layout-flex wp-container-core-group-is-layout-11 wp-block-group-is-layout-flex\">\n<figure class=\"wp-block-image size-full is-resized\"><a href=\"http:\/\/www.globalcenter.info\/linelt\/wp-content\/uploads\/2025\/04\/ZEHRA-ALTINAY-GAZI-2-scaled-1.jpg\"><img loading=\"lazy\" decoding=\"async\" width=\"1920\" height=\"2560\" src=\"http:\/\/www.globalcenter.info\/linelt\/wp-content\/uploads\/2025\/04\/ZEHRA-ALTINAY-GAZI-2-scaled-1.jpg\" alt=\"\" class=\"wp-image-2402\" style=\"width:146px;height:auto\" srcset=\"https:\/\/www.globalcenter.info\/linelt\/wp-content\/uploads\/2025\/04\/ZEHRA-ALTINAY-GAZI-2-scaled-1.jpg 1920w, https:\/\/www.globalcenter.info\/linelt\/wp-content\/uploads\/2025\/04\/ZEHRA-ALTINAY-GAZI-2-scaled-1-225x300.jpg 225w, https:\/\/www.globalcenter.info\/linelt\/wp-content\/uploads\/2025\/04\/ZEHRA-ALTINAY-GAZI-2-scaled-1-768x1024.jpg 768w, https:\/\/www.globalcenter.info\/linelt\/wp-content\/uploads\/2025\/04\/ZEHRA-ALTINAY-GAZI-2-scaled-1-1152x1536.jpg 1152w, https:\/\/www.globalcenter.info\/linelt\/wp-content\/uploads\/2025\/04\/ZEHRA-ALTINAY-GAZI-2-scaled-1-1536x2048.jpg 1536w\" sizes=\"(max-width: 1920px) 100vw, 1920px\" \/><\/a><\/figure>\n<\/div>\n\n\n\n<p class=\"has-text-align-center\" style=\"font-size:13px\"><strong>Prof. Dr. Zehra Alt\u0131nay<\/strong><\/p>\n\n\n\n<hr class=\"wp-block-separator aligncenter has-css-opacity is-style-wide\"\/>\n\n\n\n<ul class=\"wp-block-list\">\n<li style=\"font-size:10px\"> Director of Educational Sciences Department at Faculty of Education<\/li>\n\n\n\n<li style=\"font-size:10px\">Chair of Societal Research and Development Center at Near East University. <\/li>\n\n\n\n<li style=\"font-size:10px\">North Cyprus<\/li>\n<\/ul>\n\n\n\n<p class=\"has-small-font-size\"><strong>Keynote Title:\u00a0<\/strong>&#8220;Reshaping Future Education: Skills, Social Entrepreneurship, Value Adding Projects&#8221;<\/p>\n\n\n\n<div class=\"wp-block-group\"><div class=\"wp-block-group__inner-container is-layout-constrained wp-block-group-is-layout-constrained\">\n<details class=\"wp-block-details is-layout-flow wp-block-details-is-layout-flow\" style=\"font-size:15px\"><summary><strong>Biography<\/strong><\/summary>\n<p class=\"has-small-font-size\"><strong>Biography:<\/strong> Zehra Alt\u0131nay is Director of Educational Sciences Department at Faculty of Education and Chair of Societal Research and Development Center at Near East University. Zehra Alt\u0131nay is the member of academic journals and she has national and international books, publications and research projects. Zehra Alt\u0131nay is director of ethical committee in the university and responsible person to care rights of people with disabilities.<\/p>\n<\/details>\n<\/div><\/div>\n<\/div>\n<\/div>\n","protected":false},"excerpt":{"rendered":"<p>Prof. Dr. Jesus Garcia Laborda Keynote Title:\u00a0&#8220;Strategies for Supporting Foreign Language Teachers&#8217; wellbeing&#8221; Prof. Dr. H\u00fcseyin Uzunboylu Keynote Title:\u00a0&#8220;Technologies that are pedagogically innovative and used to teach English to university students&#8221; Dr. Sonila Daiu Keynote Title:\u00a0&#8220;To be announced&#8221; Prof. Dr. G\u00f6kmen Da\u011fli Keynote Title:\u00a0&#8220;Sustainable Development Objectives and Education with Strategic Planning&#8221; Prof. Dr. Fahriye Alt\u0131nay [&hellip;]<\/p>\n","protected":false},"author":2,"featured_media":0,"parent":0,"menu_order":0,"comment_status":"closed","ping_status":"closed","template":"","meta":{"footnotes":""},"class_list":["post-2384","page","type-page","status-publish","hentry"],"_links":{"self":[{"href":"https:\/\/www.globalcenter.info\/linelt\/index.php?rest_route=\/wp\/v2\/pages\/2384"}],"collection":[{"href":"https:\/\/www.globalcenter.info\/linelt\/index.php?rest_route=\/wp\/v2\/pages"}],"about":[{"href":"https:\/\/www.globalcenter.info\/linelt\/index.php?rest_route=\/wp\/v2\/types\/page"}],"author":[{"embeddable":true,"href":"https:\/\/www.globalcenter.info\/linelt\/index.php?rest_route=\/wp\/v2\/users\/2"}],"replies":[{"embeddable":true,"href":"https:\/\/www.globalcenter.info\/linelt\/index.php?rest_route=%2Fwp%2Fv2%2Fcomments&post=2384"}],"version-history":[{"count":14,"href":"https:\/\/www.globalcenter.info\/linelt\/index.php?rest_route=\/wp\/v2\/pages\/2384\/revisions"}],"predecessor-version":[{"id":2412,"href":"https:\/\/www.globalcenter.info\/linelt\/index.php?rest_route=\/wp\/v2\/pages\/2384\/revisions\/2412"}],"wp:attachment":[{"href":"https:\/\/www.globalcenter.info\/linelt\/index.php?rest_route=%2Fwp%2Fv2%2Fmedia&parent=2384"}],"curies":[{"name":"wp","href":"https:\/\/api.w.org\/{rel}","templated":true}]}}