{"id":41,"date":"2013-11-09T20:40:03","date_gmt":"2013-11-09T18:40:03","guid":{"rendered":"http:\/\/www.globalcenter.info\/sci-math\/?page_id=41"},"modified":"2019-02-11T12:18:47","modified_gmt":"2019-02-11T09:18:47","slug":"international-advisory-board","status":"publish","type":"page","link":"https:\/\/www.globalcenter.info\/sci-math\/?page_id=41","title":{"rendered":"International Advisory Board"},"content":{"rendered":"<p>Adnan Baki,\u00a0 Karadeniz Technical\u00a0 University<br \/>\nAhmet I\u015f\u0131k,\u00a0 Atat\u00fcrk University<br \/>\nAhmet Ka\u00e7ar,\u00a0 Kastamonu University<br \/>\nAlexandra Yeung, University of Sydney<br \/>\nMarjan Zadnik, Curtin University<br \/>\nAli Azar,\u00a0 Zonguldak Kara Elmas University<br \/>\nAli R\u0131za Akdeniz, Recep Tayyip Erdo\u011fan University<br \/>\nAlipa\u015fa Ayas, Bilkent University<br \/>\nAyd\u0131n Ok\u00e7u,\u00a0 Bal\u0131kesir University<br \/>\nAysun Umay,\u00a0 Hacettepe University<br \/>\nAy\u015fenur To\u011fral, Bo\u011fazi\u00e7i University<br \/>\nAy\u015fem Seda \u00d6nen, Hacettepe University<br \/>\nAytekin \u0130\u015fman, Sakarya University<br \/>\nBasri Atasoy,\u00a0 Gazi University<br \/>\nBehiye Ubuz, Middle East Technical\u00a0University<br \/>\nBesim Mustafa, Edge Hill University<br \/>\nBilal G\u00fcne\u015f, Gazi University<br \/>\nBruno D\u2019amore, University of Bologna<br \/>\nCarl Winsl\u00f8w, University of Copenhagen<br \/>\nCedric Linder, Uppsala University<br \/>\nCengiz Alacac\u0131, Bilkent University<br \/>\nCheryl Mason, San Diego State University<br \/>\nDean Zollman, Kansas State University<br \/>\nDipak Sarker, University of Brighton<br \/>\nFitnat Kaptan, Hacettepe University<br \/>\nGeorge Bodner, Purdue University<br \/>\nGiray Berbero\u011flu, Middle East Technical\u00a0University<br \/>\nGreg Dicinoski, University of Tasmania<br \/>\nG\u00fclay K\u0131rba\u015flar, Istanbul University<br \/>\nHafize Keser, Ankara University<br \/>\nHale Bayram,\u00a0 Marmara University<br \/>\nHalil \u0130brahim Yal\u0131n, Gazi University<br \/>\nHamide Ertep\u0131nar, Marmara University<br \/>\nHamza Y\u0131lmaz, Ankara University<br \/>\nH\u00fclya Y\u0131lmaz, Ege University<br \/>\nH\u00fcsamettin Co\u015fkun, In\u00f6n\u00fc University<br \/>\nH\u00fcseyin Alkan,\u00a0 Dokuz Eyl\u00fcl University<br \/>\nImmaculate Namukasa, University of Western Ontario<br \/>\nJanet Macaulay, Monash University<br \/>\nKeith Taber, University of Cambridge<br \/>\nLeman Tarhan, Dokuz Eyl\u00fcl University<br \/>\nLianghuo Fan, University of Southampton<br \/>\nM. Ya\u015far \u00d6zden, Eastern Mediterranean University<br \/>\nMaija Aksela, University of Helsinki<br \/>\nMaria Dobritoiu,\u00a0 University of Petro\u015fani<br \/>\nMedhat Rahim,\u00a0 Lakehead University<br \/>\nNorman Lederman, Illinois Institute of Technology<br \/>\nPatricia Bagget, New Mexico State University<br \/>\nPauline Ross, University of Western Sydney<br \/>\nRoger Lewis, University of Wollongong<br \/>\nSimon Bates, University of Edinburgh<br \/>\nSteve Provost, Southern Cross University<br \/>\nYu-Ling Lu, National Taipei University of Education<\/p>\n","protected":false},"excerpt":{"rendered":"<p>Adnan Baki,\u00a0 Karadeniz Technical\u00a0 University Ahmet I\u015f\u0131k,\u00a0 Atat\u00fcrk University Ahmet Ka\u00e7ar,\u00a0 Kastamonu University Alexandra Yeung, University of Sydney Marjan Zadnik, Curtin University Ali Azar,\u00a0 Zonguldak Kara Elmas University Ali R\u0131za Akdeniz, Recep Tayyip Erdo\u011fan University Alipa\u015fa Ayas, Bilkent University Ayd\u0131n Ok\u00e7u,\u00a0 Bal\u0131kesir University Aysun Umay,\u00a0 Hacettepe University Ay\u015fenur To\u011fral, Bo\u011fazi\u00e7i University Ay\u015fem Seda \u00d6nen, Hacettepe University Aytekin \u0130\u015fman, Sakarya University Basri Atasoy,\u00a0 Gazi University Behiye Ubuz, Middle East Technical\u00a0University Besim Mustafa, Edge Hill University Bilal G\u00fcne\u015f, Gazi University Bruno D\u2019amore, University of Bologna Carl Winsl\u00f8w, University of Copenhagen Cedric Linder, Uppsala University Cengiz Alacac\u0131, Bilkent University Cheryl Mason, San Diego State University Dean Zollman, Kansas State University Dipak Sarker, University of Brighton Fitnat Kaptan, Hacettepe University George Bodner, Purdue University Giray Berbero\u011flu, Middle East Technical\u00a0University Greg Dicinoski, University of Tasmania G\u00fclay K\u0131rba\u015flar, Istanbul University Hafize Keser, Ankara University Hale Bayram,\u00a0 Marmara University Halil \u0130brahim Yal\u0131n, Gazi University Hamide Ertep\u0131nar, Marmara University Hamza Y\u0131lmaz, Ankara University H\u00fclya Y\u0131lmaz, Ege University H\u00fcsamettin Co\u015fkun, In\u00f6n\u00fc University H\u00fcseyin Alkan,\u00a0 Dokuz Eyl\u00fcl University Immaculate Namukasa, University of Western Ontario Janet Macaulay, Monash University Keith Taber, University of Cambridge Leman Tarhan, Dokuz Eyl\u00fcl University Lianghuo Fan, University of Southampton M. Ya\u015far \u00d6zden, Eastern Mediterranean University Maija Aksela, University of Helsinki Maria Dobritoiu,\u00a0 University of Petro\u015fani Medhat Rahim,\u00a0 Lakehead University Norman Lederman, Illinois Institute of Technology Patricia Bagget, New Mexico State University Pauline Ross, University of Western Sydney Roger Lewis, University of Wollongong Simon Bates, University of Edinburgh Steve Provost, Southern Cross University Yu-Ling Lu, National Taipei University of Education<\/p>\n","protected":false},"author":2,"featured_media":0,"parent":0,"menu_order":0,"comment_status":"closed","ping_status":"open","template":"","meta":{"footnotes":""},"class_list":["post-41","page","type-page","status-publish","hentry"],"_links":{"self":[{"href":"https:\/\/www.globalcenter.info\/sci-math\/index.php?rest_route=\/wp\/v2\/pages\/41"}],"collection":[{"href":"https:\/\/www.globalcenter.info\/sci-math\/index.php?rest_route=\/wp\/v2\/pages"}],"about":[{"href":"https:\/\/www.globalcenter.info\/sci-math\/index.php?rest_route=\/wp\/v2\/types\/page"}],"author":[{"embeddable":true,"href":"https:\/\/www.globalcenter.info\/sci-math\/index.php?rest_route=\/wp\/v2\/users\/2"}],"replies":[{"embeddable":true,"href":"https:\/\/www.globalcenter.info\/sci-math\/index.php?rest_route=%2Fwp%2Fv2%2Fcomments&post=41"}],"version-history":[{"count":9,"href":"https:\/\/www.globalcenter.info\/sci-math\/index.php?rest_route=\/wp\/v2\/pages\/41\/revisions"}],"predecessor-version":[{"id":980,"href":"https:\/\/www.globalcenter.info\/sci-math\/index.php?rest_route=\/wp\/v2\/pages\/41\/revisions\/980"}],"wp:attachment":[{"href":"https:\/\/www.globalcenter.info\/sci-math\/index.php?rest_route=%2Fwp%2Fv2%2Fmedia&parent=41"}],"curies":[{"name":"wp","href":"https:\/\/api.w.org\/{rel}","templated":true}]}}