{"id":49,"date":"2013-11-09T20:40:54","date_gmt":"2013-11-09T18:40:54","guid":{"rendered":"http:\/\/www.globalcenter.info\/sci-math\/?page_id=49"},"modified":"2022-10-01T13:34:31","modified_gmt":"2022-10-01T10:34:31","slug":"organizating-committee","status":"publish","type":"page","link":"https:\/\/www.globalcenter.info\/sci-math\/?page_id=49","title":{"rendered":"Organizing Committee"},"content":{"rendered":"<p><strong>Organizing Committee<\/strong><\/p>\n<p><strong>Organized by<\/strong><br \/>\nThe Academic Events Group<br \/>\nAssociation for Human, Science, Natura, Education and Technology<\/p>\n<p><strong>Honorary Chair<br \/>\n<\/strong>Mansour Hassan Ahmed Hassan<br \/>\nPresident of Beni Suef University<strong>\u00a0<\/strong><\/p>\n<p><strong>Program Chair<u><br \/>\n<\/u><\/strong><a href=\"http:\/\/www.globalcenter.info\/sci-math\/wp-content\/uploads\/2013\/11\/CV_Haluk_Soran1.pdf\">Haluk Soran<\/a>, Hacettepe University (Retired), Biology Education<\/p>\n<p><strong>Co-chair<br \/>\n<\/strong><strong>Wesam El Bana<\/strong>, <em>Beni-Suef University<\/em>, Egypt<\/p>\n<p><strong>International Program Committee<br \/>\n<\/strong><strong>Dr. Pooja Bansal,<\/strong>\u00a0<em>Jamia Millia Islamia<\/em>, India<br \/>\n<strong>Bur\u00e7in I\u015f\u0131k, <\/strong><em>Near East University<\/em>, Health Sciences Education<br \/>\n<strong>Engin Baysen<\/strong>, Near East University, Physic Education<br \/>\n<strong>Haluk Soran<\/strong>, <em>Hacettepe University (Retired),<\/em> Biology Educaion<br \/>\n<strong>Metin Berk Odabas\u0131<\/strong>, <em>Warwick University<\/em>, Chemistry education<br \/>\n<strong>Murat Tezer<\/strong>, <em>Near East University<\/em>, Mathematics Education<br \/>\n<strong>Naz\u0131m Kasot<\/strong>, <em>Cyprus International University<\/em>, Environmental Education<br \/>\n<strong>Shemsedin Vehapi<\/strong>, AAB University, Physical Education and Sports<br \/>\n<strong>Tahir Tavuk\u00e7u<\/strong>, <em>Cyprus Social Sciences University<\/em>, ICT Education<strong>\u00a0<\/strong><\/p>\n<p><strong>Organizing Committee<\/strong><br \/>\nNihat Ekizo\u011flu, Ataturk Teacher Training Academy<br \/>\nBlerta Prevalla Etemi<strong>,\u00a0<\/strong>AAB University<br \/>\nFlorijeta Hulaj,\u00a0<em>AAB College<\/em><br \/>\nLilia Trushko, Girne American University<br \/>\nNesli Bahar Yava\u015f, European University of Lefke<br \/>\nSemih \u00c7al\u0131\u015fkan, Izmir T\u0131naztepe University<br \/>\nZeynep Gen\u00e7, Istanbul Ayd\u0131n University<strong>\u00a0<\/strong><strong>\u00a0<\/strong><\/p>\n<p><strong>Secretariat<\/strong><br \/>\nNuran Cemal<br \/>\n<a href=\"mailto:scimath.info@gmail.com\">scimath.info@gmail.com<\/a><\/p>\n","protected":false},"excerpt":{"rendered":"<p>Organizing Committee Organized by The Academic Events Group Association for Human, Science, Natura, Education and Technology Honorary Chair Mansour Hassan Ahmed Hassan President of Beni Suef University\u00a0 Program Chair Haluk Soran, Hacettepe University (Retired), Biology Education Co-chair Wesam El Bana, Beni-Suef University, Egypt International Program Committee Dr. Pooja Bansal,\u00a0Jamia Millia Islamia, India Bur\u00e7in I\u015f\u0131k, Near East University, Health Sciences Education Engin Baysen, Near East University, Physic Education Haluk Soran, Hacettepe University (Retired), Biology Educaion Metin Berk Odabas\u0131, Warwick University, Chemistry education Murat Tezer, Near East University, Mathematics Education Naz\u0131m Kasot, Cyprus International University, Environmental Education Shemsedin Vehapi, AAB University, Physical Education and Sports Tahir Tavuk\u00e7u, Cyprus Social Sciences University, ICT Education\u00a0 Organizing Committee Nihat Ekizo\u011flu, Ataturk Teacher Training Academy Blerta Prevalla Etemi,\u00a0AAB University Florijeta Hulaj,\u00a0AAB College Lilia Trushko, Girne American University Nesli Bahar Yava\u015f, European University of Lefke Semih \u00c7al\u0131\u015fkan, Izmir T\u0131naztepe University Zeynep Gen\u00e7, Istanbul Ayd\u0131n University\u00a0\u00a0 Secretariat Nuran Cemal scimath.info@gmail.com<\/p>\n","protected":false},"author":2,"featured_media":0,"parent":0,"menu_order":0,"comment_status":"closed","ping_status":"open","template":"","meta":{"footnotes":""},"class_list":["post-49","page","type-page","status-publish","hentry"],"_links":{"self":[{"href":"https:\/\/www.globalcenter.info\/sci-math\/index.php?rest_route=\/wp\/v2\/pages\/49"}],"collection":[{"href":"https:\/\/www.globalcenter.info\/sci-math\/index.php?rest_route=\/wp\/v2\/pages"}],"about":[{"href":"https:\/\/www.globalcenter.info\/sci-math\/index.php?rest_route=\/wp\/v2\/types\/page"}],"author":[{"embeddable":true,"href":"https:\/\/www.globalcenter.info\/sci-math\/index.php?rest_route=\/wp\/v2\/users\/2"}],"replies":[{"embeddable":true,"href":"https:\/\/www.globalcenter.info\/sci-math\/index.php?rest_route=%2Fwp%2Fv2%2Fcomments&post=49"}],"version-history":[{"count":18,"href":"https:\/\/www.globalcenter.info\/sci-math\/index.php?rest_route=\/wp\/v2\/pages\/49\/revisions"}],"predecessor-version":[{"id":1376,"href":"https:\/\/www.globalcenter.info\/sci-math\/index.php?rest_route=\/wp\/v2\/pages\/49\/revisions\/1376"}],"wp:attachment":[{"href":"https:\/\/www.globalcenter.info\/sci-math\/index.php?rest_route=%2Fwp%2Fv2%2Fmedia&parent=49"}],"curies":[{"name":"wp","href":"https:\/\/api.w.org\/{rel}","templated":true}]}}