{"id":530,"date":"2025-06-25T13:31:29","date_gmt":"2025-06-25T10:31:29","guid":{"rendered":"https:\/\/www.globalcenter.info\/taegcenter\/?page_id=530"},"modified":"2025-06-25T14:36:58","modified_gmt":"2025-06-25T11:36:58","slug":"advisory-boards","status":"publish","type":"page","link":"https:\/\/www.globalcenter.info\/taegcenter\/advisory-boards\/","title":{"rendered":"Advisory Boards"},"content":{"rendered":"<p>Views: 11<\/p>\n<p>Adem Karahoca,&nbsp;<em>Bahcesehir University<\/em>,&nbsp;Turkey<br>Andreea Claudia Serban,&nbsp;<em>Academy of Economic Studies<\/em>, Romania<br>Ay\u015fe \u00c7ak\u0131r \u0130lhan,&nbsp;<em>Ankara University<\/em>,&nbsp;Turkey<br>Giuseppe Ciccarone,&nbsp;<em>the Sapienza University in Rome<\/em>, Italy<br>Gulzhanat Tayauova,&nbsp;<em>Almaty Management University<\/em>, Kazakhstan<br>Hafize Keser,&nbsp;<em>Ankara University<\/em>,&nbsp;Turkey<br>Lefter Daku,&nbsp;<em>Virginia Polytechnic Institute and State University<\/em>, USA<br>Mehmet Karamanoglu,&nbsp;<em>Middlesex University<\/em>, UK<br>Mentor Hamiti,&nbsp;<em>South East European University<\/em>, Macedonia<br>Murat Sonmez,&nbsp;<em>METU Northern Cyprus Campus<\/em>, Cyprus<br>Shemsedin Vehapi,&nbsp;<em>AAB College<\/em>, Republic of Kosovo<br>Tulay Bozkurt,&nbsp;<em>Istanbul Kultur University<\/em>, Turkey<br>Wesam El Bana,&nbsp;<em>Beni-suef University<\/em>, Egypt<br>Xiaming Qin,&nbsp;<em>JiangXi Institute of Economic Administrators<\/em>, China<\/p>\n\n\n\n<p>Updated:&nbsp;<strong>25 June 2025<\/strong> Hits:&nbsp;<strong>798216<\/strong><\/p>\n\n\n\n<p><\/p>\n","protected":false},"excerpt":{"rendered":"<p>Views: 11 Adem Karahoca,&nbsp;Bahcesehir University,&nbsp;TurkeyAndreea Claudia Serban,&nbsp;Academy of Economic Studies, RomaniaAy\u015fe \u00c7ak\u0131r \u0130lhan,&nbsp;Ankara University,&nbsp;TurkeyGiuseppe Ciccarone,&nbsp;the Sapienza University in Rome, ItalyGulzhanat Tayauova,&nbsp;Almaty Management University, KazakhstanHafize Keser,&nbsp;Ankara University,&nbsp;TurkeyLefter Daku,&nbsp;Virginia Polytechnic Institute and State University, USAMehmet Karamanoglu,&nbsp;Middlesex University, UKMentor Hamiti,&nbsp;South East European University, MacedoniaMurat Sonmez,&nbsp;METU Northern Cyprus Campus, CyprusShemsedin Vehapi,&nbsp;AAB College, Republic of KosovoTulay Bozkurt,&nbsp;Istanbul Kultur University, TurkeyWesam [&hellip;]<\/p>\n","protected":false},"author":1,"featured_media":0,"parent":0,"menu_order":0,"comment_status":"closed","ping_status":"closed","template":"","meta":{"_uag_custom_page_level_css":"","site-sidebar-layout":"default","site-content-layout":"","ast-site-content-layout":"default","site-content-style":"default","site-sidebar-style":"default","ast-global-header-display":"","ast-banner-title-visibility":"","ast-main-header-display":"","ast-hfb-above-header-display":"","ast-hfb-below-header-display":"","ast-hfb-mobile-header-display":"","site-post-title":"","ast-breadcrumbs-content":"","ast-featured-img":"","footer-sml-layout":"","theme-transparent-header-meta":"","adv-header-id-meta":"","stick-header-meta":"","header-above-stick-meta":"","header-main-stick-meta":"","header-below-stick-meta":"","astra-migrate-meta-layouts":"set","ast-page-background-enabled":"default","ast-page-background-meta":{"desktop":{"background-color":"var(--ast-global-color-4)","background-image":"","background-repeat":"repeat","background-position":"center center","background-size":"auto","background-attachment":"scroll","background-type":"","background-media":"","overlay-type":"","overlay-color":"","overlay-opacity":"","overlay-gradient":""},"tablet":{"background-color":"","background-image":"","background-repeat":"repeat","background-position":"center center","background-size":"auto","background-attachment":"scroll","background-type":"","background-media":"","overlay-type":"","overlay-color":"","overlay-opacity":"","overlay-gradient":""},"mobile":{"background-color":"","background-image":"","background-repeat":"repeat","background-position":"center center","background-size":"auto","background-attachment":"scroll","background-type":"","background-media":"","overlay-type":"","overlay-color":"","overlay-opacity":"","overlay-gradient":""}},"ast-content-background-meta":{"desktop":{"background-color":"var(--ast-global-color-5)","background-image":"","background-repeat":"repeat","background-position":"center center","background-size":"auto","background-attachment":"scroll","background-type":"","background-media":"","overlay-type":"","overlay-color":"","overlay-opacity":"","overlay-gradient":""},"tablet":{"background-color":"var(--ast-global-color-5)","background-image":"","background-repeat":"repeat","background-position":"center center","background-size":"auto","background-attachment":"scroll","background-type":"","background-media":"","overlay-type":"","overlay-color":"","overlay-opacity":"","overlay-gradient":""},"mobile":{"background-color":"var(--ast-global-color-5)","background-image":"","background-repeat":"repeat","background-position":"center center","background-size":"auto","background-attachment":"scroll","background-type":"","background-media":"","overlay-type":"","overlay-color":"","overlay-opacity":"","overlay-gradient":""}},"footnotes":""},"class_list":["post-530","page","type-page","status-publish","hentry"],"uagb_featured_image_src":{"full":false,"thumbnail":false,"medium":false,"medium_large":false,"large":false,"1536x1536":false,"2048x2048":false},"uagb_author_info":{"display_name":"admin","author_link":"https:\/\/www.globalcenter.info\/taegcenter\/author\/admin\/"},"uagb_comment_info":0,"uagb_excerpt":"Views: 11 Adem Karahoca,&nbsp;Bahcesehir University,&nbsp;TurkeyAndreea Claudia Serban,&nbsp;Academy of Economic Studies, RomaniaAy\u015fe \u00c7ak\u0131r \u0130lhan,&nbsp;Ankara University,&nbsp;TurkeyGiuseppe Ciccarone,&nbsp;the Sapienza University in Rome, ItalyGulzhanat Tayauova,&nbsp;Almaty Management University, KazakhstanHafize Keser,&nbsp;Ankara University,&nbsp;TurkeyLefter Daku,&nbsp;Virginia Polytechnic Institute and State University, USAMehmet Karamanoglu,&nbsp;Middlesex University, UKMentor Hamiti,&nbsp;South East European University, MacedoniaMurat Sonmez,&nbsp;METU Northern Cyprus Campus, CyprusShemsedin Vehapi,&nbsp;AAB College, Republic of KosovoTulay Bozkurt,&nbsp;Istanbul Kultur University, TurkeyWesam&hellip;","_links":{"self":[{"href":"https:\/\/www.globalcenter.info\/taegcenter\/wp-json\/wp\/v2\/pages\/530","targetHints":{"allow":["GET"]}}],"collection":[{"href":"https:\/\/www.globalcenter.info\/taegcenter\/wp-json\/wp\/v2\/pages"}],"about":[{"href":"https:\/\/www.globalcenter.info\/taegcenter\/wp-json\/wp\/v2\/types\/page"}],"author":[{"embeddable":true,"href":"https:\/\/www.globalcenter.info\/taegcenter\/wp-json\/wp\/v2\/users\/1"}],"replies":[{"embeddable":true,"href":"https:\/\/www.globalcenter.info\/taegcenter\/wp-json\/wp\/v2\/comments?post=530"}],"version-history":[{"count":3,"href":"https:\/\/www.globalcenter.info\/taegcenter\/wp-json\/wp\/v2\/pages\/530\/revisions"}],"predecessor-version":[{"id":567,"href":"https:\/\/www.globalcenter.info\/taegcenter\/wp-json\/wp\/v2\/pages\/530\/revisions\/567"}],"wp:attachment":[{"href":"https:\/\/www.globalcenter.info\/taegcenter\/wp-json\/wp\/v2\/media?parent=530"}],"curies":[{"name":"wp","href":"https:\/\/api.w.org\/{rel}","templated":true}]}}