{"id":1021,"date":"2022-12-14T15:50:59","date_gmt":"2022-12-14T12:50:59","guid":{"rendered":"http:\/\/www.globalcenter.info\/wc-bem\/?page_id=1021"},"modified":"2022-12-14T15:50:59","modified_gmt":"2022-12-14T12:50:59","slug":"wc-bem-2022","status":"publish","type":"page","link":"https:\/\/www.globalcenter.info\/wc-bem\/?page_id=1021","title":{"rendered":"WC-BEM 2022"},"content":{"rendered":"\n<p> Link to WCBEM 2022  Facebook is available\u00a0<a href=\"http:\/\/www.facebook.com\/taeg_center\">here<\/a> <a href=\"http:\/\/www.globalcenter.info\/wc-bem\/wp-content\/uploads\/2021\/02\/wc-bem.jpg\"><br><\/a>Link to WCBEM 2022 Abstract Book is available\u00a0<a rel=\"noreferrer noopener\" aria-label=\" (yeni sekmede a\u00e7\u0131l\u0131r)\" href=\"http:\/\/www.globalcenter.info\/wc-bem\/wp-content\/uploads\/2022\/12\/wcbem2022ab.pdf\" target=\"_blank\">here<\/a><br>Link to WCBEM 2022 Program Book is available\u00a0<a href=\"http:\/\/www.globalcenter.info\/wc-bem\/wp-content\/uploads\/2022\/12\/wcbem2022.pdf\">here<\/a><\/p>\n\n\n<p><!--EndFragment--><br \/><br \/><\/p>","protected":false},"excerpt":{"rendered":"<p>Link to WCBEM 2022 Facebook is available\u00a0here Link to WCBEM 2022 Abstract Book is available\u00a0hereLink to WCBEM 2022 Program Book is available\u00a0here<\/p>\n","protected":false},"author":2,"featured_media":0,"parent":0,"menu_order":0,"comment_status":"closed","ping_status":"closed","template":"","meta":{"footnotes":""},"class_list":["post-1021","page","type-page","status-publish","hentry"],"_links":{"self":[{"href":"https:\/\/www.globalcenter.info\/wc-bem\/index.php?rest_route=\/wp\/v2\/pages\/1021"}],"collection":[{"href":"https:\/\/www.globalcenter.info\/wc-bem\/index.php?rest_route=\/wp\/v2\/pages"}],"about":[{"href":"https:\/\/www.globalcenter.info\/wc-bem\/index.php?rest_route=\/wp\/v2\/types\/page"}],"author":[{"embeddable":true,"href":"https:\/\/www.globalcenter.info\/wc-bem\/index.php?rest_route=\/wp\/v2\/users\/2"}],"replies":[{"embeddable":true,"href":"https:\/\/www.globalcenter.info\/wc-bem\/index.php?rest_route=%2Fwp%2Fv2%2Fcomments&post=1021"}],"version-history":[{"count":1,"href":"https:\/\/www.globalcenter.info\/wc-bem\/index.php?rest_route=\/wp\/v2\/pages\/1021\/revisions"}],"predecessor-version":[{"id":1022,"href":"https:\/\/www.globalcenter.info\/wc-bem\/index.php?rest_route=\/wp\/v2\/pages\/1021\/revisions\/1022"}],"wp:attachment":[{"href":"https:\/\/www.globalcenter.info\/wc-bem\/index.php?rest_route=%2Fwp%2Fv2%2Fmedia&parent=1021"}],"curies":[{"name":"wp","href":"https:\/\/api.w.org\/{rel}","templated":true}]}}