{"id":1197,"date":"2024-03-05T02:20:00","date_gmt":"2024-03-04T23:20:00","guid":{"rendered":"http:\/\/www.globalcenter.info\/wc-bem\/?page_id=1197"},"modified":"2024-03-05T02:20:00","modified_gmt":"2024-03-04T23:20:00","slug":"wc-bem-2024","status":"publish","type":"page","link":"https:\/\/www.globalcenter.info\/wc-bem\/?page_id=1197","title":{"rendered":"WC-BEM 2024"},"content":{"rendered":"\n<p> Link to WC-BEM 2024\u00a0Program Book is available\u00a0<a rel=\"noreferrer noopener\" aria-label=\"here (yeni sekmede a\u00e7\u0131l\u0131r)\" href=\"http:\/\/www.globalcenter.info\/wc-bem\/wp-content\/uploads\/2024\/01\/WCBEM-2024-Program-Abtract-Book-1.pdf\" target=\"_blank\">here<\/a><\/p>\n\n\n\n<p> Link to\u00a0WC-BEM 2024 Poster is available\u00a0<a href=\"http:\/\/www.globalcenter.info\/wc-bem\/wp-content\/uploads\/2024\/03\/ANTALYA-2024-Roll-Up-Poster-100cm-x-200cm-PNG.png\">here<\/a><\/p>\n","protected":false},"excerpt":{"rendered":"<p>Link to WC-BEM 2024\u00a0Program Book is available\u00a0here Link to\u00a0WC-BEM 2024 Poster is available\u00a0here<\/p>\n","protected":false},"author":2,"featured_media":0,"parent":0,"menu_order":0,"comment_status":"closed","ping_status":"closed","template":"","meta":{"footnotes":""},"class_list":["post-1197","page","type-page","status-publish","hentry"],"_links":{"self":[{"href":"https:\/\/www.globalcenter.info\/wc-bem\/index.php?rest_route=\/wp\/v2\/pages\/1197"}],"collection":[{"href":"https:\/\/www.globalcenter.info\/wc-bem\/index.php?rest_route=\/wp\/v2\/pages"}],"about":[{"href":"https:\/\/www.globalcenter.info\/wc-bem\/index.php?rest_route=\/wp\/v2\/types\/page"}],"author":[{"embeddable":true,"href":"https:\/\/www.globalcenter.info\/wc-bem\/index.php?rest_route=\/wp\/v2\/users\/2"}],"replies":[{"embeddable":true,"href":"https:\/\/www.globalcenter.info\/wc-bem\/index.php?rest_route=%2Fwp%2Fv2%2Fcomments&post=1197"}],"version-history":[{"count":1,"href":"https:\/\/www.globalcenter.info\/wc-bem\/index.php?rest_route=\/wp\/v2\/pages\/1197\/revisions"}],"predecessor-version":[{"id":1199,"href":"https:\/\/www.globalcenter.info\/wc-bem\/index.php?rest_route=\/wp\/v2\/pages\/1197\/revisions\/1199"}],"wp:attachment":[{"href":"https:\/\/www.globalcenter.info\/wc-bem\/index.php?rest_route=%2Fwp%2Fv2%2Fmedia&parent=1197"}],"curies":[{"name":"wp","href":"https:\/\/api.w.org\/{rel}","templated":true}]}}