{"id":15,"date":"2016-07-11T23:32:19","date_gmt":"2016-07-11T20:32:19","guid":{"rendered":"http:\/\/www.globalcenter.info\/wc-bem\/?page_id=15"},"modified":"2022-02-14T14:11:06","modified_gmt":"2022-02-14T11:11:06","slug":"international-scientific-committee","status":"publish","type":"page","link":"https:\/\/www.globalcenter.info\/wc-bem\/?page_id=15","title":{"rendered":"International Advisory Board"},"content":{"rendered":"\n<table class=\"wp-block-table\"><tbody><tr><td>\n  At\u0131lhan Naktiyok\n  <\/td><td>\n  <em>Atat\u00fcrk University<\/em>\n  <\/td><td>\n  <em>Turkey<\/em>\n  <\/td><\/tr><tr><td>\n  Ay\u015fe Can Baysal\n  <\/td><td>\n  <em>Istanbul Kultur\n  University<\/em>\n  <\/td><td>\n  <em>Turkey<\/em>\n  <\/td><\/tr><tr><td>\n  Benan Orbay\n  <\/td><td>\n  <em>Do\u011fu\u015f University<\/em>\n  <\/td><td>\n  <em>Turkey<\/em>\n  <\/td><\/tr><tr><td>\n  Cengiz Erol\n  <\/td><td>\n  Izmir Economy\n  University\n  <\/td><td>\n  <em>Turkey<\/em>\n  <\/td><\/tr><tr><td>\n  Enar A. Tun\u00e7\n  <\/td><td>\n  <em>Okan University<\/em>\n  <\/td><td>\n  <em>Turkey<\/em>\n  <\/td><\/tr><tr><td>\n  Erhan Ada\n  <\/td><td>\n  <em>Izmir Economy\n  University<\/em>\n  <\/td><td>\n  <em>Turkey<\/em>\n  <\/td><\/tr><tr><td>\n  Fatma Dogruel\n  <\/td><td>\n  <em>Marmara University<\/em>\n  <\/td><td>\n  <em>Turkey<\/em>\n  <\/td><\/tr><tr><td>\n  Gratiela Boca\n  <\/td><td>\n  <em>North University of\n  Baia Mare<\/em>\n  <\/td><td>\n  <em>Romania<\/em>\n  <\/td><\/tr><tr><td> Gulzhanat  Tayauova   <\/td><td>  <em>Turan<\/em> <em>University, Kazakhstan<\/em>   <\/td><td>\n  <em>Kazakistan<\/em>\n  <\/td><\/tr><tr><td>\n  H\u00fcseyin Arasl\u0131\n  <\/td><td>\n  Eastern Mediterranean\n  University\n  <\/td><td>\n  <em>North Cyprus<\/em>\n  <\/td><\/tr><tr><td>\n  Mahir Fisuno\u011flu\n  <\/td><td>\n  <em>\u00c7ukurova University<\/em>\n  <\/td><td>\n  <em>Turkey<\/em>\n  <\/td><\/tr><tr><td>\n  Mehmet Tanya\u015f\n  <\/td><td>\n  <em>Maltepe University<\/em>\n  <\/td><td>\n  <em>Turkey<\/em>\n  <\/td><\/tr><tr><td>\n  M\u00fcnir \u015eakrak\n  <\/td><td>\n  <em>Marmara University<\/em>\n  <\/td><td>\n  <em>Turkey<\/em>\n  <\/td><\/tr><tr><td>\n  Nabsiah Abdul Wahid\n  <\/td><td>\n  <em>University of Sains\n  Malaysi<\/em>\n  <\/td><td>\n  <em>Malaysia<\/em>\n  <\/td><\/tr><tr><td>\n  Rezan Tatl\u0131dil\n  <\/td><td>\n  <em>Ege University<\/em>\n  <\/td><td>\n  <em>Turkey<\/em>\n  <\/td><\/tr><tr><td>\n  Roberto J.\n  Santill\u00e1n-Salgado\n  <\/td><td>\n  EGADE Business School\n  (Monterrey Tec)\n  <\/td><td>\n  Mexico\n  <\/td><\/tr><tr><td>\n  Suat Teker\n  <\/td><td>\n  <em>Istanbul Technical\n  University<\/em>\n  <\/td><td>\n  <em>Turkey<\/em>\n  <\/td><\/tr><tr><td>\n  Tiberiu Socaciu\n  <\/td><td>\n  <em>University of Suceava<\/em>\n  <\/td><td>\n  <em>Romania<\/em>\n  <\/td><\/tr><tr><td>\n  Turhan Korkmaz\n  <\/td><td>\n  <em>Zonguldak Karaelmas\n  University<\/em>\n  <\/td><td>\n  <em>Turkey<\/em>\n  <\/td><\/tr><tr><td>\n  Yakup Selvi\n  <\/td><td>\n  <em>Istanbul Universitesi<\/em>\n  <\/td><td>\n  <em>Turkey<\/em>\n  <\/td><\/tr><\/tbody><\/table>\n","protected":false},"excerpt":{"rendered":"<p>At\u0131lhan Naktiyok Atat\u00fcrk University Turkey Ay\u015fe Can Baysal Istanbul Kultur University Turkey Benan Orbay Do\u011fu\u015f University Turkey Cengiz Erol Izmir Economy University Turkey Enar A. Tun\u00e7 Okan University Turkey Erhan Ada Izmir Economy University Turkey Fatma Dogruel Marmara University Turkey Gratiela Boca North University of Baia Mare Romania Gulzhanat Tayauova Turan University, Kazakhstan Kazakistan H\u00fcseyin &hellip; <a href=\"https:\/\/www.globalcenter.info\/wc-bem\/?page_id=15\" class=\"more-link\">Continue reading<span class=\"screen-reader-text\"> &#8220;International Advisory Board&#8221;<\/span><\/a><\/p>\n","protected":false},"author":2,"featured_media":0,"parent":0,"menu_order":0,"comment_status":"closed","ping_status":"closed","template":"","meta":{"footnotes":""},"class_list":["post-15","page","type-page","status-publish","hentry"],"_links":{"self":[{"href":"https:\/\/www.globalcenter.info\/wc-bem\/index.php?rest_route=\/wp\/v2\/pages\/15"}],"collection":[{"href":"https:\/\/www.globalcenter.info\/wc-bem\/index.php?rest_route=\/wp\/v2\/pages"}],"about":[{"href":"https:\/\/www.globalcenter.info\/wc-bem\/index.php?rest_route=\/wp\/v2\/types\/page"}],"author":[{"embeddable":true,"href":"https:\/\/www.globalcenter.info\/wc-bem\/index.php?rest_route=\/wp\/v2\/users\/2"}],"replies":[{"embeddable":true,"href":"https:\/\/www.globalcenter.info\/wc-bem\/index.php?rest_route=%2Fwp%2Fv2%2Fcomments&post=15"}],"version-history":[{"count":7,"href":"https:\/\/www.globalcenter.info\/wc-bem\/index.php?rest_route=\/wp\/v2\/pages\/15\/revisions"}],"predecessor-version":[{"id":877,"href":"https:\/\/www.globalcenter.info\/wc-bem\/index.php?rest_route=\/wp\/v2\/pages\/15\/revisions\/877"}],"wp:attachment":[{"href":"https:\/\/www.globalcenter.info\/wc-bem\/index.php?rest_route=%2Fwp%2Fv2%2Fmedia&parent=15"}],"curies":[{"name":"wp","href":"https:\/\/api.w.org\/{rel}","templated":true}]}}