{"id":25,"date":"2016-07-11T23:34:49","date_gmt":"2016-07-11T20:34:49","guid":{"rendered":"http:\/\/www.globalcenter.info\/wc-bem\/?page_id=25"},"modified":"2025-09-15T13:08:44","modified_gmt":"2025-09-15T10:08:44","slug":"conference-place","status":"publish","type":"page","link":"https:\/\/www.globalcenter.info\/wc-bem\/?page_id=25","title":{"rendered":"Conference Place"},"content":{"rendered":"\n<p><strong><strong>Grand park Lara Hotel<\/strong><\/strong><br><strong><strong>Antalya, Turkey<\/strong><\/strong><br><br>Kemera\u011fz\u0131, Ya\u015far Sobutay Blv No: 37, 07112 Aksu\/Antalya, T\u00fcrkiye<\/p>\n\n\n\n<iframe src=\"https:\/\/www.google.com\/maps\/embed?pb=!1m18!1m12!1m3!1d3192.4088609532673!2d30.872339474342724!3d36.85663117223107!2m3!1f0!2f0!3f0!3m2!1i1024!2i768!4f13.1!3m3!1m2!1s0x14c39cad8a0526af%3A0x4caaa17759c43d01!2sGrand%20Park%20Lara!5e0!3m2!1sen!2s!4v1757930892947!5m2!1sen!2s\" width=\"600\" height=\"450\" style=\"border:0;\" allowfullscreen=\"\" loading=\"lazy\" referrerpolicy=\"no-referrer-when-downgrade\"><\/iframe>\n\n\n\n<p><strong><br><\/strong><\/p>\n","protected":false},"excerpt":{"rendered":"<p>Grand park Lara HotelAntalya, Turkey Kemera\u011fz\u0131, Ya\u015far Sobutay Blv No: 37, 07112 Aksu\/Antalya, T\u00fcrkiye<\/p>\n","protected":false},"author":2,"featured_media":0,"parent":0,"menu_order":0,"comment_status":"closed","ping_status":"closed","template":"","meta":{"footnotes":""},"class_list":["post-25","page","type-page","status-publish","hentry"],"_links":{"self":[{"href":"https:\/\/www.globalcenter.info\/wc-bem\/index.php?rest_route=\/wp\/v2\/pages\/25"}],"collection":[{"href":"https:\/\/www.globalcenter.info\/wc-bem\/index.php?rest_route=\/wp\/v2\/pages"}],"about":[{"href":"https:\/\/www.globalcenter.info\/wc-bem\/index.php?rest_route=\/wp\/v2\/types\/page"}],"author":[{"embeddable":true,"href":"https:\/\/www.globalcenter.info\/wc-bem\/index.php?rest_route=\/wp\/v2\/users\/2"}],"replies":[{"embeddable":true,"href":"https:\/\/www.globalcenter.info\/wc-bem\/index.php?rest_route=%2Fwp%2Fv2%2Fcomments&post=25"}],"version-history":[{"count":16,"href":"https:\/\/www.globalcenter.info\/wc-bem\/index.php?rest_route=\/wp\/v2\/pages\/25\/revisions"}],"predecessor-version":[{"id":1347,"href":"https:\/\/www.globalcenter.info\/wc-bem\/index.php?rest_route=\/wp\/v2\/pages\/25\/revisions\/1347"}],"wp:attachment":[{"href":"https:\/\/www.globalcenter.info\/wc-bem\/index.php?rest_route=%2Fwp%2Fv2%2Fmedia&parent=25"}],"curies":[{"name":"wp","href":"https:\/\/api.w.org\/{rel}","templated":true}]}}