{"id":466,"date":"2019-05-09T11:35:06","date_gmt":"2019-05-09T08:35:06","guid":{"rendered":"http:\/\/www.globalcenter.info\/wc-bem\/?page_id=466"},"modified":"2020-09-26T10:20:24","modified_gmt":"2020-09-26T07:20:24","slug":"wc-bem-2019","status":"publish","type":"page","link":"https:\/\/www.globalcenter.info\/wc-bem\/?page_id=466","title":{"rendered":"WC-BEM 2019"},"content":{"rendered":"\n<p><strong>8th World Conference on Business, Economics and Management (BEM-2019)<br><\/strong><br><\/p>\n\n\n\n<p style=\"text-align:center\">Grand Park Lara Hotel Convention Center<br>ANTALYA, TURKEY<br>26 \u2013 28 April 2019<\/p>\n\n\n\n<p><a href=\"http:\/\/www.wc-bem.org\">www.wc-bem.org<\/a><\/p>\n\n\n\n<p>Link to WCBEM 2019 Poster is available <a href=\"http:\/\/www.globalcenter.info\/wc-bem\/wp-content\/uploads\/2019\/05\/RollUp.jpg\">here<\/a><br>Link to WCBEM 2019 Abstract Book is available <a rel=\"noreferrer noopener\" aria-label=\"here\nL (yeni sekmede a\u00e7\u0131l\u0131r)\" href=\"http:\/\/www.globalcenter.info\/wc-bem\/wp-content\/uploads\/2019\/08\/wc-brem-2019.pdf\" target=\"_blank\">here<br>L<\/a>ink to WCBEM 2019 Program Book is available <a href=\"http:\/\/www.globalcenter.info\/wc-bem\/wp-content\/uploads\/2020\/09\/WCBEM-2019-Draft-program-2.pdf\">here<\/a><\/p>\n","protected":false},"excerpt":{"rendered":"<p>8th World Conference on Business, Economics and Management (BEM-2019) Grand Park Lara Hotel Convention CenterANTALYA, TURKEY26 \u2013 28 April 2019 www.wc-bem.org Link to WCBEM 2019 Poster is available hereLink to WCBEM 2019 Abstract Book is available hereLink to WCBEM 2019 Program Book is available here<\/p>\n","protected":false},"author":2,"featured_media":0,"parent":0,"menu_order":0,"comment_status":"closed","ping_status":"closed","template":"","meta":{"footnotes":""},"class_list":["post-466","page","type-page","status-publish","hentry"],"_links":{"self":[{"href":"https:\/\/www.globalcenter.info\/wc-bem\/index.php?rest_route=\/wp\/v2\/pages\/466"}],"collection":[{"href":"https:\/\/www.globalcenter.info\/wc-bem\/index.php?rest_route=\/wp\/v2\/pages"}],"about":[{"href":"https:\/\/www.globalcenter.info\/wc-bem\/index.php?rest_route=\/wp\/v2\/types\/page"}],"author":[{"embeddable":true,"href":"https:\/\/www.globalcenter.info\/wc-bem\/index.php?rest_route=\/wp\/v2\/users\/2"}],"replies":[{"embeddable":true,"href":"https:\/\/www.globalcenter.info\/wc-bem\/index.php?rest_route=%2Fwp%2Fv2%2Fcomments&post=466"}],"version-history":[{"count":6,"href":"https:\/\/www.globalcenter.info\/wc-bem\/index.php?rest_route=\/wp\/v2\/pages\/466\/revisions"}],"predecessor-version":[{"id":707,"href":"https:\/\/www.globalcenter.info\/wc-bem\/index.php?rest_route=\/wp\/v2\/pages\/466\/revisions\/707"}],"wp:attachment":[{"href":"https:\/\/www.globalcenter.info\/wc-bem\/index.php?rest_route=%2Fwp%2Fv2%2Fmedia&parent=466"}],"curies":[{"name":"wp","href":"https:\/\/api.w.org\/{rel}","templated":true}]}}