{"id":535,"date":"2019-09-13T22:19:23","date_gmt":"2019-09-13T19:19:23","guid":{"rendered":"http:\/\/www.globalcenter.info\/wc-bem\/?page_id=535"},"modified":"2025-12-18T15:41:00","modified_gmt":"2025-12-18T12:41:00","slug":"abstracts-books","status":"publish","type":"page","link":"https:\/\/www.globalcenter.info\/wc-bem\/?page_id=535","title":{"rendered":"Abstracts Books"},"content":{"rendered":"\n<p><strong>13TH WORLD CONFERENCE ON BUS\u0130NESS, ECONOM\u0130CS AND MANAGEMENT (WC-BEM 2025)<\/strong>  <\/p>\n\n\n<div class=\"_df_book df-lite\" id=\"df_1413\"  _slug=\"1413\" data-title=\"\" wpoptions=\"true\" thumbtype=\"\" ><\/div><script class=\"df-shortcode-script\" type=\"application\/javascript\">window.option_df_1413 = {\"outline\":[],\"autoEnableOutline\":\"false\",\"autoEnableThumbnail\":\"false\",\"overwritePDFOutline\":\"false\",\"direction\":\"1\",\"pageSize\":\"0\",\"source\":\"http:\\\/\\\/www.globalcenter.info\\\/wc-bem\\\/wp-content\\\/uploads\\\/2025\\\/12\\\/WCBEM-2025-PROGRAM-BOOK-AND-ABSTRACT-1-1.pdf\",\"wpOptions\":\"true\"}; if(window.DFLIP && window.DFLIP.parseBooks){window.DFLIP.parseBooks();}<\/script>\n\n\n\n<h4 class=\"wp-block-heading\">12<strong>TH WORLD CONFERENCE ON BUS\u0130NESS, ECONOM\u0130CS AND MANAGEMENT (WC-BEM 2024)<\/strong>  <\/h4>\n\n\n<div class=\"_df_book df-lite\" id=\"df_1177\"  _slug=\"wcbem-2024-program-book\" data-title=\"wcbem-2024-program-abstracts-book\" wpoptions=\"true\" thumbtype=\"\" ><\/div><script class=\"df-shortcode-script\" type=\"application\/javascript\">window.option_df_1177 = {\"outline\":[],\"autoEnableOutline\":\"false\",\"autoEnableThumbnail\":\"false\",\"overwritePDFOutline\":\"false\",\"direction\":\"1\",\"pageSize\":\"0\",\"source\":\"http:\\\/\\\/www.globalcenter.info\\\/wc-bem\\\/wp-content\\\/uploads\\\/2024\\\/01\\\/WCBEM-2024-Program-Abtract-Book-1.pdf\",\"wpOptions\":\"true\"}; if(window.DFLIP && window.DFLIP.parseBooks){window.DFLIP.parseBooks();}<\/script>\n\n\n\n<h4 class=\"wp-block-heading\">  11<strong>th World Conference on Business, Economics and Management (WC-BEM 2022)<\/strong>   <\/h4>\n\n\n<div class=\"_df_book df-lite\" id=\"df_1015\"  _slug=\"2022ab\" data-title=\"2022ab\" wpoptions=\"true\" thumbtype=\"\" ><\/div><script class=\"df-shortcode-script\" type=\"application\/javascript\">window.option_df_1015 = {\"outline\":[],\"autoEnableOutline\":\"false\",\"autoEnableThumbnail\":\"false\",\"overwritePDFOutline\":\"false\",\"direction\":\"1\",\"pageSize\":\"0\",\"source\":\"http:\\\/\\\/www.globalcenter.info\\\/wc-bem\\\/wp-content\\\/uploads\\\/2022\\\/12\\\/wcbem2022ab.pdf\",\"wpOptions\":\"true\"}; if(window.DFLIP && window.DFLIP.parseBooks){window.DFLIP.parseBooks();}<\/script>\n\n\n\n<p> 10<strong>th World Conference on Business, Economics and Management (WC-BEM 2021)<\/strong>  <\/p>\n\n\n<div class=\"_df_book df-lite\" id=\"df_845\"  _slug=\"2021a\" data-title=\"2021a\" wpoptions=\"true\" thumbtype=\"\" ><\/div><script class=\"df-shortcode-script\" type=\"application\/javascript\">window.option_df_845 = {\"outline\":[],\"autoEnableOutline\":\"false\",\"autoEnableThumbnail\":\"false\",\"overwritePDFOutline\":\"false\",\"direction\":\"1\",\"pageSize\":\"0\",\"source\":\"http:\\\/\\\/www.globalcenter.info\\\/wc-bem\\\/wp-content\\\/uploads\\\/2021\\\/11\\\/WCBEM-ABSTRACT2021.pdf\",\"wpOptions\":\"true\"}; if(window.DFLIP && window.DFLIP.parseBooks){window.DFLIP.parseBooks();}<\/script>\n\n\n\n<p>9<strong>th World Conference on Business, Economics and Management (WC-BEM 2020)<\/strong> <\/p>\n\n\n<div class=\"_df_book df-lite\" id=\"df_838\"  _slug=\"2020\" data-title=\"2020\" wpoptions=\"true\" thumbtype=\"\" ><\/div><script class=\"df-shortcode-script\" type=\"application\/javascript\">window.option_df_838 = {\"outline\":[],\"autoEnableOutline\":\"false\",\"autoEnableThumbnail\":\"false\",\"overwritePDFOutline\":\"false\",\"direction\":\"1\",\"pageSize\":\"0\",\"source\":\"http:\\\/\\\/www.globalcenter.info\\\/wc-bem\\\/wp-content\\\/uploads\\\/2020\\\/10\\\/WCBEM-abstracts2020.pdf\",\"wpOptions\":\"true\"}; if(window.DFLIP && window.DFLIP.parseBooks){window.DFLIP.parseBooks();}<\/script>\n\n\n\n<p>8<strong>th World Conference on Business, Economics and Management (WC-BEM 2019)<\/strong><\/p>\n\n\n<div class=\"_df_book df-lite\" id=\"df_841\"  _slug=\"2019\" data-title=\"2019\" wpoptions=\"true\" thumbtype=\"\" ><\/div><script class=\"df-shortcode-script\" type=\"application\/javascript\">window.option_df_841 = {\"outline\":[],\"autoEnableOutline\":\"false\",\"autoEnableThumbnail\":\"false\",\"overwritePDFOutline\":\"false\",\"direction\":\"1\",\"pageSize\":\"0\",\"source\":\"http:\\\/\\\/www.globalcenter.info\\\/wc-bem\\\/wp-content\\\/uploads\\\/2019\\\/08\\\/wc-brem-2019.pdf\",\"wpOptions\":\"true\"}; if(window.DFLIP && window.DFLIP.parseBooks){window.DFLIP.parseBooks();}<\/script>\n\n\n\n<h3 class=\"wp-block-heading\">7<strong>th World Conference on Business, Economics and Management (WC-BEM 2018)<\/strong><\/h3>\n\n\n<div class=\"_df_book df-lite\" id=\"df_847\"  _slug=\"2018\" data-title=\"2018\" wpoptions=\"true\" thumbtype=\"\" ><\/div><script class=\"df-shortcode-script\" type=\"application\/javascript\">window.option_df_847 = {\"outline\":[],\"autoEnableOutline\":\"false\",\"autoEnableThumbnail\":\"false\",\"overwritePDFOutline\":\"false\",\"direction\":\"1\",\"pageSize\":\"0\",\"source\":\"http:\\\/\\\/www.globalcenter.info\\\/wc-bem\\\/wp-content\\\/uploads\\\/2019\\\/09\\\/wcbem2018.pdf\",\"wpOptions\":\"true\"}; if(window.DFLIP && window.DFLIP.parseBooks){window.DFLIP.parseBooks();}<\/script>\n\n\n\n<h3 class=\"wp-block-heading\">6<strong>th World Conference on Business, Economics and Management (WC-BEM 2017)<\/strong><\/h3>\n\n\n<div class=\"_df_book df-lite\" id=\"df_850\"  _slug=\"2017\" data-title=\"2017\" wpoptions=\"true\" thumbtype=\"\" ><\/div><script class=\"df-shortcode-script\" type=\"application\/javascript\">window.option_df_850 = {\"outline\":[],\"autoEnableOutline\":\"false\",\"autoEnableThumbnail\":\"false\",\"overwritePDFOutline\":\"false\",\"direction\":\"1\",\"pageSize\":\"0\",\"source\":\"http:\\\/\\\/www.globalcenter.info\\\/wc-bem\\\/wp-content\\\/uploads\\\/2019\\\/09\\\/wcbem2017.pdf\",\"wpOptions\":\"true\"}; if(window.DFLIP && window.DFLIP.parseBooks){window.DFLIP.parseBooks();}<\/script>\n\n\n\n<h3 class=\"wp-block-heading\">5<strong>th World Conference on Business, Economics and Management (WC-BEM 2016)<\/strong><\/h3>\n\n\n<div class=\"_df_book df-lite\" id=\"df_853\"  _slug=\"2016\" data-title=\"2016\" wpoptions=\"true\" thumbtype=\"\" ><\/div><script class=\"df-shortcode-script\" type=\"application\/javascript\">window.option_df_853 = {\"outline\":[],\"autoEnableOutline\":\"false\",\"autoEnableThumbnail\":\"false\",\"overwritePDFOutline\":\"false\",\"direction\":\"1\",\"pageSize\":\"0\",\"source\":\"http:\\\/\\\/www.globalcenter.info\\\/wc-bem\\\/wp-content\\\/uploads\\\/2019\\\/09\\\/5.th-WC-Bem2016-Abstracts-Book.pdf\",\"wpOptions\":\"true\"}; if(window.DFLIP && window.DFLIP.parseBooks){window.DFLIP.parseBooks();}<\/script>\n","protected":false},"excerpt":{"rendered":"<p>13TH WORLD CONFERENCE ON BUS\u0130NESS, ECONOM\u0130CS AND MANAGEMENT (WC-BEM 2025) 12TH WORLD CONFERENCE ON BUS\u0130NESS, ECONOM\u0130CS AND MANAGEMENT (WC-BEM 2024) 11th World Conference on Business, Economics and Management (WC-BEM 2022) 10th World Conference on Business, Economics and Management (WC-BEM 2021) 9th World Conference on Business, Economics and Management (WC-BEM 2020) 8th World Conference on Business, &hellip; <a href=\"https:\/\/www.globalcenter.info\/wc-bem\/?page_id=535\" class=\"more-link\">Continue reading<span class=\"screen-reader-text\"> &#8220;Abstracts Books&#8221;<\/span><\/a><\/p>\n","protected":false},"author":2,"featured_media":0,"parent":0,"menu_order":0,"comment_status":"closed","ping_status":"closed","template":"","meta":{"footnotes":""},"class_list":["post-535","page","type-page","status-publish","hentry"],"_links":{"self":[{"href":"https:\/\/www.globalcenter.info\/wc-bem\/index.php?rest_route=\/wp\/v2\/pages\/535"}],"collection":[{"href":"https:\/\/www.globalcenter.info\/wc-bem\/index.php?rest_route=\/wp\/v2\/pages"}],"about":[{"href":"https:\/\/www.globalcenter.info\/wc-bem\/index.php?rest_route=\/wp\/v2\/types\/page"}],"author":[{"embeddable":true,"href":"https:\/\/www.globalcenter.info\/wc-bem\/index.php?rest_route=\/wp\/v2\/users\/2"}],"replies":[{"embeddable":true,"href":"https:\/\/www.globalcenter.info\/wc-bem\/index.php?rest_route=%2Fwp%2Fv2%2Fcomments&post=535"}],"version-history":[{"count":17,"href":"https:\/\/www.globalcenter.info\/wc-bem\/index.php?rest_route=\/wp\/v2\/pages\/535\/revisions"}],"predecessor-version":[{"id":1416,"href":"https:\/\/www.globalcenter.info\/wc-bem\/index.php?rest_route=\/wp\/v2\/pages\/535\/revisions\/1416"}],"wp:attachment":[{"href":"https:\/\/www.globalcenter.info\/wc-bem\/index.php?rest_route=%2Fwp%2Fv2%2Fmedia&parent=535"}],"curies":[{"name":"wp","href":"https:\/\/api.w.org\/{rel}","templated":true}]}}