{"id":900,"date":"2022-02-16T16:52:36","date_gmt":"2022-02-16T13:52:36","guid":{"rendered":"http:\/\/www.globalcenter.info\/wc-bem\/?page_id=900"},"modified":"2022-02-16T16:52:38","modified_gmt":"2022-02-16T13:52:38","slug":"wc-bem-2021","status":"publish","type":"page","link":"https:\/\/www.globalcenter.info\/wc-bem\/?page_id=900","title":{"rendered":"WC-BEM 2021"},"content":{"rendered":"\n<p> Link to WCBEM 2021  Facebook is available\u00a0<a href=\"http:\/\/www.facebook.com\/taeg_center\">here<\/a> <a href=\"http:\/\/www.globalcenter.info\/wc-bem\/wp-content\/uploads\/2021\/02\/wc-bem.jpg\"><br><\/a>Link to WCBEM 2021 Abstract Book is available\u00a0<a href=\"http:\/\/www.globalcenter.info\/wc-bem\/wp-content\/uploads\/2021\/11\/WCBEM-ABSTRACT2021.pdf\" target=\"_blank\" rel=\"noreferrer noopener\" aria-label=\" (yeni sekmede a\u00e7\u0131l\u0131r)\">here<\/a><a rel=\"noreferrer noopener\" href=\"http:\/\/www.globalcenter.info\/wc-bem\/wp-content\/uploads\/2019\/08\/wc-brem-2019.pdf\" target=\"_blank\"><br>L<\/a>ink to WCBEM 2021 Program Book is available\u00a0<a href=\"http:\/\/www.globalcenter.info\/wc-bem\/wp-content\/uploads\/2021\/02\/WCBEM-DRAFT-PROGRAM-2020.pdf\">here<\/a><\/p>\n","protected":false},"excerpt":{"rendered":"<p>Link to WCBEM 2021 Facebook is available\u00a0here Link to WCBEM 2021 Abstract Book is available\u00a0hereLink to WCBEM 2021 Program Book is available\u00a0here<\/p>\n","protected":false},"author":2,"featured_media":0,"parent":0,"menu_order":0,"comment_status":"closed","ping_status":"closed","template":"","meta":{"footnotes":""},"class_list":["post-900","page","type-page","status-publish","hentry"],"_links":{"self":[{"href":"https:\/\/www.globalcenter.info\/wc-bem\/index.php?rest_route=\/wp\/v2\/pages\/900"}],"collection":[{"href":"https:\/\/www.globalcenter.info\/wc-bem\/index.php?rest_route=\/wp\/v2\/pages"}],"about":[{"href":"https:\/\/www.globalcenter.info\/wc-bem\/index.php?rest_route=\/wp\/v2\/types\/page"}],"author":[{"embeddable":true,"href":"https:\/\/www.globalcenter.info\/wc-bem\/index.php?rest_route=\/wp\/v2\/users\/2"}],"replies":[{"embeddable":true,"href":"https:\/\/www.globalcenter.info\/wc-bem\/index.php?rest_route=%2Fwp%2Fv2%2Fcomments&post=900"}],"version-history":[{"count":1,"href":"https:\/\/www.globalcenter.info\/wc-bem\/index.php?rest_route=\/wp\/v2\/pages\/900\/revisions"}],"predecessor-version":[{"id":902,"href":"https:\/\/www.globalcenter.info\/wc-bem\/index.php?rest_route=\/wp\/v2\/pages\/900\/revisions\/902"}],"wp:attachment":[{"href":"https:\/\/www.globalcenter.info\/wc-bem\/index.php?rest_route=%2Fwp%2Fv2%2Fmedia&parent=900"}],"curies":[{"name":"wp","href":"https:\/\/api.w.org\/{rel}","templated":true}]}}