{"id":652,"date":"2019-11-12T09:54:47","date_gmt":"2019-11-12T06:54:47","guid":{"rendered":"http:\/\/www.globalcenter.info\/wc-bigdata\/?page_id=652"},"modified":"2019-11-12T09:54:47","modified_gmt":"2019-11-12T06:54:47","slug":"wc-bigdata-2019","status":"publish","type":"page","link":"https:\/\/www.globalcenter.info\/wc-bigdata\/?page_id=652","title":{"rendered":"WC-BIGDATA &#8211; 2019"},"content":{"rendered":"\n<h5 class=\"wp-block-heading\" style=\"text-align:center\"><strong>4th\u00a0World Conference on Big Data<\/strong><br><strong>(WC-BIGDATA 2019)<\/strong><br><strong>18-20 October 2019<br>Grand Park Lara Hotel Convention Center<br>Lara \u2013 Antalya, Turkey<\/strong><br><br><br>Link to WCBIGDATA 2019 Abstract Book is available\u00a0<a rel=\"noreferrer noopener\" aria-label=\"here (yeni sekmede a\u00e7\u0131l\u0131r)\" href=\"http:\/\/www.wc-bigdata.org\" target=\"_blank\">here<\/a><a rel=\"noreferrer noopener\" href=\"http:\/\/awer-center.org\/\" target=\"_blank\"><br><\/a>Link to WCBIGDATA 2019 Program Book is available\u00a0<a href=\"http:\/\/www.globalcenter.info\/wc-bigdata\/wp-content\/uploads\/2019\/10\/bigdata2019.pdf\">here<\/a><br>Photos from\u00a0 WCBIGDATA\u00a02019 is available at\u00a0<a rel=\"noreferrer noopener\" aria-label=\"here (yeni sekmede a\u00e7\u0131l\u0131r)\" href=\"https:\/\/www.facebook.com\/taeg_center\" target=\"_blank\">here<\/a>. <\/h5>\n","protected":false},"excerpt":{"rendered":"<p>4th\u00a0World Conference on Big Data(WC-BIGDATA 2019)18-20 October 2019Grand Park Lara Hotel Convention CenterLara \u2013 Antalya, Turkey Link to WCBIGDATA 2019 Abstract Book is available\u00a0hereLink to WCBIGDATA 2019 Program Book is available\u00a0herePhotos from\u00a0 WCBIGDATA\u00a02019 is available at\u00a0here.<\/p>\n","protected":false},"author":2,"featured_media":0,"parent":0,"menu_order":0,"comment_status":"closed","ping_status":"closed","template":"","meta":{"footnotes":""},"class_list":["post-652","page","type-page","status-publish","hentry"],"_links":{"self":[{"href":"https:\/\/www.globalcenter.info\/wc-bigdata\/index.php?rest_route=\/wp\/v2\/pages\/652"}],"collection":[{"href":"https:\/\/www.globalcenter.info\/wc-bigdata\/index.php?rest_route=\/wp\/v2\/pages"}],"about":[{"href":"https:\/\/www.globalcenter.info\/wc-bigdata\/index.php?rest_route=\/wp\/v2\/types\/page"}],"author":[{"embeddable":true,"href":"https:\/\/www.globalcenter.info\/wc-bigdata\/index.php?rest_route=\/wp\/v2\/users\/2"}],"replies":[{"embeddable":true,"href":"https:\/\/www.globalcenter.info\/wc-bigdata\/index.php?rest_route=%2Fwp%2Fv2%2Fcomments&post=652"}],"version-history":[{"count":1,"href":"https:\/\/www.globalcenter.info\/wc-bigdata\/index.php?rest_route=\/wp\/v2\/pages\/652\/revisions"}],"predecessor-version":[{"id":653,"href":"https:\/\/www.globalcenter.info\/wc-bigdata\/index.php?rest_route=\/wp\/v2\/pages\/652\/revisions\/653"}],"wp:attachment":[{"href":"https:\/\/www.globalcenter.info\/wc-bigdata\/index.php?rest_route=%2Fwp%2Fv2%2Fmedia&parent=652"}],"curies":[{"name":"wp","href":"https:\/\/api.w.org\/{rel}","templated":true}]}}